{"id":45522,"date":"2026-03-16T12:33:32","date_gmt":"2026-03-16T12:33:32","guid":{"rendered":"https:\/\/pasitoapasito.es\/?post_type=product&#038;p=45522"},"modified":"2026-03-16T12:33:33","modified_gmt":"2026-03-16T12:33:33","slug":"fasciatoio-home-con-fodera-little-bloom-fiori-grigio","status":"publish","type":"product","link":"https:\/\/pasitoapasito.es\/it\/prodotto\/fasciatoio-home-con-fodera-little-bloom-fiori-grigio\/","title":{"rendered":"FASCIATOIO HOME CON FODERA LITTLE BLOOM FIORI GRIGIO"},"content":{"rendered":"<p>Il fasciatoio Home Little Bloom Flor grigio di Pasito a pasito \u00e8 quel piccolo angolo di tranquillit\u00e0 dove ogni cambio diventa un momento comodo e sicuro. La sua delicata stampa floreale nei toni del grigio dona freschezza e armonia alla cameretta del bambino, integrandosi con eleganza in qualsiasi ambiente. Progettato per l&#8217;uso quotidiano a casa, combina comfort, funzionalit\u00e0 e sicurezza in ogni dettaglio. Schiuma viscoelastica con rivestimento impermeabile che si adatta delicatamente al bambino, offrendo una superficie comoda e stabile. Base antiscivolo per una maggiore sicurezza durante il cambio. Rivestimento sfoderabile, facile da rimuovere e lavare per mantenere sempre la massima igiene. Include un piccolo fasciatoio aggiuntivo per una maggiore praticit\u00e0. Un must funzionale con quel tocco delicato che caratterizza la collezione Little Bloom: morbida, attuale e pensata per accompagnare i primi mesi con stile e serenit\u00e0. Tutti i nostri prodotti sono realizzati secondo le pi\u00f9 severe normative europee, con materiali di alta qualit\u00e0, privi di coloranti azoici, ftalati e sostanze nocive per la salute. Tessuto di facile pulizia, si consiglia il lavaggio in lavatrice a 30\u00ba. I prodotti per bambini di Pasito a Pasito hanno un design molto diverso da tutti gli altri. Le loro collezioni sono caratterizzate da una lavorazione accurata, sempre pensata da un punto di vista pratico. Utilizzano materiali di prima qualit\u00e0 per sottolineare l&#8217;eleganza e l&#8217;armonia di ogni loro pezzo. I nostri modelli sono esclusivi e dallo stile inconfondibile, pensati per le mamme di oggi che hanno buon gusto e apprezzano i dettagli tanto quanto noi. Specifiche: Misure 70&#215;50 cm. Conforme alla norma EN 12221 Articoli per l&#8217;infanzia. Fasciatoi per uso domestico. Parte 1: Requisiti di sicurezza.<\/p>\n","protected":false},"excerpt":{"rendered":"<p>Il fasciatoio Home Little Bloom Flor grigio di Pasito a pasito \u00e8 quel piccolo angolo di tranquillit\u00e0 dove ogni cambio diventa un momento comodo e sicuro. La sua delicata stampa floreale nei toni del grigio dona freschezza e armonia alla cameretta del bambino, integrandosi con eleganza in qualsiasi ambiente. Progettato per l&#8217;uso quotidiano a casa, [&hellip;]<\/p>\n","protected":false},"featured_media":45193,"comment_status":"closed","ping_status":"closed","template":"","meta":{"_acf_changed":false,"inline_featured_image":false},"colecciones":[364],"product_brand":[],"product_cat":[195],"product_tag":[],"class_list":{"0":"post-45522","1":"product","2":"type-product","3":"status-publish","4":"has-post-thumbnail","6":"colecciones-collezione-little-bloom","7":"product_cat-home-it","9":"first","10":"instock","11":"purchasable","12":"product-type-simple"},"acf":[],"yoast_head":"<!-- This site is optimized with the Yoast SEO plugin v27.4 - https:\/\/yoast.com\/product\/yoast-seo-wordpress\/ -->\n<title>FASCIATOIO HOME CON FODERA LITTLE BLOOM FIORI GRIGIO - Pasito a Pasito<\/title>\n<meta name=\"robots\" content=\"index, follow, max-snippet:-1, max-image-preview:large, max-video-preview:-1\" \/>\n<link rel=\"canonical\" href=\"https:\/\/pasitoapasito.es\/it\/prodotto\/fasciatoio-home-con-fodera-little-bloom-fiori-grigio\/\" \/>\n<meta property=\"og:locale\" content=\"it_IT\" \/>\n<meta property=\"og:type\" content=\"article\" \/>\n<meta property=\"og:title\" content=\"FASCIATOIO HOME CON FODERA LITTLE BLOOM FIORI GRIGIO - Pasito a Pasito\" \/>\n<meta property=\"og:description\" content=\"Il fasciatoio Home Little Bloom Flor grigio di Pasito a pasito \u00e8 quel piccolo angolo di tranquillit\u00e0 dove ogni cambio diventa un momento comodo e sicuro. La sua delicata stampa floreale nei toni del grigio dona freschezza e armonia alla cameretta del bambino, integrandosi con eleganza in qualsiasi ambiente. Progettato per l&#8217;uso quotidiano a casa, [&hellip;]\" \/>\n<meta property=\"og:url\" content=\"https:\/\/pasitoapasito.es\/it\/prodotto\/fasciatoio-home-con-fodera-little-bloom-fiori-grigio\/\" \/>\n<meta property=\"og:site_name\" content=\"Pasito a Pasito\" \/>\n<meta property=\"article:modified_time\" content=\"2026-03-16T12:33:33+00:00\" \/>\n<meta property=\"og:image\" content=\"https:\/\/pasitoapasito.es\/wp-content\/uploads\/2026\/03\/1120900650_abis.jpg\" \/>\n\t<meta property=\"og:image:width\" content=\"600\" \/>\n\t<meta property=\"og:image:height\" content=\"600\" \/>\n\t<meta property=\"og:image:type\" content=\"image\/jpeg\" \/>\n<meta name=\"twitter:card\" content=\"summary_large_image\" \/>\n<meta name=\"twitter:label1\" content=\"Tempo di lettura stimato\" \/>\n\t<meta name=\"twitter:data1\" content=\"1 minuto\" \/>\n<script type=\"application\/ld+json\" class=\"yoast-schema-graph\">{\"@context\":\"https:\\\/\\\/schema.org\",\"@graph\":[{\"@type\":\"WebPage\",\"@id\":\"https:\\\/\\\/pasitoapasito.es\\\/it\\\/prodotto\\\/fasciatoio-home-con-fodera-little-bloom-fiori-grigio\\\/\",\"url\":\"https:\\\/\\\/pasitoapasito.es\\\/it\\\/prodotto\\\/fasciatoio-home-con-fodera-little-bloom-fiori-grigio\\\/\",\"name\":\"FASCIATOIO HOME CON FODERA LITTLE BLOOM FIORI GRIGIO - Pasito a Pasito\",\"isPartOf\":{\"@id\":\"https:\\\/\\\/pasitoapasito.es\\\/fr\\\/#website\"},\"primaryImageOfPage\":{\"@id\":\"https:\\\/\\\/pasitoapasito.es\\\/it\\\/prodotto\\\/fasciatoio-home-con-fodera-little-bloom-fiori-grigio\\\/#primaryimage\"},\"image\":{\"@id\":\"https:\\\/\\\/pasitoapasito.es\\\/it\\\/prodotto\\\/fasciatoio-home-con-fodera-little-bloom-fiori-grigio\\\/#primaryimage\"},\"thumbnailUrl\":\"https:\\\/\\\/pasitoapasito.es\\\/wp-content\\\/uploads\\\/2026\\\/03\\\/1120900650_abis.jpg\",\"datePublished\":\"2026-03-16T12:33:32+00:00\",\"dateModified\":\"2026-03-16T12:33:33+00:00\",\"breadcrumb\":{\"@id\":\"https:\\\/\\\/pasitoapasito.es\\\/it\\\/prodotto\\\/fasciatoio-home-con-fodera-little-bloom-fiori-grigio\\\/#breadcrumb\"},\"inLanguage\":\"it-IT\",\"potentialAction\":[{\"@type\":\"ReadAction\",\"target\":[\"https:\\\/\\\/pasitoapasito.es\\\/it\\\/prodotto\\\/fasciatoio-home-con-fodera-little-bloom-fiori-grigio\\\/\"]}]},{\"@type\":\"ImageObject\",\"inLanguage\":\"it-IT\",\"@id\":\"https:\\\/\\\/pasitoapasito.es\\\/it\\\/prodotto\\\/fasciatoio-home-con-fodera-little-bloom-fiori-grigio\\\/#primaryimage\",\"url\":\"https:\\\/\\\/pasitoapasito.es\\\/wp-content\\\/uploads\\\/2026\\\/03\\\/1120900650_abis.jpg\",\"contentUrl\":\"https:\\\/\\\/pasitoapasito.es\\\/wp-content\\\/uploads\\\/2026\\\/03\\\/1120900650_abis.jpg\",\"width\":600,\"height\":600},{\"@type\":\"BreadcrumbList\",\"@id\":\"https:\\\/\\\/pasitoapasito.es\\\/it\\\/prodotto\\\/fasciatoio-home-con-fodera-little-bloom-fiori-grigio\\\/#breadcrumb\",\"itemListElement\":[{\"@type\":\"ListItem\",\"position\":1,\"name\":\"Tienda\",\"item\":\"https:\\\/\\\/pasitoapasito.es\\\/tienda\\\/\"},{\"@type\":\"ListItem\",\"position\":2,\"name\":\"FASCIATOIO HOME CON FODERA LITTLE BLOOM FIORI GRIGIO\"}]},{\"@type\":\"WebSite\",\"@id\":\"https:\\\/\\\/pasitoapasito.es\\\/fr\\\/#website\",\"url\":\"https:\\\/\\\/pasitoapasito.es\\\/fr\\\/\",\"name\":\"Pasito a Pasito\",\"description\":\"\",\"potentialAction\":[{\"@type\":\"SearchAction\",\"target\":{\"@type\":\"EntryPoint\",\"urlTemplate\":\"https:\\\/\\\/pasitoapasito.es\\\/fr\\\/?s={search_term_string}\"},\"query-input\":{\"@type\":\"PropertyValueSpecification\",\"valueRequired\":true,\"valueName\":\"search_term_string\"}}],\"inLanguage\":\"it-IT\"}]}<\/script>\n<!-- \/ Yoast SEO plugin. -->","yoast_head_json":{"title":"FASCIATOIO HOME CON FODERA LITTLE BLOOM FIORI GRIGIO - Pasito a Pasito","robots":{"index":"index","follow":"follow","max-snippet":"max-snippet:-1","max-image-preview":"max-image-preview:large","max-video-preview":"max-video-preview:-1"},"canonical":"https:\/\/pasitoapasito.es\/it\/prodotto\/fasciatoio-home-con-fodera-little-bloom-fiori-grigio\/","og_locale":"it_IT","og_type":"article","og_title":"FASCIATOIO HOME CON FODERA LITTLE BLOOM FIORI GRIGIO - Pasito a Pasito","og_description":"Il fasciatoio Home Little Bloom Flor grigio di Pasito a pasito \u00e8 quel piccolo angolo di tranquillit\u00e0 dove ogni cambio diventa un momento comodo e sicuro. La sua delicata stampa floreale nei toni del grigio dona freschezza e armonia alla cameretta del bambino, integrandosi con eleganza in qualsiasi ambiente. Progettato per l&#8217;uso quotidiano a casa, [&hellip;]","og_url":"https:\/\/pasitoapasito.es\/it\/prodotto\/fasciatoio-home-con-fodera-little-bloom-fiori-grigio\/","og_site_name":"Pasito a Pasito","article_modified_time":"2026-03-16T12:33:33+00:00","og_image":[{"width":600,"height":600,"url":"https:\/\/pasitoapasito.es\/wp-content\/uploads\/2026\/03\/1120900650_abis.jpg","type":"image\/jpeg"}],"twitter_card":"summary_large_image","twitter_misc":{"Tempo di lettura stimato":"1 minuto"},"schema":{"@context":"https:\/\/schema.org","@graph":[{"@type":"WebPage","@id":"https:\/\/pasitoapasito.es\/it\/prodotto\/fasciatoio-home-con-fodera-little-bloom-fiori-grigio\/","url":"https:\/\/pasitoapasito.es\/it\/prodotto\/fasciatoio-home-con-fodera-little-bloom-fiori-grigio\/","name":"FASCIATOIO HOME CON FODERA LITTLE BLOOM FIORI GRIGIO - Pasito a Pasito","isPartOf":{"@id":"https:\/\/pasitoapasito.es\/fr\/#website"},"primaryImageOfPage":{"@id":"https:\/\/pasitoapasito.es\/it\/prodotto\/fasciatoio-home-con-fodera-little-bloom-fiori-grigio\/#primaryimage"},"image":{"@id":"https:\/\/pasitoapasito.es\/it\/prodotto\/fasciatoio-home-con-fodera-little-bloom-fiori-grigio\/#primaryimage"},"thumbnailUrl":"https:\/\/pasitoapasito.es\/wp-content\/uploads\/2026\/03\/1120900650_abis.jpg","datePublished":"2026-03-16T12:33:32+00:00","dateModified":"2026-03-16T12:33:33+00:00","breadcrumb":{"@id":"https:\/\/pasitoapasito.es\/it\/prodotto\/fasciatoio-home-con-fodera-little-bloom-fiori-grigio\/#breadcrumb"},"inLanguage":"it-IT","potentialAction":[{"@type":"ReadAction","target":["https:\/\/pasitoapasito.es\/it\/prodotto\/fasciatoio-home-con-fodera-little-bloom-fiori-grigio\/"]}]},{"@type":"ImageObject","inLanguage":"it-IT","@id":"https:\/\/pasitoapasito.es\/it\/prodotto\/fasciatoio-home-con-fodera-little-bloom-fiori-grigio\/#primaryimage","url":"https:\/\/pasitoapasito.es\/wp-content\/uploads\/2026\/03\/1120900650_abis.jpg","contentUrl":"https:\/\/pasitoapasito.es\/wp-content\/uploads\/2026\/03\/1120900650_abis.jpg","width":600,"height":600},{"@type":"BreadcrumbList","@id":"https:\/\/pasitoapasito.es\/it\/prodotto\/fasciatoio-home-con-fodera-little-bloom-fiori-grigio\/#breadcrumb","itemListElement":[{"@type":"ListItem","position":1,"name":"Tienda","item":"https:\/\/pasitoapasito.es\/tienda\/"},{"@type":"ListItem","position":2,"name":"FASCIATOIO HOME CON FODERA LITTLE BLOOM FIORI GRIGIO"}]},{"@type":"WebSite","@id":"https:\/\/pasitoapasito.es\/fr\/#website","url":"https:\/\/pasitoapasito.es\/fr\/","name":"Pasito a Pasito","description":"","potentialAction":[{"@type":"SearchAction","target":{"@type":"EntryPoint","urlTemplate":"https:\/\/pasitoapasito.es\/fr\/?s={search_term_string}"},"query-input":{"@type":"PropertyValueSpecification","valueRequired":true,"valueName":"search_term_string"}}],"inLanguage":"it-IT"}]}},"_links":{"self":[{"href":"https:\/\/pasitoapasito.es\/it\/wp-json\/wp\/v2\/product\/45522","targetHints":{"allow":["GET"]}}],"collection":[{"href":"https:\/\/pasitoapasito.es\/it\/wp-json\/wp\/v2\/product"}],"about":[{"href":"https:\/\/pasitoapasito.es\/it\/wp-json\/wp\/v2\/types\/product"}],"replies":[{"embeddable":true,"href":"https:\/\/pasitoapasito.es\/it\/wp-json\/wp\/v2\/comments?post=45522"}],"wp:featuredmedia":[{"embeddable":true,"href":"https:\/\/pasitoapasito.es\/it\/wp-json\/wp\/v2\/media\/45193"}],"wp:attachment":[{"href":"https:\/\/pasitoapasito.es\/it\/wp-json\/wp\/v2\/media?parent=45522"}],"wp:term":[{"taxonomy":"colecciones","embeddable":true,"href":"https:\/\/pasitoapasito.es\/it\/wp-json\/wp\/v2\/colecciones?post=45522"},{"taxonomy":"product_brand","embeddable":true,"href":"https:\/\/pasitoapasito.es\/it\/wp-json\/wp\/v2\/product_brand?post=45522"},{"taxonomy":"product_cat","embeddable":true,"href":"https:\/\/pasitoapasito.es\/it\/wp-json\/wp\/v2\/product_cat?post=45522"},{"taxonomy":"product_tag","embeddable":true,"href":"https:\/\/pasitoapasito.es\/it\/wp-json\/wp\/v2\/product_tag?post=45522"}],"curies":[{"name":"wp","href":"https:\/\/api.w.org\/{rel}","templated":true}]}}