{"id":45517,"date":"2026-03-16T12:33:32","date_gmt":"2026-03-16T12:33:32","guid":{"rendered":"https:\/\/pasitoapasito.es\/?post_type=product&#038;p=45517"},"modified":"2026-03-16T12:33:32","modified_gmt":"2026-03-16T12:33:32","slug":"piumino-per-culla-lenzuolo-con-angoli-cuscino-90x50-cm-little-bloom-vichy-grigio-tog-25","status":"publish","type":"product","link":"https:\/\/pasitoapasito.es\/it\/prodotto\/piumino-per-culla-lenzuolo-con-angoli-cuscino-90x50-cm-little-bloom-vichy-grigio-tog-25\/","title":{"rendered":"PIUMINO PER CULLA + LENZUOLO CON ANGOLI + CUSCINO 90X50 CM LITTLE BLOOM VICHY GRIGIO TOG 2,5"},"content":{"rendered":"<p>Set completo per mini culla 90&#215;50 cm Little Bloom Vichy grigio di Pasito a Pasito: piumone, copripiumino, lenzuolo con angoli e cuscino. Prepara il nido perfetto per il tuo bambino con il set completo di biancheria per mini culla 90&#215;50 cm dell&#8217;adorabile collezione Little Bloom di Pasito a Pasito. Questo set all-in-one \u00e8 stato accuratamente progettato per offrire il massimo comfort, sicurezza e stile nella cameretta del tuo piccolo, nel rispetto della rigorosa normativa EN-16780 per la tua tranquillit\u00e0. Il set include: copripiumino e piumino (imbottitura), entrambi realizzati in cotone 100% di alta qualit\u00e0, che garantiscono una morbidezza senza pari e un&#8217;ottima traspirabilit\u00e0. Il piumino fornisce il calore necessario per un sonno confortevole, mentre il copripiumino, con l&#8217;incantevole stampa vichy nei toni del grigio, aggiunge un tocco di dolcezza ed eleganza alla culla. Lenzuolo con angoli in mussola di cotone 100%, un elemento essenziale per il riposo del bambino. Realizzata in mussola di cotone 100%, questa lenzuola \u00e8 eccezionalmente morbida, leggera e traspirante, ideale per la pelle delicata del neonato. Il suo design elasticizzato assicura una perfetta aderenza al materasso 90&#215;50 cm, evitando le pieghe e garantendo una superficie di riposo sicura. Cuscino con rete 3D traspirante, progettato per il sostegno e la ventilazione. L&#8217;interno del cuscino incorpora una rete 3D traspirante che favorisce la circolazione dell&#8217;aria, aiutando a prevenire l&#8217;accumulo di calore e umidit\u00e0. Ci\u00f2 contribuisce a creare un ambiente di riposo pi\u00f9 fresco, igienico e sicuro per il tuo bambino. La collezione Little Bloom di Pasito a Pasito si distingue per il suo design senza tempo, che si abbina perfettamente a qualsiasi stile di arredamento per bambini. I materiali utilizzati, 100% cotone in tutti i pezzi, sono delicati sulla pelle sensibile del bambino, oltre ad essere facili da mantenere, poich\u00e9 tutti i capi sono lavabili in lavatrice. Questo set per mini culla 90&#215;50 cm \u00e8 la soluzione ideale per vestire la mini culla del tuo bambino con prodotti di alta qualit\u00e0 che mettono al primo posto il suo benessere. Un regalo perfetto per i futuri genitori o un investimento intelligente per garantire un ambiente sicuro, confortevole e bello in cui dormire. Scopri l&#8217;eccellenza di Pasito a Pasito in ogni dettaglio. Set completo per culla Little Bloom 90&#215;50 di Pasito a Pasito: piumino, copripiumino, lenzuolo in mussola e cuscino traspirante. 100% cotone. Comfort e sicurezza! Tutti i nostri prodotti sono realizzati in conformit\u00e0 con le pi\u00f9 severe normative europee, con materiali di alta qualit\u00e0, privi di coloranti azoici, ftalati e sostanze nocive per la salute. Tessuto di facile pulizia, si consiglia il lavaggio in lavatrice a 30\u00ba. I prodotti per bambini di Pasito a Pasito hanno un design molto diverso da tutti gli altri. Le loro collezioni sono caratterizzate da una lavorazione accurata, sempre pensata da un punto di vista pratico. Utilizzano materiali di prima qualit\u00e0 per sottolineare l&#8217;eleganza e l&#8217;armonia di ogni loro capo. I nostri modelli sono esclusivi e dallo stile inconfondibile, pensati per le mamme di oggi che hanno buon gusto e apprezzano i dettagli tanto quanto noi. TOG 2,5 (Thermal Overall Grade)<\/p>\n","protected":false},"excerpt":{"rendered":"<p>Set completo per mini culla 90&#215;50 cm Little Bloom Vichy grigio di Pasito a Pasito: piumone, copripiumino, lenzuolo con angoli e cuscino. Prepara il nido perfetto per il tuo bambino con il set completo di biancheria per mini culla 90&#215;50 cm dell&#8217;adorabile collezione Little Bloom di Pasito a Pasito. Questo set all-in-one \u00e8 stato accuratamente [&hellip;]<\/p>\n","protected":false},"featured_media":45040,"comment_status":"closed","ping_status":"closed","template":"","meta":{"_acf_changed":false,"inline_featured_image":false},"colecciones":[364],"product_brand":[],"product_cat":[195],"product_tag":[],"class_list":{"0":"post-45517","1":"product","2":"type-product","3":"status-publish","4":"has-post-thumbnail","6":"colecciones-collezione-little-bloom","7":"product_cat-home-it","9":"first","10":"instock","11":"purchasable","12":"product-type-simple"},"acf":[],"yoast_head":"<!-- This site is optimized with the Yoast SEO plugin v27.4 - https:\/\/yoast.com\/product\/yoast-seo-wordpress\/ -->\n<title>PIUMINO PER CULLA + LENZUOLO CON ANGOLI + CUSCINO 90X50 CM LITTLE BLOOM VICHY GRIGIO TOG 2,5 - Pasito a Pasito<\/title>\n<meta name=\"robots\" content=\"index, follow, max-snippet:-1, max-image-preview:large, max-video-preview:-1\" \/>\n<link rel=\"canonical\" href=\"https:\/\/pasitoapasito.es\/it\/prodotto\/piumino-per-culla-lenzuolo-con-angoli-cuscino-90x50-cm-little-bloom-vichy-grigio-tog-25\/\" \/>\n<meta property=\"og:locale\" content=\"it_IT\" \/>\n<meta property=\"og:type\" content=\"article\" \/>\n<meta property=\"og:title\" content=\"PIUMINO PER CULLA + LENZUOLO CON ANGOLI + CUSCINO 90X50 CM LITTLE BLOOM VICHY GRIGIO TOG 2,5 - Pasito a Pasito\" \/>\n<meta property=\"og:description\" content=\"Set completo per mini culla 90&#215;50 cm Little Bloom Vichy grigio di Pasito a Pasito: piumone, copripiumino, lenzuolo con angoli e cuscino. Prepara il nido perfetto per il tuo bambino con il set completo di biancheria per mini culla 90&#215;50 cm dell&#8217;adorabile collezione Little Bloom di Pasito a Pasito. Questo set all-in-one \u00e8 stato accuratamente [&hellip;]\" \/>\n<meta property=\"og:url\" content=\"https:\/\/pasitoapasito.es\/it\/prodotto\/piumino-per-culla-lenzuolo-con-angoli-cuscino-90x50-cm-little-bloom-vichy-grigio-tog-25\/\" \/>\n<meta property=\"og:site_name\" content=\"Pasito a Pasito\" \/>\n<meta property=\"og:image\" content=\"https:\/\/pasitoapasito.es\/wp-content\/uploads\/2026\/03\/1120900645_a.jpg\" \/>\n\t<meta property=\"og:image:width\" content=\"600\" \/>\n\t<meta property=\"og:image:height\" content=\"600\" \/>\n\t<meta property=\"og:image:type\" content=\"image\/jpeg\" \/>\n<meta name=\"twitter:card\" content=\"summary_large_image\" \/>\n<meta name=\"twitter:label1\" content=\"Tempo di lettura stimato\" \/>\n\t<meta name=\"twitter:data1\" content=\"2 minuti\" \/>\n<script type=\"application\/ld+json\" class=\"yoast-schema-graph\">{\"@context\":\"https:\\\/\\\/schema.org\",\"@graph\":[{\"@type\":\"WebPage\",\"@id\":\"https:\\\/\\\/pasitoapasito.es\\\/it\\\/prodotto\\\/piumino-per-culla-lenzuolo-con-angoli-cuscino-90x50-cm-little-bloom-vichy-grigio-tog-25\\\/\",\"url\":\"https:\\\/\\\/pasitoapasito.es\\\/it\\\/prodotto\\\/piumino-per-culla-lenzuolo-con-angoli-cuscino-90x50-cm-little-bloom-vichy-grigio-tog-25\\\/\",\"name\":\"PIUMINO PER CULLA + LENZUOLO CON ANGOLI + CUSCINO 90X50 CM LITTLE BLOOM VICHY GRIGIO TOG 2,5 - Pasito a Pasito\",\"isPartOf\":{\"@id\":\"https:\\\/\\\/pasitoapasito.es\\\/fr\\\/#website\"},\"primaryImageOfPage\":{\"@id\":\"https:\\\/\\\/pasitoapasito.es\\\/it\\\/prodotto\\\/piumino-per-culla-lenzuolo-con-angoli-cuscino-90x50-cm-little-bloom-vichy-grigio-tog-25\\\/#primaryimage\"},\"image\":{\"@id\":\"https:\\\/\\\/pasitoapasito.es\\\/it\\\/prodotto\\\/piumino-per-culla-lenzuolo-con-angoli-cuscino-90x50-cm-little-bloom-vichy-grigio-tog-25\\\/#primaryimage\"},\"thumbnailUrl\":\"https:\\\/\\\/pasitoapasito.es\\\/wp-content\\\/uploads\\\/2026\\\/03\\\/1120900645_a.jpg\",\"datePublished\":\"2026-03-16T12:33:32+00:00\",\"breadcrumb\":{\"@id\":\"https:\\\/\\\/pasitoapasito.es\\\/it\\\/prodotto\\\/piumino-per-culla-lenzuolo-con-angoli-cuscino-90x50-cm-little-bloom-vichy-grigio-tog-25\\\/#breadcrumb\"},\"inLanguage\":\"it-IT\",\"potentialAction\":[{\"@type\":\"ReadAction\",\"target\":[\"https:\\\/\\\/pasitoapasito.es\\\/it\\\/prodotto\\\/piumino-per-culla-lenzuolo-con-angoli-cuscino-90x50-cm-little-bloom-vichy-grigio-tog-25\\\/\"]}]},{\"@type\":\"ImageObject\",\"inLanguage\":\"it-IT\",\"@id\":\"https:\\\/\\\/pasitoapasito.es\\\/it\\\/prodotto\\\/piumino-per-culla-lenzuolo-con-angoli-cuscino-90x50-cm-little-bloom-vichy-grigio-tog-25\\\/#primaryimage\",\"url\":\"https:\\\/\\\/pasitoapasito.es\\\/wp-content\\\/uploads\\\/2026\\\/03\\\/1120900645_a.jpg\",\"contentUrl\":\"https:\\\/\\\/pasitoapasito.es\\\/wp-content\\\/uploads\\\/2026\\\/03\\\/1120900645_a.jpg\",\"width\":600,\"height\":600},{\"@type\":\"BreadcrumbList\",\"@id\":\"https:\\\/\\\/pasitoapasito.es\\\/it\\\/prodotto\\\/piumino-per-culla-lenzuolo-con-angoli-cuscino-90x50-cm-little-bloom-vichy-grigio-tog-25\\\/#breadcrumb\",\"itemListElement\":[{\"@type\":\"ListItem\",\"position\":1,\"name\":\"Tienda\",\"item\":\"https:\\\/\\\/pasitoapasito.es\\\/tienda\\\/\"},{\"@type\":\"ListItem\",\"position\":2,\"name\":\"PIUMINO PER CULLA + LENZUOLO CON ANGOLI + CUSCINO 90X50 CM LITTLE BLOOM VICHY GRIGIO TOG 2,5\"}]},{\"@type\":\"WebSite\",\"@id\":\"https:\\\/\\\/pasitoapasito.es\\\/fr\\\/#website\",\"url\":\"https:\\\/\\\/pasitoapasito.es\\\/fr\\\/\",\"name\":\"Pasito a Pasito\",\"description\":\"\",\"potentialAction\":[{\"@type\":\"SearchAction\",\"target\":{\"@type\":\"EntryPoint\",\"urlTemplate\":\"https:\\\/\\\/pasitoapasito.es\\\/fr\\\/?s={search_term_string}\"},\"query-input\":{\"@type\":\"PropertyValueSpecification\",\"valueRequired\":true,\"valueName\":\"search_term_string\"}}],\"inLanguage\":\"it-IT\"}]}<\/script>\n<!-- \/ Yoast SEO plugin. -->","yoast_head_json":{"title":"PIUMINO PER CULLA + LENZUOLO CON ANGOLI + CUSCINO 90X50 CM LITTLE BLOOM VICHY GRIGIO TOG 2,5 - Pasito a Pasito","robots":{"index":"index","follow":"follow","max-snippet":"max-snippet:-1","max-image-preview":"max-image-preview:large","max-video-preview":"max-video-preview:-1"},"canonical":"https:\/\/pasitoapasito.es\/it\/prodotto\/piumino-per-culla-lenzuolo-con-angoli-cuscino-90x50-cm-little-bloom-vichy-grigio-tog-25\/","og_locale":"it_IT","og_type":"article","og_title":"PIUMINO PER CULLA + LENZUOLO CON ANGOLI + CUSCINO 90X50 CM LITTLE BLOOM VICHY GRIGIO TOG 2,5 - Pasito a Pasito","og_description":"Set completo per mini culla 90&#215;50 cm Little Bloom Vichy grigio di Pasito a Pasito: piumone, copripiumino, lenzuolo con angoli e cuscino. Prepara il nido perfetto per il tuo bambino con il set completo di biancheria per mini culla 90&#215;50 cm dell&#8217;adorabile collezione Little Bloom di Pasito a Pasito. Questo set all-in-one \u00e8 stato accuratamente [&hellip;]","og_url":"https:\/\/pasitoapasito.es\/it\/prodotto\/piumino-per-culla-lenzuolo-con-angoli-cuscino-90x50-cm-little-bloom-vichy-grigio-tog-25\/","og_site_name":"Pasito a Pasito","og_image":[{"width":600,"height":600,"url":"https:\/\/pasitoapasito.es\/wp-content\/uploads\/2026\/03\/1120900645_a.jpg","type":"image\/jpeg"}],"twitter_card":"summary_large_image","twitter_misc":{"Tempo di lettura stimato":"2 minuti"},"schema":{"@context":"https:\/\/schema.org","@graph":[{"@type":"WebPage","@id":"https:\/\/pasitoapasito.es\/it\/prodotto\/piumino-per-culla-lenzuolo-con-angoli-cuscino-90x50-cm-little-bloom-vichy-grigio-tog-25\/","url":"https:\/\/pasitoapasito.es\/it\/prodotto\/piumino-per-culla-lenzuolo-con-angoli-cuscino-90x50-cm-little-bloom-vichy-grigio-tog-25\/","name":"PIUMINO PER CULLA + LENZUOLO CON ANGOLI + CUSCINO 90X50 CM LITTLE BLOOM VICHY GRIGIO TOG 2,5 - Pasito a Pasito","isPartOf":{"@id":"https:\/\/pasitoapasito.es\/fr\/#website"},"primaryImageOfPage":{"@id":"https:\/\/pasitoapasito.es\/it\/prodotto\/piumino-per-culla-lenzuolo-con-angoli-cuscino-90x50-cm-little-bloom-vichy-grigio-tog-25\/#primaryimage"},"image":{"@id":"https:\/\/pasitoapasito.es\/it\/prodotto\/piumino-per-culla-lenzuolo-con-angoli-cuscino-90x50-cm-little-bloom-vichy-grigio-tog-25\/#primaryimage"},"thumbnailUrl":"https:\/\/pasitoapasito.es\/wp-content\/uploads\/2026\/03\/1120900645_a.jpg","datePublished":"2026-03-16T12:33:32+00:00","breadcrumb":{"@id":"https:\/\/pasitoapasito.es\/it\/prodotto\/piumino-per-culla-lenzuolo-con-angoli-cuscino-90x50-cm-little-bloom-vichy-grigio-tog-25\/#breadcrumb"},"inLanguage":"it-IT","potentialAction":[{"@type":"ReadAction","target":["https:\/\/pasitoapasito.es\/it\/prodotto\/piumino-per-culla-lenzuolo-con-angoli-cuscino-90x50-cm-little-bloom-vichy-grigio-tog-25\/"]}]},{"@type":"ImageObject","inLanguage":"it-IT","@id":"https:\/\/pasitoapasito.es\/it\/prodotto\/piumino-per-culla-lenzuolo-con-angoli-cuscino-90x50-cm-little-bloom-vichy-grigio-tog-25\/#primaryimage","url":"https:\/\/pasitoapasito.es\/wp-content\/uploads\/2026\/03\/1120900645_a.jpg","contentUrl":"https:\/\/pasitoapasito.es\/wp-content\/uploads\/2026\/03\/1120900645_a.jpg","width":600,"height":600},{"@type":"BreadcrumbList","@id":"https:\/\/pasitoapasito.es\/it\/prodotto\/piumino-per-culla-lenzuolo-con-angoli-cuscino-90x50-cm-little-bloom-vichy-grigio-tog-25\/#breadcrumb","itemListElement":[{"@type":"ListItem","position":1,"name":"Tienda","item":"https:\/\/pasitoapasito.es\/tienda\/"},{"@type":"ListItem","position":2,"name":"PIUMINO PER CULLA + LENZUOLO CON ANGOLI + CUSCINO 90X50 CM LITTLE BLOOM VICHY GRIGIO TOG 2,5"}]},{"@type":"WebSite","@id":"https:\/\/pasitoapasito.es\/fr\/#website","url":"https:\/\/pasitoapasito.es\/fr\/","name":"Pasito a Pasito","description":"","potentialAction":[{"@type":"SearchAction","target":{"@type":"EntryPoint","urlTemplate":"https:\/\/pasitoapasito.es\/fr\/?s={search_term_string}"},"query-input":{"@type":"PropertyValueSpecification","valueRequired":true,"valueName":"search_term_string"}}],"inLanguage":"it-IT"}]}},"_links":{"self":[{"href":"https:\/\/pasitoapasito.es\/it\/wp-json\/wp\/v2\/product\/45517","targetHints":{"allow":["GET"]}}],"collection":[{"href":"https:\/\/pasitoapasito.es\/it\/wp-json\/wp\/v2\/product"}],"about":[{"href":"https:\/\/pasitoapasito.es\/it\/wp-json\/wp\/v2\/types\/product"}],"replies":[{"embeddable":true,"href":"https:\/\/pasitoapasito.es\/it\/wp-json\/wp\/v2\/comments?post=45517"}],"wp:featuredmedia":[{"embeddable":true,"href":"https:\/\/pasitoapasito.es\/it\/wp-json\/wp\/v2\/media\/45040"}],"wp:attachment":[{"href":"https:\/\/pasitoapasito.es\/it\/wp-json\/wp\/v2\/media?parent=45517"}],"wp:term":[{"taxonomy":"colecciones","embeddable":true,"href":"https:\/\/pasitoapasito.es\/it\/wp-json\/wp\/v2\/colecciones?post=45517"},{"taxonomy":"product_brand","embeddable":true,"href":"https:\/\/pasitoapasito.es\/it\/wp-json\/wp\/v2\/product_brand?post=45517"},{"taxonomy":"product_cat","embeddable":true,"href":"https:\/\/pasitoapasito.es\/it\/wp-json\/wp\/v2\/product_cat?post=45517"},{"taxonomy":"product_tag","embeddable":true,"href":"https:\/\/pasitoapasito.es\/it\/wp-json\/wp\/v2\/product_tag?post=45517"}],"curies":[{"name":"wp","href":"https:\/\/api.w.org\/{rel}","templated":true}]}}