{"id":45509,"date":"2026-03-16T12:33:30","date_gmt":"2026-03-16T12:33:30","guid":{"rendered":"https:\/\/pasitoapasito.es\/?post_type=product&#038;p=45509"},"modified":"2026-03-16T12:33:30","modified_gmt":"2026-03-16T12:33:30","slug":"saco-nanna-estate-little-bloom-vichy-grigio-tog-05","status":"publish","type":"product","link":"https:\/\/pasitoapasito.es\/it\/prodotto\/saco-nanna-estate-little-bloom-vichy-grigio-tog-05\/","title":{"rendered":"SACO NANNA ESTATE LITTLE BLOOM VICHY GRIGIO TOG 0,5"},"content":{"rendered":"<p>Il sacco nanna estivo per neonati Little Bloom Vichy grigio di Pasito a pasito offre il massimo comfort e sicurezza ai pi\u00f9 piccoli durante il sonno. Realizzato in mussola stampata 100% cotone, extra morbida e traspirante, perfetta per la pelle delicata del neonato. Il design senza maniche consente libert\u00e0 di movimento, mantenendo il bambino al caldo per tutta la notte. Si chiude con bottoni a pressione sulle bretelle per una vestibilit\u00e0 sicura e facile da indossare, consentendo un accesso rapido e comodo. \u00c8 progettato per tenere il bambino al caldo in modo sicuro, evitando il rischio di soffocamento con coperte sciolte. Ideale per bambini da 1 a 4 mesi. TOG (Thermal Overall Grade) 0,5. Conforme alla norma europea EN 16781:2018. Articoli tessili per la cura dei bambini. Requisiti di sicurezza e metodi di prova per sacchi a pelo per bambini. Questo sacco a pelo di Pasito a pasito \u00e8 la scelta ideale per i genitori che cercano comfort, sicurezza e stile nei prodotti per i loro bambini. Offre un ambiente sicuro e confortevole per far dormire il bambino tranquillamente tutta la notte.  Tutti i nostri prodotti sono realizzati in conformit\u00e0 con le pi\u00f9 severe normative europee, con materiali di alta qualit\u00e0, privi di coloranti azoici, ftalati e sostanze nocive per la salute. Tessuto di facile pulizia, si consiglia il lavaggio in lavatrice a 30\u00ba. I prodotti per bambini di Pasito a Pasito hanno un design molto diverso da tutti gli altri. Le loro collezioni sono caratterizzate da una lavorazione accurata, sempre pensata da un punto di vista pratico. Utilizzano materiali di prima qualit\u00e0 per sottolineare l&#8217;eleganza e l&#8217;armonia di ogni loro pezzo. I nostri modelli sono esclusivi e dallo stile inconfondibile, pensati per le mamme di oggi che hanno buon gusto e apprezzano i dettagli tanto quanto noi. Specifiche: Materiali: 100% cotone.<\/p>\n","protected":false},"excerpt":{"rendered":"<p>Il sacco nanna estivo per neonati Little Bloom Vichy grigio di Pasito a pasito offre il massimo comfort e sicurezza ai pi\u00f9 piccoli durante il sonno. Realizzato in mussola stampata 100% cotone, extra morbida e traspirante, perfetta per la pelle delicata del neonato. Il design senza maniche consente libert\u00e0 di movimento, mantenendo il bambino al [&hellip;]<\/p>\n","protected":false},"featured_media":44852,"comment_status":"closed","ping_status":"closed","template":"","meta":{"_acf_changed":false,"inline_featured_image":false},"colecciones":[364],"product_brand":[],"product_cat":[195],"product_tag":[],"class_list":{"0":"post-45509","1":"product","2":"type-product","3":"status-publish","4":"has-post-thumbnail","6":"colecciones-collezione-little-bloom","7":"product_cat-home-it","9":"first","10":"instock","11":"purchasable","12":"product-type-simple"},"acf":[],"yoast_head":"<!-- This site is optimized with the Yoast SEO plugin v27.5 - https:\/\/yoast.com\/product\/yoast-seo-wordpress\/ -->\n<title>SACO NANNA ESTATE LITTLE BLOOM VICHY GRIGIO TOG 0,5 - Pasito a Pasito<\/title>\n<meta name=\"robots\" content=\"index, follow, max-snippet:-1, max-image-preview:large, max-video-preview:-1\" \/>\n<link rel=\"canonical\" href=\"https:\/\/pasitoapasito.es\/it\/prodotto\/saco-nanna-estate-little-bloom-vichy-grigio-tog-05\/\" \/>\n<meta property=\"og:locale\" content=\"it_IT\" \/>\n<meta property=\"og:type\" content=\"article\" \/>\n<meta property=\"og:title\" content=\"SACO NANNA ESTATE LITTLE BLOOM VICHY GRIGIO TOG 0,5 - Pasito a Pasito\" \/>\n<meta property=\"og:description\" content=\"Il sacco nanna estivo per neonati Little Bloom Vichy grigio di Pasito a pasito offre il massimo comfort e sicurezza ai pi\u00f9 piccoli durante il sonno. Realizzato in mussola stampata 100% cotone, extra morbida e traspirante, perfetta per la pelle delicata del neonato. Il design senza maniche consente libert\u00e0 di movimento, mantenendo il bambino al [&hellip;]\" \/>\n<meta property=\"og:url\" content=\"https:\/\/pasitoapasito.es\/it\/prodotto\/saco-nanna-estate-little-bloom-vichy-grigio-tog-05\/\" \/>\n<meta property=\"og:site_name\" content=\"Pasito a Pasito\" \/>\n<meta property=\"og:image\" content=\"https:\/\/pasitoapasito.es\/wp-content\/uploads\/2026\/03\/1120900637_a.jpg\" \/>\n\t<meta property=\"og:image:width\" content=\"600\" \/>\n\t<meta property=\"og:image:height\" content=\"600\" \/>\n\t<meta property=\"og:image:type\" content=\"image\/jpeg\" \/>\n<meta name=\"twitter:card\" content=\"summary_large_image\" \/>\n<meta name=\"twitter:label1\" content=\"Tempo di lettura stimato\" \/>\n\t<meta name=\"twitter:data1\" content=\"1 minuto\" \/>\n<script type=\"application\/ld+json\" class=\"yoast-schema-graph\">{\"@context\":\"https:\\\/\\\/schema.org\",\"@graph\":[{\"@type\":\"WebPage\",\"@id\":\"https:\\\/\\\/pasitoapasito.es\\\/it\\\/prodotto\\\/saco-nanna-estate-little-bloom-vichy-grigio-tog-05\\\/\",\"url\":\"https:\\\/\\\/pasitoapasito.es\\\/it\\\/prodotto\\\/saco-nanna-estate-little-bloom-vichy-grigio-tog-05\\\/\",\"name\":\"SACO NANNA ESTATE LITTLE BLOOM VICHY GRIGIO TOG 0,5 - Pasito a Pasito\",\"isPartOf\":{\"@id\":\"https:\\\/\\\/pasitoapasito.es\\\/fr\\\/#website\"},\"primaryImageOfPage\":{\"@id\":\"https:\\\/\\\/pasitoapasito.es\\\/it\\\/prodotto\\\/saco-nanna-estate-little-bloom-vichy-grigio-tog-05\\\/#primaryimage\"},\"image\":{\"@id\":\"https:\\\/\\\/pasitoapasito.es\\\/it\\\/prodotto\\\/saco-nanna-estate-little-bloom-vichy-grigio-tog-05\\\/#primaryimage\"},\"thumbnailUrl\":\"https:\\\/\\\/pasitoapasito.es\\\/wp-content\\\/uploads\\\/2026\\\/03\\\/1120900637_a.jpg\",\"datePublished\":\"2026-03-16T12:33:30+00:00\",\"breadcrumb\":{\"@id\":\"https:\\\/\\\/pasitoapasito.es\\\/it\\\/prodotto\\\/saco-nanna-estate-little-bloom-vichy-grigio-tog-05\\\/#breadcrumb\"},\"inLanguage\":\"it-IT\",\"potentialAction\":[{\"@type\":\"ReadAction\",\"target\":[\"https:\\\/\\\/pasitoapasito.es\\\/it\\\/prodotto\\\/saco-nanna-estate-little-bloom-vichy-grigio-tog-05\\\/\"]}]},{\"@type\":\"ImageObject\",\"inLanguage\":\"it-IT\",\"@id\":\"https:\\\/\\\/pasitoapasito.es\\\/it\\\/prodotto\\\/saco-nanna-estate-little-bloom-vichy-grigio-tog-05\\\/#primaryimage\",\"url\":\"https:\\\/\\\/pasitoapasito.es\\\/wp-content\\\/uploads\\\/2026\\\/03\\\/1120900637_a.jpg\",\"contentUrl\":\"https:\\\/\\\/pasitoapasito.es\\\/wp-content\\\/uploads\\\/2026\\\/03\\\/1120900637_a.jpg\",\"width\":600,\"height\":600},{\"@type\":\"BreadcrumbList\",\"@id\":\"https:\\\/\\\/pasitoapasito.es\\\/it\\\/prodotto\\\/saco-nanna-estate-little-bloom-vichy-grigio-tog-05\\\/#breadcrumb\",\"itemListElement\":[{\"@type\":\"ListItem\",\"position\":1,\"name\":\"Tienda\",\"item\":\"https:\\\/\\\/pasitoapasito.es\\\/tienda\\\/\"},{\"@type\":\"ListItem\",\"position\":2,\"name\":\"SACO NANNA ESTATE LITTLE BLOOM VICHY GRIGIO TOG 0,5\"}]},{\"@type\":\"WebSite\",\"@id\":\"https:\\\/\\\/pasitoapasito.es\\\/fr\\\/#website\",\"url\":\"https:\\\/\\\/pasitoapasito.es\\\/fr\\\/\",\"name\":\"Pasito a Pasito\",\"description\":\"\",\"potentialAction\":[{\"@type\":\"SearchAction\",\"target\":{\"@type\":\"EntryPoint\",\"urlTemplate\":\"https:\\\/\\\/pasitoapasito.es\\\/fr\\\/?s={search_term_string}\"},\"query-input\":{\"@type\":\"PropertyValueSpecification\",\"valueRequired\":true,\"valueName\":\"search_term_string\"}}],\"inLanguage\":\"it-IT\"}]}<\/script>\n<!-- \/ Yoast SEO plugin. -->","yoast_head_json":{"title":"SACO NANNA ESTATE LITTLE BLOOM VICHY GRIGIO TOG 0,5 - Pasito a Pasito","robots":{"index":"index","follow":"follow","max-snippet":"max-snippet:-1","max-image-preview":"max-image-preview:large","max-video-preview":"max-video-preview:-1"},"canonical":"https:\/\/pasitoapasito.es\/it\/prodotto\/saco-nanna-estate-little-bloom-vichy-grigio-tog-05\/","og_locale":"it_IT","og_type":"article","og_title":"SACO NANNA ESTATE LITTLE BLOOM VICHY GRIGIO TOG 0,5 - Pasito a Pasito","og_description":"Il sacco nanna estivo per neonati Little Bloom Vichy grigio di Pasito a pasito offre il massimo comfort e sicurezza ai pi\u00f9 piccoli durante il sonno. Realizzato in mussola stampata 100% cotone, extra morbida e traspirante, perfetta per la pelle delicata del neonato. Il design senza maniche consente libert\u00e0 di movimento, mantenendo il bambino al [&hellip;]","og_url":"https:\/\/pasitoapasito.es\/it\/prodotto\/saco-nanna-estate-little-bloom-vichy-grigio-tog-05\/","og_site_name":"Pasito a Pasito","og_image":[{"width":600,"height":600,"url":"https:\/\/pasitoapasito.es\/wp-content\/uploads\/2026\/03\/1120900637_a.jpg","type":"image\/jpeg"}],"twitter_card":"summary_large_image","twitter_misc":{"Tempo di lettura stimato":"1 minuto"},"schema":{"@context":"https:\/\/schema.org","@graph":[{"@type":"WebPage","@id":"https:\/\/pasitoapasito.es\/it\/prodotto\/saco-nanna-estate-little-bloom-vichy-grigio-tog-05\/","url":"https:\/\/pasitoapasito.es\/it\/prodotto\/saco-nanna-estate-little-bloom-vichy-grigio-tog-05\/","name":"SACO NANNA ESTATE LITTLE BLOOM VICHY GRIGIO TOG 0,5 - Pasito a Pasito","isPartOf":{"@id":"https:\/\/pasitoapasito.es\/fr\/#website"},"primaryImageOfPage":{"@id":"https:\/\/pasitoapasito.es\/it\/prodotto\/saco-nanna-estate-little-bloom-vichy-grigio-tog-05\/#primaryimage"},"image":{"@id":"https:\/\/pasitoapasito.es\/it\/prodotto\/saco-nanna-estate-little-bloom-vichy-grigio-tog-05\/#primaryimage"},"thumbnailUrl":"https:\/\/pasitoapasito.es\/wp-content\/uploads\/2026\/03\/1120900637_a.jpg","datePublished":"2026-03-16T12:33:30+00:00","breadcrumb":{"@id":"https:\/\/pasitoapasito.es\/it\/prodotto\/saco-nanna-estate-little-bloom-vichy-grigio-tog-05\/#breadcrumb"},"inLanguage":"it-IT","potentialAction":[{"@type":"ReadAction","target":["https:\/\/pasitoapasito.es\/it\/prodotto\/saco-nanna-estate-little-bloom-vichy-grigio-tog-05\/"]}]},{"@type":"ImageObject","inLanguage":"it-IT","@id":"https:\/\/pasitoapasito.es\/it\/prodotto\/saco-nanna-estate-little-bloom-vichy-grigio-tog-05\/#primaryimage","url":"https:\/\/pasitoapasito.es\/wp-content\/uploads\/2026\/03\/1120900637_a.jpg","contentUrl":"https:\/\/pasitoapasito.es\/wp-content\/uploads\/2026\/03\/1120900637_a.jpg","width":600,"height":600},{"@type":"BreadcrumbList","@id":"https:\/\/pasitoapasito.es\/it\/prodotto\/saco-nanna-estate-little-bloom-vichy-grigio-tog-05\/#breadcrumb","itemListElement":[{"@type":"ListItem","position":1,"name":"Tienda","item":"https:\/\/pasitoapasito.es\/tienda\/"},{"@type":"ListItem","position":2,"name":"SACO NANNA ESTATE LITTLE BLOOM VICHY GRIGIO TOG 0,5"}]},{"@type":"WebSite","@id":"https:\/\/pasitoapasito.es\/fr\/#website","url":"https:\/\/pasitoapasito.es\/fr\/","name":"Pasito a Pasito","description":"","potentialAction":[{"@type":"SearchAction","target":{"@type":"EntryPoint","urlTemplate":"https:\/\/pasitoapasito.es\/fr\/?s={search_term_string}"},"query-input":{"@type":"PropertyValueSpecification","valueRequired":true,"valueName":"search_term_string"}}],"inLanguage":"it-IT"}]}},"_links":{"self":[{"href":"https:\/\/pasitoapasito.es\/it\/wp-json\/wp\/v2\/product\/45509","targetHints":{"allow":["GET"]}}],"collection":[{"href":"https:\/\/pasitoapasito.es\/it\/wp-json\/wp\/v2\/product"}],"about":[{"href":"https:\/\/pasitoapasito.es\/it\/wp-json\/wp\/v2\/types\/product"}],"replies":[{"embeddable":true,"href":"https:\/\/pasitoapasito.es\/it\/wp-json\/wp\/v2\/comments?post=45509"}],"wp:featuredmedia":[{"embeddable":true,"href":"https:\/\/pasitoapasito.es\/it\/wp-json\/wp\/v2\/media\/44852"}],"wp:attachment":[{"href":"https:\/\/pasitoapasito.es\/it\/wp-json\/wp\/v2\/media?parent=45509"}],"wp:term":[{"taxonomy":"colecciones","embeddable":true,"href":"https:\/\/pasitoapasito.es\/it\/wp-json\/wp\/v2\/colecciones?post=45509"},{"taxonomy":"product_brand","embeddable":true,"href":"https:\/\/pasitoapasito.es\/it\/wp-json\/wp\/v2\/product_brand?post=45509"},{"taxonomy":"product_cat","embeddable":true,"href":"https:\/\/pasitoapasito.es\/it\/wp-json\/wp\/v2\/product_cat?post=45509"},{"taxonomy":"product_tag","embeddable":true,"href":"https:\/\/pasitoapasito.es\/it\/wp-json\/wp\/v2\/product_tag?post=45509"}],"curies":[{"name":"wp","href":"https:\/\/api.w.org\/{rel}","templated":true}]}}