{"id":45500,"date":"2026-03-16T12:33:35","date_gmt":"2026-03-16T12:33:35","guid":{"rendered":"https:\/\/pasitoapasito.es\/?post_type=product&#038;p=45500"},"modified":"2026-03-16T12:33:35","modified_gmt":"2026-03-16T12:33:35","slug":"lenzuolo-con-angoli-per-navicella-mussola-little-bloom-fiori-grigio","status":"publish","type":"product","link":"https:\/\/pasitoapasito.es\/it\/prodotto\/lenzuolo-con-angoli-per-navicella-mussola-little-bloom-fiori-grigio\/","title":{"rendered":"LENZUOLO CON ANGOLI PER NAVICELLA + MUSSOLA LITTLE BLOOM FIORI GRIGIO"},"content":{"rendered":"<p>Questo set di lenzuola per culla o carrozzina Little Bloom Flor grigio di Pasito a Pasito \u00e8 l&#8217;ideale per garantire il riposo e il benessere del tuo bambino fin dal primo giorno. Include un lenzuolo con angoli regolabile, realizzato in mussola di cotone 100%, un tessuto extra morbido e traspirante, perfetto per la pelle delicata del neonato. Inoltre, include una mussola stampata con fiori in tonalit\u00e0 neutre di 120&#215;120 cm, realizzata con un misto di 70% bamb\u00f9 e 30% cotone, che offre una texture ultraleggera, traspirante e versatile, ideale per cullare il bambino, proteggerlo dal sole o come copertina leggera in qualsiasi momento. Materiali delicati sulla pelle del bambino, ideali per un riposo sicuro e piacevole. Facile da lavare e mantenere, conserva la sua morbidezza lavaggio dopo lavaggio. Questo set di lenzuolo con angoli e mussola Pasito a Pasito \u00e8 un must nella corredo del bambino, che combina qualit\u00e0, funzionalit\u00e0 e design.  Questo set \u00e8 ideale per mantenere il tuo bambino comodo e protetto, con lo stile e la qualit\u00e0 che caratterizzano Pasito a Pasito. Tutte le nostre fodere sono prodotte in conformit\u00e0 con le pi\u00f9 severe normative europee, con materiali di alta qualit\u00e0, privi di coloranti azoici, ftalati e sostanze nocive per la salute. Tessuto di facile pulizia, si consiglia il lavaggio in lavatrice a 30\u00ba. I prodotti per bambini di Pasito a Pasito hanno un design molto diverso da tutti gli altri. Le loro collezioni sono caratterizzate da un lavoro accurato nei dettagli, sempre pensato da un punto di vista pratico. Utilizzano materiali di prima qualit\u00e0 per sottolineare l&#8217;eleganza e l&#8217;armonia di ogni loro pezzo. I nostri modelli sono esclusivi e dallo stile inconfondibile, pensati per le mamme di oggi che hanno buon gusto e apprezzano i dettagli tanto quanto noi. Specifiche: Materiali: lenzuolo 100% cotone \/ Mussola 70% bamb\u00f9-30% cotone. Dimensioni lenzuolo 73&#215;32 cm. Mussola 120&#215;120 cm.<\/p>\n","protected":false},"excerpt":{"rendered":"<p>Questo set di lenzuola per culla o carrozzina Little Bloom Flor grigio di Pasito a Pasito \u00e8 l&#8217;ideale per garantire il riposo e il benessere del tuo bambino fin dal primo giorno. Include un lenzuolo con angoli regolabile, realizzato in mussola di cotone 100%, un tessuto extra morbido e traspirante, perfetto per la pelle delicata [&hellip;]<\/p>\n","protected":false},"featured_media":44663,"comment_status":"closed","ping_status":"closed","template":"","meta":{"_acf_changed":false,"inline_featured_image":false},"colecciones":[364],"product_brand":[],"product_cat":[143],"product_tag":[],"class_list":{"0":"post-45500","1":"product","2":"type-product","3":"status-publish","4":"has-post-thumbnail","6":"colecciones-collezione-little-bloom","7":"product_cat-sacchi-nanna-e-copri-carrozzina","9":"first","10":"instock","11":"purchasable","12":"product-type-simple"},"acf":[],"yoast_head":"<!-- This site is optimized with the Yoast SEO plugin v27.4 - https:\/\/yoast.com\/product\/yoast-seo-wordpress\/ -->\n<title>LENZUOLO CON ANGOLI PER NAVICELLA + MUSSOLA LITTLE BLOOM FIORI GRIGIO - Pasito a Pasito<\/title>\n<meta name=\"robots\" content=\"index, follow, max-snippet:-1, max-image-preview:large, max-video-preview:-1\" \/>\n<link rel=\"canonical\" href=\"https:\/\/pasitoapasito.es\/it\/prodotto\/lenzuolo-con-angoli-per-navicella-mussola-little-bloom-fiori-grigio\/\" \/>\n<meta property=\"og:locale\" content=\"it_IT\" \/>\n<meta property=\"og:type\" content=\"article\" \/>\n<meta property=\"og:title\" content=\"LENZUOLO CON ANGOLI PER NAVICELLA + MUSSOLA LITTLE BLOOM FIORI GRIGIO - Pasito a Pasito\" \/>\n<meta property=\"og:description\" content=\"Questo set di lenzuola per culla o carrozzina Little Bloom Flor grigio di Pasito a Pasito \u00e8 l&#8217;ideale per garantire il riposo e il benessere del tuo bambino fin dal primo giorno. Include un lenzuolo con angoli regolabile, realizzato in mussola di cotone 100%, un tessuto extra morbido e traspirante, perfetto per la pelle delicata [&hellip;]\" \/>\n<meta property=\"og:url\" content=\"https:\/\/pasitoapasito.es\/it\/prodotto\/lenzuolo-con-angoli-per-navicella-mussola-little-bloom-fiori-grigio\/\" \/>\n<meta property=\"og:site_name\" content=\"Pasito a Pasito\" \/>\n<meta property=\"og:image\" content=\"https:\/\/pasitoapasito.es\/wp-content\/uploads\/2026\/03\/1120900628_a.jpg\" \/>\n\t<meta property=\"og:image:width\" content=\"600\" \/>\n\t<meta property=\"og:image:height\" content=\"600\" \/>\n\t<meta property=\"og:image:type\" content=\"image\/jpeg\" \/>\n<meta name=\"twitter:card\" content=\"summary_large_image\" \/>\n<meta name=\"twitter:label1\" content=\"Tempo di lettura stimato\" \/>\n\t<meta name=\"twitter:data1\" content=\"2 minuti\" \/>\n<script type=\"application\/ld+json\" class=\"yoast-schema-graph\">{\"@context\":\"https:\\\/\\\/schema.org\",\"@graph\":[{\"@type\":\"WebPage\",\"@id\":\"https:\\\/\\\/pasitoapasito.es\\\/it\\\/prodotto\\\/lenzuolo-con-angoli-per-navicella-mussola-little-bloom-fiori-grigio\\\/\",\"url\":\"https:\\\/\\\/pasitoapasito.es\\\/it\\\/prodotto\\\/lenzuolo-con-angoli-per-navicella-mussola-little-bloom-fiori-grigio\\\/\",\"name\":\"LENZUOLO CON ANGOLI PER NAVICELLA + MUSSOLA LITTLE BLOOM FIORI GRIGIO - Pasito a Pasito\",\"isPartOf\":{\"@id\":\"https:\\\/\\\/pasitoapasito.es\\\/fr\\\/#website\"},\"primaryImageOfPage\":{\"@id\":\"https:\\\/\\\/pasitoapasito.es\\\/it\\\/prodotto\\\/lenzuolo-con-angoli-per-navicella-mussola-little-bloom-fiori-grigio\\\/#primaryimage\"},\"image\":{\"@id\":\"https:\\\/\\\/pasitoapasito.es\\\/it\\\/prodotto\\\/lenzuolo-con-angoli-per-navicella-mussola-little-bloom-fiori-grigio\\\/#primaryimage\"},\"thumbnailUrl\":\"https:\\\/\\\/pasitoapasito.es\\\/wp-content\\\/uploads\\\/2026\\\/03\\\/1120900628_a.jpg\",\"datePublished\":\"2026-03-16T12:33:35+00:00\",\"breadcrumb\":{\"@id\":\"https:\\\/\\\/pasitoapasito.es\\\/it\\\/prodotto\\\/lenzuolo-con-angoli-per-navicella-mussola-little-bloom-fiori-grigio\\\/#breadcrumb\"},\"inLanguage\":\"it-IT\",\"potentialAction\":[{\"@type\":\"ReadAction\",\"target\":[\"https:\\\/\\\/pasitoapasito.es\\\/it\\\/prodotto\\\/lenzuolo-con-angoli-per-navicella-mussola-little-bloom-fiori-grigio\\\/\"]}]},{\"@type\":\"ImageObject\",\"inLanguage\":\"it-IT\",\"@id\":\"https:\\\/\\\/pasitoapasito.es\\\/it\\\/prodotto\\\/lenzuolo-con-angoli-per-navicella-mussola-little-bloom-fiori-grigio\\\/#primaryimage\",\"url\":\"https:\\\/\\\/pasitoapasito.es\\\/wp-content\\\/uploads\\\/2026\\\/03\\\/1120900628_a.jpg\",\"contentUrl\":\"https:\\\/\\\/pasitoapasito.es\\\/wp-content\\\/uploads\\\/2026\\\/03\\\/1120900628_a.jpg\",\"width\":600,\"height\":600},{\"@type\":\"BreadcrumbList\",\"@id\":\"https:\\\/\\\/pasitoapasito.es\\\/it\\\/prodotto\\\/lenzuolo-con-angoli-per-navicella-mussola-little-bloom-fiori-grigio\\\/#breadcrumb\",\"itemListElement\":[{\"@type\":\"ListItem\",\"position\":1,\"name\":\"Tienda\",\"item\":\"https:\\\/\\\/pasitoapasito.es\\\/tienda\\\/\"},{\"@type\":\"ListItem\",\"position\":2,\"name\":\"LENZUOLO CON ANGOLI PER NAVICELLA + MUSSOLA LITTLE BLOOM FIORI GRIGIO\"}]},{\"@type\":\"WebSite\",\"@id\":\"https:\\\/\\\/pasitoapasito.es\\\/fr\\\/#website\",\"url\":\"https:\\\/\\\/pasitoapasito.es\\\/fr\\\/\",\"name\":\"Pasito a Pasito\",\"description\":\"\",\"potentialAction\":[{\"@type\":\"SearchAction\",\"target\":{\"@type\":\"EntryPoint\",\"urlTemplate\":\"https:\\\/\\\/pasitoapasito.es\\\/fr\\\/?s={search_term_string}\"},\"query-input\":{\"@type\":\"PropertyValueSpecification\",\"valueRequired\":true,\"valueName\":\"search_term_string\"}}],\"inLanguage\":\"it-IT\"}]}<\/script>\n<!-- \/ Yoast SEO plugin. -->","yoast_head_json":{"title":"LENZUOLO CON ANGOLI PER NAVICELLA + MUSSOLA LITTLE BLOOM FIORI GRIGIO - Pasito a Pasito","robots":{"index":"index","follow":"follow","max-snippet":"max-snippet:-1","max-image-preview":"max-image-preview:large","max-video-preview":"max-video-preview:-1"},"canonical":"https:\/\/pasitoapasito.es\/it\/prodotto\/lenzuolo-con-angoli-per-navicella-mussola-little-bloom-fiori-grigio\/","og_locale":"it_IT","og_type":"article","og_title":"LENZUOLO CON ANGOLI PER NAVICELLA + MUSSOLA LITTLE BLOOM FIORI GRIGIO - Pasito a Pasito","og_description":"Questo set di lenzuola per culla o carrozzina Little Bloom Flor grigio di Pasito a Pasito \u00e8 l&#8217;ideale per garantire il riposo e il benessere del tuo bambino fin dal primo giorno. Include un lenzuolo con angoli regolabile, realizzato in mussola di cotone 100%, un tessuto extra morbido e traspirante, perfetto per la pelle delicata [&hellip;]","og_url":"https:\/\/pasitoapasito.es\/it\/prodotto\/lenzuolo-con-angoli-per-navicella-mussola-little-bloom-fiori-grigio\/","og_site_name":"Pasito a Pasito","og_image":[{"width":600,"height":600,"url":"https:\/\/pasitoapasito.es\/wp-content\/uploads\/2026\/03\/1120900628_a.jpg","type":"image\/jpeg"}],"twitter_card":"summary_large_image","twitter_misc":{"Tempo di lettura stimato":"2 minuti"},"schema":{"@context":"https:\/\/schema.org","@graph":[{"@type":"WebPage","@id":"https:\/\/pasitoapasito.es\/it\/prodotto\/lenzuolo-con-angoli-per-navicella-mussola-little-bloom-fiori-grigio\/","url":"https:\/\/pasitoapasito.es\/it\/prodotto\/lenzuolo-con-angoli-per-navicella-mussola-little-bloom-fiori-grigio\/","name":"LENZUOLO CON ANGOLI PER NAVICELLA + MUSSOLA LITTLE BLOOM FIORI GRIGIO - Pasito a Pasito","isPartOf":{"@id":"https:\/\/pasitoapasito.es\/fr\/#website"},"primaryImageOfPage":{"@id":"https:\/\/pasitoapasito.es\/it\/prodotto\/lenzuolo-con-angoli-per-navicella-mussola-little-bloom-fiori-grigio\/#primaryimage"},"image":{"@id":"https:\/\/pasitoapasito.es\/it\/prodotto\/lenzuolo-con-angoli-per-navicella-mussola-little-bloom-fiori-grigio\/#primaryimage"},"thumbnailUrl":"https:\/\/pasitoapasito.es\/wp-content\/uploads\/2026\/03\/1120900628_a.jpg","datePublished":"2026-03-16T12:33:35+00:00","breadcrumb":{"@id":"https:\/\/pasitoapasito.es\/it\/prodotto\/lenzuolo-con-angoli-per-navicella-mussola-little-bloom-fiori-grigio\/#breadcrumb"},"inLanguage":"it-IT","potentialAction":[{"@type":"ReadAction","target":["https:\/\/pasitoapasito.es\/it\/prodotto\/lenzuolo-con-angoli-per-navicella-mussola-little-bloom-fiori-grigio\/"]}]},{"@type":"ImageObject","inLanguage":"it-IT","@id":"https:\/\/pasitoapasito.es\/it\/prodotto\/lenzuolo-con-angoli-per-navicella-mussola-little-bloom-fiori-grigio\/#primaryimage","url":"https:\/\/pasitoapasito.es\/wp-content\/uploads\/2026\/03\/1120900628_a.jpg","contentUrl":"https:\/\/pasitoapasito.es\/wp-content\/uploads\/2026\/03\/1120900628_a.jpg","width":600,"height":600},{"@type":"BreadcrumbList","@id":"https:\/\/pasitoapasito.es\/it\/prodotto\/lenzuolo-con-angoli-per-navicella-mussola-little-bloom-fiori-grigio\/#breadcrumb","itemListElement":[{"@type":"ListItem","position":1,"name":"Tienda","item":"https:\/\/pasitoapasito.es\/tienda\/"},{"@type":"ListItem","position":2,"name":"LENZUOLO CON ANGOLI PER NAVICELLA + MUSSOLA LITTLE BLOOM FIORI GRIGIO"}]},{"@type":"WebSite","@id":"https:\/\/pasitoapasito.es\/fr\/#website","url":"https:\/\/pasitoapasito.es\/fr\/","name":"Pasito a Pasito","description":"","potentialAction":[{"@type":"SearchAction","target":{"@type":"EntryPoint","urlTemplate":"https:\/\/pasitoapasito.es\/fr\/?s={search_term_string}"},"query-input":{"@type":"PropertyValueSpecification","valueRequired":true,"valueName":"search_term_string"}}],"inLanguage":"it-IT"}]}},"_links":{"self":[{"href":"https:\/\/pasitoapasito.es\/it\/wp-json\/wp\/v2\/product\/45500","targetHints":{"allow":["GET"]}}],"collection":[{"href":"https:\/\/pasitoapasito.es\/it\/wp-json\/wp\/v2\/product"}],"about":[{"href":"https:\/\/pasitoapasito.es\/it\/wp-json\/wp\/v2\/types\/product"}],"replies":[{"embeddable":true,"href":"https:\/\/pasitoapasito.es\/it\/wp-json\/wp\/v2\/comments?post=45500"}],"wp:featuredmedia":[{"embeddable":true,"href":"https:\/\/pasitoapasito.es\/it\/wp-json\/wp\/v2\/media\/44663"}],"wp:attachment":[{"href":"https:\/\/pasitoapasito.es\/it\/wp-json\/wp\/v2\/media?parent=45500"}],"wp:term":[{"taxonomy":"colecciones","embeddable":true,"href":"https:\/\/pasitoapasito.es\/it\/wp-json\/wp\/v2\/colecciones?post=45500"},{"taxonomy":"product_brand","embeddable":true,"href":"https:\/\/pasitoapasito.es\/it\/wp-json\/wp\/v2\/product_brand?post=45500"},{"taxonomy":"product_cat","embeddable":true,"href":"https:\/\/pasitoapasito.es\/it\/wp-json\/wp\/v2\/product_cat?post=45500"},{"taxonomy":"product_tag","embeddable":true,"href":"https:\/\/pasitoapasito.es\/it\/wp-json\/wp\/v2\/product_tag?post=45500"}],"curies":[{"name":"wp","href":"https:\/\/api.w.org\/{rel}","templated":true}]}}