{"id":45496,"date":"2026-03-16T12:33:35","date_gmt":"2026-03-16T12:33:35","guid":{"rendered":"https:\/\/pasitoapasito.es\/?post_type=product&#038;p=45496"},"modified":"2026-03-16T12:33:35","modified_gmt":"2026-03-16T12:33:35","slug":"copertura-per-carrozzina-dual-lenzuolo-con-angoli-per-carrozzina-little-bloom-bianco","status":"publish","type":"product","link":"https:\/\/pasitoapasito.es\/it\/prodotto\/copertura-per-carrozzina-dual-lenzuolo-con-angoli-per-carrozzina-little-bloom-bianco\/","title":{"rendered":"COPERTURA PER CARROZZINA DUAL + LENZUOLO CON ANGOLI PER CARROZZINA LITTLE BLOOM BIANCO"},"content":{"rendered":"<p>Il copriculla con doppio lenzuolo e lenzuolo inferiore regolabile Little Bloom Bianco di Pasito a Pasito \u00e8 l&#8217;accessorio perfetto per dare morbidezza ed eleganza alla culla del tuo bambino. Realizzato in cotone 100%, garantisce una sensazione delicata e traspirante, ideale per la pelle sensibile del neonato. Il copriculla doppio si adatta perfettamente all&#8217;interno della culla. Il suo design regolabile con lacci garantisce un perfetto adattamento alla culla, fornendo una finitura avvolgente e sicura con un incantevole disegno a fiori stampato. Il lenzuolo regolabile, realizzato in mussola di cotone 100%, offre una morbidezza eccezionale e una traspirabilit\u00e0 ottimale, assicurando il comfort del bambino in ogni momento. Compatibile con la maggior parte delle culle. Questo set \u00e8 ideale per mantenere il tuo bambino comodo e protetto, con lo stile e la qualit\u00e0 che caratterizzano Pasito a Pasito. Tutte le nostre fodere sono prodotte in conformit\u00e0 con le pi\u00f9 severe normative europee, con materiali di alta qualit\u00e0, privi di coloranti azoici, ftalati e sostanze nocive per la salute. Tessuto di facile pulizia, si consiglia il lavaggio in lavatrice a 30\u00ba. I prodotti per bambini di Pasito a Pasito hanno un design molto diverso da tutti gli altri. Le loro collezioni sono caratterizzate da un lavoro accurato nei dettagli, sempre pensato da un punto di vista pratico. Utilizzano materiali di prima qualit\u00e0 per sottolineare l&#8217;eleganza e l&#8217;armonia di ogni loro pezzo. I nostri modelli sono esclusivi e dallo stile inconfondibile, pensati per le mamme di oggi che hanno buon gusto e apprezzano i dettagli tanto quanto noi. Specifiche: Materiali: 100% cotone. Taglia universale.<\/p>\n","protected":false},"excerpt":{"rendered":"<p>Il copriculla con doppio lenzuolo e lenzuolo inferiore regolabile Little Bloom Bianco di Pasito a Pasito \u00e8 l&#8217;accessorio perfetto per dare morbidezza ed eleganza alla culla del tuo bambino. Realizzato in cotone 100%, garantisce una sensazione delicata e traspirante, ideale per la pelle sensibile del neonato. Il copriculla doppio si adatta perfettamente all&#8217;interno della culla. [&hellip;]<\/p>\n","protected":false},"featured_media":44603,"comment_status":"closed","ping_status":"closed","template":"","meta":{"_acf_changed":false,"inline_featured_image":false},"colecciones":[364],"product_brand":[],"product_cat":[143],"product_tag":[],"class_list":{"0":"post-45496","1":"product","2":"type-product","3":"status-publish","4":"has-post-thumbnail","6":"colecciones-collezione-little-bloom","7":"product_cat-sacchi-nanna-e-copri-carrozzina","9":"first","10":"instock","11":"purchasable","12":"product-type-simple"},"acf":[],"yoast_head":"<!-- This site is optimized with the Yoast SEO plugin v27.3 - https:\/\/yoast.com\/product\/yoast-seo-wordpress\/ -->\n<title>COPERTURA PER CARROZZINA DUAL + LENZUOLO CON ANGOLI PER CARROZZINA LITTLE BLOOM BIANCO - Pasito a Pasito<\/title>\n<meta name=\"robots\" content=\"index, follow, max-snippet:-1, max-image-preview:large, max-video-preview:-1\" \/>\n<link rel=\"canonical\" href=\"https:\/\/pasitoapasito.es\/it\/prodotto\/copertura-per-carrozzina-dual-lenzuolo-con-angoli-per-carrozzina-little-bloom-bianco\/\" \/>\n<meta property=\"og:locale\" content=\"it_IT\" \/>\n<meta property=\"og:type\" content=\"article\" \/>\n<meta property=\"og:title\" content=\"COPERTURA PER CARROZZINA DUAL + LENZUOLO CON ANGOLI PER CARROZZINA LITTLE BLOOM BIANCO - Pasito a Pasito\" \/>\n<meta property=\"og:description\" content=\"Il copriculla con doppio lenzuolo e lenzuolo inferiore regolabile Little Bloom Bianco di Pasito a Pasito \u00e8 l&#8217;accessorio perfetto per dare morbidezza ed eleganza alla culla del tuo bambino. Realizzato in cotone 100%, garantisce una sensazione delicata e traspirante, ideale per la pelle sensibile del neonato. Il copriculla doppio si adatta perfettamente all&#8217;interno della culla. [&hellip;]\" \/>\n<meta property=\"og:url\" content=\"https:\/\/pasitoapasito.es\/it\/prodotto\/copertura-per-carrozzina-dual-lenzuolo-con-angoli-per-carrozzina-little-bloom-bianco\/\" \/>\n<meta property=\"og:site_name\" content=\"Pasito a Pasito\" \/>\n<meta property=\"og:image\" content=\"https:\/\/pasitoapasito.es\/wp-content\/uploads\/2026\/03\/1120900659_a.jpg\" \/>\n\t<meta property=\"og:image:width\" content=\"600\" \/>\n\t<meta property=\"og:image:height\" content=\"600\" \/>\n\t<meta property=\"og:image:type\" content=\"image\/jpeg\" \/>\n<meta name=\"twitter:card\" content=\"summary_large_image\" \/>\n<meta name=\"twitter:label1\" content=\"Tempo di lettura stimato\" \/>\n\t<meta name=\"twitter:data1\" content=\"1 minuto\" \/>\n<script type=\"application\/ld+json\" class=\"yoast-schema-graph\">{\"@context\":\"https:\\\/\\\/schema.org\",\"@graph\":[{\"@type\":\"WebPage\",\"@id\":\"https:\\\/\\\/pasitoapasito.es\\\/it\\\/prodotto\\\/copertura-per-carrozzina-dual-lenzuolo-con-angoli-per-carrozzina-little-bloom-bianco\\\/\",\"url\":\"https:\\\/\\\/pasitoapasito.es\\\/it\\\/prodotto\\\/copertura-per-carrozzina-dual-lenzuolo-con-angoli-per-carrozzina-little-bloom-bianco\\\/\",\"name\":\"COPERTURA PER CARROZZINA DUAL + LENZUOLO CON ANGOLI PER CARROZZINA LITTLE BLOOM BIANCO - Pasito a Pasito\",\"isPartOf\":{\"@id\":\"https:\\\/\\\/pasitoapasito.es\\\/fr\\\/#website\"},\"primaryImageOfPage\":{\"@id\":\"https:\\\/\\\/pasitoapasito.es\\\/it\\\/prodotto\\\/copertura-per-carrozzina-dual-lenzuolo-con-angoli-per-carrozzina-little-bloom-bianco\\\/#primaryimage\"},\"image\":{\"@id\":\"https:\\\/\\\/pasitoapasito.es\\\/it\\\/prodotto\\\/copertura-per-carrozzina-dual-lenzuolo-con-angoli-per-carrozzina-little-bloom-bianco\\\/#primaryimage\"},\"thumbnailUrl\":\"https:\\\/\\\/pasitoapasito.es\\\/wp-content\\\/uploads\\\/2026\\\/03\\\/1120900659_a.jpg\",\"datePublished\":\"2026-03-16T12:33:35+00:00\",\"breadcrumb\":{\"@id\":\"https:\\\/\\\/pasitoapasito.es\\\/it\\\/prodotto\\\/copertura-per-carrozzina-dual-lenzuolo-con-angoli-per-carrozzina-little-bloom-bianco\\\/#breadcrumb\"},\"inLanguage\":\"it-IT\",\"potentialAction\":[{\"@type\":\"ReadAction\",\"target\":[\"https:\\\/\\\/pasitoapasito.es\\\/it\\\/prodotto\\\/copertura-per-carrozzina-dual-lenzuolo-con-angoli-per-carrozzina-little-bloom-bianco\\\/\"]}]},{\"@type\":\"ImageObject\",\"inLanguage\":\"it-IT\",\"@id\":\"https:\\\/\\\/pasitoapasito.es\\\/it\\\/prodotto\\\/copertura-per-carrozzina-dual-lenzuolo-con-angoli-per-carrozzina-little-bloom-bianco\\\/#primaryimage\",\"url\":\"https:\\\/\\\/pasitoapasito.es\\\/wp-content\\\/uploads\\\/2026\\\/03\\\/1120900659_a.jpg\",\"contentUrl\":\"https:\\\/\\\/pasitoapasito.es\\\/wp-content\\\/uploads\\\/2026\\\/03\\\/1120900659_a.jpg\",\"width\":600,\"height\":600},{\"@type\":\"BreadcrumbList\",\"@id\":\"https:\\\/\\\/pasitoapasito.es\\\/it\\\/prodotto\\\/copertura-per-carrozzina-dual-lenzuolo-con-angoli-per-carrozzina-little-bloom-bianco\\\/#breadcrumb\",\"itemListElement\":[{\"@type\":\"ListItem\",\"position\":1,\"name\":\"Tienda\",\"item\":\"https:\\\/\\\/pasitoapasito.es\\\/tienda\\\/\"},{\"@type\":\"ListItem\",\"position\":2,\"name\":\"COPERTURA PER CARROZZINA DUAL + LENZUOLO CON ANGOLI PER CARROZZINA LITTLE BLOOM BIANCO\"}]},{\"@type\":\"WebSite\",\"@id\":\"https:\\\/\\\/pasitoapasito.es\\\/fr\\\/#website\",\"url\":\"https:\\\/\\\/pasitoapasito.es\\\/fr\\\/\",\"name\":\"Pasito a Pasito\",\"description\":\"\",\"potentialAction\":[{\"@type\":\"SearchAction\",\"target\":{\"@type\":\"EntryPoint\",\"urlTemplate\":\"https:\\\/\\\/pasitoapasito.es\\\/fr\\\/?s={search_term_string}\"},\"query-input\":{\"@type\":\"PropertyValueSpecification\",\"valueRequired\":true,\"valueName\":\"search_term_string\"}}],\"inLanguage\":\"it-IT\"}]}<\/script>\n<!-- \/ Yoast SEO plugin. -->","yoast_head_json":{"title":"COPERTURA PER CARROZZINA DUAL + LENZUOLO CON ANGOLI PER CARROZZINA LITTLE BLOOM BIANCO - Pasito a Pasito","robots":{"index":"index","follow":"follow","max-snippet":"max-snippet:-1","max-image-preview":"max-image-preview:large","max-video-preview":"max-video-preview:-1"},"canonical":"https:\/\/pasitoapasito.es\/it\/prodotto\/copertura-per-carrozzina-dual-lenzuolo-con-angoli-per-carrozzina-little-bloom-bianco\/","og_locale":"it_IT","og_type":"article","og_title":"COPERTURA PER CARROZZINA DUAL + LENZUOLO CON ANGOLI PER CARROZZINA LITTLE BLOOM BIANCO - Pasito a Pasito","og_description":"Il copriculla con doppio lenzuolo e lenzuolo inferiore regolabile Little Bloom Bianco di Pasito a Pasito \u00e8 l&#8217;accessorio perfetto per dare morbidezza ed eleganza alla culla del tuo bambino. Realizzato in cotone 100%, garantisce una sensazione delicata e traspirante, ideale per la pelle sensibile del neonato. Il copriculla doppio si adatta perfettamente all&#8217;interno della culla. [&hellip;]","og_url":"https:\/\/pasitoapasito.es\/it\/prodotto\/copertura-per-carrozzina-dual-lenzuolo-con-angoli-per-carrozzina-little-bloom-bianco\/","og_site_name":"Pasito a Pasito","og_image":[{"width":600,"height":600,"url":"https:\/\/pasitoapasito.es\/wp-content\/uploads\/2026\/03\/1120900659_a.jpg","type":"image\/jpeg"}],"twitter_card":"summary_large_image","twitter_misc":{"Tempo di lettura stimato":"1 minuto"},"schema":{"@context":"https:\/\/schema.org","@graph":[{"@type":"WebPage","@id":"https:\/\/pasitoapasito.es\/it\/prodotto\/copertura-per-carrozzina-dual-lenzuolo-con-angoli-per-carrozzina-little-bloom-bianco\/","url":"https:\/\/pasitoapasito.es\/it\/prodotto\/copertura-per-carrozzina-dual-lenzuolo-con-angoli-per-carrozzina-little-bloom-bianco\/","name":"COPERTURA PER CARROZZINA DUAL + LENZUOLO CON ANGOLI PER CARROZZINA LITTLE BLOOM BIANCO - Pasito a Pasito","isPartOf":{"@id":"https:\/\/pasitoapasito.es\/fr\/#website"},"primaryImageOfPage":{"@id":"https:\/\/pasitoapasito.es\/it\/prodotto\/copertura-per-carrozzina-dual-lenzuolo-con-angoli-per-carrozzina-little-bloom-bianco\/#primaryimage"},"image":{"@id":"https:\/\/pasitoapasito.es\/it\/prodotto\/copertura-per-carrozzina-dual-lenzuolo-con-angoli-per-carrozzina-little-bloom-bianco\/#primaryimage"},"thumbnailUrl":"https:\/\/pasitoapasito.es\/wp-content\/uploads\/2026\/03\/1120900659_a.jpg","datePublished":"2026-03-16T12:33:35+00:00","breadcrumb":{"@id":"https:\/\/pasitoapasito.es\/it\/prodotto\/copertura-per-carrozzina-dual-lenzuolo-con-angoli-per-carrozzina-little-bloom-bianco\/#breadcrumb"},"inLanguage":"it-IT","potentialAction":[{"@type":"ReadAction","target":["https:\/\/pasitoapasito.es\/it\/prodotto\/copertura-per-carrozzina-dual-lenzuolo-con-angoli-per-carrozzina-little-bloom-bianco\/"]}]},{"@type":"ImageObject","inLanguage":"it-IT","@id":"https:\/\/pasitoapasito.es\/it\/prodotto\/copertura-per-carrozzina-dual-lenzuolo-con-angoli-per-carrozzina-little-bloom-bianco\/#primaryimage","url":"https:\/\/pasitoapasito.es\/wp-content\/uploads\/2026\/03\/1120900659_a.jpg","contentUrl":"https:\/\/pasitoapasito.es\/wp-content\/uploads\/2026\/03\/1120900659_a.jpg","width":600,"height":600},{"@type":"BreadcrumbList","@id":"https:\/\/pasitoapasito.es\/it\/prodotto\/copertura-per-carrozzina-dual-lenzuolo-con-angoli-per-carrozzina-little-bloom-bianco\/#breadcrumb","itemListElement":[{"@type":"ListItem","position":1,"name":"Tienda","item":"https:\/\/pasitoapasito.es\/tienda\/"},{"@type":"ListItem","position":2,"name":"COPERTURA PER CARROZZINA DUAL + LENZUOLO CON ANGOLI PER CARROZZINA LITTLE BLOOM BIANCO"}]},{"@type":"WebSite","@id":"https:\/\/pasitoapasito.es\/fr\/#website","url":"https:\/\/pasitoapasito.es\/fr\/","name":"Pasito a Pasito","description":"","potentialAction":[{"@type":"SearchAction","target":{"@type":"EntryPoint","urlTemplate":"https:\/\/pasitoapasito.es\/fr\/?s={search_term_string}"},"query-input":{"@type":"PropertyValueSpecification","valueRequired":true,"valueName":"search_term_string"}}],"inLanguage":"it-IT"}]}},"_links":{"self":[{"href":"https:\/\/pasitoapasito.es\/it\/wp-json\/wp\/v2\/product\/45496","targetHints":{"allow":["GET"]}}],"collection":[{"href":"https:\/\/pasitoapasito.es\/it\/wp-json\/wp\/v2\/product"}],"about":[{"href":"https:\/\/pasitoapasito.es\/it\/wp-json\/wp\/v2\/types\/product"}],"replies":[{"embeddable":true,"href":"https:\/\/pasitoapasito.es\/it\/wp-json\/wp\/v2\/comments?post=45496"}],"wp:featuredmedia":[{"embeddable":true,"href":"https:\/\/pasitoapasito.es\/it\/wp-json\/wp\/v2\/media\/44603"}],"wp:attachment":[{"href":"https:\/\/pasitoapasito.es\/it\/wp-json\/wp\/v2\/media?parent=45496"}],"wp:term":[{"taxonomy":"colecciones","embeddable":true,"href":"https:\/\/pasitoapasito.es\/it\/wp-json\/wp\/v2\/colecciones?post=45496"},{"taxonomy":"product_brand","embeddable":true,"href":"https:\/\/pasitoapasito.es\/it\/wp-json\/wp\/v2\/product_brand?post=45496"},{"taxonomy":"product_cat","embeddable":true,"href":"https:\/\/pasitoapasito.es\/it\/wp-json\/wp\/v2\/product_cat?post=45496"},{"taxonomy":"product_tag","embeddable":true,"href":"https:\/\/pasitoapasito.es\/it\/wp-json\/wp\/v2\/product_tag?post=45496"}],"curies":[{"name":"wp","href":"https:\/\/api.w.org\/{rel}","templated":true}]}}