{"id":45490,"date":"2026-03-16T12:33:34","date_gmt":"2026-03-16T12:33:34","guid":{"rendered":"https:\/\/pasitoapasito.es\/?post_type=product&#038;p=45490"},"modified":"2026-03-16T12:33:34","modified_gmt":"2026-03-16T12:33:34","slug":"copripasseggino-inverno-little-bloom-fiori-grigio-tog-35","status":"publish","type":"product","link":"https:\/\/pasitoapasito.es\/it\/prodotto\/copripasseggino-inverno-little-bloom-fiori-grigio-tog-35\/","title":{"rendered":"COPRIPASSEGGINO INVERNO LITTLE BLOOM FIORI GRIGIO TOG 3,5"},"content":{"rendered":"<p>Il sacco per seggiolino invernale Little Bloom Flor grigio di Pasito a Pasito \u00e8 stato progettato per offrire il massimo comfort e protezione durante le passeggiate nelle giornate pi\u00f9 fredde, combinando funzionalit\u00e0 e uno stile delicato e intramontabile. Il suo interno in morbido velluto offre una piacevole sensazione di calore e benessere al bambino, mentre l&#8217;esterno in pelle vegana 100% PVC impermeabile protegge dal vento e dall&#8217;umidit\u00e0. \u00c8 dotato di una rete traspirante sul retro, che favorisce la ventilazione e migliora l&#8217;adattamento al passeggino, nonch\u00e9 di un poggiapiedi in poliestere resistente all&#8217;uso quotidiano. Con un livello termico TOG 3,5 (Thermal Overall grade), garantisce un&#8217;eccellente capacit\u00e0 di ritenzione del calore, ideale per l&#8217;inverno. Il suo design universale permette di adattarlo facilmente alla maggior parte dei passeggini. Una sacca pratica, elegante e confortevole, pensata per accompagnare ogni passeggiata con la qualit\u00e0 e la cura caratteristiche di Pasito a Pasito. Tutti i nostri rivestimenti sono realizzati secondo le pi\u00f9 severe normative europee, con materiali di alta qualit\u00e0, privi di coloranti azoici, ftalati e sostanze nocive per la salute. Di facile pulizia, si consiglia il lavaggio in lavatrice a 30\u00ba. I prodotti per bambini di Pasito a Pasito hanno un design molto diverso da tutti gli altri. Le loro collezioni sono caratterizzate da un lavoro accurato nei dettagli, sempre pensato da un punto di vista pratico. Utilizzano materiali di prima qualit\u00e0 per sottolineare l&#8217;eleganza e l&#8217;armonia di ogni loro pezzo. I nostri modelli sono esclusivi e dallo stile inconfondibile, pensati per le mamme di oggi che hanno buon gusto e apprezzano i dettagli tanto quanto noi. Materiali: esterno 100% vegan leather \u2013 interno 100% poliestere. Taglia universale. TOG 3,5  (Thermal Overall Grade)<\/p>\n","protected":false},"excerpt":{"rendered":"<p>Il sacco per seggiolino invernale Little Bloom Flor grigio di Pasito a Pasito \u00e8 stato progettato per offrire il massimo comfort e protezione durante le passeggiate nelle giornate pi\u00f9 fredde, combinando funzionalit\u00e0 e uno stile delicato e intramontabile. Il suo interno in morbido velluto offre una piacevole sensazione di calore e benessere al bambino, mentre [&hellip;]<\/p>\n","protected":false},"featured_media":44505,"comment_status":"closed","ping_status":"closed","template":"","meta":{"_acf_changed":false,"inline_featured_image":false},"colecciones":[364],"product_brand":[],"product_cat":[146],"product_tag":[],"class_list":{"0":"post-45490","1":"product","2":"type-product","3":"status-publish","4":"has-post-thumbnail","6":"colecciones-collezione-little-bloom","7":"product_cat-materassini-e-copripasseggino","9":"first","10":"instock","11":"purchasable","12":"product-type-simple"},"acf":[],"yoast_head":"<!-- This site is optimized with the Yoast SEO plugin v27.3 - https:\/\/yoast.com\/product\/yoast-seo-wordpress\/ -->\n<title>COPRIPASSEGGINO INVERNO LITTLE BLOOM FIORI GRIGIO TOG 3,5 - Pasito a Pasito<\/title>\n<meta name=\"robots\" content=\"index, follow, max-snippet:-1, max-image-preview:large, max-video-preview:-1\" \/>\n<link rel=\"canonical\" href=\"https:\/\/pasitoapasito.es\/it\/prodotto\/copripasseggino-inverno-little-bloom-fiori-grigio-tog-35\/\" \/>\n<meta property=\"og:locale\" content=\"it_IT\" \/>\n<meta property=\"og:type\" content=\"article\" \/>\n<meta property=\"og:title\" content=\"COPRIPASSEGGINO INVERNO LITTLE BLOOM FIORI GRIGIO TOG 3,5 - Pasito a Pasito\" \/>\n<meta property=\"og:description\" content=\"Il sacco per seggiolino invernale Little Bloom Flor grigio di Pasito a Pasito \u00e8 stato progettato per offrire il massimo comfort e protezione durante le passeggiate nelle giornate pi\u00f9 fredde, combinando funzionalit\u00e0 e uno stile delicato e intramontabile. Il suo interno in morbido velluto offre una piacevole sensazione di calore e benessere al bambino, mentre [&hellip;]\" \/>\n<meta property=\"og:url\" content=\"https:\/\/pasitoapasito.es\/it\/prodotto\/copripasseggino-inverno-little-bloom-fiori-grigio-tog-35\/\" \/>\n<meta property=\"og:site_name\" content=\"Pasito a Pasito\" \/>\n<meta property=\"og:image\" content=\"https:\/\/pasitoapasito.es\/wp-content\/uploads\/2026\/03\/1120900620_a.jpg\" \/>\n\t<meta property=\"og:image:width\" content=\"600\" \/>\n\t<meta property=\"og:image:height\" content=\"600\" \/>\n\t<meta property=\"og:image:type\" content=\"image\/jpeg\" \/>\n<meta name=\"twitter:card\" content=\"summary_large_image\" \/>\n<meta name=\"twitter:label1\" content=\"Tempo di lettura stimato\" \/>\n\t<meta name=\"twitter:data1\" content=\"1 minuto\" \/>\n<script type=\"application\/ld+json\" class=\"yoast-schema-graph\">{\"@context\":\"https:\\\/\\\/schema.org\",\"@graph\":[{\"@type\":\"WebPage\",\"@id\":\"https:\\\/\\\/pasitoapasito.es\\\/it\\\/prodotto\\\/copripasseggino-inverno-little-bloom-fiori-grigio-tog-35\\\/\",\"url\":\"https:\\\/\\\/pasitoapasito.es\\\/it\\\/prodotto\\\/copripasseggino-inverno-little-bloom-fiori-grigio-tog-35\\\/\",\"name\":\"COPRIPASSEGGINO INVERNO LITTLE BLOOM FIORI GRIGIO TOG 3,5 - Pasito a Pasito\",\"isPartOf\":{\"@id\":\"https:\\\/\\\/pasitoapasito.es\\\/fr\\\/#website\"},\"primaryImageOfPage\":{\"@id\":\"https:\\\/\\\/pasitoapasito.es\\\/it\\\/prodotto\\\/copripasseggino-inverno-little-bloom-fiori-grigio-tog-35\\\/#primaryimage\"},\"image\":{\"@id\":\"https:\\\/\\\/pasitoapasito.es\\\/it\\\/prodotto\\\/copripasseggino-inverno-little-bloom-fiori-grigio-tog-35\\\/#primaryimage\"},\"thumbnailUrl\":\"https:\\\/\\\/pasitoapasito.es\\\/wp-content\\\/uploads\\\/2026\\\/03\\\/1120900620_a.jpg\",\"datePublished\":\"2026-03-16T12:33:34+00:00\",\"breadcrumb\":{\"@id\":\"https:\\\/\\\/pasitoapasito.es\\\/it\\\/prodotto\\\/copripasseggino-inverno-little-bloom-fiori-grigio-tog-35\\\/#breadcrumb\"},\"inLanguage\":\"it-IT\",\"potentialAction\":[{\"@type\":\"ReadAction\",\"target\":[\"https:\\\/\\\/pasitoapasito.es\\\/it\\\/prodotto\\\/copripasseggino-inverno-little-bloom-fiori-grigio-tog-35\\\/\"]}]},{\"@type\":\"ImageObject\",\"inLanguage\":\"it-IT\",\"@id\":\"https:\\\/\\\/pasitoapasito.es\\\/it\\\/prodotto\\\/copripasseggino-inverno-little-bloom-fiori-grigio-tog-35\\\/#primaryimage\",\"url\":\"https:\\\/\\\/pasitoapasito.es\\\/wp-content\\\/uploads\\\/2026\\\/03\\\/1120900620_a.jpg\",\"contentUrl\":\"https:\\\/\\\/pasitoapasito.es\\\/wp-content\\\/uploads\\\/2026\\\/03\\\/1120900620_a.jpg\",\"width\":600,\"height\":600},{\"@type\":\"BreadcrumbList\",\"@id\":\"https:\\\/\\\/pasitoapasito.es\\\/it\\\/prodotto\\\/copripasseggino-inverno-little-bloom-fiori-grigio-tog-35\\\/#breadcrumb\",\"itemListElement\":[{\"@type\":\"ListItem\",\"position\":1,\"name\":\"Tienda\",\"item\":\"https:\\\/\\\/pasitoapasito.es\\\/tienda\\\/\"},{\"@type\":\"ListItem\",\"position\":2,\"name\":\"COPRIPASSEGGINO INVERNO LITTLE BLOOM FIORI GRIGIO TOG 3,5\"}]},{\"@type\":\"WebSite\",\"@id\":\"https:\\\/\\\/pasitoapasito.es\\\/fr\\\/#website\",\"url\":\"https:\\\/\\\/pasitoapasito.es\\\/fr\\\/\",\"name\":\"Pasito a Pasito\",\"description\":\"\",\"potentialAction\":[{\"@type\":\"SearchAction\",\"target\":{\"@type\":\"EntryPoint\",\"urlTemplate\":\"https:\\\/\\\/pasitoapasito.es\\\/fr\\\/?s={search_term_string}\"},\"query-input\":{\"@type\":\"PropertyValueSpecification\",\"valueRequired\":true,\"valueName\":\"search_term_string\"}}],\"inLanguage\":\"it-IT\"}]}<\/script>\n<!-- \/ Yoast SEO plugin. -->","yoast_head_json":{"title":"COPRIPASSEGGINO INVERNO LITTLE BLOOM FIORI GRIGIO TOG 3,5 - Pasito a Pasito","robots":{"index":"index","follow":"follow","max-snippet":"max-snippet:-1","max-image-preview":"max-image-preview:large","max-video-preview":"max-video-preview:-1"},"canonical":"https:\/\/pasitoapasito.es\/it\/prodotto\/copripasseggino-inverno-little-bloom-fiori-grigio-tog-35\/","og_locale":"it_IT","og_type":"article","og_title":"COPRIPASSEGGINO INVERNO LITTLE BLOOM FIORI GRIGIO TOG 3,5 - Pasito a Pasito","og_description":"Il sacco per seggiolino invernale Little Bloom Flor grigio di Pasito a Pasito \u00e8 stato progettato per offrire il massimo comfort e protezione durante le passeggiate nelle giornate pi\u00f9 fredde, combinando funzionalit\u00e0 e uno stile delicato e intramontabile. Il suo interno in morbido velluto offre una piacevole sensazione di calore e benessere al bambino, mentre [&hellip;]","og_url":"https:\/\/pasitoapasito.es\/it\/prodotto\/copripasseggino-inverno-little-bloom-fiori-grigio-tog-35\/","og_site_name":"Pasito a Pasito","og_image":[{"width":600,"height":600,"url":"https:\/\/pasitoapasito.es\/wp-content\/uploads\/2026\/03\/1120900620_a.jpg","type":"image\/jpeg"}],"twitter_card":"summary_large_image","twitter_misc":{"Tempo di lettura stimato":"1 minuto"},"schema":{"@context":"https:\/\/schema.org","@graph":[{"@type":"WebPage","@id":"https:\/\/pasitoapasito.es\/it\/prodotto\/copripasseggino-inverno-little-bloom-fiori-grigio-tog-35\/","url":"https:\/\/pasitoapasito.es\/it\/prodotto\/copripasseggino-inverno-little-bloom-fiori-grigio-tog-35\/","name":"COPRIPASSEGGINO INVERNO LITTLE BLOOM FIORI GRIGIO TOG 3,5 - Pasito a Pasito","isPartOf":{"@id":"https:\/\/pasitoapasito.es\/fr\/#website"},"primaryImageOfPage":{"@id":"https:\/\/pasitoapasito.es\/it\/prodotto\/copripasseggino-inverno-little-bloom-fiori-grigio-tog-35\/#primaryimage"},"image":{"@id":"https:\/\/pasitoapasito.es\/it\/prodotto\/copripasseggino-inverno-little-bloom-fiori-grigio-tog-35\/#primaryimage"},"thumbnailUrl":"https:\/\/pasitoapasito.es\/wp-content\/uploads\/2026\/03\/1120900620_a.jpg","datePublished":"2026-03-16T12:33:34+00:00","breadcrumb":{"@id":"https:\/\/pasitoapasito.es\/it\/prodotto\/copripasseggino-inverno-little-bloom-fiori-grigio-tog-35\/#breadcrumb"},"inLanguage":"it-IT","potentialAction":[{"@type":"ReadAction","target":["https:\/\/pasitoapasito.es\/it\/prodotto\/copripasseggino-inverno-little-bloom-fiori-grigio-tog-35\/"]}]},{"@type":"ImageObject","inLanguage":"it-IT","@id":"https:\/\/pasitoapasito.es\/it\/prodotto\/copripasseggino-inverno-little-bloom-fiori-grigio-tog-35\/#primaryimage","url":"https:\/\/pasitoapasito.es\/wp-content\/uploads\/2026\/03\/1120900620_a.jpg","contentUrl":"https:\/\/pasitoapasito.es\/wp-content\/uploads\/2026\/03\/1120900620_a.jpg","width":600,"height":600},{"@type":"BreadcrumbList","@id":"https:\/\/pasitoapasito.es\/it\/prodotto\/copripasseggino-inverno-little-bloom-fiori-grigio-tog-35\/#breadcrumb","itemListElement":[{"@type":"ListItem","position":1,"name":"Tienda","item":"https:\/\/pasitoapasito.es\/tienda\/"},{"@type":"ListItem","position":2,"name":"COPRIPASSEGGINO INVERNO LITTLE BLOOM FIORI GRIGIO TOG 3,5"}]},{"@type":"WebSite","@id":"https:\/\/pasitoapasito.es\/fr\/#website","url":"https:\/\/pasitoapasito.es\/fr\/","name":"Pasito a Pasito","description":"","potentialAction":[{"@type":"SearchAction","target":{"@type":"EntryPoint","urlTemplate":"https:\/\/pasitoapasito.es\/fr\/?s={search_term_string}"},"query-input":{"@type":"PropertyValueSpecification","valueRequired":true,"valueName":"search_term_string"}}],"inLanguage":"it-IT"}]}},"_links":{"self":[{"href":"https:\/\/pasitoapasito.es\/it\/wp-json\/wp\/v2\/product\/45490","targetHints":{"allow":["GET"]}}],"collection":[{"href":"https:\/\/pasitoapasito.es\/it\/wp-json\/wp\/v2\/product"}],"about":[{"href":"https:\/\/pasitoapasito.es\/it\/wp-json\/wp\/v2\/types\/product"}],"replies":[{"embeddable":true,"href":"https:\/\/pasitoapasito.es\/it\/wp-json\/wp\/v2\/comments?post=45490"}],"wp:featuredmedia":[{"embeddable":true,"href":"https:\/\/pasitoapasito.es\/it\/wp-json\/wp\/v2\/media\/44505"}],"wp:attachment":[{"href":"https:\/\/pasitoapasito.es\/it\/wp-json\/wp\/v2\/media?parent=45490"}],"wp:term":[{"taxonomy":"colecciones","embeddable":true,"href":"https:\/\/pasitoapasito.es\/it\/wp-json\/wp\/v2\/colecciones?post=45490"},{"taxonomy":"product_brand","embeddable":true,"href":"https:\/\/pasitoapasito.es\/it\/wp-json\/wp\/v2\/product_brand?post=45490"},{"taxonomy":"product_cat","embeddable":true,"href":"https:\/\/pasitoapasito.es\/it\/wp-json\/wp\/v2\/product_cat?post=45490"},{"taxonomy":"product_tag","embeddable":true,"href":"https:\/\/pasitoapasito.es\/it\/wp-json\/wp\/v2\/product_tag?post=45490"}],"curies":[{"name":"wp","href":"https:\/\/api.w.org\/{rel}","templated":true}]}}