{"id":45487,"date":"2026-03-16T12:33:40","date_gmt":"2026-03-16T12:33:40","guid":{"rendered":"https:\/\/pasitoapasito.es\/?post_type=product&#038;p=45487"},"modified":"2026-03-16T12:33:40","modified_gmt":"2026-03-16T12:33:40","slug":"sacco-nanna-little-bloom-vichy-grigio-tog-25","status":"publish","type":"product","link":"https:\/\/pasitoapasito.es\/it\/prodotto\/sacco-nanna-little-bloom-vichy-grigio-tog-25\/","title":{"rendered":"SACCO NANNA LITTLE BLOOM VICHY GRIGIO TOG 2,5"},"content":{"rendered":"<p>Il sacco nanna per culla o carrozzina Little Bloom Vichy grigio di Pasito a Pasito avvolge il bambino in uno spazio caldo, morbido e confortevole fin dalle sue prime passeggiate. Il suo delicato design combina mussola stampata e mussola liscia 100% cotone, conferendo leggerezza, traspirabilit\u00e0 e una sensazione naturale ideale per la pelle del neonato. Incorpora un materassino interno con tessuto 3D, che migliora la ventilazione e il comfort durante il riposo. Inoltre, \u00e8 dotato di un&#8217;imbottitura rimovibile, che consente di adattare il livello termico in base alla stagione e alle esigenze del bambino. Con un livello termico TOG 2,5, offre un calore adeguato per le temperature fresche, mentre senza imbottitura \u00e8 perfetto per la mezza stagione o gli interni. Inoltre, il sacco pu\u00f2 essere completamente rimosso, lasciando solo il materassino, un&#8217;opzione perfetta per i mesi pi\u00f9 caldi. Un sacco pratico e versatile che accompagna il bambino con l&#8217;eleganza caratteristica di Pasito a Pasito. Finiture di qualit\u00e0. Tutte le nostre fodere sono prodotte in conformit\u00e0 con le pi\u00f9 severe normative europee, con materiali di alta qualit\u00e0, privi di coloranti azoici, ftalati e sostanze nocive per la salute. Tessuto di facile pulizia, si consiglia il lavaggio in lavatrice a 30\u00ba. I prodotti per bambini di Pasito a Pasito hanno un design molto diverso da tutti gli altri. Le loro collezioni sono caratterizzate da una cura dei dettagli, sempre pensate da un punto di vista pratico. Utilizzano materiali di prima qualit\u00e0 per sottolineare l&#8217;eleganza e l&#8217;armonia di ogni loro capo. I nostri modelli sono esclusivi e dallo stile inconfondibile, pensati per le mamme di oggi che hanno buon gusto e apprezzano i dettagli tanto quanto noi. Specifiche: Materiali: 100% cotone. Taglia universale.<\/p>\n","protected":false},"excerpt":{"rendered":"<p>Il sacco nanna per culla o carrozzina Little Bloom Vichy grigio di Pasito a Pasito avvolge il bambino in uno spazio caldo, morbido e confortevole fin dalle sue prime passeggiate. Il suo delicato design combina mussola stampata e mussola liscia 100% cotone, conferendo leggerezza, traspirabilit\u00e0 e una sensazione naturale ideale per la pelle del neonato. [&hellip;]<\/p>\n","protected":false},"featured_media":44442,"comment_status":"closed","ping_status":"closed","template":"","meta":{"_acf_changed":false,"inline_featured_image":false},"colecciones":[364],"product_brand":[],"product_cat":[143],"product_tag":[],"class_list":{"0":"post-45487","1":"product","2":"type-product","3":"status-publish","4":"has-post-thumbnail","6":"colecciones-collezione-little-bloom","7":"product_cat-sacchi-nanna-e-copri-carrozzina","9":"first","10":"instock","11":"purchasable","12":"product-type-simple"},"acf":[],"yoast_head":"<!-- This site is optimized with the Yoast SEO plugin v27.4 - https:\/\/yoast.com\/product\/yoast-seo-wordpress\/ -->\n<title>SACCO NANNA LITTLE BLOOM VICHY GRIGIO TOG 2,5 - Pasito a Pasito<\/title>\n<meta name=\"robots\" content=\"index, follow, max-snippet:-1, max-image-preview:large, max-video-preview:-1\" \/>\n<link rel=\"canonical\" href=\"https:\/\/pasitoapasito.es\/it\/prodotto\/sacco-nanna-little-bloom-vichy-grigio-tog-25\/\" \/>\n<meta property=\"og:locale\" content=\"it_IT\" \/>\n<meta property=\"og:type\" content=\"article\" \/>\n<meta property=\"og:title\" content=\"SACCO NANNA LITTLE BLOOM VICHY GRIGIO TOG 2,5 - Pasito a Pasito\" \/>\n<meta property=\"og:description\" content=\"Il sacco nanna per culla o carrozzina Little Bloom Vichy grigio di Pasito a Pasito avvolge il bambino in uno spazio caldo, morbido e confortevole fin dalle sue prime passeggiate. Il suo delicato design combina mussola stampata e mussola liscia 100% cotone, conferendo leggerezza, traspirabilit\u00e0 e una sensazione naturale ideale per la pelle del neonato. [&hellip;]\" \/>\n<meta property=\"og:url\" content=\"https:\/\/pasitoapasito.es\/it\/prodotto\/sacco-nanna-little-bloom-vichy-grigio-tog-25\/\" \/>\n<meta property=\"og:site_name\" content=\"Pasito a Pasito\" \/>\n<meta property=\"og:image\" content=\"https:\/\/pasitoapasito.es\/wp-content\/uploads\/2026\/03\/1120900617_a.jpg\" \/>\n\t<meta property=\"og:image:width\" content=\"600\" \/>\n\t<meta property=\"og:image:height\" content=\"600\" \/>\n\t<meta property=\"og:image:type\" content=\"image\/jpeg\" \/>\n<meta name=\"twitter:card\" content=\"summary_large_image\" \/>\n<meta name=\"twitter:label1\" content=\"Tempo di lettura stimato\" \/>\n\t<meta name=\"twitter:data1\" content=\"1 minuto\" \/>\n<script type=\"application\/ld+json\" class=\"yoast-schema-graph\">{\"@context\":\"https:\\\/\\\/schema.org\",\"@graph\":[{\"@type\":\"WebPage\",\"@id\":\"https:\\\/\\\/pasitoapasito.es\\\/it\\\/prodotto\\\/sacco-nanna-little-bloom-vichy-grigio-tog-25\\\/\",\"url\":\"https:\\\/\\\/pasitoapasito.es\\\/it\\\/prodotto\\\/sacco-nanna-little-bloom-vichy-grigio-tog-25\\\/\",\"name\":\"SACCO NANNA LITTLE BLOOM VICHY GRIGIO TOG 2,5 - Pasito a Pasito\",\"isPartOf\":{\"@id\":\"https:\\\/\\\/pasitoapasito.es\\\/fr\\\/#website\"},\"primaryImageOfPage\":{\"@id\":\"https:\\\/\\\/pasitoapasito.es\\\/it\\\/prodotto\\\/sacco-nanna-little-bloom-vichy-grigio-tog-25\\\/#primaryimage\"},\"image\":{\"@id\":\"https:\\\/\\\/pasitoapasito.es\\\/it\\\/prodotto\\\/sacco-nanna-little-bloom-vichy-grigio-tog-25\\\/#primaryimage\"},\"thumbnailUrl\":\"https:\\\/\\\/pasitoapasito.es\\\/wp-content\\\/uploads\\\/2026\\\/03\\\/1120900617_a.jpg\",\"datePublished\":\"2026-03-16T12:33:40+00:00\",\"breadcrumb\":{\"@id\":\"https:\\\/\\\/pasitoapasito.es\\\/it\\\/prodotto\\\/sacco-nanna-little-bloom-vichy-grigio-tog-25\\\/#breadcrumb\"},\"inLanguage\":\"it-IT\",\"potentialAction\":[{\"@type\":\"ReadAction\",\"target\":[\"https:\\\/\\\/pasitoapasito.es\\\/it\\\/prodotto\\\/sacco-nanna-little-bloom-vichy-grigio-tog-25\\\/\"]}]},{\"@type\":\"ImageObject\",\"inLanguage\":\"it-IT\",\"@id\":\"https:\\\/\\\/pasitoapasito.es\\\/it\\\/prodotto\\\/sacco-nanna-little-bloom-vichy-grigio-tog-25\\\/#primaryimage\",\"url\":\"https:\\\/\\\/pasitoapasito.es\\\/wp-content\\\/uploads\\\/2026\\\/03\\\/1120900617_a.jpg\",\"contentUrl\":\"https:\\\/\\\/pasitoapasito.es\\\/wp-content\\\/uploads\\\/2026\\\/03\\\/1120900617_a.jpg\",\"width\":600,\"height\":600},{\"@type\":\"BreadcrumbList\",\"@id\":\"https:\\\/\\\/pasitoapasito.es\\\/it\\\/prodotto\\\/sacco-nanna-little-bloom-vichy-grigio-tog-25\\\/#breadcrumb\",\"itemListElement\":[{\"@type\":\"ListItem\",\"position\":1,\"name\":\"Tienda\",\"item\":\"https:\\\/\\\/pasitoapasito.es\\\/tienda\\\/\"},{\"@type\":\"ListItem\",\"position\":2,\"name\":\"SACCO NANNA LITTLE BLOOM VICHY GRIGIO TOG 2,5\"}]},{\"@type\":\"WebSite\",\"@id\":\"https:\\\/\\\/pasitoapasito.es\\\/fr\\\/#website\",\"url\":\"https:\\\/\\\/pasitoapasito.es\\\/fr\\\/\",\"name\":\"Pasito a Pasito\",\"description\":\"\",\"potentialAction\":[{\"@type\":\"SearchAction\",\"target\":{\"@type\":\"EntryPoint\",\"urlTemplate\":\"https:\\\/\\\/pasitoapasito.es\\\/fr\\\/?s={search_term_string}\"},\"query-input\":{\"@type\":\"PropertyValueSpecification\",\"valueRequired\":true,\"valueName\":\"search_term_string\"}}],\"inLanguage\":\"it-IT\"}]}<\/script>\n<!-- \/ Yoast SEO plugin. -->","yoast_head_json":{"title":"SACCO NANNA LITTLE BLOOM VICHY GRIGIO TOG 2,5 - Pasito a Pasito","robots":{"index":"index","follow":"follow","max-snippet":"max-snippet:-1","max-image-preview":"max-image-preview:large","max-video-preview":"max-video-preview:-1"},"canonical":"https:\/\/pasitoapasito.es\/it\/prodotto\/sacco-nanna-little-bloom-vichy-grigio-tog-25\/","og_locale":"it_IT","og_type":"article","og_title":"SACCO NANNA LITTLE BLOOM VICHY GRIGIO TOG 2,5 - Pasito a Pasito","og_description":"Il sacco nanna per culla o carrozzina Little Bloom Vichy grigio di Pasito a Pasito avvolge il bambino in uno spazio caldo, morbido e confortevole fin dalle sue prime passeggiate. Il suo delicato design combina mussola stampata e mussola liscia 100% cotone, conferendo leggerezza, traspirabilit\u00e0 e una sensazione naturale ideale per la pelle del neonato. [&hellip;]","og_url":"https:\/\/pasitoapasito.es\/it\/prodotto\/sacco-nanna-little-bloom-vichy-grigio-tog-25\/","og_site_name":"Pasito a Pasito","og_image":[{"width":600,"height":600,"url":"https:\/\/pasitoapasito.es\/wp-content\/uploads\/2026\/03\/1120900617_a.jpg","type":"image\/jpeg"}],"twitter_card":"summary_large_image","twitter_misc":{"Tempo di lettura stimato":"1 minuto"},"schema":{"@context":"https:\/\/schema.org","@graph":[{"@type":"WebPage","@id":"https:\/\/pasitoapasito.es\/it\/prodotto\/sacco-nanna-little-bloom-vichy-grigio-tog-25\/","url":"https:\/\/pasitoapasito.es\/it\/prodotto\/sacco-nanna-little-bloom-vichy-grigio-tog-25\/","name":"SACCO NANNA LITTLE BLOOM VICHY GRIGIO TOG 2,5 - Pasito a Pasito","isPartOf":{"@id":"https:\/\/pasitoapasito.es\/fr\/#website"},"primaryImageOfPage":{"@id":"https:\/\/pasitoapasito.es\/it\/prodotto\/sacco-nanna-little-bloom-vichy-grigio-tog-25\/#primaryimage"},"image":{"@id":"https:\/\/pasitoapasito.es\/it\/prodotto\/sacco-nanna-little-bloom-vichy-grigio-tog-25\/#primaryimage"},"thumbnailUrl":"https:\/\/pasitoapasito.es\/wp-content\/uploads\/2026\/03\/1120900617_a.jpg","datePublished":"2026-03-16T12:33:40+00:00","breadcrumb":{"@id":"https:\/\/pasitoapasito.es\/it\/prodotto\/sacco-nanna-little-bloom-vichy-grigio-tog-25\/#breadcrumb"},"inLanguage":"it-IT","potentialAction":[{"@type":"ReadAction","target":["https:\/\/pasitoapasito.es\/it\/prodotto\/sacco-nanna-little-bloom-vichy-grigio-tog-25\/"]}]},{"@type":"ImageObject","inLanguage":"it-IT","@id":"https:\/\/pasitoapasito.es\/it\/prodotto\/sacco-nanna-little-bloom-vichy-grigio-tog-25\/#primaryimage","url":"https:\/\/pasitoapasito.es\/wp-content\/uploads\/2026\/03\/1120900617_a.jpg","contentUrl":"https:\/\/pasitoapasito.es\/wp-content\/uploads\/2026\/03\/1120900617_a.jpg","width":600,"height":600},{"@type":"BreadcrumbList","@id":"https:\/\/pasitoapasito.es\/it\/prodotto\/sacco-nanna-little-bloom-vichy-grigio-tog-25\/#breadcrumb","itemListElement":[{"@type":"ListItem","position":1,"name":"Tienda","item":"https:\/\/pasitoapasito.es\/tienda\/"},{"@type":"ListItem","position":2,"name":"SACCO NANNA LITTLE BLOOM VICHY GRIGIO TOG 2,5"}]},{"@type":"WebSite","@id":"https:\/\/pasitoapasito.es\/fr\/#website","url":"https:\/\/pasitoapasito.es\/fr\/","name":"Pasito a Pasito","description":"","potentialAction":[{"@type":"SearchAction","target":{"@type":"EntryPoint","urlTemplate":"https:\/\/pasitoapasito.es\/fr\/?s={search_term_string}"},"query-input":{"@type":"PropertyValueSpecification","valueRequired":true,"valueName":"search_term_string"}}],"inLanguage":"it-IT"}]}},"_links":{"self":[{"href":"https:\/\/pasitoapasito.es\/it\/wp-json\/wp\/v2\/product\/45487","targetHints":{"allow":["GET"]}}],"collection":[{"href":"https:\/\/pasitoapasito.es\/it\/wp-json\/wp\/v2\/product"}],"about":[{"href":"https:\/\/pasitoapasito.es\/it\/wp-json\/wp\/v2\/types\/product"}],"replies":[{"embeddable":true,"href":"https:\/\/pasitoapasito.es\/it\/wp-json\/wp\/v2\/comments?post=45487"}],"wp:featuredmedia":[{"embeddable":true,"href":"https:\/\/pasitoapasito.es\/it\/wp-json\/wp\/v2\/media\/44442"}],"wp:attachment":[{"href":"https:\/\/pasitoapasito.es\/it\/wp-json\/wp\/v2\/media?parent=45487"}],"wp:term":[{"taxonomy":"colecciones","embeddable":true,"href":"https:\/\/pasitoapasito.es\/it\/wp-json\/wp\/v2\/colecciones?post=45487"},{"taxonomy":"product_brand","embeddable":true,"href":"https:\/\/pasitoapasito.es\/it\/wp-json\/wp\/v2\/product_brand?post=45487"},{"taxonomy":"product_cat","embeddable":true,"href":"https:\/\/pasitoapasito.es\/it\/wp-json\/wp\/v2\/product_cat?post=45487"},{"taxonomy":"product_tag","embeddable":true,"href":"https:\/\/pasitoapasito.es\/it\/wp-json\/wp\/v2\/product_tag?post=45487"}],"curies":[{"name":"wp","href":"https:\/\/api.w.org\/{rel}","templated":true}]}}