{"id":45479,"date":"2026-03-16T12:33:38","date_gmt":"2026-03-16T12:33:38","guid":{"rendered":"https:\/\/pasitoapasito.es\/?post_type=product&#038;p=45479"},"modified":"2026-03-16T12:33:38","modified_gmt":"2026-03-16T12:33:38","slug":"fasciatoio-little-bloom-vichy-grigio","status":"publish","type":"product","link":"https:\/\/pasitoapasito.es\/it\/prodotto\/fasciatoio-little-bloom-vichy-grigio\/","title":{"rendered":"FASCIATOIO  LITTLE BLOOM VICHY GRIGIO"},"content":{"rendered":"<p>Il fasciatoio per neonati Little Bloom Vichy grigio di Pasito a pasito, realizzato in tela di cotone 100% con una delicata stampa a quadri, \u00e8 un modello molto comodo, pratico e facile da trasportare. Un modello appositamente studiato per essere utilizzato quando \u00e8 necessario cambiare il bambino. \u00c8 pieghevole per facilitarne il trasporto ovunque. Il suo design \u00e8 tanto elegante quanto funzionale, poich\u00e9 \u00e8 pieghevole per renderlo portatile. \u00c8 dotato di nastri di chiusura per mantenere il fasciatoio chiuso e ridurre cos\u00ec lo spazio necessario per trasportarlo nella borsa per la maternit\u00e0. Finiture di qualit\u00e0. Il fasciatoio \u00e8 dotato di un rivestimento interno imbottito e impermeabile per facilitarne la pulizia una volta terminato l&#8217;uso ed evitare l&#8217;accumulo di odori all&#8217;interno. \u00c8 realizzato con materiali di alta qualit\u00e0, privi di coloranti azoici, ftalati e sostanze nocive per la salute. Inoltre, pu\u00f2 essere lavato a mano o in lavatrice a temperature fino a 30\u00ba. I prodotti per bambini di Pasito a Pasito hanno un design molto diverso da tutti gli altri, grazie alle loro collezioni pi\u00f9 elaborate, fantasiose e allo stesso tempo pratiche, che utilizzano materiali di prima qualit\u00e0 per sottolineare l&#8217;eleganza e l&#8217;armonia di ogni singolo pezzo. I nostri modelli sono esclusivi e dallo stile inconfondibile, pensati per le mamme moderne che hanno buon gusto e apprezzano i dettagli tanto quanto noi. Specifiche: Materiali: 100% cotone\/Interno 100% pvc senza ftalati. Misure: 50&#215;70 cm.<\/p>\n","protected":false},"excerpt":{"rendered":"<p>Il fasciatoio per neonati Little Bloom Vichy grigio di Pasito a pasito, realizzato in tela di cotone 100% con una delicata stampa a quadri, \u00e8 un modello molto comodo, pratico e facile da trasportare. Un modello appositamente studiato per essere utilizzato quando \u00e8 necessario cambiare il bambino. \u00c8 pieghevole per facilitarne il trasporto ovunque. Il [&hellip;]<\/p>\n","protected":false},"featured_media":44290,"comment_status":"closed","ping_status":"closed","template":"","meta":{"_acf_changed":false,"inline_featured_image":false},"colecciones":[364],"product_brand":[],"product_cat":[137],"product_tag":[],"class_list":{"0":"post-45479","1":"product","2":"type-product","3":"status-publish","4":"has-post-thumbnail","6":"colecciones-collezione-little-bloom","7":"product_cat-accessori","9":"first","10":"instock","11":"purchasable","12":"product-type-simple"},"acf":[],"yoast_head":"<!-- This site is optimized with the Yoast SEO plugin v27.5 - https:\/\/yoast.com\/product\/yoast-seo-wordpress\/ -->\n<title>FASCIATOIO LITTLE BLOOM VICHY GRIGIO - Pasito a Pasito<\/title>\n<meta name=\"robots\" content=\"index, follow, max-snippet:-1, max-image-preview:large, max-video-preview:-1\" \/>\n<link rel=\"canonical\" href=\"https:\/\/pasitoapasito.es\/it\/prodotto\/fasciatoio-little-bloom-vichy-grigio\/\" \/>\n<meta property=\"og:locale\" content=\"it_IT\" \/>\n<meta property=\"og:type\" content=\"article\" \/>\n<meta property=\"og:title\" content=\"FASCIATOIO LITTLE BLOOM VICHY GRIGIO - Pasito a Pasito\" \/>\n<meta property=\"og:description\" content=\"Il fasciatoio per neonati Little Bloom Vichy grigio di Pasito a pasito, realizzato in tela di cotone 100% con una delicata stampa a quadri, \u00e8 un modello molto comodo, pratico e facile da trasportare. Un modello appositamente studiato per essere utilizzato quando \u00e8 necessario cambiare il bambino. \u00c8 pieghevole per facilitarne il trasporto ovunque. Il [&hellip;]\" \/>\n<meta property=\"og:url\" content=\"https:\/\/pasitoapasito.es\/it\/prodotto\/fasciatoio-little-bloom-vichy-grigio\/\" \/>\n<meta property=\"og:site_name\" content=\"Pasito a Pasito\" \/>\n<meta property=\"og:image\" content=\"https:\/\/pasitoapasito.es\/wp-content\/uploads\/2026\/03\/1120900609_a.jpg\" \/>\n\t<meta property=\"og:image:width\" content=\"600\" \/>\n\t<meta property=\"og:image:height\" content=\"600\" \/>\n\t<meta property=\"og:image:type\" content=\"image\/jpeg\" \/>\n<meta name=\"twitter:card\" content=\"summary_large_image\" \/>\n<meta name=\"twitter:label1\" content=\"Tempo di lettura stimato\" \/>\n\t<meta name=\"twitter:data1\" content=\"1 minuto\" \/>\n<script type=\"application\/ld+json\" class=\"yoast-schema-graph\">{\"@context\":\"https:\\\/\\\/schema.org\",\"@graph\":[{\"@type\":\"WebPage\",\"@id\":\"https:\\\/\\\/pasitoapasito.es\\\/it\\\/prodotto\\\/fasciatoio-little-bloom-vichy-grigio\\\/\",\"url\":\"https:\\\/\\\/pasitoapasito.es\\\/it\\\/prodotto\\\/fasciatoio-little-bloom-vichy-grigio\\\/\",\"name\":\"FASCIATOIO LITTLE BLOOM VICHY GRIGIO - Pasito a Pasito\",\"isPartOf\":{\"@id\":\"https:\\\/\\\/pasitoapasito.es\\\/fr\\\/#website\"},\"primaryImageOfPage\":{\"@id\":\"https:\\\/\\\/pasitoapasito.es\\\/it\\\/prodotto\\\/fasciatoio-little-bloom-vichy-grigio\\\/#primaryimage\"},\"image\":{\"@id\":\"https:\\\/\\\/pasitoapasito.es\\\/it\\\/prodotto\\\/fasciatoio-little-bloom-vichy-grigio\\\/#primaryimage\"},\"thumbnailUrl\":\"https:\\\/\\\/pasitoapasito.es\\\/wp-content\\\/uploads\\\/2026\\\/03\\\/1120900609_a.jpg\",\"datePublished\":\"2026-03-16T12:33:38+00:00\",\"breadcrumb\":{\"@id\":\"https:\\\/\\\/pasitoapasito.es\\\/it\\\/prodotto\\\/fasciatoio-little-bloom-vichy-grigio\\\/#breadcrumb\"},\"inLanguage\":\"it-IT\",\"potentialAction\":[{\"@type\":\"ReadAction\",\"target\":[\"https:\\\/\\\/pasitoapasito.es\\\/it\\\/prodotto\\\/fasciatoio-little-bloom-vichy-grigio\\\/\"]}]},{\"@type\":\"ImageObject\",\"inLanguage\":\"it-IT\",\"@id\":\"https:\\\/\\\/pasitoapasito.es\\\/it\\\/prodotto\\\/fasciatoio-little-bloom-vichy-grigio\\\/#primaryimage\",\"url\":\"https:\\\/\\\/pasitoapasito.es\\\/wp-content\\\/uploads\\\/2026\\\/03\\\/1120900609_a.jpg\",\"contentUrl\":\"https:\\\/\\\/pasitoapasito.es\\\/wp-content\\\/uploads\\\/2026\\\/03\\\/1120900609_a.jpg\",\"width\":600,\"height\":600},{\"@type\":\"BreadcrumbList\",\"@id\":\"https:\\\/\\\/pasitoapasito.es\\\/it\\\/prodotto\\\/fasciatoio-little-bloom-vichy-grigio\\\/#breadcrumb\",\"itemListElement\":[{\"@type\":\"ListItem\",\"position\":1,\"name\":\"Tienda\",\"item\":\"https:\\\/\\\/pasitoapasito.es\\\/tienda\\\/\"},{\"@type\":\"ListItem\",\"position\":2,\"name\":\"FASCIATOIO LITTLE BLOOM VICHY GRIGIO\"}]},{\"@type\":\"WebSite\",\"@id\":\"https:\\\/\\\/pasitoapasito.es\\\/fr\\\/#website\",\"url\":\"https:\\\/\\\/pasitoapasito.es\\\/fr\\\/\",\"name\":\"Pasito a Pasito\",\"description\":\"\",\"potentialAction\":[{\"@type\":\"SearchAction\",\"target\":{\"@type\":\"EntryPoint\",\"urlTemplate\":\"https:\\\/\\\/pasitoapasito.es\\\/fr\\\/?s={search_term_string}\"},\"query-input\":{\"@type\":\"PropertyValueSpecification\",\"valueRequired\":true,\"valueName\":\"search_term_string\"}}],\"inLanguage\":\"it-IT\"}]}<\/script>\n<!-- \/ Yoast SEO plugin. -->","yoast_head_json":{"title":"FASCIATOIO LITTLE BLOOM VICHY GRIGIO - Pasito a Pasito","robots":{"index":"index","follow":"follow","max-snippet":"max-snippet:-1","max-image-preview":"max-image-preview:large","max-video-preview":"max-video-preview:-1"},"canonical":"https:\/\/pasitoapasito.es\/it\/prodotto\/fasciatoio-little-bloom-vichy-grigio\/","og_locale":"it_IT","og_type":"article","og_title":"FASCIATOIO LITTLE BLOOM VICHY GRIGIO - Pasito a Pasito","og_description":"Il fasciatoio per neonati Little Bloom Vichy grigio di Pasito a pasito, realizzato in tela di cotone 100% con una delicata stampa a quadri, \u00e8 un modello molto comodo, pratico e facile da trasportare. Un modello appositamente studiato per essere utilizzato quando \u00e8 necessario cambiare il bambino. \u00c8 pieghevole per facilitarne il trasporto ovunque. Il [&hellip;]","og_url":"https:\/\/pasitoapasito.es\/it\/prodotto\/fasciatoio-little-bloom-vichy-grigio\/","og_site_name":"Pasito a Pasito","og_image":[{"width":600,"height":600,"url":"https:\/\/pasitoapasito.es\/wp-content\/uploads\/2026\/03\/1120900609_a.jpg","type":"image\/jpeg"}],"twitter_card":"summary_large_image","twitter_misc":{"Tempo di lettura stimato":"1 minuto"},"schema":{"@context":"https:\/\/schema.org","@graph":[{"@type":"WebPage","@id":"https:\/\/pasitoapasito.es\/it\/prodotto\/fasciatoio-little-bloom-vichy-grigio\/","url":"https:\/\/pasitoapasito.es\/it\/prodotto\/fasciatoio-little-bloom-vichy-grigio\/","name":"FASCIATOIO LITTLE BLOOM VICHY GRIGIO - Pasito a Pasito","isPartOf":{"@id":"https:\/\/pasitoapasito.es\/fr\/#website"},"primaryImageOfPage":{"@id":"https:\/\/pasitoapasito.es\/it\/prodotto\/fasciatoio-little-bloom-vichy-grigio\/#primaryimage"},"image":{"@id":"https:\/\/pasitoapasito.es\/it\/prodotto\/fasciatoio-little-bloom-vichy-grigio\/#primaryimage"},"thumbnailUrl":"https:\/\/pasitoapasito.es\/wp-content\/uploads\/2026\/03\/1120900609_a.jpg","datePublished":"2026-03-16T12:33:38+00:00","breadcrumb":{"@id":"https:\/\/pasitoapasito.es\/it\/prodotto\/fasciatoio-little-bloom-vichy-grigio\/#breadcrumb"},"inLanguage":"it-IT","potentialAction":[{"@type":"ReadAction","target":["https:\/\/pasitoapasito.es\/it\/prodotto\/fasciatoio-little-bloom-vichy-grigio\/"]}]},{"@type":"ImageObject","inLanguage":"it-IT","@id":"https:\/\/pasitoapasito.es\/it\/prodotto\/fasciatoio-little-bloom-vichy-grigio\/#primaryimage","url":"https:\/\/pasitoapasito.es\/wp-content\/uploads\/2026\/03\/1120900609_a.jpg","contentUrl":"https:\/\/pasitoapasito.es\/wp-content\/uploads\/2026\/03\/1120900609_a.jpg","width":600,"height":600},{"@type":"BreadcrumbList","@id":"https:\/\/pasitoapasito.es\/it\/prodotto\/fasciatoio-little-bloom-vichy-grigio\/#breadcrumb","itemListElement":[{"@type":"ListItem","position":1,"name":"Tienda","item":"https:\/\/pasitoapasito.es\/tienda\/"},{"@type":"ListItem","position":2,"name":"FASCIATOIO LITTLE BLOOM VICHY GRIGIO"}]},{"@type":"WebSite","@id":"https:\/\/pasitoapasito.es\/fr\/#website","url":"https:\/\/pasitoapasito.es\/fr\/","name":"Pasito a Pasito","description":"","potentialAction":[{"@type":"SearchAction","target":{"@type":"EntryPoint","urlTemplate":"https:\/\/pasitoapasito.es\/fr\/?s={search_term_string}"},"query-input":{"@type":"PropertyValueSpecification","valueRequired":true,"valueName":"search_term_string"}}],"inLanguage":"it-IT"}]}},"_links":{"self":[{"href":"https:\/\/pasitoapasito.es\/it\/wp-json\/wp\/v2\/product\/45479","targetHints":{"allow":["GET"]}}],"collection":[{"href":"https:\/\/pasitoapasito.es\/it\/wp-json\/wp\/v2\/product"}],"about":[{"href":"https:\/\/pasitoapasito.es\/it\/wp-json\/wp\/v2\/types\/product"}],"replies":[{"embeddable":true,"href":"https:\/\/pasitoapasito.es\/it\/wp-json\/wp\/v2\/comments?post=45479"}],"wp:featuredmedia":[{"embeddable":true,"href":"https:\/\/pasitoapasito.es\/it\/wp-json\/wp\/v2\/media\/44290"}],"wp:attachment":[{"href":"https:\/\/pasitoapasito.es\/it\/wp-json\/wp\/v2\/media?parent=45479"}],"wp:term":[{"taxonomy":"colecciones","embeddable":true,"href":"https:\/\/pasitoapasito.es\/it\/wp-json\/wp\/v2\/colecciones?post=45479"},{"taxonomy":"product_brand","embeddable":true,"href":"https:\/\/pasitoapasito.es\/it\/wp-json\/wp\/v2\/product_brand?post=45479"},{"taxonomy":"product_cat","embeddable":true,"href":"https:\/\/pasitoapasito.es\/it\/wp-json\/wp\/v2\/product_cat?post=45479"},{"taxonomy":"product_tag","embeddable":true,"href":"https:\/\/pasitoapasito.es\/it\/wp-json\/wp\/v2\/product_tag?post=45479"}],"curies":[{"name":"wp","href":"https:\/\/api.w.org\/{rel}","templated":true}]}}