{"id":45477,"date":"2026-03-16T12:33:38","date_gmt":"2026-03-16T12:33:38","guid":{"rendered":"https:\/\/pasitoapasito.es\/?post_type=product&#038;p=45477"},"modified":"2026-03-16T12:33:38","modified_gmt":"2026-03-16T12:33:38","slug":"valigia-little-bloom-vichy-grigio","status":"publish","type":"product","link":"https:\/\/pasitoapasito.es\/it\/prodotto\/valigia-little-bloom-vichy-grigio\/","title":{"rendered":"VALIGIA  LITTLE BLOOM VICHY GRIGIO"},"content":{"rendered":"<p>La valigia per neonati Little Bloom Vichy grigia di Pasito a pasito \u00e8 la borsa perfetta per l&#8217;ospedale\/clinica, un modello unico e di grande stile pensato appositamente per portare con te tutto ci\u00f2 di cui hai bisogno per te, il pap\u00e0 e il bambino. \u00c8 realizzata in tela di cotone 100% con una delicata stampa a quadri. Il trattamento water resistant la rende impermeabile, garantendo protezione e durata nell&#8217;uso quotidiano. La sua forma rettangolare offre la comodit\u00e0 di avere tutto il necessario (cambi o accessori) a portata di mano durante il giorno della nascita del bambino. \u00c8 un modello semplice, moderno e pratico che offre una grande capienza per trasportare molte cose ed \u00e8 dotato di una pratica apertura per facilitare la ricerca di qualsiasi cosa tu abbia riposto al suo interno. \u00c8 dotata di una lunga maniglia per essere portata a tracolla e di due maniglie corte per essere trasportata a mano, se preferisci. Finiture di qualit\u00e0. La valigia per l&#8217;ospedale ha una fodera interna con elastici per fissare i vestiti e si chiude in modo sicuro con una cerniera su due lati che permette di aprire completamente il coperchio. Realizzata con materiali di alta qualit\u00e0, privi di coloranti azoici, ftalati e sostanze nocive per la salute. Inoltre, pu\u00f2 essere lavata a mano o in lavatrice a una temperatura massima di 30\u00ba. I prodotti per bambini di Pasito a Pasito hanno un design molto diverso da tutti gli altri. Le loro collezioni sono caratterizzate da un lavoro accurato nei dettagli, sempre pensato da un punto di vista pratico. Utilizzano materiali di prima qualit\u00e0 per sottolineare l&#8217;eleganza e l&#8217;armonia di ogni singolo pezzo. I nostri modelli sono esclusivi e dallo stile inconfondibile, pensati per le mamme moderne che hanno buon gusto e apprezzano i dettagli tanto quanto noi. Specifiche: Materiali: 100% cotone. Misure: 44X36X16 cm.<\/p>\n","protected":false},"excerpt":{"rendered":"<p>La valigia per neonati Little Bloom Vichy grigia di Pasito a pasito \u00e8 la borsa perfetta per l&#8217;ospedale\/clinica, un modello unico e di grande stile pensato appositamente per portare con te tutto ci\u00f2 di cui hai bisogno per te, il pap\u00e0 e il bambino. \u00c8 realizzata in tela di cotone 100% con una delicata stampa [&hellip;]<\/p>\n","protected":false},"featured_media":44240,"comment_status":"closed","ping_status":"closed","template":"","meta":{"_acf_changed":false,"inline_featured_image":false},"colecciones":[364],"product_brand":[],"product_cat":[134],"product_tag":[],"class_list":{"0":"post-45477","1":"product","2":"type-product","3":"status-publish","4":"has-post-thumbnail","6":"colecciones-collezione-little-bloom","7":"product_cat-valigie","9":"first","10":"instock","11":"purchasable","12":"product-type-simple"},"acf":[],"yoast_head":"<!-- This site is optimized with the Yoast SEO plugin v27.3 - https:\/\/yoast.com\/product\/yoast-seo-wordpress\/ -->\n<title>VALIGIA LITTLE BLOOM VICHY GRIGIO - Pasito a Pasito<\/title>\n<meta name=\"robots\" content=\"index, follow, max-snippet:-1, max-image-preview:large, max-video-preview:-1\" \/>\n<link rel=\"canonical\" href=\"https:\/\/pasitoapasito.es\/it\/prodotto\/valigia-little-bloom-vichy-grigio\/\" \/>\n<meta property=\"og:locale\" content=\"it_IT\" \/>\n<meta property=\"og:type\" content=\"article\" \/>\n<meta property=\"og:title\" content=\"VALIGIA LITTLE BLOOM VICHY GRIGIO - Pasito a Pasito\" \/>\n<meta property=\"og:description\" content=\"La valigia per neonati Little Bloom Vichy grigia di Pasito a pasito \u00e8 la borsa perfetta per l&#8217;ospedale\/clinica, un modello unico e di grande stile pensato appositamente per portare con te tutto ci\u00f2 di cui hai bisogno per te, il pap\u00e0 e il bambino. \u00c8 realizzata in tela di cotone 100% con una delicata stampa [&hellip;]\" \/>\n<meta property=\"og:url\" content=\"https:\/\/pasitoapasito.es\/it\/prodotto\/valigia-little-bloom-vichy-grigio\/\" \/>\n<meta property=\"og:site_name\" content=\"Pasito a Pasito\" \/>\n<meta property=\"og:image\" content=\"https:\/\/pasitoapasito.es\/wp-content\/uploads\/2026\/03\/1120900607_a.jpg\" \/>\n\t<meta property=\"og:image:width\" content=\"600\" \/>\n\t<meta property=\"og:image:height\" content=\"600\" \/>\n\t<meta property=\"og:image:type\" content=\"image\/jpeg\" \/>\n<meta name=\"twitter:card\" content=\"summary_large_image\" \/>\n<meta name=\"twitter:label1\" content=\"Tempo di lettura stimato\" \/>\n\t<meta name=\"twitter:data1\" content=\"1 minuto\" \/>\n<script type=\"application\/ld+json\" class=\"yoast-schema-graph\">{\"@context\":\"https:\\\/\\\/schema.org\",\"@graph\":[{\"@type\":\"WebPage\",\"@id\":\"https:\\\/\\\/pasitoapasito.es\\\/it\\\/prodotto\\\/valigia-little-bloom-vichy-grigio\\\/\",\"url\":\"https:\\\/\\\/pasitoapasito.es\\\/it\\\/prodotto\\\/valigia-little-bloom-vichy-grigio\\\/\",\"name\":\"VALIGIA LITTLE BLOOM VICHY GRIGIO - Pasito a Pasito\",\"isPartOf\":{\"@id\":\"https:\\\/\\\/pasitoapasito.es\\\/fr\\\/#website\"},\"primaryImageOfPage\":{\"@id\":\"https:\\\/\\\/pasitoapasito.es\\\/it\\\/prodotto\\\/valigia-little-bloom-vichy-grigio\\\/#primaryimage\"},\"image\":{\"@id\":\"https:\\\/\\\/pasitoapasito.es\\\/it\\\/prodotto\\\/valigia-little-bloom-vichy-grigio\\\/#primaryimage\"},\"thumbnailUrl\":\"https:\\\/\\\/pasitoapasito.es\\\/wp-content\\\/uploads\\\/2026\\\/03\\\/1120900607_a.jpg\",\"datePublished\":\"2026-03-16T12:33:38+00:00\",\"breadcrumb\":{\"@id\":\"https:\\\/\\\/pasitoapasito.es\\\/it\\\/prodotto\\\/valigia-little-bloom-vichy-grigio\\\/#breadcrumb\"},\"inLanguage\":\"it-IT\",\"potentialAction\":[{\"@type\":\"ReadAction\",\"target\":[\"https:\\\/\\\/pasitoapasito.es\\\/it\\\/prodotto\\\/valigia-little-bloom-vichy-grigio\\\/\"]}]},{\"@type\":\"ImageObject\",\"inLanguage\":\"it-IT\",\"@id\":\"https:\\\/\\\/pasitoapasito.es\\\/it\\\/prodotto\\\/valigia-little-bloom-vichy-grigio\\\/#primaryimage\",\"url\":\"https:\\\/\\\/pasitoapasito.es\\\/wp-content\\\/uploads\\\/2026\\\/03\\\/1120900607_a.jpg\",\"contentUrl\":\"https:\\\/\\\/pasitoapasito.es\\\/wp-content\\\/uploads\\\/2026\\\/03\\\/1120900607_a.jpg\",\"width\":600,\"height\":600},{\"@type\":\"BreadcrumbList\",\"@id\":\"https:\\\/\\\/pasitoapasito.es\\\/it\\\/prodotto\\\/valigia-little-bloom-vichy-grigio\\\/#breadcrumb\",\"itemListElement\":[{\"@type\":\"ListItem\",\"position\":1,\"name\":\"Tienda\",\"item\":\"https:\\\/\\\/pasitoapasito.es\\\/tienda\\\/\"},{\"@type\":\"ListItem\",\"position\":2,\"name\":\"VALIGIA LITTLE BLOOM VICHY GRIGIO\"}]},{\"@type\":\"WebSite\",\"@id\":\"https:\\\/\\\/pasitoapasito.es\\\/fr\\\/#website\",\"url\":\"https:\\\/\\\/pasitoapasito.es\\\/fr\\\/\",\"name\":\"Pasito a Pasito\",\"description\":\"\",\"potentialAction\":[{\"@type\":\"SearchAction\",\"target\":{\"@type\":\"EntryPoint\",\"urlTemplate\":\"https:\\\/\\\/pasitoapasito.es\\\/fr\\\/?s={search_term_string}\"},\"query-input\":{\"@type\":\"PropertyValueSpecification\",\"valueRequired\":true,\"valueName\":\"search_term_string\"}}],\"inLanguage\":\"it-IT\"}]}<\/script>\n<!-- \/ Yoast SEO plugin. -->","yoast_head_json":{"title":"VALIGIA LITTLE BLOOM VICHY GRIGIO - Pasito a Pasito","robots":{"index":"index","follow":"follow","max-snippet":"max-snippet:-1","max-image-preview":"max-image-preview:large","max-video-preview":"max-video-preview:-1"},"canonical":"https:\/\/pasitoapasito.es\/it\/prodotto\/valigia-little-bloom-vichy-grigio\/","og_locale":"it_IT","og_type":"article","og_title":"VALIGIA LITTLE BLOOM VICHY GRIGIO - Pasito a Pasito","og_description":"La valigia per neonati Little Bloom Vichy grigia di Pasito a pasito \u00e8 la borsa perfetta per l&#8217;ospedale\/clinica, un modello unico e di grande stile pensato appositamente per portare con te tutto ci\u00f2 di cui hai bisogno per te, il pap\u00e0 e il bambino. \u00c8 realizzata in tela di cotone 100% con una delicata stampa [&hellip;]","og_url":"https:\/\/pasitoapasito.es\/it\/prodotto\/valigia-little-bloom-vichy-grigio\/","og_site_name":"Pasito a Pasito","og_image":[{"width":600,"height":600,"url":"https:\/\/pasitoapasito.es\/wp-content\/uploads\/2026\/03\/1120900607_a.jpg","type":"image\/jpeg"}],"twitter_card":"summary_large_image","twitter_misc":{"Tempo di lettura stimato":"1 minuto"},"schema":{"@context":"https:\/\/schema.org","@graph":[{"@type":"WebPage","@id":"https:\/\/pasitoapasito.es\/it\/prodotto\/valigia-little-bloom-vichy-grigio\/","url":"https:\/\/pasitoapasito.es\/it\/prodotto\/valigia-little-bloom-vichy-grigio\/","name":"VALIGIA LITTLE BLOOM VICHY GRIGIO - Pasito a Pasito","isPartOf":{"@id":"https:\/\/pasitoapasito.es\/fr\/#website"},"primaryImageOfPage":{"@id":"https:\/\/pasitoapasito.es\/it\/prodotto\/valigia-little-bloom-vichy-grigio\/#primaryimage"},"image":{"@id":"https:\/\/pasitoapasito.es\/it\/prodotto\/valigia-little-bloom-vichy-grigio\/#primaryimage"},"thumbnailUrl":"https:\/\/pasitoapasito.es\/wp-content\/uploads\/2026\/03\/1120900607_a.jpg","datePublished":"2026-03-16T12:33:38+00:00","breadcrumb":{"@id":"https:\/\/pasitoapasito.es\/it\/prodotto\/valigia-little-bloom-vichy-grigio\/#breadcrumb"},"inLanguage":"it-IT","potentialAction":[{"@type":"ReadAction","target":["https:\/\/pasitoapasito.es\/it\/prodotto\/valigia-little-bloom-vichy-grigio\/"]}]},{"@type":"ImageObject","inLanguage":"it-IT","@id":"https:\/\/pasitoapasito.es\/it\/prodotto\/valigia-little-bloom-vichy-grigio\/#primaryimage","url":"https:\/\/pasitoapasito.es\/wp-content\/uploads\/2026\/03\/1120900607_a.jpg","contentUrl":"https:\/\/pasitoapasito.es\/wp-content\/uploads\/2026\/03\/1120900607_a.jpg","width":600,"height":600},{"@type":"BreadcrumbList","@id":"https:\/\/pasitoapasito.es\/it\/prodotto\/valigia-little-bloom-vichy-grigio\/#breadcrumb","itemListElement":[{"@type":"ListItem","position":1,"name":"Tienda","item":"https:\/\/pasitoapasito.es\/tienda\/"},{"@type":"ListItem","position":2,"name":"VALIGIA LITTLE BLOOM VICHY GRIGIO"}]},{"@type":"WebSite","@id":"https:\/\/pasitoapasito.es\/fr\/#website","url":"https:\/\/pasitoapasito.es\/fr\/","name":"Pasito a Pasito","description":"","potentialAction":[{"@type":"SearchAction","target":{"@type":"EntryPoint","urlTemplate":"https:\/\/pasitoapasito.es\/fr\/?s={search_term_string}"},"query-input":{"@type":"PropertyValueSpecification","valueRequired":true,"valueName":"search_term_string"}}],"inLanguage":"it-IT"}]}},"_links":{"self":[{"href":"https:\/\/pasitoapasito.es\/it\/wp-json\/wp\/v2\/product\/45477","targetHints":{"allow":["GET"]}}],"collection":[{"href":"https:\/\/pasitoapasito.es\/it\/wp-json\/wp\/v2\/product"}],"about":[{"href":"https:\/\/pasitoapasito.es\/it\/wp-json\/wp\/v2\/types\/product"}],"replies":[{"embeddable":true,"href":"https:\/\/pasitoapasito.es\/it\/wp-json\/wp\/v2\/comments?post=45477"}],"wp:featuredmedia":[{"embeddable":true,"href":"https:\/\/pasitoapasito.es\/it\/wp-json\/wp\/v2\/media\/44240"}],"wp:attachment":[{"href":"https:\/\/pasitoapasito.es\/it\/wp-json\/wp\/v2\/media?parent=45477"}],"wp:term":[{"taxonomy":"colecciones","embeddable":true,"href":"https:\/\/pasitoapasito.es\/it\/wp-json\/wp\/v2\/colecciones?post=45477"},{"taxonomy":"product_brand","embeddable":true,"href":"https:\/\/pasitoapasito.es\/it\/wp-json\/wp\/v2\/product_brand?post=45477"},{"taxonomy":"product_cat","embeddable":true,"href":"https:\/\/pasitoapasito.es\/it\/wp-json\/wp\/v2\/product_cat?post=45477"},{"taxonomy":"product_tag","embeddable":true,"href":"https:\/\/pasitoapasito.es\/it\/wp-json\/wp\/v2\/product_tag?post=45477"}],"curies":[{"name":"wp","href":"https:\/\/api.w.org\/{rel}","templated":true}]}}