{"id":43866,"date":"2025-09-25T09:22:16","date_gmt":"2025-09-25T09:22:16","guid":{"rendered":"https:\/\/pasitoapasito.es\/?post_type=product&#038;p=43866"},"modified":"2025-09-25T09:22:16","modified_gmt":"2025-09-25T09:22:16","slug":"set-2-lenzuoli-con-angoli-per-carrozzina-somerset","status":"publish","type":"product","link":"https:\/\/pasitoapasito.es\/it\/prodotto\/set-2-lenzuoli-con-angoli-per-carrozzina-somerset\/","title":{"rendered":"SET\/ 2 LENZUOLI CON ANGOLI PER CARROZZINA SOMERSET"},"content":{"rendered":"<p>Questo set di due lenzuola Somerset, una floreale e una tinta unita, per la tua culla o carrozzina \u00e8 perfetto per garantire il comfort e il benessere del tuo bambino fin dal primo giorno. Questi lenzuola con angoli sono realizzati in mussola di cotone 100%, un tessuto extra morbido e traspirante, delicato sulla pelle sensibile dei neonati. I materiali sono scelti appositamente per essere delicati sulla pelle del tuo bambino, promuovendo un riposo sicuro e piacevole. Sono anche facili da lavare e mantenere, conservando la loro morbidezza lavaggio dopo lavaggio. Questo set Pasito a Pasito \u00e8 un must-have per il corredo del tuo bambino, combinando qualit\u00e0, funzionalit\u00e0 e design. \u00c8 ideale per mantenere il tuo bambino comodo e protetto, con lo stile e la qualit\u00e0 distintivi che definiscono Pasito a Pasito. Tutti i nostri prodotti sono fabbricati in conformit\u00e0 con le pi\u00f9 esigenti normative europee, utilizzando materiali di alta qualit\u00e0 privi di coloranti azoici, ftalati e sostanze nocive. Il tessuto \u00e8 facile da pulire e si raccomanda il lavaggio in lavatrice a 30\u00baC. I prodotti per bambini Pasito a Pasito si distinguono dagli altri grazie al loro design unico. Le loro collezioni sono caratterizzate da una lavorazione dettagliata, sempre progettate pensando alla praticit\u00e0. Utilizziamo materiali di prima qualit\u00e0 per enfatizzare l&#8217;eleganza e l&#8217;armonia in ogni pezzo. I nostri modelli sono esclusivi e presentano uno stile inconfondibile, pensati per le mamme moderne di oggi che apprezzano il buon gusto e prestano attenzione ai dettagli quanto noi. Specifiche: Materiali: 100% cotone. Misura: Universale.<\/p>\n","protected":false},"excerpt":{"rendered":"<p>Questo set di due lenzuola Somerset, una floreale e una tinta unita, per la tua culla o carrozzina \u00e8 perfetto per garantire il comfort e il benessere del tuo bambino fin dal primo giorno. Questi lenzuola con angoli sono realizzati in mussola di cotone 100%, un tessuto extra morbido e traspirante, delicato sulla pelle sensibile [&hellip;]<\/p>\n","protected":false},"featured_media":43633,"comment_status":"closed","ping_status":"closed","template":"","meta":{"_acf_changed":false,"inline_featured_image":false},"colecciones":[294],"product_brand":[],"product_cat":[143],"product_tag":[],"class_list":{"0":"post-43866","1":"product","2":"type-product","3":"status-publish","4":"has-post-thumbnail","6":"colecciones-collezione-somerset","7":"product_cat-sacchi-nanna-e-copri-carrozzina","9":"first","10":"instock","11":"purchasable","12":"product-type-simple"},"acf":[],"yoast_head":"<!-- This site is optimized with the Yoast SEO plugin v27.3 - https:\/\/yoast.com\/product\/yoast-seo-wordpress\/ -->\n<title>SET\/ 2 LENZUOLI CON ANGOLI PER CARROZZINA SOMERSET - Pasito a Pasito<\/title>\n<meta name=\"robots\" content=\"index, follow, max-snippet:-1, max-image-preview:large, max-video-preview:-1\" \/>\n<link rel=\"canonical\" href=\"https:\/\/pasitoapasito.es\/it\/prodotto\/set-2-lenzuoli-con-angoli-per-carrozzina-somerset\/\" \/>\n<meta property=\"og:locale\" content=\"it_IT\" \/>\n<meta property=\"og:type\" content=\"article\" \/>\n<meta property=\"og:title\" content=\"SET\/ 2 LENZUOLI CON ANGOLI PER CARROZZINA SOMERSET - Pasito a Pasito\" \/>\n<meta property=\"og:description\" content=\"Questo set di due lenzuola Somerset, una floreale e una tinta unita, per la tua culla o carrozzina \u00e8 perfetto per garantire il comfort e il benessere del tuo bambino fin dal primo giorno. Questi lenzuola con angoli sono realizzati in mussola di cotone 100%, un tessuto extra morbido e traspirante, delicato sulla pelle sensibile [&hellip;]\" \/>\n<meta property=\"og:url\" content=\"https:\/\/pasitoapasito.es\/it\/prodotto\/set-2-lenzuoli-con-angoli-per-carrozzina-somerset\/\" \/>\n<meta property=\"og:site_name\" content=\"Pasito a Pasito\" \/>\n<meta property=\"og:image\" content=\"https:\/\/pasitoapasito.es\/wp-content\/uploads\/2025\/09\/1120900584_a-1.jpg\" \/>\n\t<meta property=\"og:image:width\" content=\"1800\" \/>\n\t<meta property=\"og:image:height\" content=\"1800\" \/>\n\t<meta property=\"og:image:type\" content=\"image\/jpeg\" \/>\n<meta name=\"twitter:card\" content=\"summary_large_image\" \/>\n<meta name=\"twitter:label1\" content=\"Tempo di lettura stimato\" \/>\n\t<meta name=\"twitter:data1\" content=\"1 minuto\" \/>\n<script type=\"application\/ld+json\" class=\"yoast-schema-graph\">{\"@context\":\"https:\\\/\\\/schema.org\",\"@graph\":[{\"@type\":\"WebPage\",\"@id\":\"https:\\\/\\\/pasitoapasito.es\\\/it\\\/prodotto\\\/set-2-lenzuoli-con-angoli-per-carrozzina-somerset\\\/\",\"url\":\"https:\\\/\\\/pasitoapasito.es\\\/it\\\/prodotto\\\/set-2-lenzuoli-con-angoli-per-carrozzina-somerset\\\/\",\"name\":\"SET\\\/ 2 LENZUOLI CON ANGOLI PER CARROZZINA SOMERSET - Pasito a Pasito\",\"isPartOf\":{\"@id\":\"https:\\\/\\\/pasitoapasito.es\\\/fr\\\/#website\"},\"primaryImageOfPage\":{\"@id\":\"https:\\\/\\\/pasitoapasito.es\\\/it\\\/prodotto\\\/set-2-lenzuoli-con-angoli-per-carrozzina-somerset\\\/#primaryimage\"},\"image\":{\"@id\":\"https:\\\/\\\/pasitoapasito.es\\\/it\\\/prodotto\\\/set-2-lenzuoli-con-angoli-per-carrozzina-somerset\\\/#primaryimage\"},\"thumbnailUrl\":\"https:\\\/\\\/pasitoapasito.es\\\/wp-content\\\/uploads\\\/2025\\\/09\\\/1120900584_a-1.jpg\",\"datePublished\":\"2025-09-25T09:22:16+00:00\",\"breadcrumb\":{\"@id\":\"https:\\\/\\\/pasitoapasito.es\\\/it\\\/prodotto\\\/set-2-lenzuoli-con-angoli-per-carrozzina-somerset\\\/#breadcrumb\"},\"inLanguage\":\"it-IT\",\"potentialAction\":[{\"@type\":\"ReadAction\",\"target\":[\"https:\\\/\\\/pasitoapasito.es\\\/it\\\/prodotto\\\/set-2-lenzuoli-con-angoli-per-carrozzina-somerset\\\/\"]}]},{\"@type\":\"ImageObject\",\"inLanguage\":\"it-IT\",\"@id\":\"https:\\\/\\\/pasitoapasito.es\\\/it\\\/prodotto\\\/set-2-lenzuoli-con-angoli-per-carrozzina-somerset\\\/#primaryimage\",\"url\":\"https:\\\/\\\/pasitoapasito.es\\\/wp-content\\\/uploads\\\/2025\\\/09\\\/1120900584_a-1.jpg\",\"contentUrl\":\"https:\\\/\\\/pasitoapasito.es\\\/wp-content\\\/uploads\\\/2025\\\/09\\\/1120900584_a-1.jpg\",\"width\":1800,\"height\":1800},{\"@type\":\"BreadcrumbList\",\"@id\":\"https:\\\/\\\/pasitoapasito.es\\\/it\\\/prodotto\\\/set-2-lenzuoli-con-angoli-per-carrozzina-somerset\\\/#breadcrumb\",\"itemListElement\":[{\"@type\":\"ListItem\",\"position\":1,\"name\":\"Tienda\",\"item\":\"https:\\\/\\\/pasitoapasito.es\\\/tienda\\\/\"},{\"@type\":\"ListItem\",\"position\":2,\"name\":\"SET\\\/ 2 LENZUOLI CON ANGOLI PER CARROZZINA SOMERSET\"}]},{\"@type\":\"WebSite\",\"@id\":\"https:\\\/\\\/pasitoapasito.es\\\/fr\\\/#website\",\"url\":\"https:\\\/\\\/pasitoapasito.es\\\/fr\\\/\",\"name\":\"Pasito a Pasito\",\"description\":\"\",\"potentialAction\":[{\"@type\":\"SearchAction\",\"target\":{\"@type\":\"EntryPoint\",\"urlTemplate\":\"https:\\\/\\\/pasitoapasito.es\\\/fr\\\/?s={search_term_string}\"},\"query-input\":{\"@type\":\"PropertyValueSpecification\",\"valueRequired\":true,\"valueName\":\"search_term_string\"}}],\"inLanguage\":\"it-IT\"}]}<\/script>\n<!-- \/ Yoast SEO plugin. -->","yoast_head_json":{"title":"SET\/ 2 LENZUOLI CON ANGOLI PER CARROZZINA SOMERSET - Pasito a Pasito","robots":{"index":"index","follow":"follow","max-snippet":"max-snippet:-1","max-image-preview":"max-image-preview:large","max-video-preview":"max-video-preview:-1"},"canonical":"https:\/\/pasitoapasito.es\/it\/prodotto\/set-2-lenzuoli-con-angoli-per-carrozzina-somerset\/","og_locale":"it_IT","og_type":"article","og_title":"SET\/ 2 LENZUOLI CON ANGOLI PER CARROZZINA SOMERSET - Pasito a Pasito","og_description":"Questo set di due lenzuola Somerset, una floreale e una tinta unita, per la tua culla o carrozzina \u00e8 perfetto per garantire il comfort e il benessere del tuo bambino fin dal primo giorno. Questi lenzuola con angoli sono realizzati in mussola di cotone 100%, un tessuto extra morbido e traspirante, delicato sulla pelle sensibile [&hellip;]","og_url":"https:\/\/pasitoapasito.es\/it\/prodotto\/set-2-lenzuoli-con-angoli-per-carrozzina-somerset\/","og_site_name":"Pasito a Pasito","og_image":[{"width":1800,"height":1800,"url":"https:\/\/pasitoapasito.es\/wp-content\/uploads\/2025\/09\/1120900584_a-1.jpg","type":"image\/jpeg"}],"twitter_card":"summary_large_image","twitter_misc":{"Tempo di lettura stimato":"1 minuto"},"schema":{"@context":"https:\/\/schema.org","@graph":[{"@type":"WebPage","@id":"https:\/\/pasitoapasito.es\/it\/prodotto\/set-2-lenzuoli-con-angoli-per-carrozzina-somerset\/","url":"https:\/\/pasitoapasito.es\/it\/prodotto\/set-2-lenzuoli-con-angoli-per-carrozzina-somerset\/","name":"SET\/ 2 LENZUOLI CON ANGOLI PER CARROZZINA SOMERSET - Pasito a Pasito","isPartOf":{"@id":"https:\/\/pasitoapasito.es\/fr\/#website"},"primaryImageOfPage":{"@id":"https:\/\/pasitoapasito.es\/it\/prodotto\/set-2-lenzuoli-con-angoli-per-carrozzina-somerset\/#primaryimage"},"image":{"@id":"https:\/\/pasitoapasito.es\/it\/prodotto\/set-2-lenzuoli-con-angoli-per-carrozzina-somerset\/#primaryimage"},"thumbnailUrl":"https:\/\/pasitoapasito.es\/wp-content\/uploads\/2025\/09\/1120900584_a-1.jpg","datePublished":"2025-09-25T09:22:16+00:00","breadcrumb":{"@id":"https:\/\/pasitoapasito.es\/it\/prodotto\/set-2-lenzuoli-con-angoli-per-carrozzina-somerset\/#breadcrumb"},"inLanguage":"it-IT","potentialAction":[{"@type":"ReadAction","target":["https:\/\/pasitoapasito.es\/it\/prodotto\/set-2-lenzuoli-con-angoli-per-carrozzina-somerset\/"]}]},{"@type":"ImageObject","inLanguage":"it-IT","@id":"https:\/\/pasitoapasito.es\/it\/prodotto\/set-2-lenzuoli-con-angoli-per-carrozzina-somerset\/#primaryimage","url":"https:\/\/pasitoapasito.es\/wp-content\/uploads\/2025\/09\/1120900584_a-1.jpg","contentUrl":"https:\/\/pasitoapasito.es\/wp-content\/uploads\/2025\/09\/1120900584_a-1.jpg","width":1800,"height":1800},{"@type":"BreadcrumbList","@id":"https:\/\/pasitoapasito.es\/it\/prodotto\/set-2-lenzuoli-con-angoli-per-carrozzina-somerset\/#breadcrumb","itemListElement":[{"@type":"ListItem","position":1,"name":"Tienda","item":"https:\/\/pasitoapasito.es\/tienda\/"},{"@type":"ListItem","position":2,"name":"SET\/ 2 LENZUOLI CON ANGOLI PER CARROZZINA SOMERSET"}]},{"@type":"WebSite","@id":"https:\/\/pasitoapasito.es\/fr\/#website","url":"https:\/\/pasitoapasito.es\/fr\/","name":"Pasito a Pasito","description":"","potentialAction":[{"@type":"SearchAction","target":{"@type":"EntryPoint","urlTemplate":"https:\/\/pasitoapasito.es\/fr\/?s={search_term_string}"},"query-input":{"@type":"PropertyValueSpecification","valueRequired":true,"valueName":"search_term_string"}}],"inLanguage":"it-IT"}]}},"_links":{"self":[{"href":"https:\/\/pasitoapasito.es\/it\/wp-json\/wp\/v2\/product\/43866","targetHints":{"allow":["GET"]}}],"collection":[{"href":"https:\/\/pasitoapasito.es\/it\/wp-json\/wp\/v2\/product"}],"about":[{"href":"https:\/\/pasitoapasito.es\/it\/wp-json\/wp\/v2\/types\/product"}],"replies":[{"embeddable":true,"href":"https:\/\/pasitoapasito.es\/it\/wp-json\/wp\/v2\/comments?post=43866"}],"wp:featuredmedia":[{"embeddable":true,"href":"https:\/\/pasitoapasito.es\/it\/wp-json\/wp\/v2\/media\/43633"}],"wp:attachment":[{"href":"https:\/\/pasitoapasito.es\/it\/wp-json\/wp\/v2\/media?parent=43866"}],"wp:term":[{"taxonomy":"colecciones","embeddable":true,"href":"https:\/\/pasitoapasito.es\/it\/wp-json\/wp\/v2\/colecciones?post=43866"},{"taxonomy":"product_brand","embeddable":true,"href":"https:\/\/pasitoapasito.es\/it\/wp-json\/wp\/v2\/product_brand?post=43866"},{"taxonomy":"product_cat","embeddable":true,"href":"https:\/\/pasitoapasito.es\/it\/wp-json\/wp\/v2\/product_cat?post=43866"},{"taxonomy":"product_tag","embeddable":true,"href":"https:\/\/pasitoapasito.es\/it\/wp-json\/wp\/v2\/product_tag?post=43866"}],"curies":[{"name":"wp","href":"https:\/\/api.w.org\/{rel}","templated":true}]}}