{"id":43864,"date":"2025-09-25T09:22:16","date_gmt":"2025-09-25T09:22:16","guid":{"rendered":"https:\/\/pasitoapasito.es\/?post_type=product&#038;p=43864"},"modified":"2025-09-25T09:22:16","modified_gmt":"2025-09-25T09:22:16","slug":"mussola-somerset","status":"publish","type":"product","link":"https:\/\/pasitoapasito.es\/it\/prodotto\/mussola-somerset\/","title":{"rendered":"MUSSOLA SOMERSET"},"content":{"rendered":"<p>La Mussola Stampata Somerset di Pasito a Pasito \u00e8 un accessorio essenziale per la cura del neonato. Realizzata in 100% cotone, offre una texture ultra-morbida e traspirante, delicata sulla pelle dei neonati. La sua dimensione di 120&#215;120 cm la rende perfetta per molteplici usi: fasciatoio, copertina leggera, copertura per passeggino, copertura per l&#8217;allattamento o fasciatoio improvvisato. Grazie al suo tessuto traspirante, aiuta a regolare la temperatura del bambino, offrendo comfort in ogni situazione. Realizzata con materiali sicuri per il neonato, \u00e8 ideale per un riposo sicuro e piacevole. Facile da lavare e mantenere, rimane morbida dopo ogni lavaggio. \u00c8 perfetta per mantenere il tuo bambino comodo e protetto, con lo stile distintivo e la qualit\u00e0 di Pasito a Pasito. Tutti i nostri prodotti sono fabbricati in conformit\u00e0 con i pi\u00f9 severi standard europei, utilizzando materiali di alta qualit\u00e0 privi di coloranti azoici, ftalati e sostanze nocive per la salute. Tessuto di facile manutenzione; si raccomanda il lavaggio in lavatrice a 30\u00baC. I prodotti per l&#8217;infanzia Pasito a Pasito si distinguono per il loro design unico. Ogni collezione \u00e8 nota per la sua attenzione ai dettagli ed \u00e8 sempre creata da una prospettiva pratica. Utilizziamo materiali di alta qualit\u00e0 per enfatizzare l&#8217;eleganza e l&#8217;armonia in ogni pezzo. I nostri modelli sono esclusivi e inconfondibili nello stile, progettati per le mamme moderne di oggi che apprezzano il buon gusto e valorizzano i dettagli tanto quanto noi. Specifiche: Materiali: 100% cotone. Dimensioni: 120&#215;120 cm.<\/p>\n","protected":false},"excerpt":{"rendered":"<p>La Mussola Stampata Somerset di Pasito a Pasito \u00e8 un accessorio essenziale per la cura del neonato. Realizzata in 100% cotone, offre una texture ultra-morbida e traspirante, delicata sulla pelle dei neonati. La sua dimensione di 120&#215;120 cm la rende perfetta per molteplici usi: fasciatoio, copertina leggera, copertura per passeggino, copertura per l&#8217;allattamento o fasciatoio [&hellip;]<\/p>\n","protected":false},"featured_media":43599,"comment_status":"closed","ping_status":"closed","template":"","meta":{"_acf_changed":false,"inline_featured_image":false},"colecciones":[294],"product_brand":[],"product_cat":[356],"product_tag":[],"class_list":{"0":"post-43864","1":"product","2":"type-product","3":"status-publish","4":"has-post-thumbnail","6":"colecciones-collezione-somerset","7":"product_cat-mussole","9":"first","10":"instock","11":"purchasable","12":"product-type-simple"},"acf":[],"yoast_head":"<!-- This site is optimized with the Yoast SEO plugin v27.4 - https:\/\/yoast.com\/product\/yoast-seo-wordpress\/ -->\n<title>MUSSOLA SOMERSET - Pasito a Pasito<\/title>\n<meta name=\"robots\" content=\"index, follow, max-snippet:-1, max-image-preview:large, max-video-preview:-1\" \/>\n<link rel=\"canonical\" href=\"https:\/\/pasitoapasito.es\/it\/prodotto\/mussola-somerset\/\" \/>\n<meta property=\"og:locale\" content=\"it_IT\" \/>\n<meta property=\"og:type\" content=\"article\" \/>\n<meta property=\"og:title\" content=\"MUSSOLA SOMERSET - Pasito a Pasito\" \/>\n<meta property=\"og:description\" content=\"La Mussola Stampata Somerset di Pasito a Pasito \u00e8 un accessorio essenziale per la cura del neonato. Realizzata in 100% cotone, offre una texture ultra-morbida e traspirante, delicata sulla pelle dei neonati. La sua dimensione di 120&#215;120 cm la rende perfetta per molteplici usi: fasciatoio, copertina leggera, copertura per passeggino, copertura per l&#8217;allattamento o fasciatoio [&hellip;]\" \/>\n<meta property=\"og:url\" content=\"https:\/\/pasitoapasito.es\/it\/prodotto\/mussola-somerset\/\" \/>\n<meta property=\"og:site_name\" content=\"Pasito a Pasito\" \/>\n<meta property=\"og:image\" content=\"https:\/\/pasitoapasito.es\/wp-content\/uploads\/2025\/09\/1120900582_a-1.jpg\" \/>\n\t<meta property=\"og:image:width\" content=\"1800\" \/>\n\t<meta property=\"og:image:height\" content=\"1800\" \/>\n\t<meta property=\"og:image:type\" content=\"image\/jpeg\" \/>\n<meta name=\"twitter:card\" content=\"summary_large_image\" \/>\n<meta name=\"twitter:label1\" content=\"Tempo di lettura stimato\" \/>\n\t<meta name=\"twitter:data1\" content=\"1 minuto\" \/>\n<script type=\"application\/ld+json\" class=\"yoast-schema-graph\">{\"@context\":\"https:\\\/\\\/schema.org\",\"@graph\":[{\"@type\":\"WebPage\",\"@id\":\"https:\\\/\\\/pasitoapasito.es\\\/it\\\/prodotto\\\/mussola-somerset\\\/\",\"url\":\"https:\\\/\\\/pasitoapasito.es\\\/it\\\/prodotto\\\/mussola-somerset\\\/\",\"name\":\"MUSSOLA SOMERSET - Pasito a Pasito\",\"isPartOf\":{\"@id\":\"https:\\\/\\\/pasitoapasito.es\\\/fr\\\/#website\"},\"primaryImageOfPage\":{\"@id\":\"https:\\\/\\\/pasitoapasito.es\\\/it\\\/prodotto\\\/mussola-somerset\\\/#primaryimage\"},\"image\":{\"@id\":\"https:\\\/\\\/pasitoapasito.es\\\/it\\\/prodotto\\\/mussola-somerset\\\/#primaryimage\"},\"thumbnailUrl\":\"https:\\\/\\\/pasitoapasito.es\\\/wp-content\\\/uploads\\\/2025\\\/09\\\/1120900582_a-1.jpg\",\"datePublished\":\"2025-09-25T09:22:16+00:00\",\"breadcrumb\":{\"@id\":\"https:\\\/\\\/pasitoapasito.es\\\/it\\\/prodotto\\\/mussola-somerset\\\/#breadcrumb\"},\"inLanguage\":\"it-IT\",\"potentialAction\":[{\"@type\":\"ReadAction\",\"target\":[\"https:\\\/\\\/pasitoapasito.es\\\/it\\\/prodotto\\\/mussola-somerset\\\/\"]}]},{\"@type\":\"ImageObject\",\"inLanguage\":\"it-IT\",\"@id\":\"https:\\\/\\\/pasitoapasito.es\\\/it\\\/prodotto\\\/mussola-somerset\\\/#primaryimage\",\"url\":\"https:\\\/\\\/pasitoapasito.es\\\/wp-content\\\/uploads\\\/2025\\\/09\\\/1120900582_a-1.jpg\",\"contentUrl\":\"https:\\\/\\\/pasitoapasito.es\\\/wp-content\\\/uploads\\\/2025\\\/09\\\/1120900582_a-1.jpg\",\"width\":1800,\"height\":1800},{\"@type\":\"BreadcrumbList\",\"@id\":\"https:\\\/\\\/pasitoapasito.es\\\/it\\\/prodotto\\\/mussola-somerset\\\/#breadcrumb\",\"itemListElement\":[{\"@type\":\"ListItem\",\"position\":1,\"name\":\"Tienda\",\"item\":\"https:\\\/\\\/pasitoapasito.es\\\/tienda\\\/\"},{\"@type\":\"ListItem\",\"position\":2,\"name\":\"MUSSOLA SOMERSET\"}]},{\"@type\":\"WebSite\",\"@id\":\"https:\\\/\\\/pasitoapasito.es\\\/fr\\\/#website\",\"url\":\"https:\\\/\\\/pasitoapasito.es\\\/fr\\\/\",\"name\":\"Pasito a Pasito\",\"description\":\"\",\"potentialAction\":[{\"@type\":\"SearchAction\",\"target\":{\"@type\":\"EntryPoint\",\"urlTemplate\":\"https:\\\/\\\/pasitoapasito.es\\\/fr\\\/?s={search_term_string}\"},\"query-input\":{\"@type\":\"PropertyValueSpecification\",\"valueRequired\":true,\"valueName\":\"search_term_string\"}}],\"inLanguage\":\"it-IT\"}]}<\/script>\n<!-- \/ Yoast SEO plugin. -->","yoast_head_json":{"title":"MUSSOLA SOMERSET - Pasito a Pasito","robots":{"index":"index","follow":"follow","max-snippet":"max-snippet:-1","max-image-preview":"max-image-preview:large","max-video-preview":"max-video-preview:-1"},"canonical":"https:\/\/pasitoapasito.es\/it\/prodotto\/mussola-somerset\/","og_locale":"it_IT","og_type":"article","og_title":"MUSSOLA SOMERSET - Pasito a Pasito","og_description":"La Mussola Stampata Somerset di Pasito a Pasito \u00e8 un accessorio essenziale per la cura del neonato. Realizzata in 100% cotone, offre una texture ultra-morbida e traspirante, delicata sulla pelle dei neonati. La sua dimensione di 120&#215;120 cm la rende perfetta per molteplici usi: fasciatoio, copertina leggera, copertura per passeggino, copertura per l&#8217;allattamento o fasciatoio [&hellip;]","og_url":"https:\/\/pasitoapasito.es\/it\/prodotto\/mussola-somerset\/","og_site_name":"Pasito a Pasito","og_image":[{"width":1800,"height":1800,"url":"https:\/\/pasitoapasito.es\/wp-content\/uploads\/2025\/09\/1120900582_a-1.jpg","type":"image\/jpeg"}],"twitter_card":"summary_large_image","twitter_misc":{"Tempo di lettura stimato":"1 minuto"},"schema":{"@context":"https:\/\/schema.org","@graph":[{"@type":"WebPage","@id":"https:\/\/pasitoapasito.es\/it\/prodotto\/mussola-somerset\/","url":"https:\/\/pasitoapasito.es\/it\/prodotto\/mussola-somerset\/","name":"MUSSOLA SOMERSET - Pasito a Pasito","isPartOf":{"@id":"https:\/\/pasitoapasito.es\/fr\/#website"},"primaryImageOfPage":{"@id":"https:\/\/pasitoapasito.es\/it\/prodotto\/mussola-somerset\/#primaryimage"},"image":{"@id":"https:\/\/pasitoapasito.es\/it\/prodotto\/mussola-somerset\/#primaryimage"},"thumbnailUrl":"https:\/\/pasitoapasito.es\/wp-content\/uploads\/2025\/09\/1120900582_a-1.jpg","datePublished":"2025-09-25T09:22:16+00:00","breadcrumb":{"@id":"https:\/\/pasitoapasito.es\/it\/prodotto\/mussola-somerset\/#breadcrumb"},"inLanguage":"it-IT","potentialAction":[{"@type":"ReadAction","target":["https:\/\/pasitoapasito.es\/it\/prodotto\/mussola-somerset\/"]}]},{"@type":"ImageObject","inLanguage":"it-IT","@id":"https:\/\/pasitoapasito.es\/it\/prodotto\/mussola-somerset\/#primaryimage","url":"https:\/\/pasitoapasito.es\/wp-content\/uploads\/2025\/09\/1120900582_a-1.jpg","contentUrl":"https:\/\/pasitoapasito.es\/wp-content\/uploads\/2025\/09\/1120900582_a-1.jpg","width":1800,"height":1800},{"@type":"BreadcrumbList","@id":"https:\/\/pasitoapasito.es\/it\/prodotto\/mussola-somerset\/#breadcrumb","itemListElement":[{"@type":"ListItem","position":1,"name":"Tienda","item":"https:\/\/pasitoapasito.es\/tienda\/"},{"@type":"ListItem","position":2,"name":"MUSSOLA SOMERSET"}]},{"@type":"WebSite","@id":"https:\/\/pasitoapasito.es\/fr\/#website","url":"https:\/\/pasitoapasito.es\/fr\/","name":"Pasito a Pasito","description":"","potentialAction":[{"@type":"SearchAction","target":{"@type":"EntryPoint","urlTemplate":"https:\/\/pasitoapasito.es\/fr\/?s={search_term_string}"},"query-input":{"@type":"PropertyValueSpecification","valueRequired":true,"valueName":"search_term_string"}}],"inLanguage":"it-IT"}]}},"_links":{"self":[{"href":"https:\/\/pasitoapasito.es\/it\/wp-json\/wp\/v2\/product\/43864","targetHints":{"allow":["GET"]}}],"collection":[{"href":"https:\/\/pasitoapasito.es\/it\/wp-json\/wp\/v2\/product"}],"about":[{"href":"https:\/\/pasitoapasito.es\/it\/wp-json\/wp\/v2\/types\/product"}],"replies":[{"embeddable":true,"href":"https:\/\/pasitoapasito.es\/it\/wp-json\/wp\/v2\/comments?post=43864"}],"wp:featuredmedia":[{"embeddable":true,"href":"https:\/\/pasitoapasito.es\/it\/wp-json\/wp\/v2\/media\/43599"}],"wp:attachment":[{"href":"https:\/\/pasitoapasito.es\/it\/wp-json\/wp\/v2\/media?parent=43864"}],"wp:term":[{"taxonomy":"colecciones","embeddable":true,"href":"https:\/\/pasitoapasito.es\/it\/wp-json\/wp\/v2\/colecciones?post=43864"},{"taxonomy":"product_brand","embeddable":true,"href":"https:\/\/pasitoapasito.es\/it\/wp-json\/wp\/v2\/product_brand?post=43864"},{"taxonomy":"product_cat","embeddable":true,"href":"https:\/\/pasitoapasito.es\/it\/wp-json\/wp\/v2\/product_cat?post=43864"},{"taxonomy":"product_tag","embeddable":true,"href":"https:\/\/pasitoapasito.es\/it\/wp-json\/wp\/v2\/product_tag?post=43864"}],"curies":[{"name":"wp","href":"https:\/\/api.w.org\/{rel}","templated":true}]}}