{"id":43863,"date":"2025-09-25T09:22:15","date_gmt":"2025-09-25T09:22:15","guid":{"rendered":"https:\/\/pasitoapasito.es\/?post_type=product&#038;p=43863"},"modified":"2025-09-25T09:22:15","modified_gmt":"2025-09-25T09:22:15","slug":"lenzuolo-con-angoli-per-carrozzina-mussola-somerset","status":"publish","type":"product","link":"https:\/\/pasitoapasito.es\/it\/prodotto\/lenzuolo-con-angoli-per-carrozzina-mussola-somerset\/","title":{"rendered":"LENZUOLO CON ANGOLI PER CARROZZINA + MUSSOLA SOMERSET"},"content":{"rendered":"<p>Il Set di Lenzuola per Carrozzina o Culla Somerset di Pasito a Pasito \u00e8 ideale per garantire il riposo e il benessere del tuo bambino fin dal primo giorno. Include un lenzuolo con angoli realizzato in mussola di cotone 100%, un tessuto extra-morbido e traspirante, perfetto per la pelle delicata dei neonati. Inoltre, presenta una mussola stampata di 120&#215;120 cm con un motivo floreale dai toni neutri, anch&#8217;essa in 100% cotone. Questa mussola offre una texture ultraleggera, traspirante e versatile \u2013 perfetta per avvolgere il bambino, proteggerlo dal sole o usarla come copertina leggera in qualsiasi momento. Realizzato con materiali sicuri per il bambino, questo set assicura un riposo sicuro e piacevole. Facile da lavare e mantenere, rimane morbido lavaggio dopo lavaggio. Questo set di lenzuolo con angoli e mussola Pasito a Pasito \u00e8 un must-have nel corredo del tuo bambino, combinando qualit\u00e0, funzionalit\u00e0 e design. \u00c8 perfetto per mantenere il tuo bambino comodo e protetto, con lo stile e la qualit\u00e0 distintivi di Pasito a Pasito. Tutte le nostre fodere sono realizzate secondo gli standard europei pi\u00f9 esigenti, utilizzando materiali di alta qualit\u00e0 privi di coloranti azoici, ftalati e sostanze nocive per la salute. Tessuto facile da pulire; si raccomanda il lavaggio in lavatrice a 30\u00baC. I prodotti per bambini Pasito a Pasito presentano un design che si distingue dagli altri. Ogni collezione \u00e8 caratterizzata dall&#8217;attenzione ai dettagli ed \u00e8 sempre creata da una prospettiva pratica. Utilizziamo materiali di prima qualit\u00e0 per esaltare l&#8217;eleganza e l&#8217;armonia in ogni pezzo. I nostri modelli sono esclusivi, con uno stile distintivo progettato per le mamme moderne di oggi che apprezzano il buon gusto e valorizzano i dettagli tanto quanto noi. Specifiche: Materiali: 100% cotone. Misura universale.<\/p>\n","protected":false},"excerpt":{"rendered":"<p>Il Set di Lenzuola per Carrozzina o Culla Somerset di Pasito a Pasito \u00e8 ideale per garantire il riposo e il benessere del tuo bambino fin dal primo giorno. Include un lenzuolo con angoli realizzato in mussola di cotone 100%, un tessuto extra-morbido e traspirante, perfetto per la pelle delicata dei neonati. Inoltre, presenta una [&hellip;]<\/p>\n","protected":false},"featured_media":43578,"comment_status":"closed","ping_status":"closed","template":"","meta":{"_acf_changed":false,"inline_featured_image":false},"colecciones":[294],"product_brand":[],"product_cat":[143],"product_tag":[],"class_list":{"0":"post-43863","1":"product","2":"type-product","3":"status-publish","4":"has-post-thumbnail","6":"colecciones-collezione-somerset","7":"product_cat-sacchi-nanna-e-copri-carrozzina","9":"first","10":"instock","11":"purchasable","12":"product-type-simple"},"acf":[],"yoast_head":"<!-- This site is optimized with the Yoast SEO plugin v27.5 - https:\/\/yoast.com\/product\/yoast-seo-wordpress\/ -->\n<title>LENZUOLO CON ANGOLI PER CARROZZINA + MUSSOLA SOMERSET - Pasito a Pasito<\/title>\n<meta name=\"robots\" content=\"index, follow, max-snippet:-1, max-image-preview:large, max-video-preview:-1\" \/>\n<link rel=\"canonical\" href=\"https:\/\/pasitoapasito.es\/it\/prodotto\/lenzuolo-con-angoli-per-carrozzina-mussola-somerset\/\" \/>\n<meta property=\"og:locale\" content=\"it_IT\" \/>\n<meta property=\"og:type\" content=\"article\" \/>\n<meta property=\"og:title\" content=\"LENZUOLO CON ANGOLI PER CARROZZINA + MUSSOLA SOMERSET - Pasito a Pasito\" \/>\n<meta property=\"og:description\" content=\"Il Set di Lenzuola per Carrozzina o Culla Somerset di Pasito a Pasito \u00e8 ideale per garantire il riposo e il benessere del tuo bambino fin dal primo giorno. Include un lenzuolo con angoli realizzato in mussola di cotone 100%, un tessuto extra-morbido e traspirante, perfetto per la pelle delicata dei neonati. Inoltre, presenta una [&hellip;]\" \/>\n<meta property=\"og:url\" content=\"https:\/\/pasitoapasito.es\/it\/prodotto\/lenzuolo-con-angoli-per-carrozzina-mussola-somerset\/\" \/>\n<meta property=\"og:site_name\" content=\"Pasito a Pasito\" \/>\n<meta property=\"og:image\" content=\"https:\/\/pasitoapasito.es\/wp-content\/uploads\/2025\/09\/1120900581_a-1.jpg\" \/>\n\t<meta property=\"og:image:width\" content=\"1800\" \/>\n\t<meta property=\"og:image:height\" content=\"1800\" \/>\n\t<meta property=\"og:image:type\" content=\"image\/jpeg\" \/>\n<meta name=\"twitter:card\" content=\"summary_large_image\" \/>\n<meta name=\"twitter:label1\" content=\"Tempo di lettura stimato\" \/>\n\t<meta name=\"twitter:data1\" content=\"1 minuto\" \/>\n<script type=\"application\/ld+json\" class=\"yoast-schema-graph\">{\"@context\":\"https:\\\/\\\/schema.org\",\"@graph\":[{\"@type\":\"WebPage\",\"@id\":\"https:\\\/\\\/pasitoapasito.es\\\/it\\\/prodotto\\\/lenzuolo-con-angoli-per-carrozzina-mussola-somerset\\\/\",\"url\":\"https:\\\/\\\/pasitoapasito.es\\\/it\\\/prodotto\\\/lenzuolo-con-angoli-per-carrozzina-mussola-somerset\\\/\",\"name\":\"LENZUOLO CON ANGOLI PER CARROZZINA + MUSSOLA SOMERSET - Pasito a Pasito\",\"isPartOf\":{\"@id\":\"https:\\\/\\\/pasitoapasito.es\\\/fr\\\/#website\"},\"primaryImageOfPage\":{\"@id\":\"https:\\\/\\\/pasitoapasito.es\\\/it\\\/prodotto\\\/lenzuolo-con-angoli-per-carrozzina-mussola-somerset\\\/#primaryimage\"},\"image\":{\"@id\":\"https:\\\/\\\/pasitoapasito.es\\\/it\\\/prodotto\\\/lenzuolo-con-angoli-per-carrozzina-mussola-somerset\\\/#primaryimage\"},\"thumbnailUrl\":\"https:\\\/\\\/pasitoapasito.es\\\/wp-content\\\/uploads\\\/2025\\\/09\\\/1120900581_a-1.jpg\",\"datePublished\":\"2025-09-25T09:22:15+00:00\",\"breadcrumb\":{\"@id\":\"https:\\\/\\\/pasitoapasito.es\\\/it\\\/prodotto\\\/lenzuolo-con-angoli-per-carrozzina-mussola-somerset\\\/#breadcrumb\"},\"inLanguage\":\"it-IT\",\"potentialAction\":[{\"@type\":\"ReadAction\",\"target\":[\"https:\\\/\\\/pasitoapasito.es\\\/it\\\/prodotto\\\/lenzuolo-con-angoli-per-carrozzina-mussola-somerset\\\/\"]}]},{\"@type\":\"ImageObject\",\"inLanguage\":\"it-IT\",\"@id\":\"https:\\\/\\\/pasitoapasito.es\\\/it\\\/prodotto\\\/lenzuolo-con-angoli-per-carrozzina-mussola-somerset\\\/#primaryimage\",\"url\":\"https:\\\/\\\/pasitoapasito.es\\\/wp-content\\\/uploads\\\/2025\\\/09\\\/1120900581_a-1.jpg\",\"contentUrl\":\"https:\\\/\\\/pasitoapasito.es\\\/wp-content\\\/uploads\\\/2025\\\/09\\\/1120900581_a-1.jpg\",\"width\":1800,\"height\":1800},{\"@type\":\"BreadcrumbList\",\"@id\":\"https:\\\/\\\/pasitoapasito.es\\\/it\\\/prodotto\\\/lenzuolo-con-angoli-per-carrozzina-mussola-somerset\\\/#breadcrumb\",\"itemListElement\":[{\"@type\":\"ListItem\",\"position\":1,\"name\":\"Tienda\",\"item\":\"https:\\\/\\\/pasitoapasito.es\\\/tienda\\\/\"},{\"@type\":\"ListItem\",\"position\":2,\"name\":\"LENZUOLO CON ANGOLI PER CARROZZINA + MUSSOLA SOMERSET\"}]},{\"@type\":\"WebSite\",\"@id\":\"https:\\\/\\\/pasitoapasito.es\\\/fr\\\/#website\",\"url\":\"https:\\\/\\\/pasitoapasito.es\\\/fr\\\/\",\"name\":\"Pasito a Pasito\",\"description\":\"\",\"potentialAction\":[{\"@type\":\"SearchAction\",\"target\":{\"@type\":\"EntryPoint\",\"urlTemplate\":\"https:\\\/\\\/pasitoapasito.es\\\/fr\\\/?s={search_term_string}\"},\"query-input\":{\"@type\":\"PropertyValueSpecification\",\"valueRequired\":true,\"valueName\":\"search_term_string\"}}],\"inLanguage\":\"it-IT\"}]}<\/script>\n<!-- \/ Yoast SEO plugin. -->","yoast_head_json":{"title":"LENZUOLO CON ANGOLI PER CARROZZINA + MUSSOLA SOMERSET - Pasito a Pasito","robots":{"index":"index","follow":"follow","max-snippet":"max-snippet:-1","max-image-preview":"max-image-preview:large","max-video-preview":"max-video-preview:-1"},"canonical":"https:\/\/pasitoapasito.es\/it\/prodotto\/lenzuolo-con-angoli-per-carrozzina-mussola-somerset\/","og_locale":"it_IT","og_type":"article","og_title":"LENZUOLO CON ANGOLI PER CARROZZINA + MUSSOLA SOMERSET - Pasito a Pasito","og_description":"Il Set di Lenzuola per Carrozzina o Culla Somerset di Pasito a Pasito \u00e8 ideale per garantire il riposo e il benessere del tuo bambino fin dal primo giorno. Include un lenzuolo con angoli realizzato in mussola di cotone 100%, un tessuto extra-morbido e traspirante, perfetto per la pelle delicata dei neonati. Inoltre, presenta una [&hellip;]","og_url":"https:\/\/pasitoapasito.es\/it\/prodotto\/lenzuolo-con-angoli-per-carrozzina-mussola-somerset\/","og_site_name":"Pasito a Pasito","og_image":[{"width":1800,"height":1800,"url":"https:\/\/pasitoapasito.es\/wp-content\/uploads\/2025\/09\/1120900581_a-1.jpg","type":"image\/jpeg"}],"twitter_card":"summary_large_image","twitter_misc":{"Tempo di lettura stimato":"1 minuto"},"schema":{"@context":"https:\/\/schema.org","@graph":[{"@type":"WebPage","@id":"https:\/\/pasitoapasito.es\/it\/prodotto\/lenzuolo-con-angoli-per-carrozzina-mussola-somerset\/","url":"https:\/\/pasitoapasito.es\/it\/prodotto\/lenzuolo-con-angoli-per-carrozzina-mussola-somerset\/","name":"LENZUOLO CON ANGOLI PER CARROZZINA + MUSSOLA SOMERSET - Pasito a Pasito","isPartOf":{"@id":"https:\/\/pasitoapasito.es\/fr\/#website"},"primaryImageOfPage":{"@id":"https:\/\/pasitoapasito.es\/it\/prodotto\/lenzuolo-con-angoli-per-carrozzina-mussola-somerset\/#primaryimage"},"image":{"@id":"https:\/\/pasitoapasito.es\/it\/prodotto\/lenzuolo-con-angoli-per-carrozzina-mussola-somerset\/#primaryimage"},"thumbnailUrl":"https:\/\/pasitoapasito.es\/wp-content\/uploads\/2025\/09\/1120900581_a-1.jpg","datePublished":"2025-09-25T09:22:15+00:00","breadcrumb":{"@id":"https:\/\/pasitoapasito.es\/it\/prodotto\/lenzuolo-con-angoli-per-carrozzina-mussola-somerset\/#breadcrumb"},"inLanguage":"it-IT","potentialAction":[{"@type":"ReadAction","target":["https:\/\/pasitoapasito.es\/it\/prodotto\/lenzuolo-con-angoli-per-carrozzina-mussola-somerset\/"]}]},{"@type":"ImageObject","inLanguage":"it-IT","@id":"https:\/\/pasitoapasito.es\/it\/prodotto\/lenzuolo-con-angoli-per-carrozzina-mussola-somerset\/#primaryimage","url":"https:\/\/pasitoapasito.es\/wp-content\/uploads\/2025\/09\/1120900581_a-1.jpg","contentUrl":"https:\/\/pasitoapasito.es\/wp-content\/uploads\/2025\/09\/1120900581_a-1.jpg","width":1800,"height":1800},{"@type":"BreadcrumbList","@id":"https:\/\/pasitoapasito.es\/it\/prodotto\/lenzuolo-con-angoli-per-carrozzina-mussola-somerset\/#breadcrumb","itemListElement":[{"@type":"ListItem","position":1,"name":"Tienda","item":"https:\/\/pasitoapasito.es\/tienda\/"},{"@type":"ListItem","position":2,"name":"LENZUOLO CON ANGOLI PER CARROZZINA + MUSSOLA SOMERSET"}]},{"@type":"WebSite","@id":"https:\/\/pasitoapasito.es\/fr\/#website","url":"https:\/\/pasitoapasito.es\/fr\/","name":"Pasito a Pasito","description":"","potentialAction":[{"@type":"SearchAction","target":{"@type":"EntryPoint","urlTemplate":"https:\/\/pasitoapasito.es\/fr\/?s={search_term_string}"},"query-input":{"@type":"PropertyValueSpecification","valueRequired":true,"valueName":"search_term_string"}}],"inLanguage":"it-IT"}]}},"_links":{"self":[{"href":"https:\/\/pasitoapasito.es\/it\/wp-json\/wp\/v2\/product\/43863","targetHints":{"allow":["GET"]}}],"collection":[{"href":"https:\/\/pasitoapasito.es\/it\/wp-json\/wp\/v2\/product"}],"about":[{"href":"https:\/\/pasitoapasito.es\/it\/wp-json\/wp\/v2\/types\/product"}],"replies":[{"embeddable":true,"href":"https:\/\/pasitoapasito.es\/it\/wp-json\/wp\/v2\/comments?post=43863"}],"wp:featuredmedia":[{"embeddable":true,"href":"https:\/\/pasitoapasito.es\/it\/wp-json\/wp\/v2\/media\/43578"}],"wp:attachment":[{"href":"https:\/\/pasitoapasito.es\/it\/wp-json\/wp\/v2\/media?parent=43863"}],"wp:term":[{"taxonomy":"colecciones","embeddable":true,"href":"https:\/\/pasitoapasito.es\/it\/wp-json\/wp\/v2\/colecciones?post=43863"},{"taxonomy":"product_brand","embeddable":true,"href":"https:\/\/pasitoapasito.es\/it\/wp-json\/wp\/v2\/product_brand?post=43863"},{"taxonomy":"product_cat","embeddable":true,"href":"https:\/\/pasitoapasito.es\/it\/wp-json\/wp\/v2\/product_cat?post=43863"},{"taxonomy":"product_tag","embeddable":true,"href":"https:\/\/pasitoapasito.es\/it\/wp-json\/wp\/v2\/product_tag?post=43863"}],"curies":[{"name":"wp","href":"https:\/\/api.w.org\/{rel}","templated":true}]}}