{"id":43862,"date":"2025-09-25T09:22:15","date_gmt":"2025-09-25T09:22:15","guid":{"rendered":"https:\/\/pasitoapasito.es\/?post_type=product&#038;p=43862"},"modified":"2025-09-25T09:22:15","modified_gmt":"2025-09-25T09:22:15","slug":"copertura-per-carrozzina-con-elastici-lenzuolo-con-angoli-per-carrozzina-somerset","status":"publish","type":"product","link":"https:\/\/pasitoapasito.es\/it\/prodotto\/copertura-per-carrozzina-con-elastici-lenzuolo-con-angoli-per-carrozzina-somerset\/","title":{"rendered":"COPERTURA PER CARROZZINA CON ELASTICI + LENZUOLO CON ANGOLI PER CARROZZINA SOMERSET"},"content":{"rendered":"<p>Il Set Fodera per Passeggino Stile Baldacchino Somerset con Aste e Lenzuolo con Angoli di Pasito a Pasito \u00e8 l&#8217;accessorio perfetto per portare morbidezza ed eleganza alla navicella del tuo bambino. Realizzato in 100% cotone, offre un tocco delicato e traspirante, ideale per la pelle sensibile dei neonati. La fodera con aste interne si adatta perfettamente all&#8217;interno della navicella. Il suo design regolabile con laccetti assicura una vestibilit\u00e0 aderente, fornendo una finitura sicura e avvolgente con una graziosa stampa floreale. Il lenzuolo con angoli, realizzato in mussola di cotone 100%, offre una morbidezza eccezionale e una traspirabilit\u00e0 ottimale, garantendo il comfort del tuo bambino in ogni momento. Compatibile con la maggior parte delle navicelle, questo set \u00e8 ideale per mantenere il tuo piccolo accogliente e protetto, con lo stile e la qualit\u00e0 che definiscono Pasito a Pasito. Tutte le nostre fodere sono realizzate in conformit\u00e0 con i pi\u00f9 severi standard europei, utilizzando materiali di alta qualit\u00e0 privi di coloranti azoici, ftalati e sostanze nocive. Tessuto di facile manutenzione; si raccomanda il lavaggio in lavatrice a 30\u00baC. I prodotti per bambini Pasito a Pasito si distinguono per il loro design unicamente raffinato. Ogni collezione \u00e8 creata con cura e un approccio pratico, prestando molta attenzione a ogni dettaglio. Usiamo materiali di prima qualit\u00e0 per esaltare l&#8217;eleganza e l&#8217;armonia in ogni pezzo. I nostri modelli sono esclusivi, con uno stile inconfondibile progettato per le mamme moderne di oggi che apprezzano il buon gusto e l&#8217;attenzione ai dettagli tanto quanto noi. Specifiche: Materiali: 100% cotone. Misura universale.<\/p>\n","protected":false},"excerpt":{"rendered":"<p>Il Set Fodera per Passeggino Stile Baldacchino Somerset con Aste e Lenzuolo con Angoli di Pasito a Pasito \u00e8 l&#8217;accessorio perfetto per portare morbidezza ed eleganza alla navicella del tuo bambino. Realizzato in 100% cotone, offre un tocco delicato e traspirante, ideale per la pelle sensibile dei neonati. La fodera con aste interne si adatta [&hellip;]<\/p>\n","protected":false},"featured_media":43561,"comment_status":"closed","ping_status":"closed","template":"","meta":{"_acf_changed":false,"inline_featured_image":false},"colecciones":[294],"product_brand":[],"product_cat":[143],"product_tag":[],"class_list":{"0":"post-43862","1":"product","2":"type-product","3":"status-publish","4":"has-post-thumbnail","6":"colecciones-collezione-somerset","7":"product_cat-sacchi-nanna-e-copri-carrozzina","9":"first","10":"instock","11":"purchasable","12":"product-type-simple"},"acf":[],"yoast_head":"<!-- This site is optimized with the Yoast SEO plugin v27.4 - https:\/\/yoast.com\/product\/yoast-seo-wordpress\/ -->\n<title>COPERTURA PER CARROZZINA CON ELASTICI + LENZUOLO CON ANGOLI PER CARROZZINA SOMERSET - Pasito a Pasito<\/title>\n<meta name=\"robots\" content=\"index, follow, max-snippet:-1, max-image-preview:large, max-video-preview:-1\" \/>\n<link rel=\"canonical\" href=\"https:\/\/pasitoapasito.es\/it\/prodotto\/copertura-per-carrozzina-con-elastici-lenzuolo-con-angoli-per-carrozzina-somerset\/\" \/>\n<meta property=\"og:locale\" content=\"it_IT\" \/>\n<meta property=\"og:type\" content=\"article\" \/>\n<meta property=\"og:title\" content=\"COPERTURA PER CARROZZINA CON ELASTICI + LENZUOLO CON ANGOLI PER CARROZZINA SOMERSET - Pasito a Pasito\" \/>\n<meta property=\"og:description\" content=\"Il Set Fodera per Passeggino Stile Baldacchino Somerset con Aste e Lenzuolo con Angoli di Pasito a Pasito \u00e8 l&#8217;accessorio perfetto per portare morbidezza ed eleganza alla navicella del tuo bambino. Realizzato in 100% cotone, offre un tocco delicato e traspirante, ideale per la pelle sensibile dei neonati. La fodera con aste interne si adatta [&hellip;]\" \/>\n<meta property=\"og:url\" content=\"https:\/\/pasitoapasito.es\/it\/prodotto\/copertura-per-carrozzina-con-elastici-lenzuolo-con-angoli-per-carrozzina-somerset\/\" \/>\n<meta property=\"og:site_name\" content=\"Pasito a Pasito\" \/>\n<meta property=\"og:image\" content=\"https:\/\/pasitoapasito.es\/wp-content\/uploads\/2025\/09\/1120900580_a-1.jpg\" \/>\n\t<meta property=\"og:image:width\" content=\"1800\" \/>\n\t<meta property=\"og:image:height\" content=\"1800\" \/>\n\t<meta property=\"og:image:type\" content=\"image\/jpeg\" \/>\n<meta name=\"twitter:card\" content=\"summary_large_image\" \/>\n<meta name=\"twitter:label1\" content=\"Tempo di lettura stimato\" \/>\n\t<meta name=\"twitter:data1\" content=\"1 minuto\" \/>\n<script type=\"application\/ld+json\" class=\"yoast-schema-graph\">{\"@context\":\"https:\\\/\\\/schema.org\",\"@graph\":[{\"@type\":\"WebPage\",\"@id\":\"https:\\\/\\\/pasitoapasito.es\\\/it\\\/prodotto\\\/copertura-per-carrozzina-con-elastici-lenzuolo-con-angoli-per-carrozzina-somerset\\\/\",\"url\":\"https:\\\/\\\/pasitoapasito.es\\\/it\\\/prodotto\\\/copertura-per-carrozzina-con-elastici-lenzuolo-con-angoli-per-carrozzina-somerset\\\/\",\"name\":\"COPERTURA PER CARROZZINA CON ELASTICI + LENZUOLO CON ANGOLI PER CARROZZINA SOMERSET - Pasito a Pasito\",\"isPartOf\":{\"@id\":\"https:\\\/\\\/pasitoapasito.es\\\/fr\\\/#website\"},\"primaryImageOfPage\":{\"@id\":\"https:\\\/\\\/pasitoapasito.es\\\/it\\\/prodotto\\\/copertura-per-carrozzina-con-elastici-lenzuolo-con-angoli-per-carrozzina-somerset\\\/#primaryimage\"},\"image\":{\"@id\":\"https:\\\/\\\/pasitoapasito.es\\\/it\\\/prodotto\\\/copertura-per-carrozzina-con-elastici-lenzuolo-con-angoli-per-carrozzina-somerset\\\/#primaryimage\"},\"thumbnailUrl\":\"https:\\\/\\\/pasitoapasito.es\\\/wp-content\\\/uploads\\\/2025\\\/09\\\/1120900580_a-1.jpg\",\"datePublished\":\"2025-09-25T09:22:15+00:00\",\"breadcrumb\":{\"@id\":\"https:\\\/\\\/pasitoapasito.es\\\/it\\\/prodotto\\\/copertura-per-carrozzina-con-elastici-lenzuolo-con-angoli-per-carrozzina-somerset\\\/#breadcrumb\"},\"inLanguage\":\"it-IT\",\"potentialAction\":[{\"@type\":\"ReadAction\",\"target\":[\"https:\\\/\\\/pasitoapasito.es\\\/it\\\/prodotto\\\/copertura-per-carrozzina-con-elastici-lenzuolo-con-angoli-per-carrozzina-somerset\\\/\"]}]},{\"@type\":\"ImageObject\",\"inLanguage\":\"it-IT\",\"@id\":\"https:\\\/\\\/pasitoapasito.es\\\/it\\\/prodotto\\\/copertura-per-carrozzina-con-elastici-lenzuolo-con-angoli-per-carrozzina-somerset\\\/#primaryimage\",\"url\":\"https:\\\/\\\/pasitoapasito.es\\\/wp-content\\\/uploads\\\/2025\\\/09\\\/1120900580_a-1.jpg\",\"contentUrl\":\"https:\\\/\\\/pasitoapasito.es\\\/wp-content\\\/uploads\\\/2025\\\/09\\\/1120900580_a-1.jpg\",\"width\":1800,\"height\":1800},{\"@type\":\"BreadcrumbList\",\"@id\":\"https:\\\/\\\/pasitoapasito.es\\\/it\\\/prodotto\\\/copertura-per-carrozzina-con-elastici-lenzuolo-con-angoli-per-carrozzina-somerset\\\/#breadcrumb\",\"itemListElement\":[{\"@type\":\"ListItem\",\"position\":1,\"name\":\"Tienda\",\"item\":\"https:\\\/\\\/pasitoapasito.es\\\/tienda\\\/\"},{\"@type\":\"ListItem\",\"position\":2,\"name\":\"COPERTURA PER CARROZZINA CON ELASTICI + LENZUOLO CON ANGOLI PER CARROZZINA SOMERSET\"}]},{\"@type\":\"WebSite\",\"@id\":\"https:\\\/\\\/pasitoapasito.es\\\/fr\\\/#website\",\"url\":\"https:\\\/\\\/pasitoapasito.es\\\/fr\\\/\",\"name\":\"Pasito a Pasito\",\"description\":\"\",\"potentialAction\":[{\"@type\":\"SearchAction\",\"target\":{\"@type\":\"EntryPoint\",\"urlTemplate\":\"https:\\\/\\\/pasitoapasito.es\\\/fr\\\/?s={search_term_string}\"},\"query-input\":{\"@type\":\"PropertyValueSpecification\",\"valueRequired\":true,\"valueName\":\"search_term_string\"}}],\"inLanguage\":\"it-IT\"}]}<\/script>\n<!-- \/ Yoast SEO plugin. -->","yoast_head_json":{"title":"COPERTURA PER CARROZZINA CON ELASTICI + LENZUOLO CON ANGOLI PER CARROZZINA SOMERSET - Pasito a Pasito","robots":{"index":"index","follow":"follow","max-snippet":"max-snippet:-1","max-image-preview":"max-image-preview:large","max-video-preview":"max-video-preview:-1"},"canonical":"https:\/\/pasitoapasito.es\/it\/prodotto\/copertura-per-carrozzina-con-elastici-lenzuolo-con-angoli-per-carrozzina-somerset\/","og_locale":"it_IT","og_type":"article","og_title":"COPERTURA PER CARROZZINA CON ELASTICI + LENZUOLO CON ANGOLI PER CARROZZINA SOMERSET - Pasito a Pasito","og_description":"Il Set Fodera per Passeggino Stile Baldacchino Somerset con Aste e Lenzuolo con Angoli di Pasito a Pasito \u00e8 l&#8217;accessorio perfetto per portare morbidezza ed eleganza alla navicella del tuo bambino. Realizzato in 100% cotone, offre un tocco delicato e traspirante, ideale per la pelle sensibile dei neonati. La fodera con aste interne si adatta [&hellip;]","og_url":"https:\/\/pasitoapasito.es\/it\/prodotto\/copertura-per-carrozzina-con-elastici-lenzuolo-con-angoli-per-carrozzina-somerset\/","og_site_name":"Pasito a Pasito","og_image":[{"width":1800,"height":1800,"url":"https:\/\/pasitoapasito.es\/wp-content\/uploads\/2025\/09\/1120900580_a-1.jpg","type":"image\/jpeg"}],"twitter_card":"summary_large_image","twitter_misc":{"Tempo di lettura stimato":"1 minuto"},"schema":{"@context":"https:\/\/schema.org","@graph":[{"@type":"WebPage","@id":"https:\/\/pasitoapasito.es\/it\/prodotto\/copertura-per-carrozzina-con-elastici-lenzuolo-con-angoli-per-carrozzina-somerset\/","url":"https:\/\/pasitoapasito.es\/it\/prodotto\/copertura-per-carrozzina-con-elastici-lenzuolo-con-angoli-per-carrozzina-somerset\/","name":"COPERTURA PER CARROZZINA CON ELASTICI + LENZUOLO CON ANGOLI PER CARROZZINA SOMERSET - Pasito a Pasito","isPartOf":{"@id":"https:\/\/pasitoapasito.es\/fr\/#website"},"primaryImageOfPage":{"@id":"https:\/\/pasitoapasito.es\/it\/prodotto\/copertura-per-carrozzina-con-elastici-lenzuolo-con-angoli-per-carrozzina-somerset\/#primaryimage"},"image":{"@id":"https:\/\/pasitoapasito.es\/it\/prodotto\/copertura-per-carrozzina-con-elastici-lenzuolo-con-angoli-per-carrozzina-somerset\/#primaryimage"},"thumbnailUrl":"https:\/\/pasitoapasito.es\/wp-content\/uploads\/2025\/09\/1120900580_a-1.jpg","datePublished":"2025-09-25T09:22:15+00:00","breadcrumb":{"@id":"https:\/\/pasitoapasito.es\/it\/prodotto\/copertura-per-carrozzina-con-elastici-lenzuolo-con-angoli-per-carrozzina-somerset\/#breadcrumb"},"inLanguage":"it-IT","potentialAction":[{"@type":"ReadAction","target":["https:\/\/pasitoapasito.es\/it\/prodotto\/copertura-per-carrozzina-con-elastici-lenzuolo-con-angoli-per-carrozzina-somerset\/"]}]},{"@type":"ImageObject","inLanguage":"it-IT","@id":"https:\/\/pasitoapasito.es\/it\/prodotto\/copertura-per-carrozzina-con-elastici-lenzuolo-con-angoli-per-carrozzina-somerset\/#primaryimage","url":"https:\/\/pasitoapasito.es\/wp-content\/uploads\/2025\/09\/1120900580_a-1.jpg","contentUrl":"https:\/\/pasitoapasito.es\/wp-content\/uploads\/2025\/09\/1120900580_a-1.jpg","width":1800,"height":1800},{"@type":"BreadcrumbList","@id":"https:\/\/pasitoapasito.es\/it\/prodotto\/copertura-per-carrozzina-con-elastici-lenzuolo-con-angoli-per-carrozzina-somerset\/#breadcrumb","itemListElement":[{"@type":"ListItem","position":1,"name":"Tienda","item":"https:\/\/pasitoapasito.es\/tienda\/"},{"@type":"ListItem","position":2,"name":"COPERTURA PER CARROZZINA CON ELASTICI + LENZUOLO CON ANGOLI PER CARROZZINA SOMERSET"}]},{"@type":"WebSite","@id":"https:\/\/pasitoapasito.es\/fr\/#website","url":"https:\/\/pasitoapasito.es\/fr\/","name":"Pasito a Pasito","description":"","potentialAction":[{"@type":"SearchAction","target":{"@type":"EntryPoint","urlTemplate":"https:\/\/pasitoapasito.es\/fr\/?s={search_term_string}"},"query-input":{"@type":"PropertyValueSpecification","valueRequired":true,"valueName":"search_term_string"}}],"inLanguage":"it-IT"}]}},"_links":{"self":[{"href":"https:\/\/pasitoapasito.es\/it\/wp-json\/wp\/v2\/product\/43862","targetHints":{"allow":["GET"]}}],"collection":[{"href":"https:\/\/pasitoapasito.es\/it\/wp-json\/wp\/v2\/product"}],"about":[{"href":"https:\/\/pasitoapasito.es\/it\/wp-json\/wp\/v2\/types\/product"}],"replies":[{"embeddable":true,"href":"https:\/\/pasitoapasito.es\/it\/wp-json\/wp\/v2\/comments?post=43862"}],"wp:featuredmedia":[{"embeddable":true,"href":"https:\/\/pasitoapasito.es\/it\/wp-json\/wp\/v2\/media\/43561"}],"wp:attachment":[{"href":"https:\/\/pasitoapasito.es\/it\/wp-json\/wp\/v2\/media?parent=43862"}],"wp:term":[{"taxonomy":"colecciones","embeddable":true,"href":"https:\/\/pasitoapasito.es\/it\/wp-json\/wp\/v2\/colecciones?post=43862"},{"taxonomy":"product_brand","embeddable":true,"href":"https:\/\/pasitoapasito.es\/it\/wp-json\/wp\/v2\/product_brand?post=43862"},{"taxonomy":"product_cat","embeddable":true,"href":"https:\/\/pasitoapasito.es\/it\/wp-json\/wp\/v2\/product_cat?post=43862"},{"taxonomy":"product_tag","embeddable":true,"href":"https:\/\/pasitoapasito.es\/it\/wp-json\/wp\/v2\/product_tag?post=43862"}],"curies":[{"name":"wp","href":"https:\/\/api.w.org\/{rel}","templated":true}]}}