{"id":43839,"date":"2025-09-25T09:22:18","date_gmt":"2025-09-25T09:22:18","guid":{"rendered":"https:\/\/pasitoapasito.es\/?post_type=product&#038;p=43839"},"modified":"2025-09-25T09:22:18","modified_gmt":"2025-09-25T09:22:18","slug":"mussola-cherry-fiori","status":"publish","type":"product","link":"https:\/\/pasitoapasito.es\/it\/prodotto\/mussola-cherry-fiori\/","title":{"rendered":"MUSSOLA CHERRY FIORI"},"content":{"rendered":"<p>La muslin Cherry Flores stampata di Pasito a Pasito \u00e8 l&#8217;accessorio indispensabile per la cura del bambino. Realizzata con una combinazione di 70% bamb\u00f9 e 30% cotone, offre una texture ultra morbida, traspirante e delicata sulla pelle del neonato. Le sue dimensioni di 120&#215;120 cm la rendono ideale per molteplici usi: copertina, copertina leggera, protezione per il passeggino, copertina per l&#8217;allattamento o fasciatoio improvvisato. Grazie al suo tessuto traspirante, aiuta a regolare la temperatura del bambino, offrendo comfort in qualsiasi situazione.  Materiali delicati sulla pelle del bambino, ideali per un riposo sicuro e piacevole. Facile da lavare e mantenere, mantiene la sua morbidezza lavaggio dopo lavaggio.  \u00c8 ideale per mantenere il tuo bambino comodo e protetto , con lo stile e la qualit\u00e0 che contraddistinguono Pasito a Pasito. Tutti i nostri prodotti sono realizzati secondo le pi\u00f9 severe normative europee, con materiali di alta qualit\u00e0, privi di coloranti azoici, ftalati e sostanze nocive per la salute. Tessuto di facile pulizia, si consiglia il lavaggio in lavatrice a 30\u00ba. I prodotti per neonati di Pasito a Pasito hanno un design molto diverso da tutti gli altri. Le loro collezioni sono caratterizzate da una lavorazione accurata, sempre pensata da un punto di vista pratico. Utilizzano materiali di prima qualit\u00e0 per sottolineare l&#8217;eleganza e l&#8217;armonia di ogni singolo capo. I nostri modelli sono esclusivi e dallo stile inconfondibile, pensati per le mamme moderne che hanno buon gusto e apprezzano i dettagli tanto quanto noi. Specifiche: Materiali: 70% bamb\u00f9 &#8211; 30% cotone. Dimensioni 120&#215;120 cm.<\/p>\n","protected":false},"excerpt":{"rendered":"<p>La muslin Cherry Flores stampata di Pasito a Pasito \u00e8 l&#8217;accessorio indispensabile per la cura del bambino. Realizzata con una combinazione di 70% bamb\u00f9 e 30% cotone, offre una texture ultra morbida, traspirante e delicata sulla pelle del neonato. Le sue dimensioni di 120&#215;120 cm la rendono ideale per molteplici usi: copertina, copertina leggera, protezione [&hellip;]<\/p>\n","protected":false},"featured_media":43178,"comment_status":"closed","ping_status":"closed","template":"","meta":{"_acf_changed":false,"inline_featured_image":false},"colecciones":[353],"product_brand":[],"product_cat":[356],"product_tag":[],"class_list":{"0":"post-43839","1":"product","2":"type-product","3":"status-publish","4":"has-post-thumbnail","6":"colecciones-collezione-cherry","7":"product_cat-mussole","9":"first","10":"instock","11":"purchasable","12":"product-type-simple"},"acf":[],"yoast_head":"<!-- This site is optimized with the Yoast SEO plugin v27.4 - https:\/\/yoast.com\/product\/yoast-seo-wordpress\/ -->\n<title>MUSSOLA CHERRY FIORI - Pasito a Pasito<\/title>\n<meta name=\"robots\" content=\"index, follow, max-snippet:-1, max-image-preview:large, max-video-preview:-1\" \/>\n<link rel=\"canonical\" href=\"https:\/\/pasitoapasito.es\/it\/prodotto\/mussola-cherry-fiori\/\" \/>\n<meta property=\"og:locale\" content=\"it_IT\" \/>\n<meta property=\"og:type\" content=\"article\" \/>\n<meta property=\"og:title\" content=\"MUSSOLA CHERRY FIORI - Pasito a Pasito\" \/>\n<meta property=\"og:description\" content=\"La muslin Cherry Flores stampata di Pasito a Pasito \u00e8 l&#8217;accessorio indispensabile per la cura del bambino. Realizzata con una combinazione di 70% bamb\u00f9 e 30% cotone, offre una texture ultra morbida, traspirante e delicata sulla pelle del neonato. Le sue dimensioni di 120&#215;120 cm la rendono ideale per molteplici usi: copertina, copertina leggera, protezione [&hellip;]\" \/>\n<meta property=\"og:url\" content=\"https:\/\/pasitoapasito.es\/it\/prodotto\/mussola-cherry-fiori\/\" \/>\n<meta property=\"og:site_name\" content=\"Pasito a Pasito\" \/>\n<meta property=\"og:image\" content=\"https:\/\/pasitoapasito.es\/wp-content\/uploads\/2025\/09\/1120900568_a-1.jpg\" \/>\n\t<meta property=\"og:image:width\" content=\"1800\" \/>\n\t<meta property=\"og:image:height\" content=\"1800\" \/>\n\t<meta property=\"og:image:type\" content=\"image\/jpeg\" \/>\n<meta name=\"twitter:card\" content=\"summary_large_image\" \/>\n<meta name=\"twitter:label1\" content=\"Tempo di lettura stimato\" \/>\n\t<meta name=\"twitter:data1\" content=\"1 minuto\" \/>\n<script type=\"application\/ld+json\" class=\"yoast-schema-graph\">{\"@context\":\"https:\\\/\\\/schema.org\",\"@graph\":[{\"@type\":\"WebPage\",\"@id\":\"https:\\\/\\\/pasitoapasito.es\\\/it\\\/prodotto\\\/mussola-cherry-fiori\\\/\",\"url\":\"https:\\\/\\\/pasitoapasito.es\\\/it\\\/prodotto\\\/mussola-cherry-fiori\\\/\",\"name\":\"MUSSOLA CHERRY FIORI - Pasito a Pasito\",\"isPartOf\":{\"@id\":\"https:\\\/\\\/pasitoapasito.es\\\/fr\\\/#website\"},\"primaryImageOfPage\":{\"@id\":\"https:\\\/\\\/pasitoapasito.es\\\/it\\\/prodotto\\\/mussola-cherry-fiori\\\/#primaryimage\"},\"image\":{\"@id\":\"https:\\\/\\\/pasitoapasito.es\\\/it\\\/prodotto\\\/mussola-cherry-fiori\\\/#primaryimage\"},\"thumbnailUrl\":\"https:\\\/\\\/pasitoapasito.es\\\/wp-content\\\/uploads\\\/2025\\\/09\\\/1120900568_a-1.jpg\",\"datePublished\":\"2025-09-25T09:22:18+00:00\",\"breadcrumb\":{\"@id\":\"https:\\\/\\\/pasitoapasito.es\\\/it\\\/prodotto\\\/mussola-cherry-fiori\\\/#breadcrumb\"},\"inLanguage\":\"it-IT\",\"potentialAction\":[{\"@type\":\"ReadAction\",\"target\":[\"https:\\\/\\\/pasitoapasito.es\\\/it\\\/prodotto\\\/mussola-cherry-fiori\\\/\"]}]},{\"@type\":\"ImageObject\",\"inLanguage\":\"it-IT\",\"@id\":\"https:\\\/\\\/pasitoapasito.es\\\/it\\\/prodotto\\\/mussola-cherry-fiori\\\/#primaryimage\",\"url\":\"https:\\\/\\\/pasitoapasito.es\\\/wp-content\\\/uploads\\\/2025\\\/09\\\/1120900568_a-1.jpg\",\"contentUrl\":\"https:\\\/\\\/pasitoapasito.es\\\/wp-content\\\/uploads\\\/2025\\\/09\\\/1120900568_a-1.jpg\",\"width\":1800,\"height\":1800},{\"@type\":\"BreadcrumbList\",\"@id\":\"https:\\\/\\\/pasitoapasito.es\\\/it\\\/prodotto\\\/mussola-cherry-fiori\\\/#breadcrumb\",\"itemListElement\":[{\"@type\":\"ListItem\",\"position\":1,\"name\":\"Tienda\",\"item\":\"https:\\\/\\\/pasitoapasito.es\\\/tienda\\\/\"},{\"@type\":\"ListItem\",\"position\":2,\"name\":\"MUSSOLA CHERRY FIORI\"}]},{\"@type\":\"WebSite\",\"@id\":\"https:\\\/\\\/pasitoapasito.es\\\/fr\\\/#website\",\"url\":\"https:\\\/\\\/pasitoapasito.es\\\/fr\\\/\",\"name\":\"Pasito a Pasito\",\"description\":\"\",\"potentialAction\":[{\"@type\":\"SearchAction\",\"target\":{\"@type\":\"EntryPoint\",\"urlTemplate\":\"https:\\\/\\\/pasitoapasito.es\\\/fr\\\/?s={search_term_string}\"},\"query-input\":{\"@type\":\"PropertyValueSpecification\",\"valueRequired\":true,\"valueName\":\"search_term_string\"}}],\"inLanguage\":\"it-IT\"}]}<\/script>\n<!-- \/ Yoast SEO plugin. -->","yoast_head_json":{"title":"MUSSOLA CHERRY FIORI - Pasito a Pasito","robots":{"index":"index","follow":"follow","max-snippet":"max-snippet:-1","max-image-preview":"max-image-preview:large","max-video-preview":"max-video-preview:-1"},"canonical":"https:\/\/pasitoapasito.es\/it\/prodotto\/mussola-cherry-fiori\/","og_locale":"it_IT","og_type":"article","og_title":"MUSSOLA CHERRY FIORI - Pasito a Pasito","og_description":"La muslin Cherry Flores stampata di Pasito a Pasito \u00e8 l&#8217;accessorio indispensabile per la cura del bambino. Realizzata con una combinazione di 70% bamb\u00f9 e 30% cotone, offre una texture ultra morbida, traspirante e delicata sulla pelle del neonato. Le sue dimensioni di 120&#215;120 cm la rendono ideale per molteplici usi: copertina, copertina leggera, protezione [&hellip;]","og_url":"https:\/\/pasitoapasito.es\/it\/prodotto\/mussola-cherry-fiori\/","og_site_name":"Pasito a Pasito","og_image":[{"width":1800,"height":1800,"url":"https:\/\/pasitoapasito.es\/wp-content\/uploads\/2025\/09\/1120900568_a-1.jpg","type":"image\/jpeg"}],"twitter_card":"summary_large_image","twitter_misc":{"Tempo di lettura stimato":"1 minuto"},"schema":{"@context":"https:\/\/schema.org","@graph":[{"@type":"WebPage","@id":"https:\/\/pasitoapasito.es\/it\/prodotto\/mussola-cherry-fiori\/","url":"https:\/\/pasitoapasito.es\/it\/prodotto\/mussola-cherry-fiori\/","name":"MUSSOLA CHERRY FIORI - Pasito a Pasito","isPartOf":{"@id":"https:\/\/pasitoapasito.es\/fr\/#website"},"primaryImageOfPage":{"@id":"https:\/\/pasitoapasito.es\/it\/prodotto\/mussola-cherry-fiori\/#primaryimage"},"image":{"@id":"https:\/\/pasitoapasito.es\/it\/prodotto\/mussola-cherry-fiori\/#primaryimage"},"thumbnailUrl":"https:\/\/pasitoapasito.es\/wp-content\/uploads\/2025\/09\/1120900568_a-1.jpg","datePublished":"2025-09-25T09:22:18+00:00","breadcrumb":{"@id":"https:\/\/pasitoapasito.es\/it\/prodotto\/mussola-cherry-fiori\/#breadcrumb"},"inLanguage":"it-IT","potentialAction":[{"@type":"ReadAction","target":["https:\/\/pasitoapasito.es\/it\/prodotto\/mussola-cherry-fiori\/"]}]},{"@type":"ImageObject","inLanguage":"it-IT","@id":"https:\/\/pasitoapasito.es\/it\/prodotto\/mussola-cherry-fiori\/#primaryimage","url":"https:\/\/pasitoapasito.es\/wp-content\/uploads\/2025\/09\/1120900568_a-1.jpg","contentUrl":"https:\/\/pasitoapasito.es\/wp-content\/uploads\/2025\/09\/1120900568_a-1.jpg","width":1800,"height":1800},{"@type":"BreadcrumbList","@id":"https:\/\/pasitoapasito.es\/it\/prodotto\/mussola-cherry-fiori\/#breadcrumb","itemListElement":[{"@type":"ListItem","position":1,"name":"Tienda","item":"https:\/\/pasitoapasito.es\/tienda\/"},{"@type":"ListItem","position":2,"name":"MUSSOLA CHERRY FIORI"}]},{"@type":"WebSite","@id":"https:\/\/pasitoapasito.es\/fr\/#website","url":"https:\/\/pasitoapasito.es\/fr\/","name":"Pasito a Pasito","description":"","potentialAction":[{"@type":"SearchAction","target":{"@type":"EntryPoint","urlTemplate":"https:\/\/pasitoapasito.es\/fr\/?s={search_term_string}"},"query-input":{"@type":"PropertyValueSpecification","valueRequired":true,"valueName":"search_term_string"}}],"inLanguage":"it-IT"}]}},"_links":{"self":[{"href":"https:\/\/pasitoapasito.es\/it\/wp-json\/wp\/v2\/product\/43839","targetHints":{"allow":["GET"]}}],"collection":[{"href":"https:\/\/pasitoapasito.es\/it\/wp-json\/wp\/v2\/product"}],"about":[{"href":"https:\/\/pasitoapasito.es\/it\/wp-json\/wp\/v2\/types\/product"}],"replies":[{"embeddable":true,"href":"https:\/\/pasitoapasito.es\/it\/wp-json\/wp\/v2\/comments?post=43839"}],"wp:featuredmedia":[{"embeddable":true,"href":"https:\/\/pasitoapasito.es\/it\/wp-json\/wp\/v2\/media\/43178"}],"wp:attachment":[{"href":"https:\/\/pasitoapasito.es\/it\/wp-json\/wp\/v2\/media?parent=43839"}],"wp:term":[{"taxonomy":"colecciones","embeddable":true,"href":"https:\/\/pasitoapasito.es\/it\/wp-json\/wp\/v2\/colecciones?post=43839"},{"taxonomy":"product_brand","embeddable":true,"href":"https:\/\/pasitoapasito.es\/it\/wp-json\/wp\/v2\/product_brand?post=43839"},{"taxonomy":"product_cat","embeddable":true,"href":"https:\/\/pasitoapasito.es\/it\/wp-json\/wp\/v2\/product_cat?post=43839"},{"taxonomy":"product_tag","embeddable":true,"href":"https:\/\/pasitoapasito.es\/it\/wp-json\/wp\/v2\/product_tag?post=43839"}],"curies":[{"name":"wp","href":"https:\/\/api.w.org\/{rel}","templated":true}]}}