{"id":43835,"date":"2025-09-25T09:22:17","date_gmt":"2025-09-25T09:22:17","guid":{"rendered":"https:\/\/pasitoapasito.es\/?post_type=product&#038;p=43835"},"modified":"2025-09-25T09:22:17","modified_gmt":"2025-09-25T09:22:17","slug":"copertura-per-carrozzina-con-aste-lenzuolo-con-angoli-per-carrozzina-cherry-fiori","status":"publish","type":"product","link":"https:\/\/pasitoapasito.es\/it\/prodotto\/copertura-per-carrozzina-con-aste-lenzuolo-con-angoli-per-carrozzina-cherry-fiori\/","title":{"rendered":"COPERTURA PER CARROZZINA CON ASTE + LENZUOLO CON ANGOLI PER CARROZZINA CHERRY FIORI"},"content":{"rendered":"<p>Il copri culla con stecche e lenzuolo con angoli Cherry Flores di Pasito a Pasito \u00e8 il complemento perfetto per dare morbidezza ed eleganza alla culla del tuo bambino. Realizzato in 100% cotone, garantisce una sensazione delicata e traspirante, ideale per la pelle sensibile dei neonati. Il copri culla con stecche si adatta perfettamente all&#8217;interno della culla. Il suo design regolabile con lacci garantisce un perfetto adattamento alla culla, offrendo una finitura avvolgente e sicura con un delizioso motivo floreale. Il lenzuolo inferiore regolabile, realizzato in mussola di bamb\u00f9 70% e cotone 30%, offre una morbidezza eccezionale e un&#8217;ottima traspirabilit\u00e0, assicurando il comfort del bambino in ogni momento. Compatibile con la maggior parte delle culle. Questo set \u00e8 ideale per mantenere il tuo bambino comodo e protetto, con lo stile e la qualit\u00e0 che contraddistinguono Pasito a Pasito. Tutte le nostre copertine sono realizzate secondo le pi\u00f9 severe normative europee, con materiali di alta qualit\u00e0, privi di coloranti azoici, ftalati e sostanze nocive per la salute. Tessuto di facile pulizia, si consiglia il lavaggio in lavatrice a 30\u00ba. I prodotti per neonati Pasito a Pasito hanno un design molto diverso da tutti gli altri. Le loro collezioni sono caratterizzate da una lavorazione accurata, pensate sempre dal punto di vista pratico e con un occhio di . Utilizzano materiali di prima qualit\u00e0 per sottolineare l&#8217;eleganza e l&#8217;armonia di ogni singolo pezzo. I nostri modelli sono esclusivi e dallo stile inconfondibile, pensati per le mamme moderne che hanno buon gusto e apprezzano i dettagli tanto quanto noi. Specifiche: Materiali: 100% cotone. Taglia universale.<\/p>\n","protected":false},"excerpt":{"rendered":"<p>Il copri culla con stecche e lenzuolo con angoli Cherry Flores di Pasito a Pasito \u00e8 il complemento perfetto per dare morbidezza ed eleganza alla culla del tuo bambino. Realizzato in 100% cotone, garantisce una sensazione delicata e traspirante, ideale per la pelle sensibile dei neonati. Il copri culla con stecche si adatta perfettamente all&#8217;interno [&hellip;]<\/p>\n","protected":false},"featured_media":43086,"comment_status":"closed","ping_status":"closed","template":"","meta":{"_acf_changed":false,"inline_featured_image":false},"colecciones":[353],"product_brand":[],"product_cat":[143],"product_tag":[],"class_list":{"0":"post-43835","1":"product","2":"type-product","3":"status-publish","4":"has-post-thumbnail","6":"colecciones-collezione-cherry","7":"product_cat-sacchi-nanna-e-copri-carrozzina","9":"first","10":"instock","11":"purchasable","12":"product-type-simple"},"acf":[],"yoast_head":"<!-- This site is optimized with the Yoast SEO plugin v27.4 - https:\/\/yoast.com\/product\/yoast-seo-wordpress\/ -->\n<title>COPERTURA PER CARROZZINA CON ASTE + LENZUOLO CON ANGOLI PER CARROZZINA CHERRY FIORI - Pasito a Pasito<\/title>\n<meta name=\"robots\" content=\"index, follow, max-snippet:-1, max-image-preview:large, max-video-preview:-1\" \/>\n<link rel=\"canonical\" href=\"https:\/\/pasitoapasito.es\/it\/prodotto\/copertura-per-carrozzina-con-aste-lenzuolo-con-angoli-per-carrozzina-cherry-fiori\/\" \/>\n<meta property=\"og:locale\" content=\"it_IT\" \/>\n<meta property=\"og:type\" content=\"article\" \/>\n<meta property=\"og:title\" content=\"COPERTURA PER CARROZZINA CON ASTE + LENZUOLO CON ANGOLI PER CARROZZINA CHERRY FIORI - Pasito a Pasito\" \/>\n<meta property=\"og:description\" content=\"Il copri culla con stecche e lenzuolo con angoli Cherry Flores di Pasito a Pasito \u00e8 il complemento perfetto per dare morbidezza ed eleganza alla culla del tuo bambino. Realizzato in 100% cotone, garantisce una sensazione delicata e traspirante, ideale per la pelle sensibile dei neonati. Il copri culla con stecche si adatta perfettamente all&#8217;interno [&hellip;]\" \/>\n<meta property=\"og:url\" content=\"https:\/\/pasitoapasito.es\/it\/prodotto\/copertura-per-carrozzina-con-aste-lenzuolo-con-angoli-per-carrozzina-cherry-fiori\/\" \/>\n<meta property=\"og:site_name\" content=\"Pasito a Pasito\" \/>\n<meta property=\"og:image\" content=\"https:\/\/pasitoapasito.es\/wp-content\/uploads\/2025\/09\/1120900564_a-1.jpg\" \/>\n\t<meta property=\"og:image:width\" content=\"1800\" \/>\n\t<meta property=\"og:image:height\" content=\"1800\" \/>\n\t<meta property=\"og:image:type\" content=\"image\/jpeg\" \/>\n<meta name=\"twitter:card\" content=\"summary_large_image\" \/>\n<meta name=\"twitter:label1\" content=\"Tempo di lettura stimato\" \/>\n\t<meta name=\"twitter:data1\" content=\"1 minuto\" \/>\n<script type=\"application\/ld+json\" class=\"yoast-schema-graph\">{\"@context\":\"https:\\\/\\\/schema.org\",\"@graph\":[{\"@type\":\"WebPage\",\"@id\":\"https:\\\/\\\/pasitoapasito.es\\\/it\\\/prodotto\\\/copertura-per-carrozzina-con-aste-lenzuolo-con-angoli-per-carrozzina-cherry-fiori\\\/\",\"url\":\"https:\\\/\\\/pasitoapasito.es\\\/it\\\/prodotto\\\/copertura-per-carrozzina-con-aste-lenzuolo-con-angoli-per-carrozzina-cherry-fiori\\\/\",\"name\":\"COPERTURA PER CARROZZINA CON ASTE + LENZUOLO CON ANGOLI PER CARROZZINA CHERRY FIORI - Pasito a Pasito\",\"isPartOf\":{\"@id\":\"https:\\\/\\\/pasitoapasito.es\\\/fr\\\/#website\"},\"primaryImageOfPage\":{\"@id\":\"https:\\\/\\\/pasitoapasito.es\\\/it\\\/prodotto\\\/copertura-per-carrozzina-con-aste-lenzuolo-con-angoli-per-carrozzina-cherry-fiori\\\/#primaryimage\"},\"image\":{\"@id\":\"https:\\\/\\\/pasitoapasito.es\\\/it\\\/prodotto\\\/copertura-per-carrozzina-con-aste-lenzuolo-con-angoli-per-carrozzina-cherry-fiori\\\/#primaryimage\"},\"thumbnailUrl\":\"https:\\\/\\\/pasitoapasito.es\\\/wp-content\\\/uploads\\\/2025\\\/09\\\/1120900564_a-1.jpg\",\"datePublished\":\"2025-09-25T09:22:17+00:00\",\"breadcrumb\":{\"@id\":\"https:\\\/\\\/pasitoapasito.es\\\/it\\\/prodotto\\\/copertura-per-carrozzina-con-aste-lenzuolo-con-angoli-per-carrozzina-cherry-fiori\\\/#breadcrumb\"},\"inLanguage\":\"it-IT\",\"potentialAction\":[{\"@type\":\"ReadAction\",\"target\":[\"https:\\\/\\\/pasitoapasito.es\\\/it\\\/prodotto\\\/copertura-per-carrozzina-con-aste-lenzuolo-con-angoli-per-carrozzina-cherry-fiori\\\/\"]}]},{\"@type\":\"ImageObject\",\"inLanguage\":\"it-IT\",\"@id\":\"https:\\\/\\\/pasitoapasito.es\\\/it\\\/prodotto\\\/copertura-per-carrozzina-con-aste-lenzuolo-con-angoli-per-carrozzina-cherry-fiori\\\/#primaryimage\",\"url\":\"https:\\\/\\\/pasitoapasito.es\\\/wp-content\\\/uploads\\\/2025\\\/09\\\/1120900564_a-1.jpg\",\"contentUrl\":\"https:\\\/\\\/pasitoapasito.es\\\/wp-content\\\/uploads\\\/2025\\\/09\\\/1120900564_a-1.jpg\",\"width\":1800,\"height\":1800},{\"@type\":\"BreadcrumbList\",\"@id\":\"https:\\\/\\\/pasitoapasito.es\\\/it\\\/prodotto\\\/copertura-per-carrozzina-con-aste-lenzuolo-con-angoli-per-carrozzina-cherry-fiori\\\/#breadcrumb\",\"itemListElement\":[{\"@type\":\"ListItem\",\"position\":1,\"name\":\"Tienda\",\"item\":\"https:\\\/\\\/pasitoapasito.es\\\/tienda\\\/\"},{\"@type\":\"ListItem\",\"position\":2,\"name\":\"COPERTURA PER CARROZZINA CON ASTE + LENZUOLO CON ANGOLI PER CARROZZINA CHERRY FIORI\"}]},{\"@type\":\"WebSite\",\"@id\":\"https:\\\/\\\/pasitoapasito.es\\\/fr\\\/#website\",\"url\":\"https:\\\/\\\/pasitoapasito.es\\\/fr\\\/\",\"name\":\"Pasito a Pasito\",\"description\":\"\",\"potentialAction\":[{\"@type\":\"SearchAction\",\"target\":{\"@type\":\"EntryPoint\",\"urlTemplate\":\"https:\\\/\\\/pasitoapasito.es\\\/fr\\\/?s={search_term_string}\"},\"query-input\":{\"@type\":\"PropertyValueSpecification\",\"valueRequired\":true,\"valueName\":\"search_term_string\"}}],\"inLanguage\":\"it-IT\"}]}<\/script>\n<!-- \/ Yoast SEO plugin. -->","yoast_head_json":{"title":"COPERTURA PER CARROZZINA CON ASTE + LENZUOLO CON ANGOLI PER CARROZZINA CHERRY FIORI - Pasito a Pasito","robots":{"index":"index","follow":"follow","max-snippet":"max-snippet:-1","max-image-preview":"max-image-preview:large","max-video-preview":"max-video-preview:-1"},"canonical":"https:\/\/pasitoapasito.es\/it\/prodotto\/copertura-per-carrozzina-con-aste-lenzuolo-con-angoli-per-carrozzina-cherry-fiori\/","og_locale":"it_IT","og_type":"article","og_title":"COPERTURA PER CARROZZINA CON ASTE + LENZUOLO CON ANGOLI PER CARROZZINA CHERRY FIORI - Pasito a Pasito","og_description":"Il copri culla con stecche e lenzuolo con angoli Cherry Flores di Pasito a Pasito \u00e8 il complemento perfetto per dare morbidezza ed eleganza alla culla del tuo bambino. Realizzato in 100% cotone, garantisce una sensazione delicata e traspirante, ideale per la pelle sensibile dei neonati. Il copri culla con stecche si adatta perfettamente all&#8217;interno [&hellip;]","og_url":"https:\/\/pasitoapasito.es\/it\/prodotto\/copertura-per-carrozzina-con-aste-lenzuolo-con-angoli-per-carrozzina-cherry-fiori\/","og_site_name":"Pasito a Pasito","og_image":[{"width":1800,"height":1800,"url":"https:\/\/pasitoapasito.es\/wp-content\/uploads\/2025\/09\/1120900564_a-1.jpg","type":"image\/jpeg"}],"twitter_card":"summary_large_image","twitter_misc":{"Tempo di lettura stimato":"1 minuto"},"schema":{"@context":"https:\/\/schema.org","@graph":[{"@type":"WebPage","@id":"https:\/\/pasitoapasito.es\/it\/prodotto\/copertura-per-carrozzina-con-aste-lenzuolo-con-angoli-per-carrozzina-cherry-fiori\/","url":"https:\/\/pasitoapasito.es\/it\/prodotto\/copertura-per-carrozzina-con-aste-lenzuolo-con-angoli-per-carrozzina-cherry-fiori\/","name":"COPERTURA PER CARROZZINA CON ASTE + LENZUOLO CON ANGOLI PER CARROZZINA CHERRY FIORI - Pasito a Pasito","isPartOf":{"@id":"https:\/\/pasitoapasito.es\/fr\/#website"},"primaryImageOfPage":{"@id":"https:\/\/pasitoapasito.es\/it\/prodotto\/copertura-per-carrozzina-con-aste-lenzuolo-con-angoli-per-carrozzina-cherry-fiori\/#primaryimage"},"image":{"@id":"https:\/\/pasitoapasito.es\/it\/prodotto\/copertura-per-carrozzina-con-aste-lenzuolo-con-angoli-per-carrozzina-cherry-fiori\/#primaryimage"},"thumbnailUrl":"https:\/\/pasitoapasito.es\/wp-content\/uploads\/2025\/09\/1120900564_a-1.jpg","datePublished":"2025-09-25T09:22:17+00:00","breadcrumb":{"@id":"https:\/\/pasitoapasito.es\/it\/prodotto\/copertura-per-carrozzina-con-aste-lenzuolo-con-angoli-per-carrozzina-cherry-fiori\/#breadcrumb"},"inLanguage":"it-IT","potentialAction":[{"@type":"ReadAction","target":["https:\/\/pasitoapasito.es\/it\/prodotto\/copertura-per-carrozzina-con-aste-lenzuolo-con-angoli-per-carrozzina-cherry-fiori\/"]}]},{"@type":"ImageObject","inLanguage":"it-IT","@id":"https:\/\/pasitoapasito.es\/it\/prodotto\/copertura-per-carrozzina-con-aste-lenzuolo-con-angoli-per-carrozzina-cherry-fiori\/#primaryimage","url":"https:\/\/pasitoapasito.es\/wp-content\/uploads\/2025\/09\/1120900564_a-1.jpg","contentUrl":"https:\/\/pasitoapasito.es\/wp-content\/uploads\/2025\/09\/1120900564_a-1.jpg","width":1800,"height":1800},{"@type":"BreadcrumbList","@id":"https:\/\/pasitoapasito.es\/it\/prodotto\/copertura-per-carrozzina-con-aste-lenzuolo-con-angoli-per-carrozzina-cherry-fiori\/#breadcrumb","itemListElement":[{"@type":"ListItem","position":1,"name":"Tienda","item":"https:\/\/pasitoapasito.es\/tienda\/"},{"@type":"ListItem","position":2,"name":"COPERTURA PER CARROZZINA CON ASTE + LENZUOLO CON ANGOLI PER CARROZZINA CHERRY FIORI"}]},{"@type":"WebSite","@id":"https:\/\/pasitoapasito.es\/fr\/#website","url":"https:\/\/pasitoapasito.es\/fr\/","name":"Pasito a Pasito","description":"","potentialAction":[{"@type":"SearchAction","target":{"@type":"EntryPoint","urlTemplate":"https:\/\/pasitoapasito.es\/fr\/?s={search_term_string}"},"query-input":{"@type":"PropertyValueSpecification","valueRequired":true,"valueName":"search_term_string"}}],"inLanguage":"it-IT"}]}},"_links":{"self":[{"href":"https:\/\/pasitoapasito.es\/it\/wp-json\/wp\/v2\/product\/43835","targetHints":{"allow":["GET"]}}],"collection":[{"href":"https:\/\/pasitoapasito.es\/it\/wp-json\/wp\/v2\/product"}],"about":[{"href":"https:\/\/pasitoapasito.es\/it\/wp-json\/wp\/v2\/types\/product"}],"replies":[{"embeddable":true,"href":"https:\/\/pasitoapasito.es\/it\/wp-json\/wp\/v2\/comments?post=43835"}],"wp:featuredmedia":[{"embeddable":true,"href":"https:\/\/pasitoapasito.es\/it\/wp-json\/wp\/v2\/media\/43086"}],"wp:attachment":[{"href":"https:\/\/pasitoapasito.es\/it\/wp-json\/wp\/v2\/media?parent=43835"}],"wp:term":[{"taxonomy":"colecciones","embeddable":true,"href":"https:\/\/pasitoapasito.es\/it\/wp-json\/wp\/v2\/colecciones?post=43835"},{"taxonomy":"product_brand","embeddable":true,"href":"https:\/\/pasitoapasito.es\/it\/wp-json\/wp\/v2\/product_brand?post=43835"},{"taxonomy":"product_cat","embeddable":true,"href":"https:\/\/pasitoapasito.es\/it\/wp-json\/wp\/v2\/product_cat?post=43835"},{"taxonomy":"product_tag","embeddable":true,"href":"https:\/\/pasitoapasito.es\/it\/wp-json\/wp\/v2\/product_tag?post=43835"}],"curies":[{"name":"wp","href":"https:\/\/api.w.org\/{rel}","templated":true}]}}