{"id":43819,"date":"2025-09-25T09:22:21","date_gmt":"2025-09-25T09:22:21","guid":{"rendered":"https:\/\/pasitoapasito.es\/?post_type=product&#038;p=43819"},"modified":"2025-09-25T09:22:21","modified_gmt":"2025-09-25T09:22:21","slug":"fasciatoio-cherry-fiori","status":"publish","type":"product","link":"https:\/\/pasitoapasito.es\/it\/prodotto\/fasciatoio-cherry-fiori\/","title":{"rendered":"FASCIATOIO CHERRY FIORI"},"content":{"rendered":"<p>Il fasciatoio Cherry Flores di Pasito a pasito, realizzato in tela di cotone 100% con una delicata stampa floreale, \u00e8 un modello molto comodo, pratico e facile da trasportare. Un modello appositamente studiato per essere utilizzato quando \u00e8 necessario cambiare il bambino. \u00c8 pieghevole per facilitarne l&#8217; e il trasporto ovunque. \u00c8 un design elegante e funzionale, perch\u00e9 \u00e8 pieghevole per renderlo portatile. \u00c8 dotato di nastri di chiusura per mantenere il fasciatoio chiuso e ridurre cos\u00ec lo spazio necessario per riporlo nella borsa per la maternit\u00e0. Finiture di qualit\u00e0. Il fasciatoio \u00e8 dotato di un rivestimento interno imbottito e impermeabile per facilitarne la pulizia dopo l&#8217;uso e impedire l&#8217;accumulo di odori all&#8217;interno. \u00c8 realizzato con materiali di alta qualit\u00e0, privi di coloranti azoici, ftalati e sostanze nocive per la salute. Inoltre, pu\u00f2 essere lavato a mano o in lavatrice a temperature fino a 30\u00ba. I prodotti per neonati di Pasito a Pasito hanno un design molto diverso da tutti gli altri, grazie alle collezioni pi\u00f9 curate, fantasiose e allo stesso tempo pratiche, che utilizzano materiali di prima qualit\u00e0 per sottolineare l&#8217;eleganza e l&#8217;armonia di ogni singolo pezzo. I nostri modelli sono esclusivi e dallo stile inconfondibile, pensati per le mamme moderne che hanno buon gusto e apprezzano i dettagli tanto quanto noi. Specifiche: Materiali: 100% cotone\/Interno 100% pvc senza ftalati. Misure: 50&#215;70 cm.<\/p>\n","protected":false},"excerpt":{"rendered":"<p>Il fasciatoio Cherry Flores di Pasito a pasito, realizzato in tela di cotone 100% con una delicata stampa floreale, \u00e8 un modello molto comodo, pratico e facile da trasportare. Un modello appositamente studiato per essere utilizzato quando \u00e8 necessario cambiare il bambino. \u00c8 pieghevole per facilitarne l&#8217; e il trasporto ovunque. \u00c8 un design elegante [&hellip;]<\/p>\n","protected":false},"featured_media":42826,"comment_status":"closed","ping_status":"closed","template":"","meta":{"_acf_changed":false,"inline_featured_image":false},"colecciones":[353],"product_brand":[],"product_cat":[137],"product_tag":[],"class_list":{"0":"post-43819","1":"product","2":"type-product","3":"status-publish","4":"has-post-thumbnail","6":"colecciones-collezione-cherry","7":"product_cat-accessori","9":"first","10":"instock","11":"purchasable","12":"product-type-simple"},"acf":[],"yoast_head":"<!-- This site is optimized with the Yoast SEO plugin v27.4 - https:\/\/yoast.com\/product\/yoast-seo-wordpress\/ -->\n<title>FASCIATOIO CHERRY FIORI - Pasito a Pasito<\/title>\n<meta name=\"robots\" content=\"index, follow, max-snippet:-1, max-image-preview:large, max-video-preview:-1\" \/>\n<link rel=\"canonical\" href=\"https:\/\/pasitoapasito.es\/it\/prodotto\/fasciatoio-cherry-fiori\/\" \/>\n<meta property=\"og:locale\" content=\"it_IT\" \/>\n<meta property=\"og:type\" content=\"article\" \/>\n<meta property=\"og:title\" content=\"FASCIATOIO CHERRY FIORI - Pasito a Pasito\" \/>\n<meta property=\"og:description\" content=\"Il fasciatoio Cherry Flores di Pasito a pasito, realizzato in tela di cotone 100% con una delicata stampa floreale, \u00e8 un modello molto comodo, pratico e facile da trasportare. Un modello appositamente studiato per essere utilizzato quando \u00e8 necessario cambiare il bambino. \u00c8 pieghevole per facilitarne l&#8217; e il trasporto ovunque. \u00c8 un design elegante [&hellip;]\" \/>\n<meta property=\"og:url\" content=\"https:\/\/pasitoapasito.es\/it\/prodotto\/fasciatoio-cherry-fiori\/\" \/>\n<meta property=\"og:site_name\" content=\"Pasito a Pasito\" \/>\n<meta property=\"og:image\" content=\"https:\/\/pasitoapasito.es\/wp-content\/uploads\/2025\/09\/1120900544_a-1.jpg\" \/>\n\t<meta property=\"og:image:width\" content=\"1800\" \/>\n\t<meta property=\"og:image:height\" content=\"1800\" \/>\n\t<meta property=\"og:image:type\" content=\"image\/jpeg\" \/>\n<meta name=\"twitter:card\" content=\"summary_large_image\" \/>\n<meta name=\"twitter:label1\" content=\"Tempo di lettura stimato\" \/>\n\t<meta name=\"twitter:data1\" content=\"1 minuto\" \/>\n<script type=\"application\/ld+json\" class=\"yoast-schema-graph\">{\"@context\":\"https:\\\/\\\/schema.org\",\"@graph\":[{\"@type\":\"WebPage\",\"@id\":\"https:\\\/\\\/pasitoapasito.es\\\/it\\\/prodotto\\\/fasciatoio-cherry-fiori\\\/\",\"url\":\"https:\\\/\\\/pasitoapasito.es\\\/it\\\/prodotto\\\/fasciatoio-cherry-fiori\\\/\",\"name\":\"FASCIATOIO CHERRY FIORI - Pasito a Pasito\",\"isPartOf\":{\"@id\":\"https:\\\/\\\/pasitoapasito.es\\\/fr\\\/#website\"},\"primaryImageOfPage\":{\"@id\":\"https:\\\/\\\/pasitoapasito.es\\\/it\\\/prodotto\\\/fasciatoio-cherry-fiori\\\/#primaryimage\"},\"image\":{\"@id\":\"https:\\\/\\\/pasitoapasito.es\\\/it\\\/prodotto\\\/fasciatoio-cherry-fiori\\\/#primaryimage\"},\"thumbnailUrl\":\"https:\\\/\\\/pasitoapasito.es\\\/wp-content\\\/uploads\\\/2025\\\/09\\\/1120900544_a-1.jpg\",\"datePublished\":\"2025-09-25T09:22:21+00:00\",\"breadcrumb\":{\"@id\":\"https:\\\/\\\/pasitoapasito.es\\\/it\\\/prodotto\\\/fasciatoio-cherry-fiori\\\/#breadcrumb\"},\"inLanguage\":\"it-IT\",\"potentialAction\":[{\"@type\":\"ReadAction\",\"target\":[\"https:\\\/\\\/pasitoapasito.es\\\/it\\\/prodotto\\\/fasciatoio-cherry-fiori\\\/\"]}]},{\"@type\":\"ImageObject\",\"inLanguage\":\"it-IT\",\"@id\":\"https:\\\/\\\/pasitoapasito.es\\\/it\\\/prodotto\\\/fasciatoio-cherry-fiori\\\/#primaryimage\",\"url\":\"https:\\\/\\\/pasitoapasito.es\\\/wp-content\\\/uploads\\\/2025\\\/09\\\/1120900544_a-1.jpg\",\"contentUrl\":\"https:\\\/\\\/pasitoapasito.es\\\/wp-content\\\/uploads\\\/2025\\\/09\\\/1120900544_a-1.jpg\",\"width\":1800,\"height\":1800},{\"@type\":\"BreadcrumbList\",\"@id\":\"https:\\\/\\\/pasitoapasito.es\\\/it\\\/prodotto\\\/fasciatoio-cherry-fiori\\\/#breadcrumb\",\"itemListElement\":[{\"@type\":\"ListItem\",\"position\":1,\"name\":\"Tienda\",\"item\":\"https:\\\/\\\/pasitoapasito.es\\\/tienda\\\/\"},{\"@type\":\"ListItem\",\"position\":2,\"name\":\"FASCIATOIO CHERRY FIORI\"}]},{\"@type\":\"WebSite\",\"@id\":\"https:\\\/\\\/pasitoapasito.es\\\/fr\\\/#website\",\"url\":\"https:\\\/\\\/pasitoapasito.es\\\/fr\\\/\",\"name\":\"Pasito a Pasito\",\"description\":\"\",\"potentialAction\":[{\"@type\":\"SearchAction\",\"target\":{\"@type\":\"EntryPoint\",\"urlTemplate\":\"https:\\\/\\\/pasitoapasito.es\\\/fr\\\/?s={search_term_string}\"},\"query-input\":{\"@type\":\"PropertyValueSpecification\",\"valueRequired\":true,\"valueName\":\"search_term_string\"}}],\"inLanguage\":\"it-IT\"}]}<\/script>\n<!-- \/ Yoast SEO plugin. -->","yoast_head_json":{"title":"FASCIATOIO CHERRY FIORI - Pasito a Pasito","robots":{"index":"index","follow":"follow","max-snippet":"max-snippet:-1","max-image-preview":"max-image-preview:large","max-video-preview":"max-video-preview:-1"},"canonical":"https:\/\/pasitoapasito.es\/it\/prodotto\/fasciatoio-cherry-fiori\/","og_locale":"it_IT","og_type":"article","og_title":"FASCIATOIO CHERRY FIORI - Pasito a Pasito","og_description":"Il fasciatoio Cherry Flores di Pasito a pasito, realizzato in tela di cotone 100% con una delicata stampa floreale, \u00e8 un modello molto comodo, pratico e facile da trasportare. Un modello appositamente studiato per essere utilizzato quando \u00e8 necessario cambiare il bambino. \u00c8 pieghevole per facilitarne l&#8217; e il trasporto ovunque. \u00c8 un design elegante [&hellip;]","og_url":"https:\/\/pasitoapasito.es\/it\/prodotto\/fasciatoio-cherry-fiori\/","og_site_name":"Pasito a Pasito","og_image":[{"width":1800,"height":1800,"url":"https:\/\/pasitoapasito.es\/wp-content\/uploads\/2025\/09\/1120900544_a-1.jpg","type":"image\/jpeg"}],"twitter_card":"summary_large_image","twitter_misc":{"Tempo di lettura stimato":"1 minuto"},"schema":{"@context":"https:\/\/schema.org","@graph":[{"@type":"WebPage","@id":"https:\/\/pasitoapasito.es\/it\/prodotto\/fasciatoio-cherry-fiori\/","url":"https:\/\/pasitoapasito.es\/it\/prodotto\/fasciatoio-cherry-fiori\/","name":"FASCIATOIO CHERRY FIORI - Pasito a Pasito","isPartOf":{"@id":"https:\/\/pasitoapasito.es\/fr\/#website"},"primaryImageOfPage":{"@id":"https:\/\/pasitoapasito.es\/it\/prodotto\/fasciatoio-cherry-fiori\/#primaryimage"},"image":{"@id":"https:\/\/pasitoapasito.es\/it\/prodotto\/fasciatoio-cherry-fiori\/#primaryimage"},"thumbnailUrl":"https:\/\/pasitoapasito.es\/wp-content\/uploads\/2025\/09\/1120900544_a-1.jpg","datePublished":"2025-09-25T09:22:21+00:00","breadcrumb":{"@id":"https:\/\/pasitoapasito.es\/it\/prodotto\/fasciatoio-cherry-fiori\/#breadcrumb"},"inLanguage":"it-IT","potentialAction":[{"@type":"ReadAction","target":["https:\/\/pasitoapasito.es\/it\/prodotto\/fasciatoio-cherry-fiori\/"]}]},{"@type":"ImageObject","inLanguage":"it-IT","@id":"https:\/\/pasitoapasito.es\/it\/prodotto\/fasciatoio-cherry-fiori\/#primaryimage","url":"https:\/\/pasitoapasito.es\/wp-content\/uploads\/2025\/09\/1120900544_a-1.jpg","contentUrl":"https:\/\/pasitoapasito.es\/wp-content\/uploads\/2025\/09\/1120900544_a-1.jpg","width":1800,"height":1800},{"@type":"BreadcrumbList","@id":"https:\/\/pasitoapasito.es\/it\/prodotto\/fasciatoio-cherry-fiori\/#breadcrumb","itemListElement":[{"@type":"ListItem","position":1,"name":"Tienda","item":"https:\/\/pasitoapasito.es\/tienda\/"},{"@type":"ListItem","position":2,"name":"FASCIATOIO CHERRY FIORI"}]},{"@type":"WebSite","@id":"https:\/\/pasitoapasito.es\/fr\/#website","url":"https:\/\/pasitoapasito.es\/fr\/","name":"Pasito a Pasito","description":"","potentialAction":[{"@type":"SearchAction","target":{"@type":"EntryPoint","urlTemplate":"https:\/\/pasitoapasito.es\/fr\/?s={search_term_string}"},"query-input":{"@type":"PropertyValueSpecification","valueRequired":true,"valueName":"search_term_string"}}],"inLanguage":"it-IT"}]}},"_links":{"self":[{"href":"https:\/\/pasitoapasito.es\/it\/wp-json\/wp\/v2\/product\/43819","targetHints":{"allow":["GET"]}}],"collection":[{"href":"https:\/\/pasitoapasito.es\/it\/wp-json\/wp\/v2\/product"}],"about":[{"href":"https:\/\/pasitoapasito.es\/it\/wp-json\/wp\/v2\/types\/product"}],"replies":[{"embeddable":true,"href":"https:\/\/pasitoapasito.es\/it\/wp-json\/wp\/v2\/comments?post=43819"}],"wp:featuredmedia":[{"embeddable":true,"href":"https:\/\/pasitoapasito.es\/it\/wp-json\/wp\/v2\/media\/42826"}],"wp:attachment":[{"href":"https:\/\/pasitoapasito.es\/it\/wp-json\/wp\/v2\/media?parent=43819"}],"wp:term":[{"taxonomy":"colecciones","embeddable":true,"href":"https:\/\/pasitoapasito.es\/it\/wp-json\/wp\/v2\/colecciones?post=43819"},{"taxonomy":"product_brand","embeddable":true,"href":"https:\/\/pasitoapasito.es\/it\/wp-json\/wp\/v2\/product_brand?post=43819"},{"taxonomy":"product_cat","embeddable":true,"href":"https:\/\/pasitoapasito.es\/it\/wp-json\/wp\/v2\/product_cat?post=43819"},{"taxonomy":"product_tag","embeddable":true,"href":"https:\/\/pasitoapasito.es\/it\/wp-json\/wp\/v2\/product_tag?post=43819"}],"curies":[{"name":"wp","href":"https:\/\/api.w.org\/{rel}","templated":true}]}}