{"id":43818,"date":"2025-09-25T09:22:21","date_gmt":"2025-09-25T09:22:21","guid":{"rendered":"https:\/\/pasitoapasito.es\/?post_type=product&#038;p=43818"},"modified":"2025-09-25T09:22:21","modified_gmt":"2025-09-25T09:22:21","slug":"valigia-cherry-velvet","status":"publish","type":"product","link":"https:\/\/pasitoapasito.es\/it\/prodotto\/valigia-cherry-velvet\/","title":{"rendered":"VALIGIA CHERRY VELVET"},"content":{"rendered":"<p>La valigia per neonati Cherry Velvet di Pasito a pasito \u00e8 la borsa perfetta per l&#8217;ospedale\/clinica, un modello unico e di grande stile, pensato appositamente per trasportare tutto il necessario per te, il pap\u00e0 e il bambino. \u00c8 realizzata in velluto di cotone 100%. Il trattamento impermeabile la rende resistente all&#8217;acqua, garantendo protezione e durata nel tempo. La sua forma rettangolare offre comodit\u00e0 per soddisfare tutte le tue esigenze (cambi o accessori) durante il giorno della nascita del bambino. \u00c8 un design semplice, moderno e pratico che offre una grande capacit\u00e0 per trasportare molte cose ed \u00e8 facile da aprire per trovare rapidamente tutto ci\u00f2 che hai riposto. \u00c8 dotata di una tracolla lunga per appenderla a spalla e di due manici corti per trasportarla a mano, se preferisci. Finiture di qualit\u00e0. La valigia per l&#8217;ospedale ha una fodera interna con elastici per tenere fermi i vestiti e si chiude in modo sicuro con una cerniera su due lati che permette di aprire completamente il coperchio. Realizzata con materiali di alta qualit\u00e0, privi di coloranti azoici, ftalati e sostanze nocive per la salute. Inoltre, pu\u00f2 essere lavata a mano o in lavatrice a una temperatura massima di 30\u00ba. I prodotti per neonati di Pasito a Pasito hanno un design molto diverso da tutti gli altri. Le loro collezioni sono caratterizzate da una lavorazione accurata, sempre pensata da un punto di vista pratico. Utilizzano materiali di prima qualit\u00e0 per sottolineare l&#8217;eleganza e l&#8217;armonia di ogni singolo pezzo. I nostri modelli sono esclusivi e dallo stile inconfondibile, pensati per le mamme moderne che hanno buon gusto e apprezzano i dettagli tanto quanto noi. Specifiche: Materiali: ecopelle. Colore: rosa. Misure: 44X36X16 cm.<\/p>\n","protected":false},"excerpt":{"rendered":"<p>La valigia per neonati Cherry Velvet di Pasito a pasito \u00e8 la borsa perfetta per l&#8217;ospedale\/clinica, un modello unico e di grande stile, pensato appositamente per trasportare tutto il necessario per te, il pap\u00e0 e il bambino. \u00c8 realizzata in velluto di cotone 100%. Il trattamento impermeabile la rende resistente all&#8217;acqua, garantendo protezione e durata [&hellip;]<\/p>\n","protected":false},"featured_media":42801,"comment_status":"closed","ping_status":"closed","template":"","meta":{"_acf_changed":false,"inline_featured_image":false},"colecciones":[353],"product_brand":[],"product_cat":[134],"product_tag":[],"class_list":{"0":"post-43818","1":"product","2":"type-product","3":"status-publish","4":"has-post-thumbnail","6":"colecciones-collezione-cherry","7":"product_cat-valigie","9":"first","10":"instock","11":"purchasable","12":"product-type-simple"},"acf":[],"yoast_head":"<!-- This site is optimized with the Yoast SEO plugin v27.4 - https:\/\/yoast.com\/product\/yoast-seo-wordpress\/ -->\n<title>VALIGIA CHERRY VELVET - Pasito a Pasito<\/title>\n<meta name=\"robots\" content=\"index, follow, max-snippet:-1, max-image-preview:large, max-video-preview:-1\" \/>\n<link rel=\"canonical\" href=\"https:\/\/pasitoapasito.es\/it\/prodotto\/valigia-cherry-velvet\/\" \/>\n<meta property=\"og:locale\" content=\"it_IT\" \/>\n<meta property=\"og:type\" content=\"article\" \/>\n<meta property=\"og:title\" content=\"VALIGIA CHERRY VELVET - Pasito a Pasito\" \/>\n<meta property=\"og:description\" content=\"La valigia per neonati Cherry Velvet di Pasito a pasito \u00e8 la borsa perfetta per l&#8217;ospedale\/clinica, un modello unico e di grande stile, pensato appositamente per trasportare tutto il necessario per te, il pap\u00e0 e il bambino. \u00c8 realizzata in velluto di cotone 100%. Il trattamento impermeabile la rende resistente all&#8217;acqua, garantendo protezione e durata [&hellip;]\" \/>\n<meta property=\"og:url\" content=\"https:\/\/pasitoapasito.es\/it\/prodotto\/valigia-cherry-velvet\/\" \/>\n<meta property=\"og:site_name\" content=\"Pasito a Pasito\" \/>\n<meta property=\"og:image\" content=\"https:\/\/pasitoapasito.es\/wp-content\/uploads\/2025\/09\/1120900543_a-1.jpg\" \/>\n\t<meta property=\"og:image:width\" content=\"1800\" \/>\n\t<meta property=\"og:image:height\" content=\"1800\" \/>\n\t<meta property=\"og:image:type\" content=\"image\/jpeg\" \/>\n<meta name=\"twitter:card\" content=\"summary_large_image\" \/>\n<meta name=\"twitter:label1\" content=\"Tempo di lettura stimato\" \/>\n\t<meta name=\"twitter:data1\" content=\"1 minuto\" \/>\n<script type=\"application\/ld+json\" class=\"yoast-schema-graph\">{\"@context\":\"https:\\\/\\\/schema.org\",\"@graph\":[{\"@type\":\"WebPage\",\"@id\":\"https:\\\/\\\/pasitoapasito.es\\\/it\\\/prodotto\\\/valigia-cherry-velvet\\\/\",\"url\":\"https:\\\/\\\/pasitoapasito.es\\\/it\\\/prodotto\\\/valigia-cherry-velvet\\\/\",\"name\":\"VALIGIA CHERRY VELVET - Pasito a Pasito\",\"isPartOf\":{\"@id\":\"https:\\\/\\\/pasitoapasito.es\\\/fr\\\/#website\"},\"primaryImageOfPage\":{\"@id\":\"https:\\\/\\\/pasitoapasito.es\\\/it\\\/prodotto\\\/valigia-cherry-velvet\\\/#primaryimage\"},\"image\":{\"@id\":\"https:\\\/\\\/pasitoapasito.es\\\/it\\\/prodotto\\\/valigia-cherry-velvet\\\/#primaryimage\"},\"thumbnailUrl\":\"https:\\\/\\\/pasitoapasito.es\\\/wp-content\\\/uploads\\\/2025\\\/09\\\/1120900543_a-1.jpg\",\"datePublished\":\"2025-09-25T09:22:21+00:00\",\"breadcrumb\":{\"@id\":\"https:\\\/\\\/pasitoapasito.es\\\/it\\\/prodotto\\\/valigia-cherry-velvet\\\/#breadcrumb\"},\"inLanguage\":\"it-IT\",\"potentialAction\":[{\"@type\":\"ReadAction\",\"target\":[\"https:\\\/\\\/pasitoapasito.es\\\/it\\\/prodotto\\\/valigia-cherry-velvet\\\/\"]}]},{\"@type\":\"ImageObject\",\"inLanguage\":\"it-IT\",\"@id\":\"https:\\\/\\\/pasitoapasito.es\\\/it\\\/prodotto\\\/valigia-cherry-velvet\\\/#primaryimage\",\"url\":\"https:\\\/\\\/pasitoapasito.es\\\/wp-content\\\/uploads\\\/2025\\\/09\\\/1120900543_a-1.jpg\",\"contentUrl\":\"https:\\\/\\\/pasitoapasito.es\\\/wp-content\\\/uploads\\\/2025\\\/09\\\/1120900543_a-1.jpg\",\"width\":1800,\"height\":1800},{\"@type\":\"BreadcrumbList\",\"@id\":\"https:\\\/\\\/pasitoapasito.es\\\/it\\\/prodotto\\\/valigia-cherry-velvet\\\/#breadcrumb\",\"itemListElement\":[{\"@type\":\"ListItem\",\"position\":1,\"name\":\"Tienda\",\"item\":\"https:\\\/\\\/pasitoapasito.es\\\/tienda\\\/\"},{\"@type\":\"ListItem\",\"position\":2,\"name\":\"VALIGIA CHERRY VELVET\"}]},{\"@type\":\"WebSite\",\"@id\":\"https:\\\/\\\/pasitoapasito.es\\\/fr\\\/#website\",\"url\":\"https:\\\/\\\/pasitoapasito.es\\\/fr\\\/\",\"name\":\"Pasito a Pasito\",\"description\":\"\",\"potentialAction\":[{\"@type\":\"SearchAction\",\"target\":{\"@type\":\"EntryPoint\",\"urlTemplate\":\"https:\\\/\\\/pasitoapasito.es\\\/fr\\\/?s={search_term_string}\"},\"query-input\":{\"@type\":\"PropertyValueSpecification\",\"valueRequired\":true,\"valueName\":\"search_term_string\"}}],\"inLanguage\":\"it-IT\"}]}<\/script>\n<!-- \/ Yoast SEO plugin. -->","yoast_head_json":{"title":"VALIGIA CHERRY VELVET - Pasito a Pasito","robots":{"index":"index","follow":"follow","max-snippet":"max-snippet:-1","max-image-preview":"max-image-preview:large","max-video-preview":"max-video-preview:-1"},"canonical":"https:\/\/pasitoapasito.es\/it\/prodotto\/valigia-cherry-velvet\/","og_locale":"it_IT","og_type":"article","og_title":"VALIGIA CHERRY VELVET - Pasito a Pasito","og_description":"La valigia per neonati Cherry Velvet di Pasito a pasito \u00e8 la borsa perfetta per l&#8217;ospedale\/clinica, un modello unico e di grande stile, pensato appositamente per trasportare tutto il necessario per te, il pap\u00e0 e il bambino. \u00c8 realizzata in velluto di cotone 100%. Il trattamento impermeabile la rende resistente all&#8217;acqua, garantendo protezione e durata [&hellip;]","og_url":"https:\/\/pasitoapasito.es\/it\/prodotto\/valigia-cherry-velvet\/","og_site_name":"Pasito a Pasito","og_image":[{"width":1800,"height":1800,"url":"https:\/\/pasitoapasito.es\/wp-content\/uploads\/2025\/09\/1120900543_a-1.jpg","type":"image\/jpeg"}],"twitter_card":"summary_large_image","twitter_misc":{"Tempo di lettura stimato":"1 minuto"},"schema":{"@context":"https:\/\/schema.org","@graph":[{"@type":"WebPage","@id":"https:\/\/pasitoapasito.es\/it\/prodotto\/valigia-cherry-velvet\/","url":"https:\/\/pasitoapasito.es\/it\/prodotto\/valigia-cherry-velvet\/","name":"VALIGIA CHERRY VELVET - Pasito a Pasito","isPartOf":{"@id":"https:\/\/pasitoapasito.es\/fr\/#website"},"primaryImageOfPage":{"@id":"https:\/\/pasitoapasito.es\/it\/prodotto\/valigia-cherry-velvet\/#primaryimage"},"image":{"@id":"https:\/\/pasitoapasito.es\/it\/prodotto\/valigia-cherry-velvet\/#primaryimage"},"thumbnailUrl":"https:\/\/pasitoapasito.es\/wp-content\/uploads\/2025\/09\/1120900543_a-1.jpg","datePublished":"2025-09-25T09:22:21+00:00","breadcrumb":{"@id":"https:\/\/pasitoapasito.es\/it\/prodotto\/valigia-cherry-velvet\/#breadcrumb"},"inLanguage":"it-IT","potentialAction":[{"@type":"ReadAction","target":["https:\/\/pasitoapasito.es\/it\/prodotto\/valigia-cherry-velvet\/"]}]},{"@type":"ImageObject","inLanguage":"it-IT","@id":"https:\/\/pasitoapasito.es\/it\/prodotto\/valigia-cherry-velvet\/#primaryimage","url":"https:\/\/pasitoapasito.es\/wp-content\/uploads\/2025\/09\/1120900543_a-1.jpg","contentUrl":"https:\/\/pasitoapasito.es\/wp-content\/uploads\/2025\/09\/1120900543_a-1.jpg","width":1800,"height":1800},{"@type":"BreadcrumbList","@id":"https:\/\/pasitoapasito.es\/it\/prodotto\/valigia-cherry-velvet\/#breadcrumb","itemListElement":[{"@type":"ListItem","position":1,"name":"Tienda","item":"https:\/\/pasitoapasito.es\/tienda\/"},{"@type":"ListItem","position":2,"name":"VALIGIA CHERRY VELVET"}]},{"@type":"WebSite","@id":"https:\/\/pasitoapasito.es\/fr\/#website","url":"https:\/\/pasitoapasito.es\/fr\/","name":"Pasito a Pasito","description":"","potentialAction":[{"@type":"SearchAction","target":{"@type":"EntryPoint","urlTemplate":"https:\/\/pasitoapasito.es\/fr\/?s={search_term_string}"},"query-input":{"@type":"PropertyValueSpecification","valueRequired":true,"valueName":"search_term_string"}}],"inLanguage":"it-IT"}]}},"_links":{"self":[{"href":"https:\/\/pasitoapasito.es\/it\/wp-json\/wp\/v2\/product\/43818","targetHints":{"allow":["GET"]}}],"collection":[{"href":"https:\/\/pasitoapasito.es\/it\/wp-json\/wp\/v2\/product"}],"about":[{"href":"https:\/\/pasitoapasito.es\/it\/wp-json\/wp\/v2\/types\/product"}],"replies":[{"embeddable":true,"href":"https:\/\/pasitoapasito.es\/it\/wp-json\/wp\/v2\/comments?post=43818"}],"wp:featuredmedia":[{"embeddable":true,"href":"https:\/\/pasitoapasito.es\/it\/wp-json\/wp\/v2\/media\/42801"}],"wp:attachment":[{"href":"https:\/\/pasitoapasito.es\/it\/wp-json\/wp\/v2\/media?parent=43818"}],"wp:term":[{"taxonomy":"colecciones","embeddable":true,"href":"https:\/\/pasitoapasito.es\/it\/wp-json\/wp\/v2\/colecciones?post=43818"},{"taxonomy":"product_brand","embeddable":true,"href":"https:\/\/pasitoapasito.es\/it\/wp-json\/wp\/v2\/product_brand?post=43818"},{"taxonomy":"product_cat","embeddable":true,"href":"https:\/\/pasitoapasito.es\/it\/wp-json\/wp\/v2\/product_cat?post=43818"},{"taxonomy":"product_tag","embeddable":true,"href":"https:\/\/pasitoapasito.es\/it\/wp-json\/wp\/v2\/product_tag?post=43818"}],"curies":[{"name":"wp","href":"https:\/\/api.w.org\/{rel}","templated":true}]}}