{"id":40321,"date":"2025-07-11T06:40:49","date_gmt":"2025-07-11T06:40:49","guid":{"rendered":"https:\/\/pasitoapasito.es\/?post_type=product&#038;p=40321"},"modified":"2025-07-11T09:16:35","modified_gmt":"2025-07-11T09:16:35","slug":"sacco-nanna-tricot-beige","status":"publish","type":"product","link":"https:\/\/pasitoapasito.es\/it\/prodotto\/sacco-nanna-tricot-beige\/","title":{"rendered":"SACCO NANNA  TRICOT BEIGE"},"content":{"rendered":"<p>Il sacco nanna per neonati Tricot beige di Pasito a Pasito \u00e8 ideale per garantire al tuo bambino comfort e protezione nei suoi primi giorni. Con un elegante e delicato motivo a punto riso con finitura uncinetto ondulato, unisce stile, morbidezza e funzionalit\u00e0. Materiali 100% cotone. Esterno in tricot e fodera interna in morbida mussola di cotone per un delicato contatto con la pelle del bambino. La chiusura a clip consente di inserire e rimuovere facilmente il bambino. Include un sacchetto con cordino logato, ideale come regalo. Alta qualit\u00e0 e stile. Tutte le nostre coperture sono realizzate in conformit\u00e0 con i pi\u00f9 rigorosi standard europei. Certificazione SVHC \/ EN-14362 Azo-free, priva di sostanze nocive. Facile da pulire, si consiglia il lavaggio in lavatrice a 30\u00b0C. I prodotti per neonati Pasito a Pasito presentano un design molto distintivo. Le nostre collezioni sono caratterizzate da una lavorazione dettagliata, sempre progettata con un occhio di riguardo alla praticit\u00e0. Utilizzano materiali di alta qualit\u00e0 per esaltare l&#8217;eleganza e l&#8217;armonia di ogni pezzo. I nostri design esclusivi presentano uno stile distintivo, pensato per le mamme di oggi che hanno buon gusto e apprezzano i dettagli tanto quanto noi. Dimensioni: 71 x 42 cm.<\/p>\n","protected":false},"excerpt":{"rendered":"<p>Il sacco nanna per neonati Tricot beige di Pasito a Pasito \u00e8 ideale per garantire al tuo bambino comfort e protezione nei suoi primi giorni. Con un elegante e delicato motivo a punto riso con finitura uncinetto ondulato, unisce stile, morbidezza e funzionalit\u00e0. Materiali 100% cotone. Esterno in tricot e fodera interna in morbida mussola [&hellip;]<\/p>\n","protected":false},"featured_media":39546,"comment_status":"closed","ping_status":"closed","template":"","meta":{"_acf_changed":false,"inline_featured_image":false},"colecciones":[339],"product_brand":[],"product_cat":[342],"product_tag":[],"class_list":{"0":"post-40321","1":"product","2":"type-product","3":"status-publish","4":"has-post-thumbnail","6":"colecciones-collezione-tricot","7":"product_cat-newborn-it","9":"first","10":"instock","11":"purchasable","12":"product-type-simple"},"acf":[],"yoast_head":"<!-- This site is optimized with the Yoast SEO plugin v27.5 - https:\/\/yoast.com\/product\/yoast-seo-wordpress\/ -->\n<title>SACCO NANNA TRICOT BEIGE - Pasito a Pasito<\/title>\n<meta name=\"robots\" content=\"index, follow, max-snippet:-1, max-image-preview:large, max-video-preview:-1\" \/>\n<link rel=\"canonical\" href=\"https:\/\/pasitoapasito.es\/it\/prodotto\/sacco-nanna-tricot-beige\/\" \/>\n<meta property=\"og:locale\" content=\"it_IT\" \/>\n<meta property=\"og:type\" content=\"article\" \/>\n<meta property=\"og:title\" content=\"SACCO NANNA TRICOT BEIGE - Pasito a Pasito\" \/>\n<meta property=\"og:description\" content=\"Il sacco nanna per neonati Tricot beige di Pasito a Pasito \u00e8 ideale per garantire al tuo bambino comfort e protezione nei suoi primi giorni. Con un elegante e delicato motivo a punto riso con finitura uncinetto ondulato, unisce stile, morbidezza e funzionalit\u00e0. Materiali 100% cotone. Esterno in tricot e fodera interna in morbida mussola [&hellip;]\" \/>\n<meta property=\"og:url\" content=\"https:\/\/pasitoapasito.es\/it\/prodotto\/sacco-nanna-tricot-beige\/\" \/>\n<meta property=\"og:site_name\" content=\"Pasito a Pasito\" \/>\n<meta property=\"article:modified_time\" content=\"2025-07-11T09:16:35+00:00\" \/>\n<meta property=\"og:image\" content=\"https:\/\/pasitoapasito.es\/wp-content\/uploads\/2025\/07\/1120900488_a-1.jpg\" \/>\n\t<meta property=\"og:image:width\" content=\"1800\" \/>\n\t<meta property=\"og:image:height\" content=\"1800\" \/>\n\t<meta property=\"og:image:type\" content=\"image\/jpeg\" \/>\n<meta name=\"twitter:card\" content=\"summary_large_image\" \/>\n<meta name=\"twitter:label1\" content=\"Tempo di lettura stimato\" \/>\n\t<meta name=\"twitter:data1\" content=\"2 minuti\" \/>\n<script type=\"application\/ld+json\" class=\"yoast-schema-graph\">{\"@context\":\"https:\\\/\\\/schema.org\",\"@graph\":[{\"@type\":\"WebPage\",\"@id\":\"https:\\\/\\\/pasitoapasito.es\\\/it\\\/prodotto\\\/sacco-nanna-tricot-beige\\\/\",\"url\":\"https:\\\/\\\/pasitoapasito.es\\\/it\\\/prodotto\\\/sacco-nanna-tricot-beige\\\/\",\"name\":\"SACCO NANNA TRICOT BEIGE - Pasito a Pasito\",\"isPartOf\":{\"@id\":\"https:\\\/\\\/pasitoapasito.es\\\/fr\\\/#website\"},\"primaryImageOfPage\":{\"@id\":\"https:\\\/\\\/pasitoapasito.es\\\/it\\\/prodotto\\\/sacco-nanna-tricot-beige\\\/#primaryimage\"},\"image\":{\"@id\":\"https:\\\/\\\/pasitoapasito.es\\\/it\\\/prodotto\\\/sacco-nanna-tricot-beige\\\/#primaryimage\"},\"thumbnailUrl\":\"https:\\\/\\\/pasitoapasito.es\\\/wp-content\\\/uploads\\\/2025\\\/07\\\/1120900488_a-1.jpg\",\"datePublished\":\"2025-07-11T06:40:49+00:00\",\"dateModified\":\"2025-07-11T09:16:35+00:00\",\"breadcrumb\":{\"@id\":\"https:\\\/\\\/pasitoapasito.es\\\/it\\\/prodotto\\\/sacco-nanna-tricot-beige\\\/#breadcrumb\"},\"inLanguage\":\"it-IT\",\"potentialAction\":[{\"@type\":\"ReadAction\",\"target\":[\"https:\\\/\\\/pasitoapasito.es\\\/it\\\/prodotto\\\/sacco-nanna-tricot-beige\\\/\"]}]},{\"@type\":\"ImageObject\",\"inLanguage\":\"it-IT\",\"@id\":\"https:\\\/\\\/pasitoapasito.es\\\/it\\\/prodotto\\\/sacco-nanna-tricot-beige\\\/#primaryimage\",\"url\":\"https:\\\/\\\/pasitoapasito.es\\\/wp-content\\\/uploads\\\/2025\\\/07\\\/1120900488_a-1.jpg\",\"contentUrl\":\"https:\\\/\\\/pasitoapasito.es\\\/wp-content\\\/uploads\\\/2025\\\/07\\\/1120900488_a-1.jpg\",\"width\":1800,\"height\":1800},{\"@type\":\"BreadcrumbList\",\"@id\":\"https:\\\/\\\/pasitoapasito.es\\\/it\\\/prodotto\\\/sacco-nanna-tricot-beige\\\/#breadcrumb\",\"itemListElement\":[{\"@type\":\"ListItem\",\"position\":1,\"name\":\"Tienda\",\"item\":\"https:\\\/\\\/pasitoapasito.es\\\/tienda\\\/\"},{\"@type\":\"ListItem\",\"position\":2,\"name\":\"SACCO NANNA TRICOT BEIGE\"}]},{\"@type\":\"WebSite\",\"@id\":\"https:\\\/\\\/pasitoapasito.es\\\/fr\\\/#website\",\"url\":\"https:\\\/\\\/pasitoapasito.es\\\/fr\\\/\",\"name\":\"Pasito a Pasito\",\"description\":\"\",\"potentialAction\":[{\"@type\":\"SearchAction\",\"target\":{\"@type\":\"EntryPoint\",\"urlTemplate\":\"https:\\\/\\\/pasitoapasito.es\\\/fr\\\/?s={search_term_string}\"},\"query-input\":{\"@type\":\"PropertyValueSpecification\",\"valueRequired\":true,\"valueName\":\"search_term_string\"}}],\"inLanguage\":\"it-IT\"}]}<\/script>\n<!-- \/ Yoast SEO plugin. -->","yoast_head_json":{"title":"SACCO NANNA TRICOT BEIGE - Pasito a Pasito","robots":{"index":"index","follow":"follow","max-snippet":"max-snippet:-1","max-image-preview":"max-image-preview:large","max-video-preview":"max-video-preview:-1"},"canonical":"https:\/\/pasitoapasito.es\/it\/prodotto\/sacco-nanna-tricot-beige\/","og_locale":"it_IT","og_type":"article","og_title":"SACCO NANNA TRICOT BEIGE - Pasito a Pasito","og_description":"Il sacco nanna per neonati Tricot beige di Pasito a Pasito \u00e8 ideale per garantire al tuo bambino comfort e protezione nei suoi primi giorni. Con un elegante e delicato motivo a punto riso con finitura uncinetto ondulato, unisce stile, morbidezza e funzionalit\u00e0. Materiali 100% cotone. Esterno in tricot e fodera interna in morbida mussola [&hellip;]","og_url":"https:\/\/pasitoapasito.es\/it\/prodotto\/sacco-nanna-tricot-beige\/","og_site_name":"Pasito a Pasito","article_modified_time":"2025-07-11T09:16:35+00:00","og_image":[{"width":1800,"height":1800,"url":"https:\/\/pasitoapasito.es\/wp-content\/uploads\/2025\/07\/1120900488_a-1.jpg","type":"image\/jpeg"}],"twitter_card":"summary_large_image","twitter_misc":{"Tempo di lettura stimato":"2 minuti"},"schema":{"@context":"https:\/\/schema.org","@graph":[{"@type":"WebPage","@id":"https:\/\/pasitoapasito.es\/it\/prodotto\/sacco-nanna-tricot-beige\/","url":"https:\/\/pasitoapasito.es\/it\/prodotto\/sacco-nanna-tricot-beige\/","name":"SACCO NANNA TRICOT BEIGE - Pasito a Pasito","isPartOf":{"@id":"https:\/\/pasitoapasito.es\/fr\/#website"},"primaryImageOfPage":{"@id":"https:\/\/pasitoapasito.es\/it\/prodotto\/sacco-nanna-tricot-beige\/#primaryimage"},"image":{"@id":"https:\/\/pasitoapasito.es\/it\/prodotto\/sacco-nanna-tricot-beige\/#primaryimage"},"thumbnailUrl":"https:\/\/pasitoapasito.es\/wp-content\/uploads\/2025\/07\/1120900488_a-1.jpg","datePublished":"2025-07-11T06:40:49+00:00","dateModified":"2025-07-11T09:16:35+00:00","breadcrumb":{"@id":"https:\/\/pasitoapasito.es\/it\/prodotto\/sacco-nanna-tricot-beige\/#breadcrumb"},"inLanguage":"it-IT","potentialAction":[{"@type":"ReadAction","target":["https:\/\/pasitoapasito.es\/it\/prodotto\/sacco-nanna-tricot-beige\/"]}]},{"@type":"ImageObject","inLanguage":"it-IT","@id":"https:\/\/pasitoapasito.es\/it\/prodotto\/sacco-nanna-tricot-beige\/#primaryimage","url":"https:\/\/pasitoapasito.es\/wp-content\/uploads\/2025\/07\/1120900488_a-1.jpg","contentUrl":"https:\/\/pasitoapasito.es\/wp-content\/uploads\/2025\/07\/1120900488_a-1.jpg","width":1800,"height":1800},{"@type":"BreadcrumbList","@id":"https:\/\/pasitoapasito.es\/it\/prodotto\/sacco-nanna-tricot-beige\/#breadcrumb","itemListElement":[{"@type":"ListItem","position":1,"name":"Tienda","item":"https:\/\/pasitoapasito.es\/tienda\/"},{"@type":"ListItem","position":2,"name":"SACCO NANNA TRICOT BEIGE"}]},{"@type":"WebSite","@id":"https:\/\/pasitoapasito.es\/fr\/#website","url":"https:\/\/pasitoapasito.es\/fr\/","name":"Pasito a Pasito","description":"","potentialAction":[{"@type":"SearchAction","target":{"@type":"EntryPoint","urlTemplate":"https:\/\/pasitoapasito.es\/fr\/?s={search_term_string}"},"query-input":{"@type":"PropertyValueSpecification","valueRequired":true,"valueName":"search_term_string"}}],"inLanguage":"it-IT"}]}},"_links":{"self":[{"href":"https:\/\/pasitoapasito.es\/it\/wp-json\/wp\/v2\/product\/40321","targetHints":{"allow":["GET"]}}],"collection":[{"href":"https:\/\/pasitoapasito.es\/it\/wp-json\/wp\/v2\/product"}],"about":[{"href":"https:\/\/pasitoapasito.es\/it\/wp-json\/wp\/v2\/types\/product"}],"replies":[{"embeddable":true,"href":"https:\/\/pasitoapasito.es\/it\/wp-json\/wp\/v2\/comments?post=40321"}],"wp:featuredmedia":[{"embeddable":true,"href":"https:\/\/pasitoapasito.es\/it\/wp-json\/wp\/v2\/media\/39546"}],"wp:attachment":[{"href":"https:\/\/pasitoapasito.es\/it\/wp-json\/wp\/v2\/media?parent=40321"}],"wp:term":[{"taxonomy":"colecciones","embeddable":true,"href":"https:\/\/pasitoapasito.es\/it\/wp-json\/wp\/v2\/colecciones?post=40321"},{"taxonomy":"product_brand","embeddable":true,"href":"https:\/\/pasitoapasito.es\/it\/wp-json\/wp\/v2\/product_brand?post=40321"},{"taxonomy":"product_cat","embeddable":true,"href":"https:\/\/pasitoapasito.es\/it\/wp-json\/wp\/v2\/product_cat?post=40321"},{"taxonomy":"product_tag","embeddable":true,"href":"https:\/\/pasitoapasito.es\/it\/wp-json\/wp\/v2\/product_tag?post=40321"}],"curies":[{"name":"wp","href":"https:\/\/api.w.org\/{rel}","templated":true}]}}