{"id":39325,"date":"2025-03-25T09:07:50","date_gmt":"2025-03-25T09:09:35","guid":{"rendered":"https:\/\/pasitoapasito.es\/?post_type=product&#038;p=39325"},"modified":"2025-03-25T09:33:56","modified_gmt":"2025-03-25T09:33:56","slug":"giocattolo-attivita-piccolo-cervo-nara","status":"publish","type":"product","link":"https:\/\/pasitoapasito.es\/it\/prodotto\/giocattolo-attivita-piccolo-cervo-nara\/","title":{"rendered":"GIOCATTOLO ATTIVIT\u00c0 PICCOLO CERVO NARA"},"content":{"rendered":"<p>Il giocattolo a spirale con cerbiatto della collezione Nara di Pasito a Pasito \u00e8 l\u2019accessorio perfetto per stimolare e intrattenere il tuo beb\u00e9. Realizzato con materiali ultra morbidi come velour e peluche, \u00e8 ideale da appendere al passeggino o al seggiolino dell\u2019auto, offrendo ore di divertimento e apprendimento. Facile da fissare e adattabile a diverse superfici, include pendenti con varie texture, forme e suoni per favorire lo sviluppo del beb\u00e9. Il suo adorabile design a forma di cerbiatto con tonalit\u00e0 neutre ed eleganti aggiunge un tocco di dolcezza all\u2019ambiente del tuo beb\u00e9. Privo di pezzi piccoli o elementi pericolosi, \u00e8 un giocattolo sicuro e stimolante. Pasito a Pasito protegge il tuo beb\u00e9 utilizzando i migliori tessuti, privi di coloranti azoici e sostanze nocive per la salute. Conforme alla normativa europea EN-71 sulla sicurezza dei giocattoli, adatto dai 0 mesi in su.<\/p>\n","protected":false},"excerpt":{"rendered":"<p>Il giocattolo a spirale con cerbiatto della collezione Nara di Pasito a Pasito \u00e8 l\u2019accessorio perfetto per stimolare e intrattenere il tuo beb\u00e9. Realizzato con materiali ultra morbidi come velour e peluche, \u00e8 ideale da appendere al passeggino o al seggiolino dell\u2019auto, offrendo ore di divertimento e apprendimento. Facile da fissare e adattabile a diverse [&hellip;]<\/p>\n","protected":false},"featured_media":39215,"comment_status":"closed","ping_status":"closed","template":"","meta":{"_acf_changed":false,"inline_featured_image":false},"colecciones":[333],"product_brand":[],"product_cat":[197],"product_tag":[],"class_list":{"0":"post-39325","1":"product","2":"type-product","3":"status-publish","4":"has-post-thumbnail","6":"colecciones-collezione-nara","7":"product_cat-peluche-e-accessori","9":"first","10":"instock","11":"purchasable","12":"product-type-simple"},"acf":[],"yoast_head":"<!-- This site is optimized with the Yoast SEO plugin v27.4 - https:\/\/yoast.com\/product\/yoast-seo-wordpress\/ -->\n<title>GIOCATTOLO ATTIVIT\u00c0 PICCOLO CERVO NARA - Pasito a Pasito<\/title>\n<meta name=\"robots\" content=\"index, follow, max-snippet:-1, max-image-preview:large, max-video-preview:-1\" \/>\n<link rel=\"canonical\" href=\"https:\/\/pasitoapasito.es\/it\/prodotto\/giocattolo-attivita-piccolo-cervo-nara\/\" \/>\n<meta property=\"og:locale\" content=\"it_IT\" \/>\n<meta property=\"og:type\" content=\"article\" \/>\n<meta property=\"og:title\" content=\"GIOCATTOLO ATTIVIT\u00c0 PICCOLO CERVO NARA - Pasito a Pasito\" \/>\n<meta property=\"og:description\" content=\"Il giocattolo a spirale con cerbiatto della collezione Nara di Pasito a Pasito \u00e8 l\u2019accessorio perfetto per stimolare e intrattenere il tuo beb\u00e9. Realizzato con materiali ultra morbidi come velour e peluche, \u00e8 ideale da appendere al passeggino o al seggiolino dell\u2019auto, offrendo ore di divertimento e apprendimento. Facile da fissare e adattabile a diverse [&hellip;]\" \/>\n<meta property=\"og:url\" content=\"https:\/\/pasitoapasito.es\/it\/prodotto\/giocattolo-attivita-piccolo-cervo-nara\/\" \/>\n<meta property=\"og:site_name\" content=\"Pasito a Pasito\" \/>\n<meta property=\"article:modified_time\" content=\"2025-03-25T09:33:56+00:00\" \/>\n<meta property=\"og:image\" content=\"https:\/\/pasitoapasito.es\/wp-content\/uploads\/2025\/03\/1120900484_a-1.jpg\" \/>\n\t<meta property=\"og:image:width\" content=\"1000\" \/>\n\t<meta property=\"og:image:height\" content=\"1000\" \/>\n\t<meta property=\"og:image:type\" content=\"image\/jpeg\" \/>\n<meta name=\"twitter:card\" content=\"summary_large_image\" \/>\n<meta name=\"twitter:label1\" content=\"Tempo di lettura stimato\" \/>\n\t<meta name=\"twitter:data1\" content=\"1 minuto\" \/>\n<script type=\"application\/ld+json\" class=\"yoast-schema-graph\">{\"@context\":\"https:\\\/\\\/schema.org\",\"@graph\":[{\"@type\":\"WebPage\",\"@id\":\"https:\\\/\\\/pasitoapasito.es\\\/it\\\/prodotto\\\/giocattolo-attivita-piccolo-cervo-nara\\\/\",\"url\":\"https:\\\/\\\/pasitoapasito.es\\\/it\\\/prodotto\\\/giocattolo-attivita-piccolo-cervo-nara\\\/\",\"name\":\"GIOCATTOLO ATTIVIT\u00c0 PICCOLO CERVO NARA - Pasito a Pasito\",\"isPartOf\":{\"@id\":\"https:\\\/\\\/pasitoapasito.es\\\/fr\\\/#website\"},\"primaryImageOfPage\":{\"@id\":\"https:\\\/\\\/pasitoapasito.es\\\/it\\\/prodotto\\\/giocattolo-attivita-piccolo-cervo-nara\\\/#primaryimage\"},\"image\":{\"@id\":\"https:\\\/\\\/pasitoapasito.es\\\/it\\\/prodotto\\\/giocattolo-attivita-piccolo-cervo-nara\\\/#primaryimage\"},\"thumbnailUrl\":\"https:\\\/\\\/pasitoapasito.es\\\/wp-content\\\/uploads\\\/2025\\\/03\\\/1120900483_a-1.jpg\",\"datePublished\":\"2025-03-25T09:09:35+00:00\",\"dateModified\":\"2025-03-25T09:33:56+00:00\",\"breadcrumb\":{\"@id\":\"https:\\\/\\\/pasitoapasito.es\\\/it\\\/prodotto\\\/giocattolo-attivita-piccolo-cervo-nara\\\/#breadcrumb\"},\"inLanguage\":\"it-IT\",\"potentialAction\":[{\"@type\":\"ReadAction\",\"target\":[\"https:\\\/\\\/pasitoapasito.es\\\/it\\\/prodotto\\\/giocattolo-attivita-piccolo-cervo-nara\\\/\"]}]},{\"@type\":\"ImageObject\",\"inLanguage\":\"it-IT\",\"@id\":\"https:\\\/\\\/pasitoapasito.es\\\/it\\\/prodotto\\\/giocattolo-attivita-piccolo-cervo-nara\\\/#primaryimage\",\"url\":\"https:\\\/\\\/pasitoapasito.es\\\/wp-content\\\/uploads\\\/2025\\\/03\\\/1120900483_a-1.jpg\",\"contentUrl\":\"https:\\\/\\\/pasitoapasito.es\\\/wp-content\\\/uploads\\\/2025\\\/03\\\/1120900483_a-1.jpg\",\"width\":1000,\"height\":1000},{\"@type\":\"BreadcrumbList\",\"@id\":\"https:\\\/\\\/pasitoapasito.es\\\/it\\\/prodotto\\\/giocattolo-attivita-piccolo-cervo-nara\\\/#breadcrumb\",\"itemListElement\":[{\"@type\":\"ListItem\",\"position\":1,\"name\":\"Tienda\",\"item\":\"https:\\\/\\\/pasitoapasito.es\\\/tienda\\\/\"},{\"@type\":\"ListItem\",\"position\":2,\"name\":\"GIOCATTOLO ATTIVIT\u00c0 PICCOLO CERVO NARA\"}]},{\"@type\":\"WebSite\",\"@id\":\"https:\\\/\\\/pasitoapasito.es\\\/fr\\\/#website\",\"url\":\"https:\\\/\\\/pasitoapasito.es\\\/fr\\\/\",\"name\":\"Pasito a Pasito\",\"description\":\"\",\"potentialAction\":[{\"@type\":\"SearchAction\",\"target\":{\"@type\":\"EntryPoint\",\"urlTemplate\":\"https:\\\/\\\/pasitoapasito.es\\\/fr\\\/?s={search_term_string}\"},\"query-input\":{\"@type\":\"PropertyValueSpecification\",\"valueRequired\":true,\"valueName\":\"search_term_string\"}}],\"inLanguage\":\"it-IT\"}]}<\/script>\n<!-- \/ Yoast SEO plugin. -->","yoast_head_json":{"title":"GIOCATTOLO ATTIVIT\u00c0 PICCOLO CERVO NARA - Pasito a Pasito","robots":{"index":"index","follow":"follow","max-snippet":"max-snippet:-1","max-image-preview":"max-image-preview:large","max-video-preview":"max-video-preview:-1"},"canonical":"https:\/\/pasitoapasito.es\/it\/prodotto\/giocattolo-attivita-piccolo-cervo-nara\/","og_locale":"it_IT","og_type":"article","og_title":"GIOCATTOLO ATTIVIT\u00c0 PICCOLO CERVO NARA - Pasito a Pasito","og_description":"Il giocattolo a spirale con cerbiatto della collezione Nara di Pasito a Pasito \u00e8 l\u2019accessorio perfetto per stimolare e intrattenere il tuo beb\u00e9. Realizzato con materiali ultra morbidi come velour e peluche, \u00e8 ideale da appendere al passeggino o al seggiolino dell\u2019auto, offrendo ore di divertimento e apprendimento. Facile da fissare e adattabile a diverse [&hellip;]","og_url":"https:\/\/pasitoapasito.es\/it\/prodotto\/giocattolo-attivita-piccolo-cervo-nara\/","og_site_name":"Pasito a Pasito","article_modified_time":"2025-03-25T09:33:56+00:00","og_image":[{"width":1000,"height":1000,"url":"https:\/\/pasitoapasito.es\/wp-content\/uploads\/2025\/03\/1120900484_a-1.jpg","type":"image\/jpeg"}],"twitter_card":"summary_large_image","twitter_misc":{"Tempo di lettura stimato":"1 minuto"},"schema":{"@context":"https:\/\/schema.org","@graph":[{"@type":"WebPage","@id":"https:\/\/pasitoapasito.es\/it\/prodotto\/giocattolo-attivita-piccolo-cervo-nara\/","url":"https:\/\/pasitoapasito.es\/it\/prodotto\/giocattolo-attivita-piccolo-cervo-nara\/","name":"GIOCATTOLO ATTIVIT\u00c0 PICCOLO CERVO NARA - Pasito a Pasito","isPartOf":{"@id":"https:\/\/pasitoapasito.es\/fr\/#website"},"primaryImageOfPage":{"@id":"https:\/\/pasitoapasito.es\/it\/prodotto\/giocattolo-attivita-piccolo-cervo-nara\/#primaryimage"},"image":{"@id":"https:\/\/pasitoapasito.es\/it\/prodotto\/giocattolo-attivita-piccolo-cervo-nara\/#primaryimage"},"thumbnailUrl":"https:\/\/pasitoapasito.es\/wp-content\/uploads\/2025\/03\/1120900483_a-1.jpg","datePublished":"2025-03-25T09:09:35+00:00","dateModified":"2025-03-25T09:33:56+00:00","breadcrumb":{"@id":"https:\/\/pasitoapasito.es\/it\/prodotto\/giocattolo-attivita-piccolo-cervo-nara\/#breadcrumb"},"inLanguage":"it-IT","potentialAction":[{"@type":"ReadAction","target":["https:\/\/pasitoapasito.es\/it\/prodotto\/giocattolo-attivita-piccolo-cervo-nara\/"]}]},{"@type":"ImageObject","inLanguage":"it-IT","@id":"https:\/\/pasitoapasito.es\/it\/prodotto\/giocattolo-attivita-piccolo-cervo-nara\/#primaryimage","url":"https:\/\/pasitoapasito.es\/wp-content\/uploads\/2025\/03\/1120900483_a-1.jpg","contentUrl":"https:\/\/pasitoapasito.es\/wp-content\/uploads\/2025\/03\/1120900483_a-1.jpg","width":1000,"height":1000},{"@type":"BreadcrumbList","@id":"https:\/\/pasitoapasito.es\/it\/prodotto\/giocattolo-attivita-piccolo-cervo-nara\/#breadcrumb","itemListElement":[{"@type":"ListItem","position":1,"name":"Tienda","item":"https:\/\/pasitoapasito.es\/tienda\/"},{"@type":"ListItem","position":2,"name":"GIOCATTOLO ATTIVIT\u00c0 PICCOLO CERVO NARA"}]},{"@type":"WebSite","@id":"https:\/\/pasitoapasito.es\/fr\/#website","url":"https:\/\/pasitoapasito.es\/fr\/","name":"Pasito a Pasito","description":"","potentialAction":[{"@type":"SearchAction","target":{"@type":"EntryPoint","urlTemplate":"https:\/\/pasitoapasito.es\/fr\/?s={search_term_string}"},"query-input":{"@type":"PropertyValueSpecification","valueRequired":true,"valueName":"search_term_string"}}],"inLanguage":"it-IT"}]}},"_links":{"self":[{"href":"https:\/\/pasitoapasito.es\/it\/wp-json\/wp\/v2\/product\/39325","targetHints":{"allow":["GET"]}}],"collection":[{"href":"https:\/\/pasitoapasito.es\/it\/wp-json\/wp\/v2\/product"}],"about":[{"href":"https:\/\/pasitoapasito.es\/it\/wp-json\/wp\/v2\/types\/product"}],"replies":[{"embeddable":true,"href":"https:\/\/pasitoapasito.es\/it\/wp-json\/wp\/v2\/comments?post=39325"}],"wp:featuredmedia":[{"embeddable":true,"href":"https:\/\/pasitoapasito.es\/it\/wp-json\/wp\/v2\/media\/39215"}],"wp:attachment":[{"href":"https:\/\/pasitoapasito.es\/it\/wp-json\/wp\/v2\/media?parent=39325"}],"wp:term":[{"taxonomy":"colecciones","embeddable":true,"href":"https:\/\/pasitoapasito.es\/it\/wp-json\/wp\/v2\/colecciones?post=39325"},{"taxonomy":"product_brand","embeddable":true,"href":"https:\/\/pasitoapasito.es\/it\/wp-json\/wp\/v2\/product_brand?post=39325"},{"taxonomy":"product_cat","embeddable":true,"href":"https:\/\/pasitoapasito.es\/it\/wp-json\/wp\/v2\/product_cat?post=39325"},{"taxonomy":"product_tag","embeddable":true,"href":"https:\/\/pasitoapasito.es\/it\/wp-json\/wp\/v2\/product_tag?post=39325"}],"curies":[{"name":"wp","href":"https:\/\/api.w.org\/{rel}","templated":true}]}}