{"id":39320,"date":"2025-03-25T09:07:53","date_gmt":"2025-03-25T09:09:33","guid":{"rendered":"https:\/\/pasitoapasito.es\/?post_type=product&#038;p=39320"},"modified":"2025-03-25T09:33:54","modified_gmt":"2025-03-25T09:33:54","slug":"mussola-nara","status":"publish","type":"product","link":"https:\/\/pasitoapasito.es\/it\/prodotto\/mussola-nara\/","title":{"rendered":"MUSSOLA NARA"},"content":{"rendered":"<p>La mussola Nara con stampa di cervi e alberi in tonalit\u00e0 neutre di Pasito a Pasito \u00e8 un accessorio indispensabile per la cura del beb\u00e9. Realizzata con una combinazione di 70% bamb\u00f9 e 30% cotone, offre una texture ultramorbida, traspirante e delicata sulla pelle del neonato. Le sue dimensioni di 120&#215;120 cm la rendono ideale per molteplici utilizzi: come coperta per il beb\u00e9, copertura per il passeggino, telo da allattamento o fasciatoio improvvisato. Grazie al tessuto traspirante, aiuta a regolare la temperatura del beb\u00e9, garantendo il massimo comfort in ogni situazione. Facile da lavare e mantenere, conserva la sua morbidezza lavaggio dopo lavaggio. Questo set di lenzuola e mussola Pasito a Pasito \u00e8 un elemento essenziale per il corredino del beb\u00e9, combinando qualit\u00e0, funzionalit\u00e0 e stile. Tutti i nostri prodotti sono realizzati nel rispetto delle pi\u00f9 rigorose normative europee, con materiali di alta qualit\u00e0 privi di coloranti azoici, ftalati e sostanze nocive per la salute. Il tessuto \u00e8 facile da pulire e si consiglia il lavaggio in lavatrice a 30\u00ba.<\/p>\n","protected":false},"excerpt":{"rendered":"<p>La mussola Nara con stampa di cervi e alberi in tonalit\u00e0 neutre di Pasito a Pasito \u00e8 un accessorio indispensabile per la cura del beb\u00e9. Realizzata con una combinazione di 70% bamb\u00f9 e 30% cotone, offre una texture ultramorbida, traspirante e delicata sulla pelle del neonato. Le sue dimensioni di 120&#215;120 cm la rendono ideale [&hellip;]<\/p>\n","protected":false},"featured_media":39134,"comment_status":"closed","ping_status":"closed","template":"","meta":{"_acf_changed":false,"inline_featured_image":false},"colecciones":[333],"product_brand":[],"product_cat":[195],"product_tag":[],"class_list":{"0":"post-39320","1":"product","2":"type-product","3":"status-publish","4":"has-post-thumbnail","6":"colecciones-collezione-nara","7":"product_cat-home-it","9":"first","10":"instock","11":"purchasable","12":"product-type-simple"},"acf":[],"yoast_head":"<!-- This site is optimized with the Yoast SEO plugin v27.4 - https:\/\/yoast.com\/product\/yoast-seo-wordpress\/ -->\n<title>MUSSOLA NARA - Pasito a Pasito<\/title>\n<meta name=\"robots\" content=\"index, follow, max-snippet:-1, max-image-preview:large, max-video-preview:-1\" \/>\n<link rel=\"canonical\" href=\"https:\/\/pasitoapasito.es\/it\/prodotto\/mussola-nara\/\" \/>\n<meta property=\"og:locale\" content=\"it_IT\" \/>\n<meta property=\"og:type\" content=\"article\" \/>\n<meta property=\"og:title\" content=\"MUSSOLA NARA - Pasito a Pasito\" \/>\n<meta property=\"og:description\" content=\"La mussola Nara con stampa di cervi e alberi in tonalit\u00e0 neutre di Pasito a Pasito \u00e8 un accessorio indispensabile per la cura del beb\u00e9. Realizzata con una combinazione di 70% bamb\u00f9 e 30% cotone, offre una texture ultramorbida, traspirante e delicata sulla pelle del neonato. Le sue dimensioni di 120&#215;120 cm la rendono ideale [&hellip;]\" \/>\n<meta property=\"og:url\" content=\"https:\/\/pasitoapasito.es\/it\/prodotto\/mussola-nara\/\" \/>\n<meta property=\"og:site_name\" content=\"Pasito a Pasito\" \/>\n<meta property=\"article:modified_time\" content=\"2025-03-25T09:33:54+00:00\" \/>\n<meta property=\"og:image\" content=\"https:\/\/pasitoapasito.es\/wp-content\/uploads\/2025\/03\/1120900478_b-1.jpg\" \/>\n\t<meta property=\"og:image:width\" content=\"1000\" \/>\n\t<meta property=\"og:image:height\" content=\"1000\" \/>\n\t<meta property=\"og:image:type\" content=\"image\/jpeg\" \/>\n<meta name=\"twitter:card\" content=\"summary_large_image\" \/>\n<meta name=\"twitter:label1\" content=\"Tempo di lettura stimato\" \/>\n\t<meta name=\"twitter:data1\" content=\"1 minuto\" \/>\n<script type=\"application\/ld+json\" class=\"yoast-schema-graph\">{\"@context\":\"https:\\\/\\\/schema.org\",\"@graph\":[{\"@type\":\"WebPage\",\"@id\":\"https:\\\/\\\/pasitoapasito.es\\\/it\\\/prodotto\\\/mussola-nara\\\/\",\"url\":\"https:\\\/\\\/pasitoapasito.es\\\/it\\\/prodotto\\\/mussola-nara\\\/\",\"name\":\"MUSSOLA NARA - Pasito a Pasito\",\"isPartOf\":{\"@id\":\"https:\\\/\\\/pasitoapasito.es\\\/fr\\\/#website\"},\"primaryImageOfPage\":{\"@id\":\"https:\\\/\\\/pasitoapasito.es\\\/it\\\/prodotto\\\/mussola-nara\\\/#primaryimage\"},\"image\":{\"@id\":\"https:\\\/\\\/pasitoapasito.es\\\/it\\\/prodotto\\\/mussola-nara\\\/#primaryimage\"},\"thumbnailUrl\":\"https:\\\/\\\/pasitoapasito.es\\\/wp-content\\\/uploads\\\/2025\\\/03\\\/1120900478_b-1.jpg\",\"datePublished\":\"2025-03-25T09:09:33+00:00\",\"dateModified\":\"2025-03-25T09:33:54+00:00\",\"breadcrumb\":{\"@id\":\"https:\\\/\\\/pasitoapasito.es\\\/it\\\/prodotto\\\/mussola-nara\\\/#breadcrumb\"},\"inLanguage\":\"it-IT\",\"potentialAction\":[{\"@type\":\"ReadAction\",\"target\":[\"https:\\\/\\\/pasitoapasito.es\\\/it\\\/prodotto\\\/mussola-nara\\\/\"]}]},{\"@type\":\"ImageObject\",\"inLanguage\":\"it-IT\",\"@id\":\"https:\\\/\\\/pasitoapasito.es\\\/it\\\/prodotto\\\/mussola-nara\\\/#primaryimage\",\"url\":\"https:\\\/\\\/pasitoapasito.es\\\/wp-content\\\/uploads\\\/2025\\\/03\\\/1120900478_b-1.jpg\",\"contentUrl\":\"https:\\\/\\\/pasitoapasito.es\\\/wp-content\\\/uploads\\\/2025\\\/03\\\/1120900478_b-1.jpg\",\"width\":1000,\"height\":1000},{\"@type\":\"BreadcrumbList\",\"@id\":\"https:\\\/\\\/pasitoapasito.es\\\/it\\\/prodotto\\\/mussola-nara\\\/#breadcrumb\",\"itemListElement\":[{\"@type\":\"ListItem\",\"position\":1,\"name\":\"Tienda\",\"item\":\"https:\\\/\\\/pasitoapasito.es\\\/tienda\\\/\"},{\"@type\":\"ListItem\",\"position\":2,\"name\":\"MUSSOLA NARA\"}]},{\"@type\":\"WebSite\",\"@id\":\"https:\\\/\\\/pasitoapasito.es\\\/fr\\\/#website\",\"url\":\"https:\\\/\\\/pasitoapasito.es\\\/fr\\\/\",\"name\":\"Pasito a Pasito\",\"description\":\"\",\"potentialAction\":[{\"@type\":\"SearchAction\",\"target\":{\"@type\":\"EntryPoint\",\"urlTemplate\":\"https:\\\/\\\/pasitoapasito.es\\\/fr\\\/?s={search_term_string}\"},\"query-input\":{\"@type\":\"PropertyValueSpecification\",\"valueRequired\":true,\"valueName\":\"search_term_string\"}}],\"inLanguage\":\"it-IT\"}]}<\/script>\n<!-- \/ Yoast SEO plugin. -->","yoast_head_json":{"title":"MUSSOLA NARA - Pasito a Pasito","robots":{"index":"index","follow":"follow","max-snippet":"max-snippet:-1","max-image-preview":"max-image-preview:large","max-video-preview":"max-video-preview:-1"},"canonical":"https:\/\/pasitoapasito.es\/it\/prodotto\/mussola-nara\/","og_locale":"it_IT","og_type":"article","og_title":"MUSSOLA NARA - Pasito a Pasito","og_description":"La mussola Nara con stampa di cervi e alberi in tonalit\u00e0 neutre di Pasito a Pasito \u00e8 un accessorio indispensabile per la cura del beb\u00e9. Realizzata con una combinazione di 70% bamb\u00f9 e 30% cotone, offre una texture ultramorbida, traspirante e delicata sulla pelle del neonato. Le sue dimensioni di 120&#215;120 cm la rendono ideale [&hellip;]","og_url":"https:\/\/pasitoapasito.es\/it\/prodotto\/mussola-nara\/","og_site_name":"Pasito a Pasito","article_modified_time":"2025-03-25T09:33:54+00:00","og_image":[{"width":1000,"height":1000,"url":"https:\/\/pasitoapasito.es\/wp-content\/uploads\/2025\/03\/1120900478_b-1.jpg","type":"image\/jpeg"}],"twitter_card":"summary_large_image","twitter_misc":{"Tempo di lettura stimato":"1 minuto"},"schema":{"@context":"https:\/\/schema.org","@graph":[{"@type":"WebPage","@id":"https:\/\/pasitoapasito.es\/it\/prodotto\/mussola-nara\/","url":"https:\/\/pasitoapasito.es\/it\/prodotto\/mussola-nara\/","name":"MUSSOLA NARA - Pasito a Pasito","isPartOf":{"@id":"https:\/\/pasitoapasito.es\/fr\/#website"},"primaryImageOfPage":{"@id":"https:\/\/pasitoapasito.es\/it\/prodotto\/mussola-nara\/#primaryimage"},"image":{"@id":"https:\/\/pasitoapasito.es\/it\/prodotto\/mussola-nara\/#primaryimage"},"thumbnailUrl":"https:\/\/pasitoapasito.es\/wp-content\/uploads\/2025\/03\/1120900478_b-1.jpg","datePublished":"2025-03-25T09:09:33+00:00","dateModified":"2025-03-25T09:33:54+00:00","breadcrumb":{"@id":"https:\/\/pasitoapasito.es\/it\/prodotto\/mussola-nara\/#breadcrumb"},"inLanguage":"it-IT","potentialAction":[{"@type":"ReadAction","target":["https:\/\/pasitoapasito.es\/it\/prodotto\/mussola-nara\/"]}]},{"@type":"ImageObject","inLanguage":"it-IT","@id":"https:\/\/pasitoapasito.es\/it\/prodotto\/mussola-nara\/#primaryimage","url":"https:\/\/pasitoapasito.es\/wp-content\/uploads\/2025\/03\/1120900478_b-1.jpg","contentUrl":"https:\/\/pasitoapasito.es\/wp-content\/uploads\/2025\/03\/1120900478_b-1.jpg","width":1000,"height":1000},{"@type":"BreadcrumbList","@id":"https:\/\/pasitoapasito.es\/it\/prodotto\/mussola-nara\/#breadcrumb","itemListElement":[{"@type":"ListItem","position":1,"name":"Tienda","item":"https:\/\/pasitoapasito.es\/tienda\/"},{"@type":"ListItem","position":2,"name":"MUSSOLA NARA"}]},{"@type":"WebSite","@id":"https:\/\/pasitoapasito.es\/fr\/#website","url":"https:\/\/pasitoapasito.es\/fr\/","name":"Pasito a Pasito","description":"","potentialAction":[{"@type":"SearchAction","target":{"@type":"EntryPoint","urlTemplate":"https:\/\/pasitoapasito.es\/fr\/?s={search_term_string}"},"query-input":{"@type":"PropertyValueSpecification","valueRequired":true,"valueName":"search_term_string"}}],"inLanguage":"it-IT"}]}},"_links":{"self":[{"href":"https:\/\/pasitoapasito.es\/it\/wp-json\/wp\/v2\/product\/39320","targetHints":{"allow":["GET"]}}],"collection":[{"href":"https:\/\/pasitoapasito.es\/it\/wp-json\/wp\/v2\/product"}],"about":[{"href":"https:\/\/pasitoapasito.es\/it\/wp-json\/wp\/v2\/types\/product"}],"replies":[{"embeddable":true,"href":"https:\/\/pasitoapasito.es\/it\/wp-json\/wp\/v2\/comments?post=39320"}],"wp:featuredmedia":[{"embeddable":true,"href":"https:\/\/pasitoapasito.es\/it\/wp-json\/wp\/v2\/media\/39134"}],"wp:attachment":[{"href":"https:\/\/pasitoapasito.es\/it\/wp-json\/wp\/v2\/media?parent=39320"}],"wp:term":[{"taxonomy":"colecciones","embeddable":true,"href":"https:\/\/pasitoapasito.es\/it\/wp-json\/wp\/v2\/colecciones?post=39320"},{"taxonomy":"product_brand","embeddable":true,"href":"https:\/\/pasitoapasito.es\/it\/wp-json\/wp\/v2\/product_brand?post=39320"},{"taxonomy":"product_cat","embeddable":true,"href":"https:\/\/pasitoapasito.es\/it\/wp-json\/wp\/v2\/product_cat?post=39320"},{"taxonomy":"product_tag","embeddable":true,"href":"https:\/\/pasitoapasito.es\/it\/wp-json\/wp\/v2\/product_tag?post=39320"}],"curies":[{"name":"wp","href":"https:\/\/api.w.org\/{rel}","templated":true}]}}