{"id":39319,"date":"2025-03-25T09:07:53","date_gmt":"2025-03-25T09:09:33","guid":{"rendered":"https:\/\/pasitoapasito.es\/?post_type=product&#038;p=39319"},"modified":"2025-03-25T09:33:54","modified_gmt":"2025-03-25T09:33:54","slug":"lenzuolo-con-angoli-per-carrozzina-mussola-nara","status":"publish","type":"product","link":"https:\/\/pasitoapasito.es\/it\/prodotto\/lenzuolo-con-angoli-per-carrozzina-mussola-nara\/","title":{"rendered":"LENZUOLO CON ANGOLI PER CARROZZINA + MUSSOLA NARA"},"content":{"rendered":"<p>Questo set di lenzuola per carrozzina o culla Nara di Pasito a Pasito \u00e8 perfetto per garantire il riposo e il benessere del beb\u00e9 sin dai primi giorni. Include un lenzuolo con angoli regolabile, realizzato in mussola di cotone 100%, un tessuto extra morbido e traspirante, ideale per la pelle delicata del neonato. Inoltre, \u00e8 inclusa una mussola stampata con motivo di cervi e alberi in tonalit\u00e0 neutre, dalle dimensioni di 120&#215;120 cm, composta da una miscela di 70% bamb\u00f9 e 30% cotone. Questo materiale ultraleggero e traspirante \u00e8 perfetto per avvolgere il beb\u00e9, proteggerlo dal sole o come copertina leggera in qualsiasi momento. I materiali delicati a contatto con la pelle garantiscono un riposo sicuro e confortevole. Facile da lavare e mantenere, conserva la sua morbidezza lavaggio dopo lavaggio. Un set indispensabile per la culla del beb\u00e9, che unisce qualit\u00e0, funzionalit\u00e0 e design. Tutte le nostre fodere sono realizzate rispettando le normative europee pi\u00f9 rigorose, con materiali di alta qualit\u00e0 privi di coloranti azoici, ftalati e sostanze nocive per la salute. Il tessuto \u00e8 facile da pulire e si consiglia il lavaggio in lavatrice a 30\u00ba.<\/p>\n","protected":false},"excerpt":{"rendered":"<p>Questo set di lenzuola per carrozzina o culla Nara di Pasito a Pasito \u00e8 perfetto per garantire il riposo e il benessere del beb\u00e9 sin dai primi giorni. Include un lenzuolo con angoli regolabile, realizzato in mussola di cotone 100%, un tessuto extra morbido e traspirante, ideale per la pelle delicata del neonato. Inoltre, \u00e8 [&hellip;]<\/p>\n","protected":false},"featured_media":39121,"comment_status":"closed","ping_status":"closed","template":"","meta":{"_acf_changed":false,"inline_featured_image":false},"colecciones":[333],"product_brand":[],"product_cat":[143,170],"product_tag":[],"class_list":{"0":"post-39319","1":"product","2":"type-product","3":"status-publish","4":"has-post-thumbnail","6":"colecciones-collezione-nara","7":"product_cat-sacchi-nanna-e-copri-carrozzina","8":"product_cat-passeggio","10":"first","11":"instock","12":"purchasable","13":"product-type-simple"},"acf":[],"yoast_head":"<!-- This site is optimized with the Yoast SEO plugin v27.4 - https:\/\/yoast.com\/product\/yoast-seo-wordpress\/ -->\n<title>LENZUOLO CON ANGOLI PER CARROZZINA + MUSSOLA NARA - Pasito a Pasito<\/title>\n<meta name=\"robots\" content=\"index, follow, max-snippet:-1, max-image-preview:large, max-video-preview:-1\" \/>\n<link rel=\"canonical\" href=\"https:\/\/pasitoapasito.es\/it\/prodotto\/lenzuolo-con-angoli-per-carrozzina-mussola-nara\/\" \/>\n<meta property=\"og:locale\" content=\"it_IT\" \/>\n<meta property=\"og:type\" content=\"article\" \/>\n<meta property=\"og:title\" content=\"LENZUOLO CON ANGOLI PER CARROZZINA + MUSSOLA NARA - Pasito a Pasito\" \/>\n<meta property=\"og:description\" content=\"Questo set di lenzuola per carrozzina o culla Nara di Pasito a Pasito \u00e8 perfetto per garantire il riposo e il benessere del beb\u00e9 sin dai primi giorni. Include un lenzuolo con angoli regolabile, realizzato in mussola di cotone 100%, un tessuto extra morbido e traspirante, ideale per la pelle delicata del neonato. Inoltre, \u00e8 [&hellip;]\" \/>\n<meta property=\"og:url\" content=\"https:\/\/pasitoapasito.es\/it\/prodotto\/lenzuolo-con-angoli-per-carrozzina-mussola-nara\/\" \/>\n<meta property=\"og:site_name\" content=\"Pasito a Pasito\" \/>\n<meta property=\"article:modified_time\" content=\"2025-03-25T09:33:54+00:00\" \/>\n<meta property=\"og:image\" content=\"https:\/\/pasitoapasito.es\/wp-content\/uploads\/2025\/03\/1120900477_c-1.jpg\" \/>\n\t<meta property=\"og:image:width\" content=\"1000\" \/>\n\t<meta property=\"og:image:height\" content=\"1000\" \/>\n\t<meta property=\"og:image:type\" content=\"image\/jpeg\" \/>\n<meta name=\"twitter:card\" content=\"summary_large_image\" \/>\n<meta name=\"twitter:label1\" content=\"Tempo di lettura stimato\" \/>\n\t<meta name=\"twitter:data1\" content=\"1 minuto\" \/>\n<script type=\"application\/ld+json\" class=\"yoast-schema-graph\">{\"@context\":\"https:\\\/\\\/schema.org\",\"@graph\":[{\"@type\":\"WebPage\",\"@id\":\"https:\\\/\\\/pasitoapasito.es\\\/it\\\/prodotto\\\/lenzuolo-con-angoli-per-carrozzina-mussola-nara\\\/\",\"url\":\"https:\\\/\\\/pasitoapasito.es\\\/it\\\/prodotto\\\/lenzuolo-con-angoli-per-carrozzina-mussola-nara\\\/\",\"name\":\"LENZUOLO CON ANGOLI PER CARROZZINA + MUSSOLA NARA - Pasito a Pasito\",\"isPartOf\":{\"@id\":\"https:\\\/\\\/pasitoapasito.es\\\/fr\\\/#website\"},\"primaryImageOfPage\":{\"@id\":\"https:\\\/\\\/pasitoapasito.es\\\/it\\\/prodotto\\\/lenzuolo-con-angoli-per-carrozzina-mussola-nara\\\/#primaryimage\"},\"image\":{\"@id\":\"https:\\\/\\\/pasitoapasito.es\\\/it\\\/prodotto\\\/lenzuolo-con-angoli-per-carrozzina-mussola-nara\\\/#primaryimage\"},\"thumbnailUrl\":\"https:\\\/\\\/pasitoapasito.es\\\/wp-content\\\/uploads\\\/2025\\\/03\\\/1120900477_c-1.jpg\",\"datePublished\":\"2025-03-25T09:09:33+00:00\",\"dateModified\":\"2025-03-25T09:33:54+00:00\",\"breadcrumb\":{\"@id\":\"https:\\\/\\\/pasitoapasito.es\\\/it\\\/prodotto\\\/lenzuolo-con-angoli-per-carrozzina-mussola-nara\\\/#breadcrumb\"},\"inLanguage\":\"it-IT\",\"potentialAction\":[{\"@type\":\"ReadAction\",\"target\":[\"https:\\\/\\\/pasitoapasito.es\\\/it\\\/prodotto\\\/lenzuolo-con-angoli-per-carrozzina-mussola-nara\\\/\"]}]},{\"@type\":\"ImageObject\",\"inLanguage\":\"it-IT\",\"@id\":\"https:\\\/\\\/pasitoapasito.es\\\/it\\\/prodotto\\\/lenzuolo-con-angoli-per-carrozzina-mussola-nara\\\/#primaryimage\",\"url\":\"https:\\\/\\\/pasitoapasito.es\\\/wp-content\\\/uploads\\\/2025\\\/03\\\/1120900477_c-1.jpg\",\"contentUrl\":\"https:\\\/\\\/pasitoapasito.es\\\/wp-content\\\/uploads\\\/2025\\\/03\\\/1120900477_c-1.jpg\",\"width\":1000,\"height\":1000},{\"@type\":\"BreadcrumbList\",\"@id\":\"https:\\\/\\\/pasitoapasito.es\\\/it\\\/prodotto\\\/lenzuolo-con-angoli-per-carrozzina-mussola-nara\\\/#breadcrumb\",\"itemListElement\":[{\"@type\":\"ListItem\",\"position\":1,\"name\":\"Tienda\",\"item\":\"https:\\\/\\\/pasitoapasito.es\\\/tienda\\\/\"},{\"@type\":\"ListItem\",\"position\":2,\"name\":\"LENZUOLO CON ANGOLI PER CARROZZINA + MUSSOLA NARA\"}]},{\"@type\":\"WebSite\",\"@id\":\"https:\\\/\\\/pasitoapasito.es\\\/fr\\\/#website\",\"url\":\"https:\\\/\\\/pasitoapasito.es\\\/fr\\\/\",\"name\":\"Pasito a Pasito\",\"description\":\"\",\"potentialAction\":[{\"@type\":\"SearchAction\",\"target\":{\"@type\":\"EntryPoint\",\"urlTemplate\":\"https:\\\/\\\/pasitoapasito.es\\\/fr\\\/?s={search_term_string}\"},\"query-input\":{\"@type\":\"PropertyValueSpecification\",\"valueRequired\":true,\"valueName\":\"search_term_string\"}}],\"inLanguage\":\"it-IT\"}]}<\/script>\n<!-- \/ Yoast SEO plugin. -->","yoast_head_json":{"title":"LENZUOLO CON ANGOLI PER CARROZZINA + MUSSOLA NARA - Pasito a Pasito","robots":{"index":"index","follow":"follow","max-snippet":"max-snippet:-1","max-image-preview":"max-image-preview:large","max-video-preview":"max-video-preview:-1"},"canonical":"https:\/\/pasitoapasito.es\/it\/prodotto\/lenzuolo-con-angoli-per-carrozzina-mussola-nara\/","og_locale":"it_IT","og_type":"article","og_title":"LENZUOLO CON ANGOLI PER CARROZZINA + MUSSOLA NARA - Pasito a Pasito","og_description":"Questo set di lenzuola per carrozzina o culla Nara di Pasito a Pasito \u00e8 perfetto per garantire il riposo e il benessere del beb\u00e9 sin dai primi giorni. Include un lenzuolo con angoli regolabile, realizzato in mussola di cotone 100%, un tessuto extra morbido e traspirante, ideale per la pelle delicata del neonato. Inoltre, \u00e8 [&hellip;]","og_url":"https:\/\/pasitoapasito.es\/it\/prodotto\/lenzuolo-con-angoli-per-carrozzina-mussola-nara\/","og_site_name":"Pasito a Pasito","article_modified_time":"2025-03-25T09:33:54+00:00","og_image":[{"width":1000,"height":1000,"url":"https:\/\/pasitoapasito.es\/wp-content\/uploads\/2025\/03\/1120900477_c-1.jpg","type":"image\/jpeg"}],"twitter_card":"summary_large_image","twitter_misc":{"Tempo di lettura stimato":"1 minuto"},"schema":{"@context":"https:\/\/schema.org","@graph":[{"@type":"WebPage","@id":"https:\/\/pasitoapasito.es\/it\/prodotto\/lenzuolo-con-angoli-per-carrozzina-mussola-nara\/","url":"https:\/\/pasitoapasito.es\/it\/prodotto\/lenzuolo-con-angoli-per-carrozzina-mussola-nara\/","name":"LENZUOLO CON ANGOLI PER CARROZZINA + MUSSOLA NARA - Pasito a Pasito","isPartOf":{"@id":"https:\/\/pasitoapasito.es\/fr\/#website"},"primaryImageOfPage":{"@id":"https:\/\/pasitoapasito.es\/it\/prodotto\/lenzuolo-con-angoli-per-carrozzina-mussola-nara\/#primaryimage"},"image":{"@id":"https:\/\/pasitoapasito.es\/it\/prodotto\/lenzuolo-con-angoli-per-carrozzina-mussola-nara\/#primaryimage"},"thumbnailUrl":"https:\/\/pasitoapasito.es\/wp-content\/uploads\/2025\/03\/1120900477_c-1.jpg","datePublished":"2025-03-25T09:09:33+00:00","dateModified":"2025-03-25T09:33:54+00:00","breadcrumb":{"@id":"https:\/\/pasitoapasito.es\/it\/prodotto\/lenzuolo-con-angoli-per-carrozzina-mussola-nara\/#breadcrumb"},"inLanguage":"it-IT","potentialAction":[{"@type":"ReadAction","target":["https:\/\/pasitoapasito.es\/it\/prodotto\/lenzuolo-con-angoli-per-carrozzina-mussola-nara\/"]}]},{"@type":"ImageObject","inLanguage":"it-IT","@id":"https:\/\/pasitoapasito.es\/it\/prodotto\/lenzuolo-con-angoli-per-carrozzina-mussola-nara\/#primaryimage","url":"https:\/\/pasitoapasito.es\/wp-content\/uploads\/2025\/03\/1120900477_c-1.jpg","contentUrl":"https:\/\/pasitoapasito.es\/wp-content\/uploads\/2025\/03\/1120900477_c-1.jpg","width":1000,"height":1000},{"@type":"BreadcrumbList","@id":"https:\/\/pasitoapasito.es\/it\/prodotto\/lenzuolo-con-angoli-per-carrozzina-mussola-nara\/#breadcrumb","itemListElement":[{"@type":"ListItem","position":1,"name":"Tienda","item":"https:\/\/pasitoapasito.es\/tienda\/"},{"@type":"ListItem","position":2,"name":"LENZUOLO CON ANGOLI PER CARROZZINA + MUSSOLA NARA"}]},{"@type":"WebSite","@id":"https:\/\/pasitoapasito.es\/fr\/#website","url":"https:\/\/pasitoapasito.es\/fr\/","name":"Pasito a Pasito","description":"","potentialAction":[{"@type":"SearchAction","target":{"@type":"EntryPoint","urlTemplate":"https:\/\/pasitoapasito.es\/fr\/?s={search_term_string}"},"query-input":{"@type":"PropertyValueSpecification","valueRequired":true,"valueName":"search_term_string"}}],"inLanguage":"it-IT"}]}},"_links":{"self":[{"href":"https:\/\/pasitoapasito.es\/it\/wp-json\/wp\/v2\/product\/39319","targetHints":{"allow":["GET"]}}],"collection":[{"href":"https:\/\/pasitoapasito.es\/it\/wp-json\/wp\/v2\/product"}],"about":[{"href":"https:\/\/pasitoapasito.es\/it\/wp-json\/wp\/v2\/types\/product"}],"replies":[{"embeddable":true,"href":"https:\/\/pasitoapasito.es\/it\/wp-json\/wp\/v2\/comments?post=39319"}],"wp:featuredmedia":[{"embeddable":true,"href":"https:\/\/pasitoapasito.es\/it\/wp-json\/wp\/v2\/media\/39121"}],"wp:attachment":[{"href":"https:\/\/pasitoapasito.es\/it\/wp-json\/wp\/v2\/media?parent=39319"}],"wp:term":[{"taxonomy":"colecciones","embeddable":true,"href":"https:\/\/pasitoapasito.es\/it\/wp-json\/wp\/v2\/colecciones?post=39319"},{"taxonomy":"product_brand","embeddable":true,"href":"https:\/\/pasitoapasito.es\/it\/wp-json\/wp\/v2\/product_brand?post=39319"},{"taxonomy":"product_cat","embeddable":true,"href":"https:\/\/pasitoapasito.es\/it\/wp-json\/wp\/v2\/product_cat?post=39319"},{"taxonomy":"product_tag","embeddable":true,"href":"https:\/\/pasitoapasito.es\/it\/wp-json\/wp\/v2\/product_tag?post=39319"}],"curies":[{"name":"wp","href":"https:\/\/api.w.org\/{rel}","templated":true}]}}