{"id":39311,"date":"2025-03-25T09:07:59","date_gmt":"2025-03-25T09:09:30","guid":{"rendered":"https:\/\/pasitoapasito.es\/?post_type=product&#038;p=39311"},"modified":"2025-03-25T09:33:51","modified_gmt":"2025-03-25T09:33:51","slug":"beauty-nara","status":"publish","type":"product","link":"https:\/\/pasitoapasito.es\/it\/prodotto\/beauty-nara\/","title":{"rendered":"BEAUTY NARA"},"content":{"rendered":"<p>Il beauty case per beb\u00e9 Nara di Pasito a Pasito, realizzato in 100% cotone con una delicata stampa di cervi e alberi in tonalit\u00e0 neutre, \u00e8 una piccola borsa pensata appositamente per trasportare tutti i prodotti per la cura del bambino quando si \u00e8 fuori casa. \u00c8 un modello unico, dallo stile raffinato, progettato per adattarsi perfettamente alle esigenze quotidiane. Il suo design semplice, elegante e pratico offre uno spazio compatto ma ben organizzato, ideale per contenere gli elementi essenziali per l&#8217;igiene del beb\u00e9, come pettini, lozioni e altri piccoli oggetti che spesso si perdono all\u2019interno della borsa maternit\u00e0. Dispone di una chiusura con zip per un\u2019apertura facile e veloce.<br \/>\nLa qualit\u00e0 delle finiture \u00e8 impeccabile. \u00c8 realizzato con materiali di alta qualit\u00e0, privi di coloranti azoici, ftalati e altre sostanze nocive per la salute. Pu\u00f2 essere lavato sia a mano che in lavatrice fino a una temperatura di 30\u00ba.<br \/>\nI prodotti per bambini di Pasito a Pasito si distinguono per un design unico, caratterizzato dalla cura per i dettagli e concepito sempre con un approccio pratico. L&#8217;uso di materiali pregiati esalta l\u2019eleganza e l\u2019armonia di ogni pezzo, offrendo modelli esclusivi e inconfondibili, perfetti per mamme moderne che apprezzano la qualit\u00e0 e l\u2019estetica in ogni dettaglio.<br \/>\nMateriale: esterno 100% cotone \/ interno 100% PVC. Dimensioni: 30x18x14 cm.<\/p>\n","protected":false},"excerpt":{"rendered":"<p>Il beauty case per beb\u00e9 Nara di Pasito a Pasito, realizzato in 100% cotone con una delicata stampa di cervi e alberi in tonalit\u00e0 neutre, \u00e8 una piccola borsa pensata appositamente per trasportare tutti i prodotti per la cura del bambino quando si \u00e8 fuori casa. \u00c8 un modello unico, dallo stile raffinato, progettato per [&hellip;]<\/p>\n","protected":false},"featured_media":38978,"comment_status":"closed","ping_status":"closed","template":"","meta":{"_acf_changed":false,"inline_featured_image":false},"colecciones":[333],"product_brand":[],"product_cat":[137,169],"product_tag":[],"class_list":{"0":"post-39311","1":"product","2":"type-product","3":"status-publish","4":"has-post-thumbnail","6":"colecciones-collezione-nara","7":"product_cat-accessori","8":"product_cat-borse-e-accesori","10":"first","11":"instock","12":"purchasable","13":"product-type-simple"},"acf":[],"yoast_head":"<!-- This site is optimized with the Yoast SEO plugin v27.3 - https:\/\/yoast.com\/product\/yoast-seo-wordpress\/ -->\n<title>BEAUTY NARA - Pasito a Pasito<\/title>\n<meta name=\"robots\" content=\"index, follow, max-snippet:-1, max-image-preview:large, max-video-preview:-1\" \/>\n<link rel=\"canonical\" href=\"https:\/\/pasitoapasito.es\/it\/prodotto\/beauty-nara\/\" \/>\n<meta property=\"og:locale\" content=\"it_IT\" \/>\n<meta property=\"og:type\" content=\"article\" \/>\n<meta property=\"og:title\" content=\"BEAUTY NARA - Pasito a Pasito\" \/>\n<meta property=\"og:description\" content=\"Il beauty case per beb\u00e9 Nara di Pasito a Pasito, realizzato in 100% cotone con una delicata stampa di cervi e alberi in tonalit\u00e0 neutre, \u00e8 una piccola borsa pensata appositamente per trasportare tutti i prodotti per la cura del bambino quando si \u00e8 fuori casa. \u00c8 un modello unico, dallo stile raffinato, progettato per [&hellip;]\" \/>\n<meta property=\"og:url\" content=\"https:\/\/pasitoapasito.es\/it\/prodotto\/beauty-nara\/\" \/>\n<meta property=\"og:site_name\" content=\"Pasito a Pasito\" \/>\n<meta property=\"article:modified_time\" content=\"2025-03-25T09:33:51+00:00\" \/>\n<meta property=\"og:image\" content=\"https:\/\/pasitoapasito.es\/wp-content\/uploads\/2025\/03\/1120900470_a-1.jpg\" \/>\n\t<meta property=\"og:image:width\" content=\"1000\" \/>\n\t<meta property=\"og:image:height\" content=\"1000\" \/>\n\t<meta property=\"og:image:type\" content=\"image\/jpeg\" \/>\n<meta name=\"twitter:card\" content=\"summary_large_image\" \/>\n<meta name=\"twitter:label1\" content=\"Tempo di lettura stimato\" \/>\n\t<meta name=\"twitter:data1\" content=\"1 minuto\" \/>\n<script type=\"application\/ld+json\" class=\"yoast-schema-graph\">{\"@context\":\"https:\\\/\\\/schema.org\",\"@graph\":[{\"@type\":\"WebPage\",\"@id\":\"https:\\\/\\\/pasitoapasito.es\\\/it\\\/prodotto\\\/beauty-nara\\\/\",\"url\":\"https:\\\/\\\/pasitoapasito.es\\\/it\\\/prodotto\\\/beauty-nara\\\/\",\"name\":\"BEAUTY NARA - Pasito a Pasito\",\"isPartOf\":{\"@id\":\"https:\\\/\\\/pasitoapasito.es\\\/fr\\\/#website\"},\"primaryImageOfPage\":{\"@id\":\"https:\\\/\\\/pasitoapasito.es\\\/it\\\/prodotto\\\/beauty-nara\\\/#primaryimage\"},\"image\":{\"@id\":\"https:\\\/\\\/pasitoapasito.es\\\/it\\\/prodotto\\\/beauty-nara\\\/#primaryimage\"},\"thumbnailUrl\":\"https:\\\/\\\/pasitoapasito.es\\\/wp-content\\\/uploads\\\/2025\\\/03\\\/1120900470_a-1.jpg\",\"datePublished\":\"2025-03-25T09:09:30+00:00\",\"dateModified\":\"2025-03-25T09:33:51+00:00\",\"breadcrumb\":{\"@id\":\"https:\\\/\\\/pasitoapasito.es\\\/it\\\/prodotto\\\/beauty-nara\\\/#breadcrumb\"},\"inLanguage\":\"it-IT\",\"potentialAction\":[{\"@type\":\"ReadAction\",\"target\":[\"https:\\\/\\\/pasitoapasito.es\\\/it\\\/prodotto\\\/beauty-nara\\\/\"]}]},{\"@type\":\"ImageObject\",\"inLanguage\":\"it-IT\",\"@id\":\"https:\\\/\\\/pasitoapasito.es\\\/it\\\/prodotto\\\/beauty-nara\\\/#primaryimage\",\"url\":\"https:\\\/\\\/pasitoapasito.es\\\/wp-content\\\/uploads\\\/2025\\\/03\\\/1120900470_a-1.jpg\",\"contentUrl\":\"https:\\\/\\\/pasitoapasito.es\\\/wp-content\\\/uploads\\\/2025\\\/03\\\/1120900470_a-1.jpg\",\"width\":1000,\"height\":1000},{\"@type\":\"BreadcrumbList\",\"@id\":\"https:\\\/\\\/pasitoapasito.es\\\/it\\\/prodotto\\\/beauty-nara\\\/#breadcrumb\",\"itemListElement\":[{\"@type\":\"ListItem\",\"position\":1,\"name\":\"Tienda\",\"item\":\"https:\\\/\\\/pasitoapasito.es\\\/tienda\\\/\"},{\"@type\":\"ListItem\",\"position\":2,\"name\":\"BEAUTY NARA\"}]},{\"@type\":\"WebSite\",\"@id\":\"https:\\\/\\\/pasitoapasito.es\\\/fr\\\/#website\",\"url\":\"https:\\\/\\\/pasitoapasito.es\\\/fr\\\/\",\"name\":\"Pasito a Pasito\",\"description\":\"\",\"potentialAction\":[{\"@type\":\"SearchAction\",\"target\":{\"@type\":\"EntryPoint\",\"urlTemplate\":\"https:\\\/\\\/pasitoapasito.es\\\/fr\\\/?s={search_term_string}\"},\"query-input\":{\"@type\":\"PropertyValueSpecification\",\"valueRequired\":true,\"valueName\":\"search_term_string\"}}],\"inLanguage\":\"it-IT\"}]}<\/script>\n<!-- \/ Yoast SEO plugin. -->","yoast_head_json":{"title":"BEAUTY NARA - Pasito a Pasito","robots":{"index":"index","follow":"follow","max-snippet":"max-snippet:-1","max-image-preview":"max-image-preview:large","max-video-preview":"max-video-preview:-1"},"canonical":"https:\/\/pasitoapasito.es\/it\/prodotto\/beauty-nara\/","og_locale":"it_IT","og_type":"article","og_title":"BEAUTY NARA - Pasito a Pasito","og_description":"Il beauty case per beb\u00e9 Nara di Pasito a Pasito, realizzato in 100% cotone con una delicata stampa di cervi e alberi in tonalit\u00e0 neutre, \u00e8 una piccola borsa pensata appositamente per trasportare tutti i prodotti per la cura del bambino quando si \u00e8 fuori casa. \u00c8 un modello unico, dallo stile raffinato, progettato per [&hellip;]","og_url":"https:\/\/pasitoapasito.es\/it\/prodotto\/beauty-nara\/","og_site_name":"Pasito a Pasito","article_modified_time":"2025-03-25T09:33:51+00:00","og_image":[{"width":1000,"height":1000,"url":"https:\/\/pasitoapasito.es\/wp-content\/uploads\/2025\/03\/1120900470_a-1.jpg","type":"image\/jpeg"}],"twitter_card":"summary_large_image","twitter_misc":{"Tempo di lettura stimato":"1 minuto"},"schema":{"@context":"https:\/\/schema.org","@graph":[{"@type":"WebPage","@id":"https:\/\/pasitoapasito.es\/it\/prodotto\/beauty-nara\/","url":"https:\/\/pasitoapasito.es\/it\/prodotto\/beauty-nara\/","name":"BEAUTY NARA - Pasito a Pasito","isPartOf":{"@id":"https:\/\/pasitoapasito.es\/fr\/#website"},"primaryImageOfPage":{"@id":"https:\/\/pasitoapasito.es\/it\/prodotto\/beauty-nara\/#primaryimage"},"image":{"@id":"https:\/\/pasitoapasito.es\/it\/prodotto\/beauty-nara\/#primaryimage"},"thumbnailUrl":"https:\/\/pasitoapasito.es\/wp-content\/uploads\/2025\/03\/1120900470_a-1.jpg","datePublished":"2025-03-25T09:09:30+00:00","dateModified":"2025-03-25T09:33:51+00:00","breadcrumb":{"@id":"https:\/\/pasitoapasito.es\/it\/prodotto\/beauty-nara\/#breadcrumb"},"inLanguage":"it-IT","potentialAction":[{"@type":"ReadAction","target":["https:\/\/pasitoapasito.es\/it\/prodotto\/beauty-nara\/"]}]},{"@type":"ImageObject","inLanguage":"it-IT","@id":"https:\/\/pasitoapasito.es\/it\/prodotto\/beauty-nara\/#primaryimage","url":"https:\/\/pasitoapasito.es\/wp-content\/uploads\/2025\/03\/1120900470_a-1.jpg","contentUrl":"https:\/\/pasitoapasito.es\/wp-content\/uploads\/2025\/03\/1120900470_a-1.jpg","width":1000,"height":1000},{"@type":"BreadcrumbList","@id":"https:\/\/pasitoapasito.es\/it\/prodotto\/beauty-nara\/#breadcrumb","itemListElement":[{"@type":"ListItem","position":1,"name":"Tienda","item":"https:\/\/pasitoapasito.es\/tienda\/"},{"@type":"ListItem","position":2,"name":"BEAUTY NARA"}]},{"@type":"WebSite","@id":"https:\/\/pasitoapasito.es\/fr\/#website","url":"https:\/\/pasitoapasito.es\/fr\/","name":"Pasito a Pasito","description":"","potentialAction":[{"@type":"SearchAction","target":{"@type":"EntryPoint","urlTemplate":"https:\/\/pasitoapasito.es\/fr\/?s={search_term_string}"},"query-input":{"@type":"PropertyValueSpecification","valueRequired":true,"valueName":"search_term_string"}}],"inLanguage":"it-IT"}]}},"_links":{"self":[{"href":"https:\/\/pasitoapasito.es\/it\/wp-json\/wp\/v2\/product\/39311","targetHints":{"allow":["GET"]}}],"collection":[{"href":"https:\/\/pasitoapasito.es\/it\/wp-json\/wp\/v2\/product"}],"about":[{"href":"https:\/\/pasitoapasito.es\/it\/wp-json\/wp\/v2\/types\/product"}],"replies":[{"embeddable":true,"href":"https:\/\/pasitoapasito.es\/it\/wp-json\/wp\/v2\/comments?post=39311"}],"wp:featuredmedia":[{"embeddable":true,"href":"https:\/\/pasitoapasito.es\/it\/wp-json\/wp\/v2\/media\/38978"}],"wp:attachment":[{"href":"https:\/\/pasitoapasito.es\/it\/wp-json\/wp\/v2\/media?parent=39311"}],"wp:term":[{"taxonomy":"colecciones","embeddable":true,"href":"https:\/\/pasitoapasito.es\/it\/wp-json\/wp\/v2\/colecciones?post=39311"},{"taxonomy":"product_brand","embeddable":true,"href":"https:\/\/pasitoapasito.es\/it\/wp-json\/wp\/v2\/product_brand?post=39311"},{"taxonomy":"product_cat","embeddable":true,"href":"https:\/\/pasitoapasito.es\/it\/wp-json\/wp\/v2\/product_cat?post=39311"},{"taxonomy":"product_tag","embeddable":true,"href":"https:\/\/pasitoapasito.es\/it\/wp-json\/wp\/v2\/product_tag?post=39311"}],"curies":[{"name":"wp","href":"https:\/\/api.w.org\/{rel}","templated":true}]}}