{"id":39309,"date":"2025-03-25T09:07:58","date_gmt":"2025-03-25T09:09:30","guid":{"rendered":"https:\/\/pasitoapasito.es\/?post_type=product&#038;p=39309"},"modified":"2025-03-25T09:33:51","modified_gmt":"2025-03-25T09:33:51","slug":"xl-bag-nara","status":"publish","type":"product","link":"https:\/\/pasitoapasito.es\/it\/prodotto\/xl-bag-nara\/","title":{"rendered":"XL BAG  NARA"},"content":{"rendered":"<p>Scopri la perfetta combinazione di stile e praticit\u00e0 con la borsa XL Nara di Pasito a Pasito, realizzata in 100% cotone con una delicata stampa di cervi e alberi in tonalit\u00e0 neutre. Il trattamento impermeabile la rende resistente all\u2019acqua, garantendo protezione e durata nell\u2019uso quotidiano. Il suo design moderno e spazioso la rende ideale per i genitori che cercano un accessorio versatile per la vita di tutti i giorni.<br \/>\nGrazie alla sua grande capacit\u00e0 e ai numerosi scomparti, permette di mantenere tutto in ordine durante le uscite o i viaggi con il bambino. Dispone di diverse tasche interne per una migliore organizzazione e offre un doppio manico superiore per un trasporto comodo a mano, oltre a una tracolla regolabile e removibile per indossarla a spalla o a tracolla.<br \/>\n\u00c8 realizzata con materiali di alta qualit\u00e0, privi di coloranti azoici, ftalati e altre sostanze nocive per la salute. Pu\u00f2 essere lavata sia a mano che in lavatrice fino a una temperatura di 30\u00ba. I prodotti per bambini di Pasito a Pasito si distinguono per un design unico, caratterizzato dalla cura per i dettagli e pensato sempre in un\u2019ottica funzionale. L\u2019uso di materiali pregiati esalta l\u2019eleganza e l\u2019armonia di ogni pezzo, offrendo modelli esclusivi e dallo stile inconfondibile, ideali per mamme moderne con un gusto raffinato e attenzione per i dettagli.<br \/>\nMateriale: 100% cotone. Dimensioni: 40x40x25 cm.<\/p>\n","protected":false},"excerpt":{"rendered":"<p>Scopri la perfetta combinazione di stile e praticit\u00e0 con la borsa XL Nara di Pasito a Pasito, realizzata in 100% cotone con una delicata stampa di cervi e alberi in tonalit\u00e0 neutre. Il trattamento impermeabile la rende resistente all\u2019acqua, garantendo protezione e durata nell\u2019uso quotidiano. Il suo design moderno e spazioso la rende ideale per [&hellip;]<\/p>\n","protected":false},"featured_media":38928,"comment_status":"closed","ping_status":"closed","template":"","meta":{"_acf_changed":false,"inline_featured_image":false},"colecciones":[333],"product_brand":[],"product_cat":[134,169],"product_tag":[],"class_list":{"0":"post-39309","1":"product","2":"type-product","3":"status-publish","4":"has-post-thumbnail","6":"colecciones-collezione-nara","7":"product_cat-valigie","8":"product_cat-borse-e-accesori","10":"first","11":"instock","12":"purchasable","13":"product-type-simple"},"acf":[],"yoast_head":"<!-- This site is optimized with the Yoast SEO plugin v27.4 - https:\/\/yoast.com\/product\/yoast-seo-wordpress\/ -->\n<title>XL BAG NARA - Pasito a Pasito<\/title>\n<meta name=\"robots\" content=\"index, follow, max-snippet:-1, max-image-preview:large, max-video-preview:-1\" \/>\n<link rel=\"canonical\" href=\"https:\/\/pasitoapasito.es\/it\/prodotto\/xl-bag-nara\/\" \/>\n<meta property=\"og:locale\" content=\"it_IT\" \/>\n<meta property=\"og:type\" content=\"article\" \/>\n<meta property=\"og:title\" content=\"XL BAG NARA - Pasito a Pasito\" \/>\n<meta property=\"og:description\" content=\"Scopri la perfetta combinazione di stile e praticit\u00e0 con la borsa XL Nara di Pasito a Pasito, realizzata in 100% cotone con una delicata stampa di cervi e alberi in tonalit\u00e0 neutre. Il trattamento impermeabile la rende resistente all\u2019acqua, garantendo protezione e durata nell\u2019uso quotidiano. Il suo design moderno e spazioso la rende ideale per [&hellip;]\" \/>\n<meta property=\"og:url\" content=\"https:\/\/pasitoapasito.es\/it\/prodotto\/xl-bag-nara\/\" \/>\n<meta property=\"og:site_name\" content=\"Pasito a Pasito\" \/>\n<meta property=\"article:modified_time\" content=\"2025-03-25T09:33:51+00:00\" \/>\n<meta property=\"og:image\" content=\"https:\/\/pasitoapasito.es\/wp-content\/uploads\/2025\/03\/1120900468_a-1.jpg\" \/>\n\t<meta property=\"og:image:width\" content=\"1000\" \/>\n\t<meta property=\"og:image:height\" content=\"1000\" \/>\n\t<meta property=\"og:image:type\" content=\"image\/jpeg\" \/>\n<meta name=\"twitter:card\" content=\"summary_large_image\" \/>\n<meta name=\"twitter:label1\" content=\"Tempo di lettura stimato\" \/>\n\t<meta name=\"twitter:data1\" content=\"1 minuto\" \/>\n<script type=\"application\/ld+json\" class=\"yoast-schema-graph\">{\"@context\":\"https:\\\/\\\/schema.org\",\"@graph\":[{\"@type\":\"WebPage\",\"@id\":\"https:\\\/\\\/pasitoapasito.es\\\/it\\\/prodotto\\\/xl-bag-nara\\\/\",\"url\":\"https:\\\/\\\/pasitoapasito.es\\\/it\\\/prodotto\\\/xl-bag-nara\\\/\",\"name\":\"XL BAG NARA - Pasito a Pasito\",\"isPartOf\":{\"@id\":\"https:\\\/\\\/pasitoapasito.es\\\/fr\\\/#website\"},\"primaryImageOfPage\":{\"@id\":\"https:\\\/\\\/pasitoapasito.es\\\/it\\\/prodotto\\\/xl-bag-nara\\\/#primaryimage\"},\"image\":{\"@id\":\"https:\\\/\\\/pasitoapasito.es\\\/it\\\/prodotto\\\/xl-bag-nara\\\/#primaryimage\"},\"thumbnailUrl\":\"https:\\\/\\\/pasitoapasito.es\\\/wp-content\\\/uploads\\\/2025\\\/03\\\/1120900468_a-1.jpg\",\"datePublished\":\"2025-03-25T09:09:30+00:00\",\"dateModified\":\"2025-03-25T09:33:51+00:00\",\"breadcrumb\":{\"@id\":\"https:\\\/\\\/pasitoapasito.es\\\/it\\\/prodotto\\\/xl-bag-nara\\\/#breadcrumb\"},\"inLanguage\":\"it-IT\",\"potentialAction\":[{\"@type\":\"ReadAction\",\"target\":[\"https:\\\/\\\/pasitoapasito.es\\\/it\\\/prodotto\\\/xl-bag-nara\\\/\"]}]},{\"@type\":\"ImageObject\",\"inLanguage\":\"it-IT\",\"@id\":\"https:\\\/\\\/pasitoapasito.es\\\/it\\\/prodotto\\\/xl-bag-nara\\\/#primaryimage\",\"url\":\"https:\\\/\\\/pasitoapasito.es\\\/wp-content\\\/uploads\\\/2025\\\/03\\\/1120900468_a-1.jpg\",\"contentUrl\":\"https:\\\/\\\/pasitoapasito.es\\\/wp-content\\\/uploads\\\/2025\\\/03\\\/1120900468_a-1.jpg\",\"width\":1000,\"height\":1000},{\"@type\":\"BreadcrumbList\",\"@id\":\"https:\\\/\\\/pasitoapasito.es\\\/it\\\/prodotto\\\/xl-bag-nara\\\/#breadcrumb\",\"itemListElement\":[{\"@type\":\"ListItem\",\"position\":1,\"name\":\"Tienda\",\"item\":\"https:\\\/\\\/pasitoapasito.es\\\/tienda\\\/\"},{\"@type\":\"ListItem\",\"position\":2,\"name\":\"XL BAG NARA\"}]},{\"@type\":\"WebSite\",\"@id\":\"https:\\\/\\\/pasitoapasito.es\\\/fr\\\/#website\",\"url\":\"https:\\\/\\\/pasitoapasito.es\\\/fr\\\/\",\"name\":\"Pasito a Pasito\",\"description\":\"\",\"potentialAction\":[{\"@type\":\"SearchAction\",\"target\":{\"@type\":\"EntryPoint\",\"urlTemplate\":\"https:\\\/\\\/pasitoapasito.es\\\/fr\\\/?s={search_term_string}\"},\"query-input\":{\"@type\":\"PropertyValueSpecification\",\"valueRequired\":true,\"valueName\":\"search_term_string\"}}],\"inLanguage\":\"it-IT\"}]}<\/script>\n<!-- \/ Yoast SEO plugin. -->","yoast_head_json":{"title":"XL BAG NARA - Pasito a Pasito","robots":{"index":"index","follow":"follow","max-snippet":"max-snippet:-1","max-image-preview":"max-image-preview:large","max-video-preview":"max-video-preview:-1"},"canonical":"https:\/\/pasitoapasito.es\/it\/prodotto\/xl-bag-nara\/","og_locale":"it_IT","og_type":"article","og_title":"XL BAG NARA - Pasito a Pasito","og_description":"Scopri la perfetta combinazione di stile e praticit\u00e0 con la borsa XL Nara di Pasito a Pasito, realizzata in 100% cotone con una delicata stampa di cervi e alberi in tonalit\u00e0 neutre. Il trattamento impermeabile la rende resistente all\u2019acqua, garantendo protezione e durata nell\u2019uso quotidiano. Il suo design moderno e spazioso la rende ideale per [&hellip;]","og_url":"https:\/\/pasitoapasito.es\/it\/prodotto\/xl-bag-nara\/","og_site_name":"Pasito a Pasito","article_modified_time":"2025-03-25T09:33:51+00:00","og_image":[{"width":1000,"height":1000,"url":"https:\/\/pasitoapasito.es\/wp-content\/uploads\/2025\/03\/1120900468_a-1.jpg","type":"image\/jpeg"}],"twitter_card":"summary_large_image","twitter_misc":{"Tempo di lettura stimato":"1 minuto"},"schema":{"@context":"https:\/\/schema.org","@graph":[{"@type":"WebPage","@id":"https:\/\/pasitoapasito.es\/it\/prodotto\/xl-bag-nara\/","url":"https:\/\/pasitoapasito.es\/it\/prodotto\/xl-bag-nara\/","name":"XL BAG NARA - Pasito a Pasito","isPartOf":{"@id":"https:\/\/pasitoapasito.es\/fr\/#website"},"primaryImageOfPage":{"@id":"https:\/\/pasitoapasito.es\/it\/prodotto\/xl-bag-nara\/#primaryimage"},"image":{"@id":"https:\/\/pasitoapasito.es\/it\/prodotto\/xl-bag-nara\/#primaryimage"},"thumbnailUrl":"https:\/\/pasitoapasito.es\/wp-content\/uploads\/2025\/03\/1120900468_a-1.jpg","datePublished":"2025-03-25T09:09:30+00:00","dateModified":"2025-03-25T09:33:51+00:00","breadcrumb":{"@id":"https:\/\/pasitoapasito.es\/it\/prodotto\/xl-bag-nara\/#breadcrumb"},"inLanguage":"it-IT","potentialAction":[{"@type":"ReadAction","target":["https:\/\/pasitoapasito.es\/it\/prodotto\/xl-bag-nara\/"]}]},{"@type":"ImageObject","inLanguage":"it-IT","@id":"https:\/\/pasitoapasito.es\/it\/prodotto\/xl-bag-nara\/#primaryimage","url":"https:\/\/pasitoapasito.es\/wp-content\/uploads\/2025\/03\/1120900468_a-1.jpg","contentUrl":"https:\/\/pasitoapasito.es\/wp-content\/uploads\/2025\/03\/1120900468_a-1.jpg","width":1000,"height":1000},{"@type":"BreadcrumbList","@id":"https:\/\/pasitoapasito.es\/it\/prodotto\/xl-bag-nara\/#breadcrumb","itemListElement":[{"@type":"ListItem","position":1,"name":"Tienda","item":"https:\/\/pasitoapasito.es\/tienda\/"},{"@type":"ListItem","position":2,"name":"XL BAG NARA"}]},{"@type":"WebSite","@id":"https:\/\/pasitoapasito.es\/fr\/#website","url":"https:\/\/pasitoapasito.es\/fr\/","name":"Pasito a Pasito","description":"","potentialAction":[{"@type":"SearchAction","target":{"@type":"EntryPoint","urlTemplate":"https:\/\/pasitoapasito.es\/fr\/?s={search_term_string}"},"query-input":{"@type":"PropertyValueSpecification","valueRequired":true,"valueName":"search_term_string"}}],"inLanguage":"it-IT"}]}},"_links":{"self":[{"href":"https:\/\/pasitoapasito.es\/it\/wp-json\/wp\/v2\/product\/39309","targetHints":{"allow":["GET"]}}],"collection":[{"href":"https:\/\/pasitoapasito.es\/it\/wp-json\/wp\/v2\/product"}],"about":[{"href":"https:\/\/pasitoapasito.es\/it\/wp-json\/wp\/v2\/types\/product"}],"replies":[{"embeddable":true,"href":"https:\/\/pasitoapasito.es\/it\/wp-json\/wp\/v2\/comments?post=39309"}],"wp:featuredmedia":[{"embeddable":true,"href":"https:\/\/pasitoapasito.es\/it\/wp-json\/wp\/v2\/media\/38928"}],"wp:attachment":[{"href":"https:\/\/pasitoapasito.es\/it\/wp-json\/wp\/v2\/media?parent=39309"}],"wp:term":[{"taxonomy":"colecciones","embeddable":true,"href":"https:\/\/pasitoapasito.es\/it\/wp-json\/wp\/v2\/colecciones?post=39309"},{"taxonomy":"product_brand","embeddable":true,"href":"https:\/\/pasitoapasito.es\/it\/wp-json\/wp\/v2\/product_brand?post=39309"},{"taxonomy":"product_cat","embeddable":true,"href":"https:\/\/pasitoapasito.es\/it\/wp-json\/wp\/v2\/product_cat?post=39309"},{"taxonomy":"product_tag","embeddable":true,"href":"https:\/\/pasitoapasito.es\/it\/wp-json\/wp\/v2\/product_tag?post=39309"}],"curies":[{"name":"wp","href":"https:\/\/api.w.org\/{rel}","templated":true}]}}