{"id":38784,"date":"2025-02-28T08:24:56","date_gmt":"2025-02-28T08:29:30","guid":{"rendered":"https:\/\/pasitoapasito.es\/?post_type=product&#038;p=38784"},"modified":"2025-02-28T08:29:30","modified_gmt":"2025-02-28T08:29:30","slug":"borsa-bucket-icon-smoke","status":"publish","type":"product","link":"https:\/\/pasitoapasito.es\/it\/prodotto\/borsa-bucket-icon-smoke\/","title":{"rendered":"BORSA BUCKET ICON SMOKE"},"content":{"rendered":"<p>Borsa bucket per Passeggino Icon Smoke di Pasito a Pasito. Realizzata in eco-pelle di alta qualit\u00e0 in un&#8217;elegante tonalit\u00e0 rosa pastello, questa borsa secchiello per passeggino si distingue per il suo bordo smerlato delicato e il grazioso ciondolo in metallo a forma di orsetto, che aggiunge un tocco unico. \u00c8 l&#8217;accessorio ideale per trasportare gli essenziali del tuo bambino con stile e praticit\u00e0 durante le passeggiate. Il suo formato compatto \u00e8 perfetto per organizzare pannolini, biberon e altri oggetti indispensabili, mantenendo tutto a portata di mano. La borsa \u00e8 dotata di una pratica chiusura a coulisse per proteggere i tuoi effetti personali in sicurezza. Progettata per offrire versatilit\u00e0 e comodit\u00e0, \u00e8 dotata di una tracolla lunga per portarla a spalla e di manici corti per fissarla al passeggino. Combinando funzionalit\u00e0 e design raffinato, \u00e8 un accessorio imprescindibile per le tue uscite con il tuo bambino. Realizzata con materiali di alta qualit\u00e0, privi di coloranti azoici, ftalati e sostanze nocive, questa borsa garantisce sicurezza e durata. I prodotti per bambini di Pasito a Pasito si distinguono per i loro design unici, sempre pensati dal punto di vista pratico senza rinunciare all&#8217;eleganza. Ogni collezione \u00e8 curata nei minimi dettagli, utilizzando materiali di prima scelta per sottolineare l&#8217;armonia e la raffinatezza di ogni pezzo. I nostri modelli esclusivi, con il loro stile inconfondibile, sono pensati per mamme moderne che apprezzano il buon gusto e i dettagli tanto quanto noi. Specifiche: Materiale: Eco-pelle Colore: Grigio Dimensioni: 17&#215;22 cm<\/p>\n","protected":false},"excerpt":{"rendered":"<p>Borsa bucket per Passeggino Icon Smoke di Pasito a Pasito. Realizzata in eco-pelle di alta qualit\u00e0 in un&#8217;elegante tonalit\u00e0 rosa pastello, questa borsa secchiello per passeggino si distingue per il suo bordo smerlato delicato e il grazioso ciondolo in metallo a forma di orsetto, che aggiunge un tocco unico. \u00c8 l&#8217;accessorio ideale per trasportare gli [&hellip;]<\/p>\n","protected":false},"featured_media":38642,"comment_status":"closed","ping_status":"closed","template":"","meta":{"_acf_changed":false,"inline_featured_image":false},"colecciones":[289],"product_brand":[],"product_cat":[169,128],"product_tag":[],"class_list":{"0":"post-38784","1":"product","2":"type-product","3":"status-publish","4":"has-post-thumbnail","6":"colecciones-collezione-icon","7":"product_cat-borse-e-accesori","8":"product_cat-borse-fasciatoio","10":"first","11":"instock","12":"purchasable","13":"product-type-simple"},"acf":[],"yoast_head":"<!-- This site is optimized with the Yoast SEO plugin v27.3 - https:\/\/yoast.com\/product\/yoast-seo-wordpress\/ -->\n<title>BORSA BUCKET ICON SMOKE - Pasito a Pasito<\/title>\n<meta name=\"robots\" content=\"index, follow, max-snippet:-1, max-image-preview:large, max-video-preview:-1\" \/>\n<link rel=\"canonical\" href=\"https:\/\/pasitoapasito.es\/it\/prodotto\/borsa-bucket-icon-smoke\/\" \/>\n<meta property=\"og:locale\" content=\"it_IT\" \/>\n<meta property=\"og:type\" content=\"article\" \/>\n<meta property=\"og:title\" content=\"BORSA BUCKET ICON SMOKE - Pasito a Pasito\" \/>\n<meta property=\"og:description\" content=\"Borsa bucket per Passeggino Icon Smoke di Pasito a Pasito. Realizzata in eco-pelle di alta qualit\u00e0 in un&#8217;elegante tonalit\u00e0 rosa pastello, questa borsa secchiello per passeggino si distingue per il suo bordo smerlato delicato e il grazioso ciondolo in metallo a forma di orsetto, che aggiunge un tocco unico. \u00c8 l&#8217;accessorio ideale per trasportare gli [&hellip;]\" \/>\n<meta property=\"og:url\" content=\"https:\/\/pasitoapasito.es\/it\/prodotto\/borsa-bucket-icon-smoke\/\" \/>\n<meta property=\"og:site_name\" content=\"Pasito a Pasito\" \/>\n<meta property=\"og:image\" content=\"https:\/\/pasitoapasito.es\/wp-content\/uploads\/2025\/02\/1120900461_a-1.jpg\" \/>\n\t<meta property=\"og:image:width\" content=\"1200\" \/>\n\t<meta property=\"og:image:height\" content=\"1200\" \/>\n\t<meta property=\"og:image:type\" content=\"image\/jpeg\" \/>\n<meta name=\"twitter:card\" content=\"summary_large_image\" \/>\n<meta name=\"twitter:label1\" content=\"Tempo di lettura stimato\" \/>\n\t<meta name=\"twitter:data1\" content=\"1 minuto\" \/>\n<script type=\"application\/ld+json\" class=\"yoast-schema-graph\">{\"@context\":\"https:\\\/\\\/schema.org\",\"@graph\":[{\"@type\":\"WebPage\",\"@id\":\"https:\\\/\\\/pasitoapasito.es\\\/it\\\/prodotto\\\/borsa-bucket-icon-smoke\\\/\",\"url\":\"https:\\\/\\\/pasitoapasito.es\\\/it\\\/prodotto\\\/borsa-bucket-icon-smoke\\\/\",\"name\":\"BORSA BUCKET ICON SMOKE - Pasito a Pasito\",\"isPartOf\":{\"@id\":\"https:\\\/\\\/pasitoapasito.es\\\/fr\\\/#website\"},\"primaryImageOfPage\":{\"@id\":\"https:\\\/\\\/pasitoapasito.es\\\/it\\\/prodotto\\\/borsa-bucket-icon-smoke\\\/#primaryimage\"},\"image\":{\"@id\":\"https:\\\/\\\/pasitoapasito.es\\\/it\\\/prodotto\\\/borsa-bucket-icon-smoke\\\/#primaryimage\"},\"thumbnailUrl\":\"https:\\\/\\\/pasitoapasito.es\\\/wp-content\\\/uploads\\\/2025\\\/02\\\/1120900461_a-1.jpg\",\"datePublished\":\"2025-02-28T08:29:30+00:00\",\"breadcrumb\":{\"@id\":\"https:\\\/\\\/pasitoapasito.es\\\/it\\\/prodotto\\\/borsa-bucket-icon-smoke\\\/#breadcrumb\"},\"inLanguage\":\"it-IT\",\"potentialAction\":[{\"@type\":\"ReadAction\",\"target\":[\"https:\\\/\\\/pasitoapasito.es\\\/it\\\/prodotto\\\/borsa-bucket-icon-smoke\\\/\"]}]},{\"@type\":\"ImageObject\",\"inLanguage\":\"it-IT\",\"@id\":\"https:\\\/\\\/pasitoapasito.es\\\/it\\\/prodotto\\\/borsa-bucket-icon-smoke\\\/#primaryimage\",\"url\":\"https:\\\/\\\/pasitoapasito.es\\\/wp-content\\\/uploads\\\/2025\\\/02\\\/1120900461_a-1.jpg\",\"contentUrl\":\"https:\\\/\\\/pasitoapasito.es\\\/wp-content\\\/uploads\\\/2025\\\/02\\\/1120900461_a-1.jpg\",\"width\":1200,\"height\":1200},{\"@type\":\"BreadcrumbList\",\"@id\":\"https:\\\/\\\/pasitoapasito.es\\\/it\\\/prodotto\\\/borsa-bucket-icon-smoke\\\/#breadcrumb\",\"itemListElement\":[{\"@type\":\"ListItem\",\"position\":1,\"name\":\"Tienda\",\"item\":\"https:\\\/\\\/pasitoapasito.es\\\/tienda\\\/\"},{\"@type\":\"ListItem\",\"position\":2,\"name\":\"BORSA BUCKET ICON SMOKE\"}]},{\"@type\":\"WebSite\",\"@id\":\"https:\\\/\\\/pasitoapasito.es\\\/fr\\\/#website\",\"url\":\"https:\\\/\\\/pasitoapasito.es\\\/fr\\\/\",\"name\":\"Pasito a Pasito\",\"description\":\"\",\"potentialAction\":[{\"@type\":\"SearchAction\",\"target\":{\"@type\":\"EntryPoint\",\"urlTemplate\":\"https:\\\/\\\/pasitoapasito.es\\\/fr\\\/?s={search_term_string}\"},\"query-input\":{\"@type\":\"PropertyValueSpecification\",\"valueRequired\":true,\"valueName\":\"search_term_string\"}}],\"inLanguage\":\"it-IT\"}]}<\/script>\n<!-- \/ Yoast SEO plugin. -->","yoast_head_json":{"title":"BORSA BUCKET ICON SMOKE - Pasito a Pasito","robots":{"index":"index","follow":"follow","max-snippet":"max-snippet:-1","max-image-preview":"max-image-preview:large","max-video-preview":"max-video-preview:-1"},"canonical":"https:\/\/pasitoapasito.es\/it\/prodotto\/borsa-bucket-icon-smoke\/","og_locale":"it_IT","og_type":"article","og_title":"BORSA BUCKET ICON SMOKE - Pasito a Pasito","og_description":"Borsa bucket per Passeggino Icon Smoke di Pasito a Pasito. Realizzata in eco-pelle di alta qualit\u00e0 in un&#8217;elegante tonalit\u00e0 rosa pastello, questa borsa secchiello per passeggino si distingue per il suo bordo smerlato delicato e il grazioso ciondolo in metallo a forma di orsetto, che aggiunge un tocco unico. \u00c8 l&#8217;accessorio ideale per trasportare gli [&hellip;]","og_url":"https:\/\/pasitoapasito.es\/it\/prodotto\/borsa-bucket-icon-smoke\/","og_site_name":"Pasito a Pasito","og_image":[{"width":1200,"height":1200,"url":"https:\/\/pasitoapasito.es\/wp-content\/uploads\/2025\/02\/1120900461_a-1.jpg","type":"image\/jpeg"}],"twitter_card":"summary_large_image","twitter_misc":{"Tempo di lettura stimato":"1 minuto"},"schema":{"@context":"https:\/\/schema.org","@graph":[{"@type":"WebPage","@id":"https:\/\/pasitoapasito.es\/it\/prodotto\/borsa-bucket-icon-smoke\/","url":"https:\/\/pasitoapasito.es\/it\/prodotto\/borsa-bucket-icon-smoke\/","name":"BORSA BUCKET ICON SMOKE - Pasito a Pasito","isPartOf":{"@id":"https:\/\/pasitoapasito.es\/fr\/#website"},"primaryImageOfPage":{"@id":"https:\/\/pasitoapasito.es\/it\/prodotto\/borsa-bucket-icon-smoke\/#primaryimage"},"image":{"@id":"https:\/\/pasitoapasito.es\/it\/prodotto\/borsa-bucket-icon-smoke\/#primaryimage"},"thumbnailUrl":"https:\/\/pasitoapasito.es\/wp-content\/uploads\/2025\/02\/1120900461_a-1.jpg","datePublished":"2025-02-28T08:29:30+00:00","breadcrumb":{"@id":"https:\/\/pasitoapasito.es\/it\/prodotto\/borsa-bucket-icon-smoke\/#breadcrumb"},"inLanguage":"it-IT","potentialAction":[{"@type":"ReadAction","target":["https:\/\/pasitoapasito.es\/it\/prodotto\/borsa-bucket-icon-smoke\/"]}]},{"@type":"ImageObject","inLanguage":"it-IT","@id":"https:\/\/pasitoapasito.es\/it\/prodotto\/borsa-bucket-icon-smoke\/#primaryimage","url":"https:\/\/pasitoapasito.es\/wp-content\/uploads\/2025\/02\/1120900461_a-1.jpg","contentUrl":"https:\/\/pasitoapasito.es\/wp-content\/uploads\/2025\/02\/1120900461_a-1.jpg","width":1200,"height":1200},{"@type":"BreadcrumbList","@id":"https:\/\/pasitoapasito.es\/it\/prodotto\/borsa-bucket-icon-smoke\/#breadcrumb","itemListElement":[{"@type":"ListItem","position":1,"name":"Tienda","item":"https:\/\/pasitoapasito.es\/tienda\/"},{"@type":"ListItem","position":2,"name":"BORSA BUCKET ICON SMOKE"}]},{"@type":"WebSite","@id":"https:\/\/pasitoapasito.es\/fr\/#website","url":"https:\/\/pasitoapasito.es\/fr\/","name":"Pasito a Pasito","description":"","potentialAction":[{"@type":"SearchAction","target":{"@type":"EntryPoint","urlTemplate":"https:\/\/pasitoapasito.es\/fr\/?s={search_term_string}"},"query-input":{"@type":"PropertyValueSpecification","valueRequired":true,"valueName":"search_term_string"}}],"inLanguage":"it-IT"}]}},"_links":{"self":[{"href":"https:\/\/pasitoapasito.es\/it\/wp-json\/wp\/v2\/product\/38784","targetHints":{"allow":["GET"]}}],"collection":[{"href":"https:\/\/pasitoapasito.es\/it\/wp-json\/wp\/v2\/product"}],"about":[{"href":"https:\/\/pasitoapasito.es\/it\/wp-json\/wp\/v2\/types\/product"}],"replies":[{"embeddable":true,"href":"https:\/\/pasitoapasito.es\/it\/wp-json\/wp\/v2\/comments?post=38784"}],"wp:featuredmedia":[{"embeddable":true,"href":"https:\/\/pasitoapasito.es\/it\/wp-json\/wp\/v2\/media\/38642"}],"wp:attachment":[{"href":"https:\/\/pasitoapasito.es\/it\/wp-json\/wp\/v2\/media?parent=38784"}],"wp:term":[{"taxonomy":"colecciones","embeddable":true,"href":"https:\/\/pasitoapasito.es\/it\/wp-json\/wp\/v2\/colecciones?post=38784"},{"taxonomy":"product_brand","embeddable":true,"href":"https:\/\/pasitoapasito.es\/it\/wp-json\/wp\/v2\/product_brand?post=38784"},{"taxonomy":"product_cat","embeddable":true,"href":"https:\/\/pasitoapasito.es\/it\/wp-json\/wp\/v2\/product_cat?post=38784"},{"taxonomy":"product_tag","embeddable":true,"href":"https:\/\/pasitoapasito.es\/it\/wp-json\/wp\/v2\/product_tag?post=38784"}],"curies":[{"name":"wp","href":"https:\/\/api.w.org\/{rel}","templated":true}]}}