{"id":38540,"date":"2024-11-18T13:06:28","date_gmt":"2024-11-18T13:06:28","guid":{"rendered":"https:\/\/pasitoapasito.es\/?post_type=product&#038;p=38540"},"modified":"2024-11-18T13:16:38","modified_gmt":"2024-11-18T13:16:38","slug":"copripasseggino-estate-icon-sky","status":"publish","type":"product","link":"https:\/\/pasitoapasito.es\/it\/prodotto\/copripasseggino-estate-icon-sky\/","title":{"rendered":"COPRIPASSEGGINO ESTATE ICON SKY"},"content":{"rendered":"<p>Il copripasseggino Icon Sky di Pasito a Pasito, realizzato in morbido tessuto e mussola, \u00e8 studiato per garantire il massimo comfort, grazie a uno strato traspirante sullo schienale che isola l&#8217;umidit\u00e0 e previene la sudorazione eccessiva del bambino durante le passeggiate.<br \/>\nLa copertura include un\u2019imbottitura rimovibile in fibra cava per un comfort ottimale. Il poggiapiedi in poliestere facilita la pulizia quotidiana, mentre le numerose aperture e regolazioni assicurano la compatibilit\u00e0 con la maggior parte dei passeggini.<br \/>\nQuesto design semplice, bello e confortevole crea un piccolo nido accogliente per il tuo bambino, tenendolo comodo e protetto nelle giornate ventose. La copertura si adatta facilmente a qualsiasi passeggino, assicurando il comfort di cui il tuo bambino ha bisogno.<br \/>\nLe finiture sono di alta qualit\u00e0. Ogni copripasseggino \u00e8 realizzato nel rispetto delle pi\u00f9 severe normative europee, utilizzando materiali privi di coloranti azoici, ftalati e altre sostanze nocive per la salute.<br \/>\nTessuto facile da pulire, lavabile in lavatrice a 30\u00ba. I prodotti per bambini di Pasito a Pasito hanno un design molto diverso dagli altri. Le loro collezioni sono caratterizzate da un lavoro meticoloso, sempre progettato da un punto di vista pratico. Utilizzano materiali di alta qualit\u00e0 per enfatizzare l&#8217;eleganza e l&#8217;armonia in ciascuno dei loro pezzi. I nostri modelli sono esclusivi e hanno uno stile inconfondibile, progettato per le moderne mamme che hanno buon gusto e apprezzano i dettagli tanto quanto noi. Materiali: 100% cotone. Colore: Blu. Taglia universale.<\/p>\n","protected":false},"excerpt":{"rendered":"<p>Il copripasseggino Icon Sky di Pasito a Pasito, realizzato in morbido tessuto e mussola, \u00e8 studiato per garantire il massimo comfort, grazie a uno strato traspirante sullo schienale che isola l&#8217;umidit\u00e0 e previene la sudorazione eccessiva del bambino durante le passeggiate. La copertura include un\u2019imbottitura rimovibile in fibra cava per un comfort ottimale. Il poggiapiedi [&hellip;]<\/p>\n","protected":false},"featured_media":38360,"comment_status":"closed","ping_status":"closed","template":"","meta":{"_acf_changed":false,"inline_featured_image":false},"colecciones":[],"product_brand":[],"product_cat":[258],"product_tag":[],"class_list":{"0":"post-38540","1":"product","2":"type-product","3":"status-publish","4":"has-post-thumbnail","6":"product_cat-special-prices-it","8":"first","9":"instock","10":"purchasable","11":"product-type-simple"},"acf":[],"yoast_head":"<!-- This site is optimized with the Yoast SEO plugin v27.4 - https:\/\/yoast.com\/product\/yoast-seo-wordpress\/ -->\n<title>COPRIPASSEGGINO ESTATE ICON SKY - Pasito a Pasito<\/title>\n<meta name=\"robots\" content=\"index, follow, max-snippet:-1, max-image-preview:large, max-video-preview:-1\" \/>\n<link rel=\"canonical\" href=\"https:\/\/pasitoapasito.es\/prodotto\/saco-silla-entretiempo-icon-sky\/\" \/>\n<meta property=\"og:locale\" content=\"it_IT\" \/>\n<meta property=\"og:type\" content=\"article\" \/>\n<meta property=\"og:title\" content=\"COPRIPASSEGGINO ESTATE ICON SKY - Pasito a Pasito\" \/>\n<meta property=\"og:description\" content=\"Il copripasseggino Icon Sky di Pasito a Pasito, realizzato in morbido tessuto e mussola, \u00e8 studiato per garantire il massimo comfort, grazie a uno strato traspirante sullo schienale che isola l&#8217;umidit\u00e0 e previene la sudorazione eccessiva del bambino durante le passeggiate. La copertura include un\u2019imbottitura rimovibile in fibra cava per un comfort ottimale. Il poggiapiedi [&hellip;]\" \/>\n<meta property=\"og:url\" content=\"https:\/\/pasitoapasito.es\/prodotto\/saco-silla-entretiempo-icon-sky\/\" \/>\n<meta property=\"og:site_name\" content=\"Pasito a Pasito\" \/>\n<meta property=\"article:modified_time\" content=\"2024-11-18T13:16:38+00:00\" \/>\n<meta property=\"og:image\" content=\"https:\/\/pasitoapasito.es\/wp-content\/uploads\/2024\/11\/1120900455_a.jpg\" \/>\n\t<meta property=\"og:image:width\" content=\"1200\" \/>\n\t<meta property=\"og:image:height\" content=\"1200\" \/>\n\t<meta property=\"og:image:type\" content=\"image\/jpeg\" \/>\n<meta name=\"twitter:card\" content=\"summary_large_image\" \/>\n<meta name=\"twitter:label1\" content=\"Tempo di lettura stimato\" \/>\n\t<meta name=\"twitter:data1\" content=\"1 minuto\" \/>\n<script type=\"application\/ld+json\" class=\"yoast-schema-graph\">{\"@context\":\"https:\\\/\\\/schema.org\",\"@graph\":[{\"@type\":\"WebPage\",\"@id\":\"https:\\\/\\\/pasitoapasito.es\\\/prodotto\\\/saco-silla-entretiempo-icon-sky\\\/\",\"url\":\"https:\\\/\\\/pasitoapasito.es\\\/prodotto\\\/saco-silla-entretiempo-icon-sky\\\/\",\"name\":\"COPRIPASSEGGINO ESTATE ICON SKY - Pasito a Pasito\",\"isPartOf\":{\"@id\":\"https:\\\/\\\/pasitoapasito.es\\\/fr\\\/#website\"},\"primaryImageOfPage\":{\"@id\":\"https:\\\/\\\/pasitoapasito.es\\\/prodotto\\\/saco-silla-entretiempo-icon-sky\\\/#primaryimage\"},\"image\":{\"@id\":\"https:\\\/\\\/pasitoapasito.es\\\/prodotto\\\/saco-silla-entretiempo-icon-sky\\\/#primaryimage\"},\"thumbnailUrl\":\"https:\\\/\\\/pasitoapasito.es\\\/wp-content\\\/uploads\\\/2024\\\/11\\\/1120900455_a.jpg\",\"datePublished\":\"2024-11-18T13:06:28+00:00\",\"dateModified\":\"2024-11-18T13:16:38+00:00\",\"breadcrumb\":{\"@id\":\"https:\\\/\\\/pasitoapasito.es\\\/prodotto\\\/saco-silla-entretiempo-icon-sky\\\/#breadcrumb\"},\"inLanguage\":\"it-IT\",\"potentialAction\":[{\"@type\":\"ReadAction\",\"target\":[\"https:\\\/\\\/pasitoapasito.es\\\/prodotto\\\/saco-silla-entretiempo-icon-sky\\\/\"]}]},{\"@type\":\"ImageObject\",\"inLanguage\":\"it-IT\",\"@id\":\"https:\\\/\\\/pasitoapasito.es\\\/prodotto\\\/saco-silla-entretiempo-icon-sky\\\/#primaryimage\",\"url\":\"https:\\\/\\\/pasitoapasito.es\\\/wp-content\\\/uploads\\\/2024\\\/11\\\/1120900455_a.jpg\",\"contentUrl\":\"https:\\\/\\\/pasitoapasito.es\\\/wp-content\\\/uploads\\\/2024\\\/11\\\/1120900455_a.jpg\",\"width\":1200,\"height\":1200},{\"@type\":\"BreadcrumbList\",\"@id\":\"https:\\\/\\\/pasitoapasito.es\\\/prodotto\\\/saco-silla-entretiempo-icon-sky\\\/#breadcrumb\",\"itemListElement\":[{\"@type\":\"ListItem\",\"position\":1,\"name\":\"Tienda\",\"item\":\"https:\\\/\\\/pasitoapasito.es\\\/tienda\\\/\"},{\"@type\":\"ListItem\",\"position\":2,\"name\":\"COPRIPASSEGGINO ESTATE ICON SKY\"}]},{\"@type\":\"WebSite\",\"@id\":\"https:\\\/\\\/pasitoapasito.es\\\/fr\\\/#website\",\"url\":\"https:\\\/\\\/pasitoapasito.es\\\/fr\\\/\",\"name\":\"Pasito a Pasito\",\"description\":\"\",\"potentialAction\":[{\"@type\":\"SearchAction\",\"target\":{\"@type\":\"EntryPoint\",\"urlTemplate\":\"https:\\\/\\\/pasitoapasito.es\\\/fr\\\/?s={search_term_string}\"},\"query-input\":{\"@type\":\"PropertyValueSpecification\",\"valueRequired\":true,\"valueName\":\"search_term_string\"}}],\"inLanguage\":\"it-IT\"}]}<\/script>\n<!-- \/ Yoast SEO plugin. -->","yoast_head_json":{"title":"COPRIPASSEGGINO ESTATE ICON SKY - Pasito a Pasito","robots":{"index":"index","follow":"follow","max-snippet":"max-snippet:-1","max-image-preview":"max-image-preview:large","max-video-preview":"max-video-preview:-1"},"canonical":"https:\/\/pasitoapasito.es\/prodotto\/saco-silla-entretiempo-icon-sky\/","og_locale":"it_IT","og_type":"article","og_title":"COPRIPASSEGGINO ESTATE ICON SKY - Pasito a Pasito","og_description":"Il copripasseggino Icon Sky di Pasito a Pasito, realizzato in morbido tessuto e mussola, \u00e8 studiato per garantire il massimo comfort, grazie a uno strato traspirante sullo schienale che isola l&#8217;umidit\u00e0 e previene la sudorazione eccessiva del bambino durante le passeggiate. La copertura include un\u2019imbottitura rimovibile in fibra cava per un comfort ottimale. Il poggiapiedi [&hellip;]","og_url":"https:\/\/pasitoapasito.es\/prodotto\/saco-silla-entretiempo-icon-sky\/","og_site_name":"Pasito a Pasito","article_modified_time":"2024-11-18T13:16:38+00:00","og_image":[{"width":1200,"height":1200,"url":"https:\/\/pasitoapasito.es\/wp-content\/uploads\/2024\/11\/1120900455_a.jpg","type":"image\/jpeg"}],"twitter_card":"summary_large_image","twitter_misc":{"Tempo di lettura stimato":"1 minuto"},"schema":{"@context":"https:\/\/schema.org","@graph":[{"@type":"WebPage","@id":"https:\/\/pasitoapasito.es\/prodotto\/saco-silla-entretiempo-icon-sky\/","url":"https:\/\/pasitoapasito.es\/prodotto\/saco-silla-entretiempo-icon-sky\/","name":"COPRIPASSEGGINO ESTATE ICON SKY - Pasito a Pasito","isPartOf":{"@id":"https:\/\/pasitoapasito.es\/fr\/#website"},"primaryImageOfPage":{"@id":"https:\/\/pasitoapasito.es\/prodotto\/saco-silla-entretiempo-icon-sky\/#primaryimage"},"image":{"@id":"https:\/\/pasitoapasito.es\/prodotto\/saco-silla-entretiempo-icon-sky\/#primaryimage"},"thumbnailUrl":"https:\/\/pasitoapasito.es\/wp-content\/uploads\/2024\/11\/1120900455_a.jpg","datePublished":"2024-11-18T13:06:28+00:00","dateModified":"2024-11-18T13:16:38+00:00","breadcrumb":{"@id":"https:\/\/pasitoapasito.es\/prodotto\/saco-silla-entretiempo-icon-sky\/#breadcrumb"},"inLanguage":"it-IT","potentialAction":[{"@type":"ReadAction","target":["https:\/\/pasitoapasito.es\/prodotto\/saco-silla-entretiempo-icon-sky\/"]}]},{"@type":"ImageObject","inLanguage":"it-IT","@id":"https:\/\/pasitoapasito.es\/prodotto\/saco-silla-entretiempo-icon-sky\/#primaryimage","url":"https:\/\/pasitoapasito.es\/wp-content\/uploads\/2024\/11\/1120900455_a.jpg","contentUrl":"https:\/\/pasitoapasito.es\/wp-content\/uploads\/2024\/11\/1120900455_a.jpg","width":1200,"height":1200},{"@type":"BreadcrumbList","@id":"https:\/\/pasitoapasito.es\/prodotto\/saco-silla-entretiempo-icon-sky\/#breadcrumb","itemListElement":[{"@type":"ListItem","position":1,"name":"Tienda","item":"https:\/\/pasitoapasito.es\/tienda\/"},{"@type":"ListItem","position":2,"name":"COPRIPASSEGGINO ESTATE ICON SKY"}]},{"@type":"WebSite","@id":"https:\/\/pasitoapasito.es\/fr\/#website","url":"https:\/\/pasitoapasito.es\/fr\/","name":"Pasito a Pasito","description":"","potentialAction":[{"@type":"SearchAction","target":{"@type":"EntryPoint","urlTemplate":"https:\/\/pasitoapasito.es\/fr\/?s={search_term_string}"},"query-input":{"@type":"PropertyValueSpecification","valueRequired":true,"valueName":"search_term_string"}}],"inLanguage":"it-IT"}]}},"_links":{"self":[{"href":"https:\/\/pasitoapasito.es\/it\/wp-json\/wp\/v2\/product\/38540","targetHints":{"allow":["GET"]}}],"collection":[{"href":"https:\/\/pasitoapasito.es\/it\/wp-json\/wp\/v2\/product"}],"about":[{"href":"https:\/\/pasitoapasito.es\/it\/wp-json\/wp\/v2\/types\/product"}],"replies":[{"embeddable":true,"href":"https:\/\/pasitoapasito.es\/it\/wp-json\/wp\/v2\/comments?post=38540"}],"wp:featuredmedia":[{"embeddable":true,"href":"https:\/\/pasitoapasito.es\/it\/wp-json\/wp\/v2\/media\/38360"}],"wp:attachment":[{"href":"https:\/\/pasitoapasito.es\/it\/wp-json\/wp\/v2\/media?parent=38540"}],"wp:term":[{"taxonomy":"colecciones","embeddable":true,"href":"https:\/\/pasitoapasito.es\/it\/wp-json\/wp\/v2\/colecciones?post=38540"},{"taxonomy":"product_brand","embeddable":true,"href":"https:\/\/pasitoapasito.es\/it\/wp-json\/wp\/v2\/product_brand?post=38540"},{"taxonomy":"product_cat","embeddable":true,"href":"https:\/\/pasitoapasito.es\/it\/wp-json\/wp\/v2\/product_cat?post=38540"},{"taxonomy":"product_tag","embeddable":true,"href":"https:\/\/pasitoapasito.es\/it\/wp-json\/wp\/v2\/product_tag?post=38540"}],"curies":[{"name":"wp","href":"https:\/\/api.w.org\/{rel}","templated":true}]}}