{"id":38531,"date":"2024-11-18T13:06:30","date_gmt":"2024-11-18T13:16:35","guid":{"rendered":"https:\/\/pasitoapasito.es\/?post_type=product&#038;p=38531"},"modified":"2024-11-18T13:16:36","modified_gmt":"2024-11-18T13:16:36","slug":"borsa-fasciatoio-icon-sky","status":"publish","type":"product","link":"https:\/\/pasitoapasito.es\/it\/prodotto\/borsa-fasciatoio-icon-sky\/","title":{"rendered":"BORSA FASCIATOIO ICON SKY"},"content":{"rendered":"<p>La borsa fasciatoio Icon Sky di Pasito a Pasito, realizzata in ecopelle resistente, unisce eleganza e funzionalit\u00e0. Con un design sofisticato e pratico, offre un&#8217;ampia capacit\u00e0 per contenere tutti gli essenziali per il tuo bambino. \u00c8 dotata di manici doppi: uno lungo, con bottoni a pressione in metallo per agganciarla al passeggino, e manici pi\u00f9 corti per il trasporto a mano.<br \/>\nQuesta borsa non solo \u00e8 perfetta per il cambio del bambino, ma pu\u00f2 anche essere utilizzata per riporre i tuoi effetti personali, eliminando la necessit\u00e0 di portare due borse separate. Se stai aspettando un bambino, puoi prepararla come borsa da ospedale, pronta a soddisfare ogni necessit\u00e0.<br \/>\nLe finiture di alta qualit\u00e0, tra cui una fodera interna e tasche pensate per organizzare bottiglie, utensili, salviette, pannolini, creme e altri articoli essenziali, la rendono estremamente pratica. Inoltre, dispone di due tasche laterali esterne per bottiglie o biberon e include un comodo materassino per il cambio. \u00c8 realizzato con materiali di alta qualit\u00e0, privi di coloranti azoici, ftalati e sostanze nocive per la salute. Inoltre, pu\u00f2 essere lavato a mano o in lavatrice a temperature fino a 30\u00ba. I prodotti per bambini di Pasito a Pasito hanno un design molto diverso dagli altri. Le loro collezioni sono caratterizzate da un lavoro meticoloso, sempre progettato da un punto di vista pratico. Utilizzano materiali di alta qualit\u00e0 per enfatizzare l&#8217;eleganza e l&#8217;armonia in ciascuno dei loro pezzi. I nostri modelli sono esclusivi e hanno uno stile inconfondibile, progettato per le moderne mamme che hanno buon gusto e apprezzano i dettagli tanto quanto noi. Specifiche: Materiali: Ecopelle. Colore: Blu. Misure: 37X25X15 cm.<\/p>\n","protected":false},"excerpt":{"rendered":"<p>La borsa fasciatoio Icon Sky di Pasito a Pasito, realizzata in ecopelle resistente, unisce eleganza e funzionalit\u00e0. Con un design sofisticato e pratico, offre un&#8217;ampia capacit\u00e0 per contenere tutti gli essenziali per il tuo bambino. \u00c8 dotata di manici doppi: uno lungo, con bottoni a pressione in metallo per agganciarla al passeggino, e manici pi\u00f9 [&hellip;]<\/p>\n","protected":false},"featured_media":38075,"comment_status":"closed","ping_status":"closed","template":"","meta":{"_acf_changed":false,"inline_featured_image":false},"colecciones":[289],"product_brand":[],"product_cat":[128],"product_tag":[],"class_list":{"0":"post-38531","1":"product","2":"type-product","3":"status-publish","4":"has-post-thumbnail","6":"colecciones-collezione-icon","7":"product_cat-borse-fasciatoio","9":"first","10":"instock","11":"purchasable","12":"product-type-simple"},"acf":[],"yoast_head":"<!-- This site is optimized with the Yoast SEO plugin v27.5 - https:\/\/yoast.com\/product\/yoast-seo-wordpress\/ -->\n<title>BORSA FASCIATOIO ICON SKY - Pasito a Pasito<\/title>\n<meta name=\"robots\" content=\"index, follow, max-snippet:-1, max-image-preview:large, max-video-preview:-1\" \/>\n<link rel=\"canonical\" href=\"https:\/\/pasitoapasito.es\/it\/prodotto\/borsa-fasciatoio-icon-sky\/\" \/>\n<meta property=\"og:locale\" content=\"it_IT\" \/>\n<meta property=\"og:type\" content=\"article\" \/>\n<meta property=\"og:title\" content=\"BORSA FASCIATOIO ICON SKY - Pasito a Pasito\" \/>\n<meta property=\"og:description\" content=\"La borsa fasciatoio Icon Sky di Pasito a Pasito, realizzata in ecopelle resistente, unisce eleganza e funzionalit\u00e0. Con un design sofisticato e pratico, offre un&#8217;ampia capacit\u00e0 per contenere tutti gli essenziali per il tuo bambino. \u00c8 dotata di manici doppi: uno lungo, con bottoni a pressione in metallo per agganciarla al passeggino, e manici pi\u00f9 [&hellip;]\" \/>\n<meta property=\"og:url\" content=\"https:\/\/pasitoapasito.es\/it\/prodotto\/borsa-fasciatoio-icon-sky\/\" \/>\n<meta property=\"og:site_name\" content=\"Pasito a Pasito\" \/>\n<meta property=\"article:modified_time\" content=\"2024-11-18T13:16:36+00:00\" \/>\n<meta property=\"og:image\" content=\"https:\/\/pasitoapasito.es\/wp-content\/uploads\/2024\/11\/1120900446_a.jpg\" \/>\n\t<meta property=\"og:image:width\" content=\"1200\" \/>\n\t<meta property=\"og:image:height\" content=\"1200\" \/>\n\t<meta property=\"og:image:type\" content=\"image\/jpeg\" \/>\n<meta name=\"twitter:card\" content=\"summary_large_image\" \/>\n<meta name=\"twitter:label1\" content=\"Tempo di lettura stimato\" \/>\n\t<meta name=\"twitter:data1\" content=\"1 minuto\" \/>\n<script type=\"application\/ld+json\" class=\"yoast-schema-graph\">{\"@context\":\"https:\\\/\\\/schema.org\",\"@graph\":[{\"@type\":\"WebPage\",\"@id\":\"https:\\\/\\\/pasitoapasito.es\\\/it\\\/prodotto\\\/borsa-fasciatoio-icon-sky\\\/\",\"url\":\"https:\\\/\\\/pasitoapasito.es\\\/it\\\/prodotto\\\/borsa-fasciatoio-icon-sky\\\/\",\"name\":\"BORSA FASCIATOIO ICON SKY - Pasito a Pasito\",\"isPartOf\":{\"@id\":\"https:\\\/\\\/pasitoapasito.es\\\/fr\\\/#website\"},\"primaryImageOfPage\":{\"@id\":\"https:\\\/\\\/pasitoapasito.es\\\/it\\\/prodotto\\\/borsa-fasciatoio-icon-sky\\\/#primaryimage\"},\"image\":{\"@id\":\"https:\\\/\\\/pasitoapasito.es\\\/it\\\/prodotto\\\/borsa-fasciatoio-icon-sky\\\/#primaryimage\"},\"thumbnailUrl\":\"https:\\\/\\\/pasitoapasito.es\\\/wp-content\\\/uploads\\\/2024\\\/11\\\/1120900446_a.jpg\",\"datePublished\":\"2024-11-18T13:16:35+00:00\",\"dateModified\":\"2024-11-18T13:16:36+00:00\",\"breadcrumb\":{\"@id\":\"https:\\\/\\\/pasitoapasito.es\\\/it\\\/prodotto\\\/borsa-fasciatoio-icon-sky\\\/#breadcrumb\"},\"inLanguage\":\"it-IT\",\"potentialAction\":[{\"@type\":\"ReadAction\",\"target\":[\"https:\\\/\\\/pasitoapasito.es\\\/it\\\/prodotto\\\/borsa-fasciatoio-icon-sky\\\/\"]}]},{\"@type\":\"ImageObject\",\"inLanguage\":\"it-IT\",\"@id\":\"https:\\\/\\\/pasitoapasito.es\\\/it\\\/prodotto\\\/borsa-fasciatoio-icon-sky\\\/#primaryimage\",\"url\":\"https:\\\/\\\/pasitoapasito.es\\\/wp-content\\\/uploads\\\/2024\\\/11\\\/1120900446_a.jpg\",\"contentUrl\":\"https:\\\/\\\/pasitoapasito.es\\\/wp-content\\\/uploads\\\/2024\\\/11\\\/1120900446_a.jpg\",\"width\":1200,\"height\":1200},{\"@type\":\"BreadcrumbList\",\"@id\":\"https:\\\/\\\/pasitoapasito.es\\\/it\\\/prodotto\\\/borsa-fasciatoio-icon-sky\\\/#breadcrumb\",\"itemListElement\":[{\"@type\":\"ListItem\",\"position\":1,\"name\":\"Tienda\",\"item\":\"https:\\\/\\\/pasitoapasito.es\\\/tienda\\\/\"},{\"@type\":\"ListItem\",\"position\":2,\"name\":\"BORSA FASCIATOIO ICON SKY\"}]},{\"@type\":\"WebSite\",\"@id\":\"https:\\\/\\\/pasitoapasito.es\\\/fr\\\/#website\",\"url\":\"https:\\\/\\\/pasitoapasito.es\\\/fr\\\/\",\"name\":\"Pasito a Pasito\",\"description\":\"\",\"potentialAction\":[{\"@type\":\"SearchAction\",\"target\":{\"@type\":\"EntryPoint\",\"urlTemplate\":\"https:\\\/\\\/pasitoapasito.es\\\/fr\\\/?s={search_term_string}\"},\"query-input\":{\"@type\":\"PropertyValueSpecification\",\"valueRequired\":true,\"valueName\":\"search_term_string\"}}],\"inLanguage\":\"it-IT\"}]}<\/script>\n<!-- \/ Yoast SEO plugin. -->","yoast_head_json":{"title":"BORSA FASCIATOIO ICON SKY - Pasito a Pasito","robots":{"index":"index","follow":"follow","max-snippet":"max-snippet:-1","max-image-preview":"max-image-preview:large","max-video-preview":"max-video-preview:-1"},"canonical":"https:\/\/pasitoapasito.es\/it\/prodotto\/borsa-fasciatoio-icon-sky\/","og_locale":"it_IT","og_type":"article","og_title":"BORSA FASCIATOIO ICON SKY - Pasito a Pasito","og_description":"La borsa fasciatoio Icon Sky di Pasito a Pasito, realizzata in ecopelle resistente, unisce eleganza e funzionalit\u00e0. Con un design sofisticato e pratico, offre un&#8217;ampia capacit\u00e0 per contenere tutti gli essenziali per il tuo bambino. \u00c8 dotata di manici doppi: uno lungo, con bottoni a pressione in metallo per agganciarla al passeggino, e manici pi\u00f9 [&hellip;]","og_url":"https:\/\/pasitoapasito.es\/it\/prodotto\/borsa-fasciatoio-icon-sky\/","og_site_name":"Pasito a Pasito","article_modified_time":"2024-11-18T13:16:36+00:00","og_image":[{"width":1200,"height":1200,"url":"https:\/\/pasitoapasito.es\/wp-content\/uploads\/2024\/11\/1120900446_a.jpg","type":"image\/jpeg"}],"twitter_card":"summary_large_image","twitter_misc":{"Tempo di lettura stimato":"1 minuto"},"schema":{"@context":"https:\/\/schema.org","@graph":[{"@type":"WebPage","@id":"https:\/\/pasitoapasito.es\/it\/prodotto\/borsa-fasciatoio-icon-sky\/","url":"https:\/\/pasitoapasito.es\/it\/prodotto\/borsa-fasciatoio-icon-sky\/","name":"BORSA FASCIATOIO ICON SKY - Pasito a Pasito","isPartOf":{"@id":"https:\/\/pasitoapasito.es\/fr\/#website"},"primaryImageOfPage":{"@id":"https:\/\/pasitoapasito.es\/it\/prodotto\/borsa-fasciatoio-icon-sky\/#primaryimage"},"image":{"@id":"https:\/\/pasitoapasito.es\/it\/prodotto\/borsa-fasciatoio-icon-sky\/#primaryimage"},"thumbnailUrl":"https:\/\/pasitoapasito.es\/wp-content\/uploads\/2024\/11\/1120900446_a.jpg","datePublished":"2024-11-18T13:16:35+00:00","dateModified":"2024-11-18T13:16:36+00:00","breadcrumb":{"@id":"https:\/\/pasitoapasito.es\/it\/prodotto\/borsa-fasciatoio-icon-sky\/#breadcrumb"},"inLanguage":"it-IT","potentialAction":[{"@type":"ReadAction","target":["https:\/\/pasitoapasito.es\/it\/prodotto\/borsa-fasciatoio-icon-sky\/"]}]},{"@type":"ImageObject","inLanguage":"it-IT","@id":"https:\/\/pasitoapasito.es\/it\/prodotto\/borsa-fasciatoio-icon-sky\/#primaryimage","url":"https:\/\/pasitoapasito.es\/wp-content\/uploads\/2024\/11\/1120900446_a.jpg","contentUrl":"https:\/\/pasitoapasito.es\/wp-content\/uploads\/2024\/11\/1120900446_a.jpg","width":1200,"height":1200},{"@type":"BreadcrumbList","@id":"https:\/\/pasitoapasito.es\/it\/prodotto\/borsa-fasciatoio-icon-sky\/#breadcrumb","itemListElement":[{"@type":"ListItem","position":1,"name":"Tienda","item":"https:\/\/pasitoapasito.es\/tienda\/"},{"@type":"ListItem","position":2,"name":"BORSA FASCIATOIO ICON SKY"}]},{"@type":"WebSite","@id":"https:\/\/pasitoapasito.es\/fr\/#website","url":"https:\/\/pasitoapasito.es\/fr\/","name":"Pasito a Pasito","description":"","potentialAction":[{"@type":"SearchAction","target":{"@type":"EntryPoint","urlTemplate":"https:\/\/pasitoapasito.es\/fr\/?s={search_term_string}"},"query-input":{"@type":"PropertyValueSpecification","valueRequired":true,"valueName":"search_term_string"}}],"inLanguage":"it-IT"}]}},"_links":{"self":[{"href":"https:\/\/pasitoapasito.es\/it\/wp-json\/wp\/v2\/product\/38531","targetHints":{"allow":["GET"]}}],"collection":[{"href":"https:\/\/pasitoapasito.es\/it\/wp-json\/wp\/v2\/product"}],"about":[{"href":"https:\/\/pasitoapasito.es\/it\/wp-json\/wp\/v2\/types\/product"}],"replies":[{"embeddable":true,"href":"https:\/\/pasitoapasito.es\/it\/wp-json\/wp\/v2\/comments?post=38531"}],"wp:featuredmedia":[{"embeddable":true,"href":"https:\/\/pasitoapasito.es\/it\/wp-json\/wp\/v2\/media\/38075"}],"wp:attachment":[{"href":"https:\/\/pasitoapasito.es\/it\/wp-json\/wp\/v2\/media?parent=38531"}],"wp:term":[{"taxonomy":"colecciones","embeddable":true,"href":"https:\/\/pasitoapasito.es\/it\/wp-json\/wp\/v2\/colecciones?post=38531"},{"taxonomy":"product_brand","embeddable":true,"href":"https:\/\/pasitoapasito.es\/it\/wp-json\/wp\/v2\/product_brand?post=38531"},{"taxonomy":"product_cat","embeddable":true,"href":"https:\/\/pasitoapasito.es\/it\/wp-json\/wp\/v2\/product_cat?post=38531"},{"taxonomy":"product_tag","embeddable":true,"href":"https:\/\/pasitoapasito.es\/it\/wp-json\/wp\/v2\/product_tag?post=38531"}],"curies":[{"name":"wp","href":"https:\/\/api.w.org\/{rel}","templated":true}]}}