{"id":38526,"date":"2024-11-18T12:48:05","date_gmt":"2024-11-18T12:48:05","guid":{"rendered":"https:\/\/pasitoapasito.es\/?post_type=product&#038;p=38526"},"modified":"2024-11-18T12:49:30","modified_gmt":"2024-11-18T12:49:30","slug":"sacco-nanna-inverno-paddington-verde","status":"publish","type":"product","link":"https:\/\/pasitoapasito.es\/it\/prodotto\/sacco-nanna-inverno-paddington-verde\/","title":{"rendered":"SACCO NANNA INVERNO PADDINGTON VERDE"},"content":{"rendered":"<p>Il sacco nanna Paddington di Pasito a Pasito \u00e8 i realizzato in un morbido tessuto simil-lana verde. Questo accessorio 3-in-1 \u00e8 pensato per adattarsi a ogni tua esigenza: perfetto per l\u2019uso a casa, come copertura per il seggiolino auto Gruppo 0 e come rivestimento per la navicella. Il retro \u00e8 realizzato in materiale anti-sudore, che previene la sudorazione eccessiva e protegge il sedile, rendendo ogni uscita pi\u00f9 confortevole per il bambino. Completamente universale, presenta pi\u00f9 aperture e regolazioni per adattarsi facilmente alla maggior parte di navicelle, seggiolini e passeggini. Una volta rimossa la copertura di base, si trasforma in un leggero materassino per il passeggino, un\u2019aggiunta versatile e indispensabile al tuo set di accessori per il bambino. Pensato con amore per creare un ambiente accogliente, offre al piccolo un riposo piacevole e avvolgente, grazie alla sua forma a nido che lo tiene al caldo e al riparo nelle giornate ventilate.<br \/>\nIl sacco si adatta a ogni passeggino, garantendo il comfort di cui il bambino ha bisogno. Le finiture di alta qualit\u00e0 e la cura nei dettagli rendono questo prodotto unico. Realizzato secondo i pi\u00f9 rigorosi standard europei, utilizza materiali di alta qualit\u00e0, privi di coloranti azoici, ftalati e sostanze nocive. Il tessuto \u00e8 facile da pulire e lavabile in lavatrice a 30\u00baC. I prodotti per bambini di Pasito a Pasito hanno un design unico rispetto agli altri. Le loro collezioni si distinguono per l&#8217;attenzione ai dettagli, sempre progettate da una prospettiva pratica. Utilizzano materiali premium per enfatizzare eleganza e armonia in ogni pezzo. I nostri modelli sono esclusivi e dallo stile inconfondibile, creati per le mamme moderne con buon gusto che apprezzano i dettagli tanto quanto noi. Specifiche: Materiali: Interno 100% cotone \/ Esterno 100% poliestere. Colore: Beige. Taglia universale.<\/p>\n","protected":false},"excerpt":{"rendered":"<p>Il sacco nanna Paddington di Pasito a Pasito \u00e8 i realizzato in un morbido tessuto simil-lana verde. Questo accessorio 3-in-1 \u00e8 pensato per adattarsi a ogni tua esigenza: perfetto per l\u2019uso a casa, come copertura per il seggiolino auto Gruppo 0 e come rivestimento per la navicella. Il retro \u00e8 realizzato in materiale anti-sudore, che [&hellip;]<\/p>\n","protected":false},"featured_media":37970,"comment_status":"closed","ping_status":"closed","template":"","meta":{"_acf_changed":false,"inline_featured_image":false},"colecciones":[],"product_brand":[],"product_cat":[258],"product_tag":[],"class_list":{"0":"post-38526","1":"product","2":"type-product","3":"status-publish","4":"has-post-thumbnail","6":"product_cat-special-prices-it","8":"first","9":"instock","10":"purchasable","11":"product-type-simple"},"acf":[],"yoast_head":"<!-- This site is optimized with the Yoast SEO plugin v27.4 - https:\/\/yoast.com\/product\/yoast-seo-wordpress\/ -->\n<title>SACCO NANNA INVERNO PADDINGTON VERDE - Pasito a Pasito<\/title>\n<meta name=\"robots\" content=\"index, follow, max-snippet:-1, max-image-preview:large, max-video-preview:-1\" \/>\n<link rel=\"canonical\" href=\"https:\/\/pasitoapasito.es\/it\/prodotto\/sacco-nanna-inverno-paddington-verde\/\" \/>\n<meta property=\"og:locale\" content=\"it_IT\" \/>\n<meta property=\"og:type\" content=\"article\" \/>\n<meta property=\"og:title\" content=\"SACCO NANNA INVERNO PADDINGTON VERDE - Pasito a Pasito\" \/>\n<meta property=\"og:description\" content=\"Il sacco nanna Paddington di Pasito a Pasito \u00e8 i realizzato in un morbido tessuto simil-lana verde. Questo accessorio 3-in-1 \u00e8 pensato per adattarsi a ogni tua esigenza: perfetto per l\u2019uso a casa, come copertura per il seggiolino auto Gruppo 0 e come rivestimento per la navicella. Il retro \u00e8 realizzato in materiale anti-sudore, che [&hellip;]\" \/>\n<meta property=\"og:url\" content=\"https:\/\/pasitoapasito.es\/it\/prodotto\/sacco-nanna-inverno-paddington-verde\/\" \/>\n<meta property=\"og:site_name\" content=\"Pasito a Pasito\" \/>\n<meta property=\"article:modified_time\" content=\"2024-11-18T12:49:30+00:00\" \/>\n<meta property=\"og:image\" content=\"https:\/\/pasitoapasito.es\/wp-content\/uploads\/2024\/11\/1120900428_a.jpg\" \/>\n\t<meta property=\"og:image:width\" content=\"1200\" \/>\n\t<meta property=\"og:image:height\" content=\"1200\" \/>\n\t<meta property=\"og:image:type\" content=\"image\/jpeg\" \/>\n<meta name=\"twitter:card\" content=\"summary_large_image\" \/>\n<meta name=\"twitter:label1\" content=\"Tempo di lettura stimato\" \/>\n\t<meta name=\"twitter:data1\" content=\"1 minuto\" \/>\n<script type=\"application\/ld+json\" class=\"yoast-schema-graph\">{\"@context\":\"https:\\\/\\\/schema.org\",\"@graph\":[{\"@type\":\"WebPage\",\"@id\":\"https:\\\/\\\/pasitoapasito.es\\\/it\\\/prodotto\\\/sacco-nanna-inverno-paddington-verde\\\/\",\"url\":\"https:\\\/\\\/pasitoapasito.es\\\/it\\\/prodotto\\\/sacco-nanna-inverno-paddington-verde\\\/\",\"name\":\"SACCO NANNA INVERNO PADDINGTON VERDE - Pasito a Pasito\",\"isPartOf\":{\"@id\":\"https:\\\/\\\/pasitoapasito.es\\\/fr\\\/#website\"},\"primaryImageOfPage\":{\"@id\":\"https:\\\/\\\/pasitoapasito.es\\\/it\\\/prodotto\\\/sacco-nanna-inverno-paddington-verde\\\/#primaryimage\"},\"image\":{\"@id\":\"https:\\\/\\\/pasitoapasito.es\\\/it\\\/prodotto\\\/sacco-nanna-inverno-paddington-verde\\\/#primaryimage\"},\"thumbnailUrl\":\"https:\\\/\\\/pasitoapasito.es\\\/wp-content\\\/uploads\\\/2024\\\/11\\\/1120900428_a.jpg\",\"datePublished\":\"2024-11-18T12:48:05+00:00\",\"dateModified\":\"2024-11-18T12:49:30+00:00\",\"breadcrumb\":{\"@id\":\"https:\\\/\\\/pasitoapasito.es\\\/it\\\/prodotto\\\/sacco-nanna-inverno-paddington-verde\\\/#breadcrumb\"},\"inLanguage\":\"it-IT\",\"potentialAction\":[{\"@type\":\"ReadAction\",\"target\":[\"https:\\\/\\\/pasitoapasito.es\\\/it\\\/prodotto\\\/sacco-nanna-inverno-paddington-verde\\\/\"]}]},{\"@type\":\"ImageObject\",\"inLanguage\":\"it-IT\",\"@id\":\"https:\\\/\\\/pasitoapasito.es\\\/it\\\/prodotto\\\/sacco-nanna-inverno-paddington-verde\\\/#primaryimage\",\"url\":\"https:\\\/\\\/pasitoapasito.es\\\/wp-content\\\/uploads\\\/2024\\\/11\\\/1120900428_a.jpg\",\"contentUrl\":\"https:\\\/\\\/pasitoapasito.es\\\/wp-content\\\/uploads\\\/2024\\\/11\\\/1120900428_a.jpg\",\"width\":1200,\"height\":1200},{\"@type\":\"BreadcrumbList\",\"@id\":\"https:\\\/\\\/pasitoapasito.es\\\/it\\\/prodotto\\\/sacco-nanna-inverno-paddington-verde\\\/#breadcrumb\",\"itemListElement\":[{\"@type\":\"ListItem\",\"position\":1,\"name\":\"Tienda\",\"item\":\"https:\\\/\\\/pasitoapasito.es\\\/tienda\\\/\"},{\"@type\":\"ListItem\",\"position\":2,\"name\":\"SACCO NANNA INVERNO PADDINGTON VERDE\"}]},{\"@type\":\"WebSite\",\"@id\":\"https:\\\/\\\/pasitoapasito.es\\\/fr\\\/#website\",\"url\":\"https:\\\/\\\/pasitoapasito.es\\\/fr\\\/\",\"name\":\"Pasito a Pasito\",\"description\":\"\",\"potentialAction\":[{\"@type\":\"SearchAction\",\"target\":{\"@type\":\"EntryPoint\",\"urlTemplate\":\"https:\\\/\\\/pasitoapasito.es\\\/fr\\\/?s={search_term_string}\"},\"query-input\":{\"@type\":\"PropertyValueSpecification\",\"valueRequired\":true,\"valueName\":\"search_term_string\"}}],\"inLanguage\":\"it-IT\"}]}<\/script>\n<!-- \/ Yoast SEO plugin. -->","yoast_head_json":{"title":"SACCO NANNA INVERNO PADDINGTON VERDE - Pasito a Pasito","robots":{"index":"index","follow":"follow","max-snippet":"max-snippet:-1","max-image-preview":"max-image-preview:large","max-video-preview":"max-video-preview:-1"},"canonical":"https:\/\/pasitoapasito.es\/it\/prodotto\/sacco-nanna-inverno-paddington-verde\/","og_locale":"it_IT","og_type":"article","og_title":"SACCO NANNA INVERNO PADDINGTON VERDE - Pasito a Pasito","og_description":"Il sacco nanna Paddington di Pasito a Pasito \u00e8 i realizzato in un morbido tessuto simil-lana verde. Questo accessorio 3-in-1 \u00e8 pensato per adattarsi a ogni tua esigenza: perfetto per l\u2019uso a casa, come copertura per il seggiolino auto Gruppo 0 e come rivestimento per la navicella. Il retro \u00e8 realizzato in materiale anti-sudore, che [&hellip;]","og_url":"https:\/\/pasitoapasito.es\/it\/prodotto\/sacco-nanna-inverno-paddington-verde\/","og_site_name":"Pasito a Pasito","article_modified_time":"2024-11-18T12:49:30+00:00","og_image":[{"width":1200,"height":1200,"url":"https:\/\/pasitoapasito.es\/wp-content\/uploads\/2024\/11\/1120900428_a.jpg","type":"image\/jpeg"}],"twitter_card":"summary_large_image","twitter_misc":{"Tempo di lettura stimato":"1 minuto"},"schema":{"@context":"https:\/\/schema.org","@graph":[{"@type":"WebPage","@id":"https:\/\/pasitoapasito.es\/it\/prodotto\/sacco-nanna-inverno-paddington-verde\/","url":"https:\/\/pasitoapasito.es\/it\/prodotto\/sacco-nanna-inverno-paddington-verde\/","name":"SACCO NANNA INVERNO PADDINGTON VERDE - Pasito a Pasito","isPartOf":{"@id":"https:\/\/pasitoapasito.es\/fr\/#website"},"primaryImageOfPage":{"@id":"https:\/\/pasitoapasito.es\/it\/prodotto\/sacco-nanna-inverno-paddington-verde\/#primaryimage"},"image":{"@id":"https:\/\/pasitoapasito.es\/it\/prodotto\/sacco-nanna-inverno-paddington-verde\/#primaryimage"},"thumbnailUrl":"https:\/\/pasitoapasito.es\/wp-content\/uploads\/2024\/11\/1120900428_a.jpg","datePublished":"2024-11-18T12:48:05+00:00","dateModified":"2024-11-18T12:49:30+00:00","breadcrumb":{"@id":"https:\/\/pasitoapasito.es\/it\/prodotto\/sacco-nanna-inverno-paddington-verde\/#breadcrumb"},"inLanguage":"it-IT","potentialAction":[{"@type":"ReadAction","target":["https:\/\/pasitoapasito.es\/it\/prodotto\/sacco-nanna-inverno-paddington-verde\/"]}]},{"@type":"ImageObject","inLanguage":"it-IT","@id":"https:\/\/pasitoapasito.es\/it\/prodotto\/sacco-nanna-inverno-paddington-verde\/#primaryimage","url":"https:\/\/pasitoapasito.es\/wp-content\/uploads\/2024\/11\/1120900428_a.jpg","contentUrl":"https:\/\/pasitoapasito.es\/wp-content\/uploads\/2024\/11\/1120900428_a.jpg","width":1200,"height":1200},{"@type":"BreadcrumbList","@id":"https:\/\/pasitoapasito.es\/it\/prodotto\/sacco-nanna-inverno-paddington-verde\/#breadcrumb","itemListElement":[{"@type":"ListItem","position":1,"name":"Tienda","item":"https:\/\/pasitoapasito.es\/tienda\/"},{"@type":"ListItem","position":2,"name":"SACCO NANNA INVERNO PADDINGTON VERDE"}]},{"@type":"WebSite","@id":"https:\/\/pasitoapasito.es\/fr\/#website","url":"https:\/\/pasitoapasito.es\/fr\/","name":"Pasito a Pasito","description":"","potentialAction":[{"@type":"SearchAction","target":{"@type":"EntryPoint","urlTemplate":"https:\/\/pasitoapasito.es\/fr\/?s={search_term_string}"},"query-input":{"@type":"PropertyValueSpecification","valueRequired":true,"valueName":"search_term_string"}}],"inLanguage":"it-IT"}]}},"_links":{"self":[{"href":"https:\/\/pasitoapasito.es\/it\/wp-json\/wp\/v2\/product\/38526","targetHints":{"allow":["GET"]}}],"collection":[{"href":"https:\/\/pasitoapasito.es\/it\/wp-json\/wp\/v2\/product"}],"about":[{"href":"https:\/\/pasitoapasito.es\/it\/wp-json\/wp\/v2\/types\/product"}],"replies":[{"embeddable":true,"href":"https:\/\/pasitoapasito.es\/it\/wp-json\/wp\/v2\/comments?post=38526"}],"wp:featuredmedia":[{"embeddable":true,"href":"https:\/\/pasitoapasito.es\/it\/wp-json\/wp\/v2\/media\/37970"}],"wp:attachment":[{"href":"https:\/\/pasitoapasito.es\/it\/wp-json\/wp\/v2\/media?parent=38526"}],"wp:term":[{"taxonomy":"colecciones","embeddable":true,"href":"https:\/\/pasitoapasito.es\/it\/wp-json\/wp\/v2\/colecciones?post=38526"},{"taxonomy":"product_brand","embeddable":true,"href":"https:\/\/pasitoapasito.es\/it\/wp-json\/wp\/v2\/product_brand?post=38526"},{"taxonomy":"product_cat","embeddable":true,"href":"https:\/\/pasitoapasito.es\/it\/wp-json\/wp\/v2\/product_cat?post=38526"},{"taxonomy":"product_tag","embeddable":true,"href":"https:\/\/pasitoapasito.es\/it\/wp-json\/wp\/v2\/product_tag?post=38526"}],"curies":[{"name":"wp","href":"https:\/\/api.w.org\/{rel}","templated":true}]}}