{"id":38524,"date":"2024-11-18T12:48:04","date_gmt":"2024-11-18T12:48:04","guid":{"rendered":"https:\/\/pasitoapasito.es\/?post_type=product&#038;p=38524"},"modified":"2024-11-18T12:49:30","modified_gmt":"2024-11-18T12:49:30","slug":"portadocumenti-paddington-verde","status":"publish","type":"product","link":"https:\/\/pasitoapasito.es\/it\/prodotto\/portadocumenti-paddington-verde\/","title":{"rendered":"PORTADOCUMENTI PADDINGTON VERDE"},"content":{"rendered":"<p>Il portadocumenti verde Paddington di Pasito a Pasito \u00e8 progettato per abbinarsi alla borsa maternit\u00e0. Un accessorio essenziale da portare sempre con te, ti aiuta a mantenere organizzati tutti i documenti e le cartelle mediche del tuo bambino. \u00c8 anche un\u2019ottima idea come libro per conservare i progressi, le informazioni importanti e tutto ci\u00f2 che desideri conservare. Questo portadocumenti \u00e8 realizzato in materiale resistente e morbido, e foderato internamente. Ha una pratica chiusura con cerniera per conservare in sicurezza i documenti e finiture di qualit\u00e0. Realizzato con materiali di alta qualit\u00e0, \u00e8 privo di coloranti azoici, ftalati e sostanze nocive per la salute. Pu\u00f2 essere lavato a mano o in lavatrice a temperature fino a 30\u00baC. I prodotti per bambini di Pasito a Pasito hanno un design unico, diverso da tutti gli altri. Le loro collezioni si caratterizzano per la lavorazione dettagliata, sempre con la praticit\u00e0 in mente. Utilizzano materiali di alta qualit\u00e0 per enfatizzare eleganza e armonia in ogni pezzo. I nostri modelli sono esclusivi e dallo stile inconfondibile, progettati per madri moderne con buon gusto che apprezzano i dettagli tanto quanto noi. Specifiche: Materiale: 100% poliestere. Misure: 17 x 25 x 2 cm.<\/p>\n","protected":false},"excerpt":{"rendered":"<p>Il portadocumenti verde Paddington di Pasito a Pasito \u00e8 progettato per abbinarsi alla borsa maternit\u00e0. Un accessorio essenziale da portare sempre con te, ti aiuta a mantenere organizzati tutti i documenti e le cartelle mediche del tuo bambino. \u00c8 anche un\u2019ottima idea come libro per conservare i progressi, le informazioni importanti e tutto ci\u00f2 che [&hellip;]<\/p>\n","protected":false},"featured_media":37932,"comment_status":"closed","ping_status":"closed","template":"","meta":{"_acf_changed":false,"inline_featured_image":false},"colecciones":[],"product_brand":[],"product_cat":[258],"product_tag":[],"class_list":{"0":"post-38524","1":"product","2":"type-product","3":"status-publish","4":"has-post-thumbnail","6":"product_cat-special-prices-it","8":"first","9":"instock","10":"purchasable","11":"product-type-simple"},"acf":[],"yoast_head":"<!-- This site is optimized with the Yoast SEO plugin v27.4 - https:\/\/yoast.com\/product\/yoast-seo-wordpress\/ -->\n<title>PORTADOCUMENTI PADDINGTON VERDE - Pasito a Pasito<\/title>\n<meta name=\"robots\" content=\"index, follow, max-snippet:-1, max-image-preview:large, max-video-preview:-1\" \/>\n<link rel=\"canonical\" href=\"https:\/\/pasitoapasito.es\/it\/prodotto\/portadocumenti-paddington-verde\/\" \/>\n<meta property=\"og:locale\" content=\"it_IT\" \/>\n<meta property=\"og:type\" content=\"article\" \/>\n<meta property=\"og:title\" content=\"PORTADOCUMENTI PADDINGTON VERDE - Pasito a Pasito\" \/>\n<meta property=\"og:description\" content=\"Il portadocumenti verde Paddington di Pasito a Pasito \u00e8 progettato per abbinarsi alla borsa maternit\u00e0. Un accessorio essenziale da portare sempre con te, ti aiuta a mantenere organizzati tutti i documenti e le cartelle mediche del tuo bambino. \u00c8 anche un\u2019ottima idea come libro per conservare i progressi, le informazioni importanti e tutto ci\u00f2 che [&hellip;]\" \/>\n<meta property=\"og:url\" content=\"https:\/\/pasitoapasito.es\/it\/prodotto\/portadocumenti-paddington-verde\/\" \/>\n<meta property=\"og:site_name\" content=\"Pasito a Pasito\" \/>\n<meta property=\"article:modified_time\" content=\"2024-11-18T12:49:30+00:00\" \/>\n<meta property=\"og:image\" content=\"https:\/\/pasitoapasito.es\/wp-content\/uploads\/2024\/11\/1120900424_a.jpg\" \/>\n\t<meta property=\"og:image:width\" content=\"1200\" \/>\n\t<meta property=\"og:image:height\" content=\"1200\" \/>\n\t<meta property=\"og:image:type\" content=\"image\/jpeg\" \/>\n<meta name=\"twitter:card\" content=\"summary_large_image\" \/>\n<meta name=\"twitter:label1\" content=\"Tempo di lettura stimato\" \/>\n\t<meta name=\"twitter:data1\" content=\"1 minuto\" \/>\n<script type=\"application\/ld+json\" class=\"yoast-schema-graph\">{\"@context\":\"https:\\\/\\\/schema.org\",\"@graph\":[{\"@type\":\"WebPage\",\"@id\":\"https:\\\/\\\/pasitoapasito.es\\\/it\\\/prodotto\\\/portadocumenti-paddington-verde\\\/\",\"url\":\"https:\\\/\\\/pasitoapasito.es\\\/it\\\/prodotto\\\/portadocumenti-paddington-verde\\\/\",\"name\":\"PORTADOCUMENTI PADDINGTON VERDE - Pasito a Pasito\",\"isPartOf\":{\"@id\":\"https:\\\/\\\/pasitoapasito.es\\\/fr\\\/#website\"},\"primaryImageOfPage\":{\"@id\":\"https:\\\/\\\/pasitoapasito.es\\\/it\\\/prodotto\\\/portadocumenti-paddington-verde\\\/#primaryimage\"},\"image\":{\"@id\":\"https:\\\/\\\/pasitoapasito.es\\\/it\\\/prodotto\\\/portadocumenti-paddington-verde\\\/#primaryimage\"},\"thumbnailUrl\":\"https:\\\/\\\/pasitoapasito.es\\\/wp-content\\\/uploads\\\/2024\\\/11\\\/1120900424_a.jpg\",\"datePublished\":\"2024-11-18T12:48:04+00:00\",\"dateModified\":\"2024-11-18T12:49:30+00:00\",\"breadcrumb\":{\"@id\":\"https:\\\/\\\/pasitoapasito.es\\\/it\\\/prodotto\\\/portadocumenti-paddington-verde\\\/#breadcrumb\"},\"inLanguage\":\"it-IT\",\"potentialAction\":[{\"@type\":\"ReadAction\",\"target\":[\"https:\\\/\\\/pasitoapasito.es\\\/it\\\/prodotto\\\/portadocumenti-paddington-verde\\\/\"]}]},{\"@type\":\"ImageObject\",\"inLanguage\":\"it-IT\",\"@id\":\"https:\\\/\\\/pasitoapasito.es\\\/it\\\/prodotto\\\/portadocumenti-paddington-verde\\\/#primaryimage\",\"url\":\"https:\\\/\\\/pasitoapasito.es\\\/wp-content\\\/uploads\\\/2024\\\/11\\\/1120900424_a.jpg\",\"contentUrl\":\"https:\\\/\\\/pasitoapasito.es\\\/wp-content\\\/uploads\\\/2024\\\/11\\\/1120900424_a.jpg\",\"width\":1200,\"height\":1200},{\"@type\":\"BreadcrumbList\",\"@id\":\"https:\\\/\\\/pasitoapasito.es\\\/it\\\/prodotto\\\/portadocumenti-paddington-verde\\\/#breadcrumb\",\"itemListElement\":[{\"@type\":\"ListItem\",\"position\":1,\"name\":\"Tienda\",\"item\":\"https:\\\/\\\/pasitoapasito.es\\\/tienda\\\/\"},{\"@type\":\"ListItem\",\"position\":2,\"name\":\"PORTADOCUMENTI PADDINGTON VERDE\"}]},{\"@type\":\"WebSite\",\"@id\":\"https:\\\/\\\/pasitoapasito.es\\\/fr\\\/#website\",\"url\":\"https:\\\/\\\/pasitoapasito.es\\\/fr\\\/\",\"name\":\"Pasito a Pasito\",\"description\":\"\",\"potentialAction\":[{\"@type\":\"SearchAction\",\"target\":{\"@type\":\"EntryPoint\",\"urlTemplate\":\"https:\\\/\\\/pasitoapasito.es\\\/fr\\\/?s={search_term_string}\"},\"query-input\":{\"@type\":\"PropertyValueSpecification\",\"valueRequired\":true,\"valueName\":\"search_term_string\"}}],\"inLanguage\":\"it-IT\"}]}<\/script>\n<!-- \/ Yoast SEO plugin. -->","yoast_head_json":{"title":"PORTADOCUMENTI PADDINGTON VERDE - Pasito a Pasito","robots":{"index":"index","follow":"follow","max-snippet":"max-snippet:-1","max-image-preview":"max-image-preview:large","max-video-preview":"max-video-preview:-1"},"canonical":"https:\/\/pasitoapasito.es\/it\/prodotto\/portadocumenti-paddington-verde\/","og_locale":"it_IT","og_type":"article","og_title":"PORTADOCUMENTI PADDINGTON VERDE - Pasito a Pasito","og_description":"Il portadocumenti verde Paddington di Pasito a Pasito \u00e8 progettato per abbinarsi alla borsa maternit\u00e0. Un accessorio essenziale da portare sempre con te, ti aiuta a mantenere organizzati tutti i documenti e le cartelle mediche del tuo bambino. \u00c8 anche un\u2019ottima idea come libro per conservare i progressi, le informazioni importanti e tutto ci\u00f2 che [&hellip;]","og_url":"https:\/\/pasitoapasito.es\/it\/prodotto\/portadocumenti-paddington-verde\/","og_site_name":"Pasito a Pasito","article_modified_time":"2024-11-18T12:49:30+00:00","og_image":[{"width":1200,"height":1200,"url":"https:\/\/pasitoapasito.es\/wp-content\/uploads\/2024\/11\/1120900424_a.jpg","type":"image\/jpeg"}],"twitter_card":"summary_large_image","twitter_misc":{"Tempo di lettura stimato":"1 minuto"},"schema":{"@context":"https:\/\/schema.org","@graph":[{"@type":"WebPage","@id":"https:\/\/pasitoapasito.es\/it\/prodotto\/portadocumenti-paddington-verde\/","url":"https:\/\/pasitoapasito.es\/it\/prodotto\/portadocumenti-paddington-verde\/","name":"PORTADOCUMENTI PADDINGTON VERDE - Pasito a Pasito","isPartOf":{"@id":"https:\/\/pasitoapasito.es\/fr\/#website"},"primaryImageOfPage":{"@id":"https:\/\/pasitoapasito.es\/it\/prodotto\/portadocumenti-paddington-verde\/#primaryimage"},"image":{"@id":"https:\/\/pasitoapasito.es\/it\/prodotto\/portadocumenti-paddington-verde\/#primaryimage"},"thumbnailUrl":"https:\/\/pasitoapasito.es\/wp-content\/uploads\/2024\/11\/1120900424_a.jpg","datePublished":"2024-11-18T12:48:04+00:00","dateModified":"2024-11-18T12:49:30+00:00","breadcrumb":{"@id":"https:\/\/pasitoapasito.es\/it\/prodotto\/portadocumenti-paddington-verde\/#breadcrumb"},"inLanguage":"it-IT","potentialAction":[{"@type":"ReadAction","target":["https:\/\/pasitoapasito.es\/it\/prodotto\/portadocumenti-paddington-verde\/"]}]},{"@type":"ImageObject","inLanguage":"it-IT","@id":"https:\/\/pasitoapasito.es\/it\/prodotto\/portadocumenti-paddington-verde\/#primaryimage","url":"https:\/\/pasitoapasito.es\/wp-content\/uploads\/2024\/11\/1120900424_a.jpg","contentUrl":"https:\/\/pasitoapasito.es\/wp-content\/uploads\/2024\/11\/1120900424_a.jpg","width":1200,"height":1200},{"@type":"BreadcrumbList","@id":"https:\/\/pasitoapasito.es\/it\/prodotto\/portadocumenti-paddington-verde\/#breadcrumb","itemListElement":[{"@type":"ListItem","position":1,"name":"Tienda","item":"https:\/\/pasitoapasito.es\/tienda\/"},{"@type":"ListItem","position":2,"name":"PORTADOCUMENTI PADDINGTON VERDE"}]},{"@type":"WebSite","@id":"https:\/\/pasitoapasito.es\/fr\/#website","url":"https:\/\/pasitoapasito.es\/fr\/","name":"Pasito a Pasito","description":"","potentialAction":[{"@type":"SearchAction","target":{"@type":"EntryPoint","urlTemplate":"https:\/\/pasitoapasito.es\/fr\/?s={search_term_string}"},"query-input":{"@type":"PropertyValueSpecification","valueRequired":true,"valueName":"search_term_string"}}],"inLanguage":"it-IT"}]}},"_links":{"self":[{"href":"https:\/\/pasitoapasito.es\/it\/wp-json\/wp\/v2\/product\/38524","targetHints":{"allow":["GET"]}}],"collection":[{"href":"https:\/\/pasitoapasito.es\/it\/wp-json\/wp\/v2\/product"}],"about":[{"href":"https:\/\/pasitoapasito.es\/it\/wp-json\/wp\/v2\/types\/product"}],"replies":[{"embeddable":true,"href":"https:\/\/pasitoapasito.es\/it\/wp-json\/wp\/v2\/comments?post=38524"}],"wp:featuredmedia":[{"embeddable":true,"href":"https:\/\/pasitoapasito.es\/it\/wp-json\/wp\/v2\/media\/37932"}],"wp:attachment":[{"href":"https:\/\/pasitoapasito.es\/it\/wp-json\/wp\/v2\/media?parent=38524"}],"wp:term":[{"taxonomy":"colecciones","embeddable":true,"href":"https:\/\/pasitoapasito.es\/it\/wp-json\/wp\/v2\/colecciones?post=38524"},{"taxonomy":"product_brand","embeddable":true,"href":"https:\/\/pasitoapasito.es\/it\/wp-json\/wp\/v2\/product_brand?post=38524"},{"taxonomy":"product_cat","embeddable":true,"href":"https:\/\/pasitoapasito.es\/it\/wp-json\/wp\/v2\/product_cat?post=38524"},{"taxonomy":"product_tag","embeddable":true,"href":"https:\/\/pasitoapasito.es\/it\/wp-json\/wp\/v2\/product_tag?post=38524"}],"curies":[{"name":"wp","href":"https:\/\/api.w.org\/{rel}","templated":true}]}}