{"id":38518,"date":"2024-11-18T12:48:07","date_gmt":"2024-11-18T12:48:07","guid":{"rendered":"https:\/\/pasitoapasito.es\/?post_type=product&#038;p=38518"},"modified":"2024-11-18T12:49:28","modified_gmt":"2024-11-18T12:49:28","slug":"zaino-paddington-verde","status":"publish","type":"product","link":"https:\/\/pasitoapasito.es\/it\/prodotto\/zaino-paddington-verde\/","title":{"rendered":"ZAINO PADDINGTON VERDE"},"content":{"rendered":"<p>Lo zaino verde Paddington di Pasito a Pasito \u00e8 realizzato in resistente materiale trapuntato. Ampio e funzionale, questo zaino ti permette di portare tutto ci\u00f2 di cui tu e il tuo bambino avete bisogno. \u00c8 dotato di pratiche tasche interne ed esterne per mantenere ogni oggetto a portata di mano e perfettamente organizzato. Tra le caratteristiche principali, include una tasca termica interna per biberon, una tasca impermeabile per gli indumenti bagnati e due tasche laterali pensate appositamente per i biberon.<br \/>\nLo zaino \u00e8 progettato per la massima comodit\u00e0, con due grandi spallacci regolabili per indossarlo comodamente sulla schiena, manici per il trasporto a mano e due piccole cinghie per un facile aggancio al passeggino. \u00c8 incluso anche un materassino per il cambio, per gestire ogni situazione con praticit\u00e0.<br \/>\nRealizzato con materiali di alta qualit\u00e0, privi di coloranti azoici, ftalati e sostanze nocive, questo zaino pu\u00f2 essere lavato sia a mano che in lavatrice a una temperatura massima di 30\u00baC.<br \/>\nI nostri modelli sono esclusivi, con uno stile inconfondibile, progettati per madri moderne con un gusto raffinato che apprezzano i dettagli tanto quanto noi. Specifiche: Materiali: 100% poliestere. Dimensioni: 27x37x15 cm.<\/p>\n","protected":false},"excerpt":{"rendered":"<p>Lo zaino verde Paddington di Pasito a Pasito \u00e8 realizzato in resistente materiale trapuntato. Ampio e funzionale, questo zaino ti permette di portare tutto ci\u00f2 di cui tu e il tuo bambino avete bisogno. \u00c8 dotato di pratiche tasche interne ed esterne per mantenere ogni oggetto a portata di mano e perfettamente organizzato. Tra le [&hellip;]<\/p>\n","protected":false},"featured_media":37790,"comment_status":"closed","ping_status":"closed","template":"","meta":{"_acf_changed":false,"inline_featured_image":false},"colecciones":[],"product_brand":[],"product_cat":[131],"product_tag":[],"class_list":{"0":"post-38518","1":"product","2":"type-product","3":"status-publish","4":"has-post-thumbnail","6":"product_cat-zaini-fasciatoio","8":"first","9":"instock","10":"purchasable","11":"product-type-simple"},"acf":[],"yoast_head":"<!-- This site is optimized with the Yoast SEO plugin v27.4 - https:\/\/yoast.com\/product\/yoast-seo-wordpress\/ -->\n<title>ZAINO PADDINGTON VERDE - Pasito a Pasito<\/title>\n<meta name=\"robots\" content=\"index, follow, max-snippet:-1, max-image-preview:large, max-video-preview:-1\" \/>\n<link rel=\"canonical\" href=\"https:\/\/pasitoapasito.es\/it\/prodotto\/zaino-paddington-verde\/\" \/>\n<meta property=\"og:locale\" content=\"it_IT\" \/>\n<meta property=\"og:type\" content=\"article\" \/>\n<meta property=\"og:title\" content=\"ZAINO PADDINGTON VERDE - Pasito a Pasito\" \/>\n<meta property=\"og:description\" content=\"Lo zaino verde Paddington di Pasito a Pasito \u00e8 realizzato in resistente materiale trapuntato. Ampio e funzionale, questo zaino ti permette di portare tutto ci\u00f2 di cui tu e il tuo bambino avete bisogno. \u00c8 dotato di pratiche tasche interne ed esterne per mantenere ogni oggetto a portata di mano e perfettamente organizzato. Tra le [&hellip;]\" \/>\n<meta property=\"og:url\" content=\"https:\/\/pasitoapasito.es\/it\/prodotto\/zaino-paddington-verde\/\" \/>\n<meta property=\"og:site_name\" content=\"Pasito a Pasito\" \/>\n<meta property=\"article:modified_time\" content=\"2024-11-18T12:49:28+00:00\" \/>\n<meta property=\"og:image\" content=\"https:\/\/pasitoapasito.es\/wp-content\/uploads\/2024\/11\/1120900418_a.jpg\" \/>\n\t<meta property=\"og:image:width\" content=\"1200\" \/>\n\t<meta property=\"og:image:height\" content=\"1200\" \/>\n\t<meta property=\"og:image:type\" content=\"image\/jpeg\" \/>\n<meta name=\"twitter:card\" content=\"summary_large_image\" \/>\n<meta name=\"twitter:label1\" content=\"Tempo di lettura stimato\" \/>\n\t<meta name=\"twitter:data1\" content=\"1 minuto\" \/>\n<script type=\"application\/ld+json\" class=\"yoast-schema-graph\">{\"@context\":\"https:\\\/\\\/schema.org\",\"@graph\":[{\"@type\":\"WebPage\",\"@id\":\"https:\\\/\\\/pasitoapasito.es\\\/it\\\/prodotto\\\/zaino-paddington-verde\\\/\",\"url\":\"https:\\\/\\\/pasitoapasito.es\\\/it\\\/prodotto\\\/zaino-paddington-verde\\\/\",\"name\":\"ZAINO PADDINGTON VERDE - Pasito a Pasito\",\"isPartOf\":{\"@id\":\"https:\\\/\\\/pasitoapasito.es\\\/fr\\\/#website\"},\"primaryImageOfPage\":{\"@id\":\"https:\\\/\\\/pasitoapasito.es\\\/it\\\/prodotto\\\/zaino-paddington-verde\\\/#primaryimage\"},\"image\":{\"@id\":\"https:\\\/\\\/pasitoapasito.es\\\/it\\\/prodotto\\\/zaino-paddington-verde\\\/#primaryimage\"},\"thumbnailUrl\":\"https:\\\/\\\/pasitoapasito.es\\\/wp-content\\\/uploads\\\/2024\\\/11\\\/1120900418_a.jpg\",\"datePublished\":\"2024-11-18T12:48:07+00:00\",\"dateModified\":\"2024-11-18T12:49:28+00:00\",\"breadcrumb\":{\"@id\":\"https:\\\/\\\/pasitoapasito.es\\\/it\\\/prodotto\\\/zaino-paddington-verde\\\/#breadcrumb\"},\"inLanguage\":\"it-IT\",\"potentialAction\":[{\"@type\":\"ReadAction\",\"target\":[\"https:\\\/\\\/pasitoapasito.es\\\/it\\\/prodotto\\\/zaino-paddington-verde\\\/\"]}]},{\"@type\":\"ImageObject\",\"inLanguage\":\"it-IT\",\"@id\":\"https:\\\/\\\/pasitoapasito.es\\\/it\\\/prodotto\\\/zaino-paddington-verde\\\/#primaryimage\",\"url\":\"https:\\\/\\\/pasitoapasito.es\\\/wp-content\\\/uploads\\\/2024\\\/11\\\/1120900418_a.jpg\",\"contentUrl\":\"https:\\\/\\\/pasitoapasito.es\\\/wp-content\\\/uploads\\\/2024\\\/11\\\/1120900418_a.jpg\",\"width\":1200,\"height\":1200},{\"@type\":\"BreadcrumbList\",\"@id\":\"https:\\\/\\\/pasitoapasito.es\\\/it\\\/prodotto\\\/zaino-paddington-verde\\\/#breadcrumb\",\"itemListElement\":[{\"@type\":\"ListItem\",\"position\":1,\"name\":\"Tienda\",\"item\":\"https:\\\/\\\/pasitoapasito.es\\\/tienda\\\/\"},{\"@type\":\"ListItem\",\"position\":2,\"name\":\"ZAINO PADDINGTON VERDE\"}]},{\"@type\":\"WebSite\",\"@id\":\"https:\\\/\\\/pasitoapasito.es\\\/fr\\\/#website\",\"url\":\"https:\\\/\\\/pasitoapasito.es\\\/fr\\\/\",\"name\":\"Pasito a Pasito\",\"description\":\"\",\"potentialAction\":[{\"@type\":\"SearchAction\",\"target\":{\"@type\":\"EntryPoint\",\"urlTemplate\":\"https:\\\/\\\/pasitoapasito.es\\\/fr\\\/?s={search_term_string}\"},\"query-input\":{\"@type\":\"PropertyValueSpecification\",\"valueRequired\":true,\"valueName\":\"search_term_string\"}}],\"inLanguage\":\"it-IT\"}]}<\/script>\n<!-- \/ Yoast SEO plugin. -->","yoast_head_json":{"title":"ZAINO PADDINGTON VERDE - Pasito a Pasito","robots":{"index":"index","follow":"follow","max-snippet":"max-snippet:-1","max-image-preview":"max-image-preview:large","max-video-preview":"max-video-preview:-1"},"canonical":"https:\/\/pasitoapasito.es\/it\/prodotto\/zaino-paddington-verde\/","og_locale":"it_IT","og_type":"article","og_title":"ZAINO PADDINGTON VERDE - Pasito a Pasito","og_description":"Lo zaino verde Paddington di Pasito a Pasito \u00e8 realizzato in resistente materiale trapuntato. Ampio e funzionale, questo zaino ti permette di portare tutto ci\u00f2 di cui tu e il tuo bambino avete bisogno. \u00c8 dotato di pratiche tasche interne ed esterne per mantenere ogni oggetto a portata di mano e perfettamente organizzato. Tra le [&hellip;]","og_url":"https:\/\/pasitoapasito.es\/it\/prodotto\/zaino-paddington-verde\/","og_site_name":"Pasito a Pasito","article_modified_time":"2024-11-18T12:49:28+00:00","og_image":[{"width":1200,"height":1200,"url":"https:\/\/pasitoapasito.es\/wp-content\/uploads\/2024\/11\/1120900418_a.jpg","type":"image\/jpeg"}],"twitter_card":"summary_large_image","twitter_misc":{"Tempo di lettura stimato":"1 minuto"},"schema":{"@context":"https:\/\/schema.org","@graph":[{"@type":"WebPage","@id":"https:\/\/pasitoapasito.es\/it\/prodotto\/zaino-paddington-verde\/","url":"https:\/\/pasitoapasito.es\/it\/prodotto\/zaino-paddington-verde\/","name":"ZAINO PADDINGTON VERDE - Pasito a Pasito","isPartOf":{"@id":"https:\/\/pasitoapasito.es\/fr\/#website"},"primaryImageOfPage":{"@id":"https:\/\/pasitoapasito.es\/it\/prodotto\/zaino-paddington-verde\/#primaryimage"},"image":{"@id":"https:\/\/pasitoapasito.es\/it\/prodotto\/zaino-paddington-verde\/#primaryimage"},"thumbnailUrl":"https:\/\/pasitoapasito.es\/wp-content\/uploads\/2024\/11\/1120900418_a.jpg","datePublished":"2024-11-18T12:48:07+00:00","dateModified":"2024-11-18T12:49:28+00:00","breadcrumb":{"@id":"https:\/\/pasitoapasito.es\/it\/prodotto\/zaino-paddington-verde\/#breadcrumb"},"inLanguage":"it-IT","potentialAction":[{"@type":"ReadAction","target":["https:\/\/pasitoapasito.es\/it\/prodotto\/zaino-paddington-verde\/"]}]},{"@type":"ImageObject","inLanguage":"it-IT","@id":"https:\/\/pasitoapasito.es\/it\/prodotto\/zaino-paddington-verde\/#primaryimage","url":"https:\/\/pasitoapasito.es\/wp-content\/uploads\/2024\/11\/1120900418_a.jpg","contentUrl":"https:\/\/pasitoapasito.es\/wp-content\/uploads\/2024\/11\/1120900418_a.jpg","width":1200,"height":1200},{"@type":"BreadcrumbList","@id":"https:\/\/pasitoapasito.es\/it\/prodotto\/zaino-paddington-verde\/#breadcrumb","itemListElement":[{"@type":"ListItem","position":1,"name":"Tienda","item":"https:\/\/pasitoapasito.es\/tienda\/"},{"@type":"ListItem","position":2,"name":"ZAINO PADDINGTON VERDE"}]},{"@type":"WebSite","@id":"https:\/\/pasitoapasito.es\/fr\/#website","url":"https:\/\/pasitoapasito.es\/fr\/","name":"Pasito a Pasito","description":"","potentialAction":[{"@type":"SearchAction","target":{"@type":"EntryPoint","urlTemplate":"https:\/\/pasitoapasito.es\/fr\/?s={search_term_string}"},"query-input":{"@type":"PropertyValueSpecification","valueRequired":true,"valueName":"search_term_string"}}],"inLanguage":"it-IT"}]}},"_links":{"self":[{"href":"https:\/\/pasitoapasito.es\/it\/wp-json\/wp\/v2\/product\/38518","targetHints":{"allow":["GET"]}}],"collection":[{"href":"https:\/\/pasitoapasito.es\/it\/wp-json\/wp\/v2\/product"}],"about":[{"href":"https:\/\/pasitoapasito.es\/it\/wp-json\/wp\/v2\/types\/product"}],"replies":[{"embeddable":true,"href":"https:\/\/pasitoapasito.es\/it\/wp-json\/wp\/v2\/comments?post=38518"}],"wp:featuredmedia":[{"embeddable":true,"href":"https:\/\/pasitoapasito.es\/it\/wp-json\/wp\/v2\/media\/37790"}],"wp:attachment":[{"href":"https:\/\/pasitoapasito.es\/it\/wp-json\/wp\/v2\/media?parent=38518"}],"wp:term":[{"taxonomy":"colecciones","embeddable":true,"href":"https:\/\/pasitoapasito.es\/it\/wp-json\/wp\/v2\/colecciones?post=38518"},{"taxonomy":"product_brand","embeddable":true,"href":"https:\/\/pasitoapasito.es\/it\/wp-json\/wp\/v2\/product_brand?post=38518"},{"taxonomy":"product_cat","embeddable":true,"href":"https:\/\/pasitoapasito.es\/it\/wp-json\/wp\/v2\/product_cat?post=38518"},{"taxonomy":"product_tag","embeddable":true,"href":"https:\/\/pasitoapasito.es\/it\/wp-json\/wp\/v2\/product_tag?post=38518"}],"curies":[{"name":"wp","href":"https:\/\/api.w.org\/{rel}","templated":true}]}}