{"id":37552,"date":"2024-10-15T07:28:43","date_gmt":"2024-10-15T07:31:10","guid":{"rendered":"https:\/\/pasitoapasito.es\/?post_type=product&#038;p=37552"},"modified":"2024-10-15T07:31:10","modified_gmt":"2024-10-15T07:31:10","slug":"bambola-bibi-somerset-35-cm","status":"publish","type":"product","link":"https:\/\/pasitoapasito.es\/it\/prodotto\/bambola-bibi-somerset-35-cm\/","title":{"rendered":"BAMBOLA BIBI SOMERSET 35 CM"},"content":{"rendered":"<p>La bambola Bibi di Pasito a pasito \u00e8 molto pi\u00f9 di un semplice giocattolo: \u00e8 un&#8217;amica fedele che accompagner\u00e0 i vostri bambini nei loro momenti pi\u00f9 preziosi. Rendetela parte della vostra famiglia oggi stesso! Questa affascinante bambola di pezza \u00e8 stata progettata per essere la perfetta compagna di giochi e avventure dei pi\u00f9 piccoli. Con le sue finiture dettagliate e la sua consistenza morbida, questa bambola diventer\u00e0 la preferita dei bambini. Favorisce il gioco immaginativo e lo sviluppo emotivo dei bambini. Consigliata a partire dai 2 anni. Conforme alla norma europea EN-71 sulla sicurezza dei giocattoli. Misure: 35 cm.<\/p>\n","protected":false},"excerpt":{"rendered":"<p>La bambola Bibi di Pasito a pasito \u00e8 molto pi\u00f9 di un semplice giocattolo: \u00e8 un&#8217;amica fedele che accompagner\u00e0 i vostri bambini nei loro momenti pi\u00f9 preziosi. Rendetela parte della vostra famiglia oggi stesso! Questa affascinante bambola di pezza \u00e8 stata progettata per essere la perfetta compagna di giochi e avventure dei pi\u00f9 piccoli. Con [&hellip;]<\/p>\n","protected":false},"featured_media":37514,"comment_status":"closed","ping_status":"open","template":"","meta":{"_acf_changed":false,"inline_featured_image":false},"colecciones":[294],"product_brand":[],"product_cat":[248],"product_tag":[],"class_list":{"0":"post-37552","1":"product","2":"type-product","3":"status-publish","4":"has-post-thumbnail","6":"colecciones-collezione-somerset","7":"product_cat-pasito-a-pasito-play","9":"first","10":"instock","11":"purchasable","12":"product-type-simple"},"acf":[],"yoast_head":"<!-- This site is optimized with the Yoast SEO plugin v27.4 - https:\/\/yoast.com\/product\/yoast-seo-wordpress\/ -->\n<title>BAMBOLA BIBI SOMERSET 35 CM - Pasito a Pasito<\/title>\n<meta name=\"robots\" content=\"index, follow, max-snippet:-1, max-image-preview:large, max-video-preview:-1\" \/>\n<link rel=\"canonical\" href=\"https:\/\/pasitoapasito.es\/it\/prodotto\/bambola-bibi-somerset-35-cm\/\" \/>\n<meta property=\"og:locale\" content=\"it_IT\" \/>\n<meta property=\"og:type\" content=\"article\" \/>\n<meta property=\"og:title\" content=\"BAMBOLA BIBI SOMERSET 35 CM - Pasito a Pasito\" \/>\n<meta property=\"og:description\" content=\"La bambola Bibi di Pasito a pasito \u00e8 molto pi\u00f9 di un semplice giocattolo: \u00e8 un&#8217;amica fedele che accompagner\u00e0 i vostri bambini nei loro momenti pi\u00f9 preziosi. Rendetela parte della vostra famiglia oggi stesso! Questa affascinante bambola di pezza \u00e8 stata progettata per essere la perfetta compagna di giochi e avventure dei pi\u00f9 piccoli. Con [&hellip;]\" \/>\n<meta property=\"og:url\" content=\"https:\/\/pasitoapasito.es\/it\/prodotto\/bambola-bibi-somerset-35-cm\/\" \/>\n<meta property=\"og:site_name\" content=\"Pasito a Pasito\" \/>\n<meta property=\"og:image\" content=\"https:\/\/pasitoapasito.es\/wp-content\/uploads\/2024\/10\/1120900412_a.jpg\" \/>\n\t<meta property=\"og:image:width\" content=\"1200\" \/>\n\t<meta property=\"og:image:height\" content=\"1200\" \/>\n\t<meta property=\"og:image:type\" content=\"image\/jpeg\" \/>\n<meta name=\"twitter:card\" content=\"summary_large_image\" \/>\n<script type=\"application\/ld+json\" class=\"yoast-schema-graph\">{\"@context\":\"https:\\\/\\\/schema.org\",\"@graph\":[{\"@type\":\"WebPage\",\"@id\":\"https:\\\/\\\/pasitoapasito.es\\\/it\\\/prodotto\\\/bambola-bibi-somerset-35-cm\\\/\",\"url\":\"https:\\\/\\\/pasitoapasito.es\\\/it\\\/prodotto\\\/bambola-bibi-somerset-35-cm\\\/\",\"name\":\"BAMBOLA BIBI SOMERSET 35 CM - Pasito a Pasito\",\"isPartOf\":{\"@id\":\"https:\\\/\\\/pasitoapasito.es\\\/fr\\\/#website\"},\"primaryImageOfPage\":{\"@id\":\"https:\\\/\\\/pasitoapasito.es\\\/it\\\/prodotto\\\/bambola-bibi-somerset-35-cm\\\/#primaryimage\"},\"image\":{\"@id\":\"https:\\\/\\\/pasitoapasito.es\\\/it\\\/prodotto\\\/bambola-bibi-somerset-35-cm\\\/#primaryimage\"},\"thumbnailUrl\":\"https:\\\/\\\/pasitoapasito.es\\\/wp-content\\\/uploads\\\/2024\\\/10\\\/1120900412_a.jpg\",\"datePublished\":\"2024-10-15T07:31:10+00:00\",\"breadcrumb\":{\"@id\":\"https:\\\/\\\/pasitoapasito.es\\\/it\\\/prodotto\\\/bambola-bibi-somerset-35-cm\\\/#breadcrumb\"},\"inLanguage\":\"it-IT\",\"potentialAction\":[{\"@type\":\"ReadAction\",\"target\":[\"https:\\\/\\\/pasitoapasito.es\\\/it\\\/prodotto\\\/bambola-bibi-somerset-35-cm\\\/\"]}]},{\"@type\":\"ImageObject\",\"inLanguage\":\"it-IT\",\"@id\":\"https:\\\/\\\/pasitoapasito.es\\\/it\\\/prodotto\\\/bambola-bibi-somerset-35-cm\\\/#primaryimage\",\"url\":\"https:\\\/\\\/pasitoapasito.es\\\/wp-content\\\/uploads\\\/2024\\\/10\\\/1120900412_a.jpg\",\"contentUrl\":\"https:\\\/\\\/pasitoapasito.es\\\/wp-content\\\/uploads\\\/2024\\\/10\\\/1120900412_a.jpg\",\"width\":1200,\"height\":1200},{\"@type\":\"BreadcrumbList\",\"@id\":\"https:\\\/\\\/pasitoapasito.es\\\/it\\\/prodotto\\\/bambola-bibi-somerset-35-cm\\\/#breadcrumb\",\"itemListElement\":[{\"@type\":\"ListItem\",\"position\":1,\"name\":\"Tienda\",\"item\":\"https:\\\/\\\/pasitoapasito.es\\\/tienda\\\/\"},{\"@type\":\"ListItem\",\"position\":2,\"name\":\"BAMBOLA BIBI SOMERSET 35 CM\"}]},{\"@type\":\"WebSite\",\"@id\":\"https:\\\/\\\/pasitoapasito.es\\\/fr\\\/#website\",\"url\":\"https:\\\/\\\/pasitoapasito.es\\\/fr\\\/\",\"name\":\"Pasito a Pasito\",\"description\":\"\",\"potentialAction\":[{\"@type\":\"SearchAction\",\"target\":{\"@type\":\"EntryPoint\",\"urlTemplate\":\"https:\\\/\\\/pasitoapasito.es\\\/fr\\\/?s={search_term_string}\"},\"query-input\":{\"@type\":\"PropertyValueSpecification\",\"valueRequired\":true,\"valueName\":\"search_term_string\"}}],\"inLanguage\":\"it-IT\"}]}<\/script>\n<!-- \/ Yoast SEO plugin. -->","yoast_head_json":{"title":"BAMBOLA BIBI SOMERSET 35 CM - Pasito a Pasito","robots":{"index":"index","follow":"follow","max-snippet":"max-snippet:-1","max-image-preview":"max-image-preview:large","max-video-preview":"max-video-preview:-1"},"canonical":"https:\/\/pasitoapasito.es\/it\/prodotto\/bambola-bibi-somerset-35-cm\/","og_locale":"it_IT","og_type":"article","og_title":"BAMBOLA BIBI SOMERSET 35 CM - Pasito a Pasito","og_description":"La bambola Bibi di Pasito a pasito \u00e8 molto pi\u00f9 di un semplice giocattolo: \u00e8 un&#8217;amica fedele che accompagner\u00e0 i vostri bambini nei loro momenti pi\u00f9 preziosi. Rendetela parte della vostra famiglia oggi stesso! Questa affascinante bambola di pezza \u00e8 stata progettata per essere la perfetta compagna di giochi e avventure dei pi\u00f9 piccoli. Con [&hellip;]","og_url":"https:\/\/pasitoapasito.es\/it\/prodotto\/bambola-bibi-somerset-35-cm\/","og_site_name":"Pasito a Pasito","og_image":[{"width":1200,"height":1200,"url":"https:\/\/pasitoapasito.es\/wp-content\/uploads\/2024\/10\/1120900412_a.jpg","type":"image\/jpeg"}],"twitter_card":"summary_large_image","schema":{"@context":"https:\/\/schema.org","@graph":[{"@type":"WebPage","@id":"https:\/\/pasitoapasito.es\/it\/prodotto\/bambola-bibi-somerset-35-cm\/","url":"https:\/\/pasitoapasito.es\/it\/prodotto\/bambola-bibi-somerset-35-cm\/","name":"BAMBOLA BIBI SOMERSET 35 CM - Pasito a Pasito","isPartOf":{"@id":"https:\/\/pasitoapasito.es\/fr\/#website"},"primaryImageOfPage":{"@id":"https:\/\/pasitoapasito.es\/it\/prodotto\/bambola-bibi-somerset-35-cm\/#primaryimage"},"image":{"@id":"https:\/\/pasitoapasito.es\/it\/prodotto\/bambola-bibi-somerset-35-cm\/#primaryimage"},"thumbnailUrl":"https:\/\/pasitoapasito.es\/wp-content\/uploads\/2024\/10\/1120900412_a.jpg","datePublished":"2024-10-15T07:31:10+00:00","breadcrumb":{"@id":"https:\/\/pasitoapasito.es\/it\/prodotto\/bambola-bibi-somerset-35-cm\/#breadcrumb"},"inLanguage":"it-IT","potentialAction":[{"@type":"ReadAction","target":["https:\/\/pasitoapasito.es\/it\/prodotto\/bambola-bibi-somerset-35-cm\/"]}]},{"@type":"ImageObject","inLanguage":"it-IT","@id":"https:\/\/pasitoapasito.es\/it\/prodotto\/bambola-bibi-somerset-35-cm\/#primaryimage","url":"https:\/\/pasitoapasito.es\/wp-content\/uploads\/2024\/10\/1120900412_a.jpg","contentUrl":"https:\/\/pasitoapasito.es\/wp-content\/uploads\/2024\/10\/1120900412_a.jpg","width":1200,"height":1200},{"@type":"BreadcrumbList","@id":"https:\/\/pasitoapasito.es\/it\/prodotto\/bambola-bibi-somerset-35-cm\/#breadcrumb","itemListElement":[{"@type":"ListItem","position":1,"name":"Tienda","item":"https:\/\/pasitoapasito.es\/tienda\/"},{"@type":"ListItem","position":2,"name":"BAMBOLA BIBI SOMERSET 35 CM"}]},{"@type":"WebSite","@id":"https:\/\/pasitoapasito.es\/fr\/#website","url":"https:\/\/pasitoapasito.es\/fr\/","name":"Pasito a Pasito","description":"","potentialAction":[{"@type":"SearchAction","target":{"@type":"EntryPoint","urlTemplate":"https:\/\/pasitoapasito.es\/fr\/?s={search_term_string}"},"query-input":{"@type":"PropertyValueSpecification","valueRequired":true,"valueName":"search_term_string"}}],"inLanguage":"it-IT"}]}},"_links":{"self":[{"href":"https:\/\/pasitoapasito.es\/it\/wp-json\/wp\/v2\/product\/37552","targetHints":{"allow":["GET"]}}],"collection":[{"href":"https:\/\/pasitoapasito.es\/it\/wp-json\/wp\/v2\/product"}],"about":[{"href":"https:\/\/pasitoapasito.es\/it\/wp-json\/wp\/v2\/types\/product"}],"replies":[{"embeddable":true,"href":"https:\/\/pasitoapasito.es\/it\/wp-json\/wp\/v2\/comments?post=37552"}],"wp:featuredmedia":[{"embeddable":true,"href":"https:\/\/pasitoapasito.es\/it\/wp-json\/wp\/v2\/media\/37514"}],"wp:attachment":[{"href":"https:\/\/pasitoapasito.es\/it\/wp-json\/wp\/v2\/media?parent=37552"}],"wp:term":[{"taxonomy":"colecciones","embeddable":true,"href":"https:\/\/pasitoapasito.es\/it\/wp-json\/wp\/v2\/colecciones?post=37552"},{"taxonomy":"product_brand","embeddable":true,"href":"https:\/\/pasitoapasito.es\/it\/wp-json\/wp\/v2\/product_brand?post=37552"},{"taxonomy":"product_cat","embeddable":true,"href":"https:\/\/pasitoapasito.es\/it\/wp-json\/wp\/v2\/product_cat?post=37552"},{"taxonomy":"product_tag","embeddable":true,"href":"https:\/\/pasitoapasito.es\/it\/wp-json\/wp\/v2\/product_tag?post=37552"}],"curies":[{"name":"wp","href":"https:\/\/api.w.org\/{rel}","templated":true}]}}