{"id":37348,"date":"2024-10-11T08:36:00","date_gmt":"2024-10-11T08:36:00","guid":{"rendered":"https:\/\/pasitoapasito.es\/?post_type=product&#038;p=37348"},"modified":"2024-10-11T10:34:05","modified_gmt":"2024-10-11T10:34:05","slug":"materassino-tartan","status":"publish","type":"product","link":"https:\/\/pasitoapasito.es\/it\/prodotto\/materassino-tartan\/","title":{"rendered":"MATERASSINO TARTAN"},"content":{"rendered":"<p>Il tappetino Tartan di Pasito a pasito in tessuto grigio a scacchi \u00e8 la copertura ideale che si adatta alla maggior parte dei passeggini e offre al bambino un maggiore comfort durante le passeggiate nelle giornate pi\u00f9 calde. \u00c8 progettato con uno strato di tessuto traspirante sullo schienale che isola l&#8217;umidit\u00e0 e previene l&#8217;eccessiva sudorazione del bambino, proteggendo il seggiolino per rendere la passeggiata pi\u00f9 confortevole. Questo modello \u00e8 progettato per adattarsi alla maggior parte dei passeggini, in quanto presenta diverse aperture (occhielli) e regolazioni per coprire la superficie su cui si adagia il bambino. Finiture di qualit\u00e0. Tutte le nostre copertine sono prodotte secondo i pi\u00f9 esigenti standard europei, con materiali di alta qualit\u00e0, privi di coloranti azoici, ftalati e sostanze nocive per la salute. Tessuto facile da pulire, si consiglia il lavaggio in lavatrice a 30\u00b0. I prodotti per bambini Pasito a Pasito hanno un design molto diverso da tutti gli altri. Le loro collezioni sono caratterizzate da un lavoro dettagliato, sempre concepito da un punto di vista pratico. Utilizzano materiali di alta qualit\u00e0 per evidenziare l&#8217;eleganza e l&#8217;armonia di ogni loro pezzo. I nostri modelli sono esclusivi e di stile inconfondibile, pensati per le mamme moderne che amano il buon gusto e apprezzano i dettagli come noi. Specifiche: Materiali: 100% cotone. Misura universale.<\/p>\n","protected":false},"excerpt":{"rendered":"<p>Il tappetino Tartan di Pasito a pasito in tessuto grigio a scacchi \u00e8 la copertura ideale che si adatta alla maggior parte dei passeggini e offre al bambino un maggiore comfort durante le passeggiate nelle giornate pi\u00f9 calde. \u00c8 progettato con uno strato di tessuto traspirante sullo schienale che isola l&#8217;umidit\u00e0 e previene l&#8217;eccessiva sudorazione [&hellip;]<\/p>\n","protected":false},"featured_media":37298,"comment_status":"closed","ping_status":"closed","template":"","meta":{"_acf_changed":false,"inline_featured_image":false},"colecciones":[],"product_brand":[],"product_cat":[258],"product_tag":[],"class_list":{"0":"post-37348","1":"product","2":"type-product","3":"status-publish","4":"has-post-thumbnail","6":"product_cat-special-prices-it","8":"first","9":"instock","10":"purchasable","11":"product-type-simple"},"acf":[],"yoast_head":"<!-- This site is optimized with the Yoast SEO plugin v27.4 - https:\/\/yoast.com\/product\/yoast-seo-wordpress\/ -->\n<title>MATERASSINO TARTAN - Pasito a Pasito<\/title>\n<meta name=\"robots\" content=\"index, follow, max-snippet:-1, max-image-preview:large, max-video-preview:-1\" \/>\n<link rel=\"canonical\" href=\"https:\/\/pasitoapasito.es\/prodotto\/colchoneta-verano-cuadros-tartan\/\" \/>\n<meta property=\"og:locale\" content=\"it_IT\" \/>\n<meta property=\"og:type\" content=\"article\" \/>\n<meta property=\"og:title\" content=\"MATERASSINO TARTAN - Pasito a Pasito\" \/>\n<meta property=\"og:description\" content=\"Il tappetino Tartan di Pasito a pasito in tessuto grigio a scacchi \u00e8 la copertura ideale che si adatta alla maggior parte dei passeggini e offre al bambino un maggiore comfort durante le passeggiate nelle giornate pi\u00f9 calde. \u00c8 progettato con uno strato di tessuto traspirante sullo schienale che isola l&#8217;umidit\u00e0 e previene l&#8217;eccessiva sudorazione [&hellip;]\" \/>\n<meta property=\"og:url\" content=\"https:\/\/pasitoapasito.es\/prodotto\/colchoneta-verano-cuadros-tartan\/\" \/>\n<meta property=\"og:site_name\" content=\"Pasito a Pasito\" \/>\n<meta property=\"article:modified_time\" content=\"2024-10-11T10:34:05+00:00\" \/>\n<meta property=\"og:image\" content=\"https:\/\/pasitoapasito.es\/wp-content\/uploads\/2024\/10\/1120900396_a.jpg\" \/>\n\t<meta property=\"og:image:width\" content=\"1200\" \/>\n\t<meta property=\"og:image:height\" content=\"1200\" \/>\n\t<meta property=\"og:image:type\" content=\"image\/jpeg\" \/>\n<meta name=\"twitter:card\" content=\"summary_large_image\" \/>\n<meta name=\"twitter:label1\" content=\"Tempo di lettura stimato\" \/>\n\t<meta name=\"twitter:data1\" content=\"1 minuto\" \/>\n<script type=\"application\/ld+json\" class=\"yoast-schema-graph\">{\"@context\":\"https:\\\/\\\/schema.org\",\"@graph\":[{\"@type\":\"WebPage\",\"@id\":\"https:\\\/\\\/pasitoapasito.es\\\/prodotto\\\/colchoneta-verano-cuadros-tartan\\\/\",\"url\":\"https:\\\/\\\/pasitoapasito.es\\\/prodotto\\\/colchoneta-verano-cuadros-tartan\\\/\",\"name\":\"MATERASSINO TARTAN - Pasito a Pasito\",\"isPartOf\":{\"@id\":\"https:\\\/\\\/pasitoapasito.es\\\/fr\\\/#website\"},\"primaryImageOfPage\":{\"@id\":\"https:\\\/\\\/pasitoapasito.es\\\/prodotto\\\/colchoneta-verano-cuadros-tartan\\\/#primaryimage\"},\"image\":{\"@id\":\"https:\\\/\\\/pasitoapasito.es\\\/prodotto\\\/colchoneta-verano-cuadros-tartan\\\/#primaryimage\"},\"thumbnailUrl\":\"https:\\\/\\\/pasitoapasito.es\\\/wp-content\\\/uploads\\\/2024\\\/10\\\/1120900396_a.jpg\",\"datePublished\":\"2024-10-11T08:36:00+00:00\",\"dateModified\":\"2024-10-11T10:34:05+00:00\",\"breadcrumb\":{\"@id\":\"https:\\\/\\\/pasitoapasito.es\\\/prodotto\\\/colchoneta-verano-cuadros-tartan\\\/#breadcrumb\"},\"inLanguage\":\"it-IT\",\"potentialAction\":[{\"@type\":\"ReadAction\",\"target\":[\"https:\\\/\\\/pasitoapasito.es\\\/prodotto\\\/colchoneta-verano-cuadros-tartan\\\/\"]}]},{\"@type\":\"ImageObject\",\"inLanguage\":\"it-IT\",\"@id\":\"https:\\\/\\\/pasitoapasito.es\\\/prodotto\\\/colchoneta-verano-cuadros-tartan\\\/#primaryimage\",\"url\":\"https:\\\/\\\/pasitoapasito.es\\\/wp-content\\\/uploads\\\/2024\\\/10\\\/1120900396_a.jpg\",\"contentUrl\":\"https:\\\/\\\/pasitoapasito.es\\\/wp-content\\\/uploads\\\/2024\\\/10\\\/1120900396_a.jpg\",\"width\":1200,\"height\":1200},{\"@type\":\"BreadcrumbList\",\"@id\":\"https:\\\/\\\/pasitoapasito.es\\\/prodotto\\\/colchoneta-verano-cuadros-tartan\\\/#breadcrumb\",\"itemListElement\":[{\"@type\":\"ListItem\",\"position\":1,\"name\":\"Tienda\",\"item\":\"https:\\\/\\\/pasitoapasito.es\\\/tienda\\\/\"},{\"@type\":\"ListItem\",\"position\":2,\"name\":\"MATERASSINO TARTAN\"}]},{\"@type\":\"WebSite\",\"@id\":\"https:\\\/\\\/pasitoapasito.es\\\/fr\\\/#website\",\"url\":\"https:\\\/\\\/pasitoapasito.es\\\/fr\\\/\",\"name\":\"Pasito a Pasito\",\"description\":\"\",\"potentialAction\":[{\"@type\":\"SearchAction\",\"target\":{\"@type\":\"EntryPoint\",\"urlTemplate\":\"https:\\\/\\\/pasitoapasito.es\\\/fr\\\/?s={search_term_string}\"},\"query-input\":{\"@type\":\"PropertyValueSpecification\",\"valueRequired\":true,\"valueName\":\"search_term_string\"}}],\"inLanguage\":\"it-IT\"}]}<\/script>\n<!-- \/ Yoast SEO plugin. -->","yoast_head_json":{"title":"MATERASSINO TARTAN - Pasito a Pasito","robots":{"index":"index","follow":"follow","max-snippet":"max-snippet:-1","max-image-preview":"max-image-preview:large","max-video-preview":"max-video-preview:-1"},"canonical":"https:\/\/pasitoapasito.es\/prodotto\/colchoneta-verano-cuadros-tartan\/","og_locale":"it_IT","og_type":"article","og_title":"MATERASSINO TARTAN - Pasito a Pasito","og_description":"Il tappetino Tartan di Pasito a pasito in tessuto grigio a scacchi \u00e8 la copertura ideale che si adatta alla maggior parte dei passeggini e offre al bambino un maggiore comfort durante le passeggiate nelle giornate pi\u00f9 calde. \u00c8 progettato con uno strato di tessuto traspirante sullo schienale che isola l&#8217;umidit\u00e0 e previene l&#8217;eccessiva sudorazione [&hellip;]","og_url":"https:\/\/pasitoapasito.es\/prodotto\/colchoneta-verano-cuadros-tartan\/","og_site_name":"Pasito a Pasito","article_modified_time":"2024-10-11T10:34:05+00:00","og_image":[{"width":1200,"height":1200,"url":"https:\/\/pasitoapasito.es\/wp-content\/uploads\/2024\/10\/1120900396_a.jpg","type":"image\/jpeg"}],"twitter_card":"summary_large_image","twitter_misc":{"Tempo di lettura stimato":"1 minuto"},"schema":{"@context":"https:\/\/schema.org","@graph":[{"@type":"WebPage","@id":"https:\/\/pasitoapasito.es\/prodotto\/colchoneta-verano-cuadros-tartan\/","url":"https:\/\/pasitoapasito.es\/prodotto\/colchoneta-verano-cuadros-tartan\/","name":"MATERASSINO TARTAN - Pasito a Pasito","isPartOf":{"@id":"https:\/\/pasitoapasito.es\/fr\/#website"},"primaryImageOfPage":{"@id":"https:\/\/pasitoapasito.es\/prodotto\/colchoneta-verano-cuadros-tartan\/#primaryimage"},"image":{"@id":"https:\/\/pasitoapasito.es\/prodotto\/colchoneta-verano-cuadros-tartan\/#primaryimage"},"thumbnailUrl":"https:\/\/pasitoapasito.es\/wp-content\/uploads\/2024\/10\/1120900396_a.jpg","datePublished":"2024-10-11T08:36:00+00:00","dateModified":"2024-10-11T10:34:05+00:00","breadcrumb":{"@id":"https:\/\/pasitoapasito.es\/prodotto\/colchoneta-verano-cuadros-tartan\/#breadcrumb"},"inLanguage":"it-IT","potentialAction":[{"@type":"ReadAction","target":["https:\/\/pasitoapasito.es\/prodotto\/colchoneta-verano-cuadros-tartan\/"]}]},{"@type":"ImageObject","inLanguage":"it-IT","@id":"https:\/\/pasitoapasito.es\/prodotto\/colchoneta-verano-cuadros-tartan\/#primaryimage","url":"https:\/\/pasitoapasito.es\/wp-content\/uploads\/2024\/10\/1120900396_a.jpg","contentUrl":"https:\/\/pasitoapasito.es\/wp-content\/uploads\/2024\/10\/1120900396_a.jpg","width":1200,"height":1200},{"@type":"BreadcrumbList","@id":"https:\/\/pasitoapasito.es\/prodotto\/colchoneta-verano-cuadros-tartan\/#breadcrumb","itemListElement":[{"@type":"ListItem","position":1,"name":"Tienda","item":"https:\/\/pasitoapasito.es\/tienda\/"},{"@type":"ListItem","position":2,"name":"MATERASSINO TARTAN"}]},{"@type":"WebSite","@id":"https:\/\/pasitoapasito.es\/fr\/#website","url":"https:\/\/pasitoapasito.es\/fr\/","name":"Pasito a Pasito","description":"","potentialAction":[{"@type":"SearchAction","target":{"@type":"EntryPoint","urlTemplate":"https:\/\/pasitoapasito.es\/fr\/?s={search_term_string}"},"query-input":{"@type":"PropertyValueSpecification","valueRequired":true,"valueName":"search_term_string"}}],"inLanguage":"it-IT"}]}},"_links":{"self":[{"href":"https:\/\/pasitoapasito.es\/it\/wp-json\/wp\/v2\/product\/37348","targetHints":{"allow":["GET"]}}],"collection":[{"href":"https:\/\/pasitoapasito.es\/it\/wp-json\/wp\/v2\/product"}],"about":[{"href":"https:\/\/pasitoapasito.es\/it\/wp-json\/wp\/v2\/types\/product"}],"replies":[{"embeddable":true,"href":"https:\/\/pasitoapasito.es\/it\/wp-json\/wp\/v2\/comments?post=37348"}],"wp:featuredmedia":[{"embeddable":true,"href":"https:\/\/pasitoapasito.es\/it\/wp-json\/wp\/v2\/media\/37298"}],"wp:attachment":[{"href":"https:\/\/pasitoapasito.es\/it\/wp-json\/wp\/v2\/media?parent=37348"}],"wp:term":[{"taxonomy":"colecciones","embeddable":true,"href":"https:\/\/pasitoapasito.es\/it\/wp-json\/wp\/v2\/colecciones?post=37348"},{"taxonomy":"product_brand","embeddable":true,"href":"https:\/\/pasitoapasito.es\/it\/wp-json\/wp\/v2\/product_brand?post=37348"},{"taxonomy":"product_cat","embeddable":true,"href":"https:\/\/pasitoapasito.es\/it\/wp-json\/wp\/v2\/product_cat?post=37348"},{"taxonomy":"product_tag","embeddable":true,"href":"https:\/\/pasitoapasito.es\/it\/wp-json\/wp\/v2\/product_tag?post=37348"}],"curies":[{"name":"wp","href":"https:\/\/api.w.org\/{rel}","templated":true}]}}