{"id":37342,"date":"2024-10-11T08:36:02","date_gmt":"2024-10-11T08:36:02","guid":{"rendered":"https:\/\/pasitoapasito.es\/?post_type=product&#038;p=37342"},"modified":"2024-10-11T10:34:04","modified_gmt":"2024-10-11T10:34:04","slug":"valigia-tartan","status":"publish","type":"product","link":"https:\/\/pasitoapasito.es\/it\/prodotto\/valigia-tartan\/","title":{"rendered":"VALIGIA TARTAN"},"content":{"rendered":"<p>La borsa per neonati Tartan in grigio quadrato di Pasito a pasito, realizzata in cotone resistente con trattamento impermeabile, \u00e8 la borsa perfetta per l&#8217;ospedale\/clinica, un modello unico ed elegante appositamente progettato per poter trasportare tutto il necessario per voi, il pap\u00e0 e il bambino. La sua forma rettangolare la rende comoda per trasportare tutto il necessario (cambi d&#8217;abito o accessori) il giorno della nascita del bambino. Ha un design semplice, moderno e pratico che offre molto spazio per trasportare molte cose ed \u00e8 facile da aprire per trovare facilmente tutto ci\u00f2 che avete messo in valigia. \u00c8 dotata di un manico lungo per il trasporto a spalla e di due manici corti per il trasporto a mano, se si preferisce. Finiture di qualit\u00e0. La borsa ospedaliera \u00e8 dotata di una fodera interna con elastici per tenere i vestiti al loro posto e si chiude in modo sicuro con una cerniera su due lati che permette al coperchio di aprirsi completamente. Realizzata con materiali di alta qualit\u00e0, privi di coloranti azoici, ftalati e sostanze nocive per la salute. Pu\u00f2 essere lavato a mano o in lavatrice a temperature fino a 30\u00b0. I prodotti per bambini Pasito a Pasito hanno un design molto diverso da tutti gli altri. Le loro collezioni sono caratterizzate da un lavoro dettagliato, sempre concepito da un punto di vista pratico. Utilizzano materiali di alta qualit\u00e0 per sottolineare l&#8217;eleganza e l&#8217;armonia di ogni pezzo. I nostri modelli sono esclusivi e dallo stile inconfondibile, pensati per le mamme moderne che amano il buon gusto e apprezzano i dettagli come noi. Specifiche: Materiali: 100% cotone con trattamento impermeabile.   Misure: 44X36X16 cm.<\/p>\n","protected":false},"excerpt":{"rendered":"<p>La borsa per neonati Tartan in grigio quadrato di Pasito a pasito, realizzata in cotone resistente con trattamento impermeabile, \u00e8 la borsa perfetta per l&#8217;ospedale\/clinica, un modello unico ed elegante appositamente progettato per poter trasportare tutto il necessario per voi, il pap\u00e0 e il bambino. La sua forma rettangolare la rende comoda per trasportare tutto [&hellip;]<\/p>\n","protected":false},"featured_media":37166,"comment_status":"closed","ping_status":"closed","template":"","meta":{"_acf_changed":false,"inline_featured_image":false},"colecciones":[],"product_brand":[],"product_cat":[131,169],"product_tag":[],"class_list":{"0":"post-37342","1":"product","2":"type-product","3":"status-publish","4":"has-post-thumbnail","6":"product_cat-zaini-fasciatoio","7":"product_cat-borse-e-accesori","9":"first","10":"instock","11":"purchasable","12":"product-type-simple"},"acf":[],"yoast_head":"<!-- This site is optimized with the Yoast SEO plugin v27.3 - https:\/\/yoast.com\/product\/yoast-seo-wordpress\/ -->\n<title>VALIGIA TARTAN - Pasito a Pasito<\/title>\n<meta name=\"robots\" content=\"index, follow, max-snippet:-1, max-image-preview:large, max-video-preview:-1\" \/>\n<link rel=\"canonical\" href=\"https:\/\/pasitoapasito.es\/it\/prodotto\/valigia-tartan\/\" \/>\n<meta property=\"og:locale\" content=\"it_IT\" \/>\n<meta property=\"og:type\" content=\"article\" \/>\n<meta property=\"og:title\" content=\"VALIGIA TARTAN - Pasito a Pasito\" \/>\n<meta property=\"og:description\" content=\"La borsa per neonati Tartan in grigio quadrato di Pasito a pasito, realizzata in cotone resistente con trattamento impermeabile, \u00e8 la borsa perfetta per l&#8217;ospedale\/clinica, un modello unico ed elegante appositamente progettato per poter trasportare tutto il necessario per voi, il pap\u00e0 e il bambino. La sua forma rettangolare la rende comoda per trasportare tutto [&hellip;]\" \/>\n<meta property=\"og:url\" content=\"https:\/\/pasitoapasito.es\/it\/prodotto\/valigia-tartan\/\" \/>\n<meta property=\"og:site_name\" content=\"Pasito a Pasito\" \/>\n<meta property=\"article:modified_time\" content=\"2024-10-11T10:34:04+00:00\" \/>\n<meta property=\"og:image\" content=\"https:\/\/pasitoapasito.es\/wp-content\/uploads\/2024\/10\/1120900377_a.jpg\" \/>\n\t<meta property=\"og:image:width\" content=\"1199\" \/>\n\t<meta property=\"og:image:height\" content=\"1200\" \/>\n\t<meta property=\"og:image:type\" content=\"image\/jpeg\" \/>\n<meta name=\"twitter:card\" content=\"summary_large_image\" \/>\n<meta name=\"twitter:label1\" content=\"Tempo di lettura stimato\" \/>\n\t<meta name=\"twitter:data1\" content=\"1 minuto\" \/>\n<script type=\"application\/ld+json\" class=\"yoast-schema-graph\">{\"@context\":\"https:\\\/\\\/schema.org\",\"@graph\":[{\"@type\":\"WebPage\",\"@id\":\"https:\\\/\\\/pasitoapasito.es\\\/it\\\/prodotto\\\/valigia-tartan\\\/\",\"url\":\"https:\\\/\\\/pasitoapasito.es\\\/it\\\/prodotto\\\/valigia-tartan\\\/\",\"name\":\"VALIGIA TARTAN - Pasito a Pasito\",\"isPartOf\":{\"@id\":\"https:\\\/\\\/pasitoapasito.es\\\/fr\\\/#website\"},\"primaryImageOfPage\":{\"@id\":\"https:\\\/\\\/pasitoapasito.es\\\/it\\\/prodotto\\\/valigia-tartan\\\/#primaryimage\"},\"image\":{\"@id\":\"https:\\\/\\\/pasitoapasito.es\\\/it\\\/prodotto\\\/valigia-tartan\\\/#primaryimage\"},\"thumbnailUrl\":\"https:\\\/\\\/pasitoapasito.es\\\/wp-content\\\/uploads\\\/2024\\\/10\\\/1120900377_a.jpg\",\"datePublished\":\"2024-10-11T08:36:02+00:00\",\"dateModified\":\"2024-10-11T10:34:04+00:00\",\"breadcrumb\":{\"@id\":\"https:\\\/\\\/pasitoapasito.es\\\/it\\\/prodotto\\\/valigia-tartan\\\/#breadcrumb\"},\"inLanguage\":\"it-IT\",\"potentialAction\":[{\"@type\":\"ReadAction\",\"target\":[\"https:\\\/\\\/pasitoapasito.es\\\/it\\\/prodotto\\\/valigia-tartan\\\/\"]}]},{\"@type\":\"ImageObject\",\"inLanguage\":\"it-IT\",\"@id\":\"https:\\\/\\\/pasitoapasito.es\\\/it\\\/prodotto\\\/valigia-tartan\\\/#primaryimage\",\"url\":\"https:\\\/\\\/pasitoapasito.es\\\/wp-content\\\/uploads\\\/2024\\\/10\\\/1120900377_a.jpg\",\"contentUrl\":\"https:\\\/\\\/pasitoapasito.es\\\/wp-content\\\/uploads\\\/2024\\\/10\\\/1120900377_a.jpg\",\"width\":1199,\"height\":1200},{\"@type\":\"BreadcrumbList\",\"@id\":\"https:\\\/\\\/pasitoapasito.es\\\/it\\\/prodotto\\\/valigia-tartan\\\/#breadcrumb\",\"itemListElement\":[{\"@type\":\"ListItem\",\"position\":1,\"name\":\"Tienda\",\"item\":\"https:\\\/\\\/pasitoapasito.es\\\/tienda\\\/\"},{\"@type\":\"ListItem\",\"position\":2,\"name\":\"VALIGIA TARTAN\"}]},{\"@type\":\"WebSite\",\"@id\":\"https:\\\/\\\/pasitoapasito.es\\\/fr\\\/#website\",\"url\":\"https:\\\/\\\/pasitoapasito.es\\\/fr\\\/\",\"name\":\"Pasito a Pasito\",\"description\":\"\",\"potentialAction\":[{\"@type\":\"SearchAction\",\"target\":{\"@type\":\"EntryPoint\",\"urlTemplate\":\"https:\\\/\\\/pasitoapasito.es\\\/fr\\\/?s={search_term_string}\"},\"query-input\":{\"@type\":\"PropertyValueSpecification\",\"valueRequired\":true,\"valueName\":\"search_term_string\"}}],\"inLanguage\":\"it-IT\"}]}<\/script>\n<!-- \/ Yoast SEO plugin. -->","yoast_head_json":{"title":"VALIGIA TARTAN - Pasito a Pasito","robots":{"index":"index","follow":"follow","max-snippet":"max-snippet:-1","max-image-preview":"max-image-preview:large","max-video-preview":"max-video-preview:-1"},"canonical":"https:\/\/pasitoapasito.es\/it\/prodotto\/valigia-tartan\/","og_locale":"it_IT","og_type":"article","og_title":"VALIGIA TARTAN - Pasito a Pasito","og_description":"La borsa per neonati Tartan in grigio quadrato di Pasito a pasito, realizzata in cotone resistente con trattamento impermeabile, \u00e8 la borsa perfetta per l&#8217;ospedale\/clinica, un modello unico ed elegante appositamente progettato per poter trasportare tutto il necessario per voi, il pap\u00e0 e il bambino. La sua forma rettangolare la rende comoda per trasportare tutto [&hellip;]","og_url":"https:\/\/pasitoapasito.es\/it\/prodotto\/valigia-tartan\/","og_site_name":"Pasito a Pasito","article_modified_time":"2024-10-11T10:34:04+00:00","og_image":[{"width":1199,"height":1200,"url":"https:\/\/pasitoapasito.es\/wp-content\/uploads\/2024\/10\/1120900377_a.jpg","type":"image\/jpeg"}],"twitter_card":"summary_large_image","twitter_misc":{"Tempo di lettura stimato":"1 minuto"},"schema":{"@context":"https:\/\/schema.org","@graph":[{"@type":"WebPage","@id":"https:\/\/pasitoapasito.es\/it\/prodotto\/valigia-tartan\/","url":"https:\/\/pasitoapasito.es\/it\/prodotto\/valigia-tartan\/","name":"VALIGIA TARTAN - Pasito a Pasito","isPartOf":{"@id":"https:\/\/pasitoapasito.es\/fr\/#website"},"primaryImageOfPage":{"@id":"https:\/\/pasitoapasito.es\/it\/prodotto\/valigia-tartan\/#primaryimage"},"image":{"@id":"https:\/\/pasitoapasito.es\/it\/prodotto\/valigia-tartan\/#primaryimage"},"thumbnailUrl":"https:\/\/pasitoapasito.es\/wp-content\/uploads\/2024\/10\/1120900377_a.jpg","datePublished":"2024-10-11T08:36:02+00:00","dateModified":"2024-10-11T10:34:04+00:00","breadcrumb":{"@id":"https:\/\/pasitoapasito.es\/it\/prodotto\/valigia-tartan\/#breadcrumb"},"inLanguage":"it-IT","potentialAction":[{"@type":"ReadAction","target":["https:\/\/pasitoapasito.es\/it\/prodotto\/valigia-tartan\/"]}]},{"@type":"ImageObject","inLanguage":"it-IT","@id":"https:\/\/pasitoapasito.es\/it\/prodotto\/valigia-tartan\/#primaryimage","url":"https:\/\/pasitoapasito.es\/wp-content\/uploads\/2024\/10\/1120900377_a.jpg","contentUrl":"https:\/\/pasitoapasito.es\/wp-content\/uploads\/2024\/10\/1120900377_a.jpg","width":1199,"height":1200},{"@type":"BreadcrumbList","@id":"https:\/\/pasitoapasito.es\/it\/prodotto\/valigia-tartan\/#breadcrumb","itemListElement":[{"@type":"ListItem","position":1,"name":"Tienda","item":"https:\/\/pasitoapasito.es\/tienda\/"},{"@type":"ListItem","position":2,"name":"VALIGIA TARTAN"}]},{"@type":"WebSite","@id":"https:\/\/pasitoapasito.es\/fr\/#website","url":"https:\/\/pasitoapasito.es\/fr\/","name":"Pasito a Pasito","description":"","potentialAction":[{"@type":"SearchAction","target":{"@type":"EntryPoint","urlTemplate":"https:\/\/pasitoapasito.es\/fr\/?s={search_term_string}"},"query-input":{"@type":"PropertyValueSpecification","valueRequired":true,"valueName":"search_term_string"}}],"inLanguage":"it-IT"}]}},"_links":{"self":[{"href":"https:\/\/pasitoapasito.es\/it\/wp-json\/wp\/v2\/product\/37342","targetHints":{"allow":["GET"]}}],"collection":[{"href":"https:\/\/pasitoapasito.es\/it\/wp-json\/wp\/v2\/product"}],"about":[{"href":"https:\/\/pasitoapasito.es\/it\/wp-json\/wp\/v2\/types\/product"}],"replies":[{"embeddable":true,"href":"https:\/\/pasitoapasito.es\/it\/wp-json\/wp\/v2\/comments?post=37342"}],"wp:featuredmedia":[{"embeddable":true,"href":"https:\/\/pasitoapasito.es\/it\/wp-json\/wp\/v2\/media\/37166"}],"wp:attachment":[{"href":"https:\/\/pasitoapasito.es\/it\/wp-json\/wp\/v2\/media?parent=37342"}],"wp:term":[{"taxonomy":"colecciones","embeddable":true,"href":"https:\/\/pasitoapasito.es\/it\/wp-json\/wp\/v2\/colecciones?post=37342"},{"taxonomy":"product_brand","embeddable":true,"href":"https:\/\/pasitoapasito.es\/it\/wp-json\/wp\/v2\/product_brand?post=37342"},{"taxonomy":"product_cat","embeddable":true,"href":"https:\/\/pasitoapasito.es\/it\/wp-json\/wp\/v2\/product_cat?post=37342"},{"taxonomy":"product_tag","embeddable":true,"href":"https:\/\/pasitoapasito.es\/it\/wp-json\/wp\/v2\/product_tag?post=37342"}],"curies":[{"name":"wp","href":"https:\/\/api.w.org\/{rel}","templated":true}]}}