{"id":37341,"date":"2024-10-11T08:36:03","date_gmt":"2024-10-11T08:36:03","guid":{"rendered":"https:\/\/pasitoapasito.es\/?post_type=product&#038;p=37341"},"modified":"2024-10-11T10:34:03","modified_gmt":"2024-10-11T10:34:03","slug":"fasciatoio-tartan","status":"publish","type":"product","link":"https:\/\/pasitoapasito.es\/it\/prodotto\/fasciatoio-tartan\/","title":{"rendered":"FASCIATOIO TARTAN"},"content":{"rendered":"<p>Il fasciatoio Tartan a quadretti grigi di Pasito a pasito, realizzato in cotone resistente con trattamento impermeabile, \u00e8 un modello molto comodo, pratico e facile da trasportare. Un modello appositamente studiato per essere utilizzato quando si deve cambiare il bambino. \u00c8 pieghevole per facilitare il trasporto. Il suo design \u00e8 tanto elegante quanto funzionale, perch\u00e9 si presenta in formato pieghevole per renderlo portatile. \u00c8 dotato di cinghie di chiusura per mantenere il fasciatoio chiuso, riducendo cos\u00ec lo spazio necessario per trasportarlo nella borsa premaman. Finiture di qualit\u00e0. Il fasciatoio per neonati \u00e8 dotato di un rivestimento interno imbottito e impermeabile che ne facilita la pulizia dopo l&#8217;uso e impedisce la formazione di odori all&#8217;interno. \u00c8 realizzato con materiali di alta qualit\u00e0, privi di coloranti azoici, ftalati e sostanze nocive per la salute. Pu\u00f2 essere lavato a mano o in lavatrice a temperature fino a 30\u00b0. I prodotti per l&#8217;infanzia di Pasito a Pasito hanno un design molto diverso da tutti gli altri, grazie alle sue collezioni pi\u00f9 elaborate, estrose e allo stesso tempo pratiche, che utilizzano materiali di alta qualit\u00e0 per sottolineare l&#8217;eleganza e l&#8217;armonia di ogni suo pezzo. I nostri modelli sono esclusivi e dallo stile inconfondibile, pensati per le mamme moderne che amano il buon gusto e apprezzano i dettagli come noi. Specifiche: Materiali: 100% cotone con trattamento impermeabile. Misure: 52X71X1 cm.<\/p>\n","protected":false},"excerpt":{"rendered":"<p>Il fasciatoio Tartan a quadretti grigi di Pasito a pasito, realizzato in cotone resistente con trattamento impermeabile, \u00e8 un modello molto comodo, pratico e facile da trasportare. Un modello appositamente studiato per essere utilizzato quando si deve cambiare il bambino. \u00c8 pieghevole per facilitare il trasporto. Il suo design \u00e8 tanto elegante quanto funzionale, perch\u00e9 [&hellip;]<\/p>\n","protected":false},"featured_media":37146,"comment_status":"closed","ping_status":"closed","template":"","meta":{"_acf_changed":false,"inline_featured_image":false},"colecciones":[],"product_brand":[],"product_cat":[137,169],"product_tag":[],"class_list":{"0":"post-37341","1":"product","2":"type-product","3":"status-publish","4":"has-post-thumbnail","6":"product_cat-accessori","7":"product_cat-borse-e-accesori","9":"first","10":"instock","11":"purchasable","12":"product-type-simple"},"acf":[],"yoast_head":"<!-- This site is optimized with the Yoast SEO plugin v27.3 - https:\/\/yoast.com\/product\/yoast-seo-wordpress\/ -->\n<title>FASCIATOIO TARTAN - Pasito a Pasito<\/title>\n<meta name=\"robots\" content=\"index, follow, max-snippet:-1, max-image-preview:large, max-video-preview:-1\" \/>\n<link rel=\"canonical\" href=\"https:\/\/pasitoapasito.es\/it\/prodotto\/fasciatoio-tartan\/\" \/>\n<meta property=\"og:locale\" content=\"it_IT\" \/>\n<meta property=\"og:type\" content=\"article\" \/>\n<meta property=\"og:title\" content=\"FASCIATOIO TARTAN - Pasito a Pasito\" \/>\n<meta property=\"og:description\" content=\"Il fasciatoio Tartan a quadretti grigi di Pasito a pasito, realizzato in cotone resistente con trattamento impermeabile, \u00e8 un modello molto comodo, pratico e facile da trasportare. Un modello appositamente studiato per essere utilizzato quando si deve cambiare il bambino. \u00c8 pieghevole per facilitare il trasporto. Il suo design \u00e8 tanto elegante quanto funzionale, perch\u00e9 [&hellip;]\" \/>\n<meta property=\"og:url\" content=\"https:\/\/pasitoapasito.es\/it\/prodotto\/fasciatoio-tartan\/\" \/>\n<meta property=\"og:site_name\" content=\"Pasito a Pasito\" \/>\n<meta property=\"article:modified_time\" content=\"2024-10-11T10:34:03+00:00\" \/>\n<meta property=\"og:image\" content=\"https:\/\/pasitoapasito.es\/wp-content\/uploads\/2024\/10\/1120900375_a.jpg\" \/>\n\t<meta property=\"og:image:width\" content=\"1200\" \/>\n\t<meta property=\"og:image:height\" content=\"1200\" \/>\n\t<meta property=\"og:image:type\" content=\"image\/jpeg\" \/>\n<meta name=\"twitter:card\" content=\"summary_large_image\" \/>\n<meta name=\"twitter:label1\" content=\"Tempo di lettura stimato\" \/>\n\t<meta name=\"twitter:data1\" content=\"1 minuto\" \/>\n<script type=\"application\/ld+json\" class=\"yoast-schema-graph\">{\"@context\":\"https:\\\/\\\/schema.org\",\"@graph\":[{\"@type\":\"WebPage\",\"@id\":\"https:\\\/\\\/pasitoapasito.es\\\/it\\\/prodotto\\\/fasciatoio-tartan\\\/\",\"url\":\"https:\\\/\\\/pasitoapasito.es\\\/it\\\/prodotto\\\/fasciatoio-tartan\\\/\",\"name\":\"FASCIATOIO TARTAN - Pasito a Pasito\",\"isPartOf\":{\"@id\":\"https:\\\/\\\/pasitoapasito.es\\\/fr\\\/#website\"},\"primaryImageOfPage\":{\"@id\":\"https:\\\/\\\/pasitoapasito.es\\\/it\\\/prodotto\\\/fasciatoio-tartan\\\/#primaryimage\"},\"image\":{\"@id\":\"https:\\\/\\\/pasitoapasito.es\\\/it\\\/prodotto\\\/fasciatoio-tartan\\\/#primaryimage\"},\"thumbnailUrl\":\"https:\\\/\\\/pasitoapasito.es\\\/wp-content\\\/uploads\\\/2024\\\/10\\\/1120900375_a.jpg\",\"datePublished\":\"2024-10-11T08:36:03+00:00\",\"dateModified\":\"2024-10-11T10:34:03+00:00\",\"breadcrumb\":{\"@id\":\"https:\\\/\\\/pasitoapasito.es\\\/it\\\/prodotto\\\/fasciatoio-tartan\\\/#breadcrumb\"},\"inLanguage\":\"it-IT\",\"potentialAction\":[{\"@type\":\"ReadAction\",\"target\":[\"https:\\\/\\\/pasitoapasito.es\\\/it\\\/prodotto\\\/fasciatoio-tartan\\\/\"]}]},{\"@type\":\"ImageObject\",\"inLanguage\":\"it-IT\",\"@id\":\"https:\\\/\\\/pasitoapasito.es\\\/it\\\/prodotto\\\/fasciatoio-tartan\\\/#primaryimage\",\"url\":\"https:\\\/\\\/pasitoapasito.es\\\/wp-content\\\/uploads\\\/2024\\\/10\\\/1120900375_a.jpg\",\"contentUrl\":\"https:\\\/\\\/pasitoapasito.es\\\/wp-content\\\/uploads\\\/2024\\\/10\\\/1120900375_a.jpg\",\"width\":1200,\"height\":1200},{\"@type\":\"BreadcrumbList\",\"@id\":\"https:\\\/\\\/pasitoapasito.es\\\/it\\\/prodotto\\\/fasciatoio-tartan\\\/#breadcrumb\",\"itemListElement\":[{\"@type\":\"ListItem\",\"position\":1,\"name\":\"Tienda\",\"item\":\"https:\\\/\\\/pasitoapasito.es\\\/tienda\\\/\"},{\"@type\":\"ListItem\",\"position\":2,\"name\":\"FASCIATOIO TARTAN\"}]},{\"@type\":\"WebSite\",\"@id\":\"https:\\\/\\\/pasitoapasito.es\\\/fr\\\/#website\",\"url\":\"https:\\\/\\\/pasitoapasito.es\\\/fr\\\/\",\"name\":\"Pasito a Pasito\",\"description\":\"\",\"potentialAction\":[{\"@type\":\"SearchAction\",\"target\":{\"@type\":\"EntryPoint\",\"urlTemplate\":\"https:\\\/\\\/pasitoapasito.es\\\/fr\\\/?s={search_term_string}\"},\"query-input\":{\"@type\":\"PropertyValueSpecification\",\"valueRequired\":true,\"valueName\":\"search_term_string\"}}],\"inLanguage\":\"it-IT\"}]}<\/script>\n<!-- \/ Yoast SEO plugin. -->","yoast_head_json":{"title":"FASCIATOIO TARTAN - Pasito a Pasito","robots":{"index":"index","follow":"follow","max-snippet":"max-snippet:-1","max-image-preview":"max-image-preview:large","max-video-preview":"max-video-preview:-1"},"canonical":"https:\/\/pasitoapasito.es\/it\/prodotto\/fasciatoio-tartan\/","og_locale":"it_IT","og_type":"article","og_title":"FASCIATOIO TARTAN - Pasito a Pasito","og_description":"Il fasciatoio Tartan a quadretti grigi di Pasito a pasito, realizzato in cotone resistente con trattamento impermeabile, \u00e8 un modello molto comodo, pratico e facile da trasportare. Un modello appositamente studiato per essere utilizzato quando si deve cambiare il bambino. \u00c8 pieghevole per facilitare il trasporto. Il suo design \u00e8 tanto elegante quanto funzionale, perch\u00e9 [&hellip;]","og_url":"https:\/\/pasitoapasito.es\/it\/prodotto\/fasciatoio-tartan\/","og_site_name":"Pasito a Pasito","article_modified_time":"2024-10-11T10:34:03+00:00","og_image":[{"width":1200,"height":1200,"url":"https:\/\/pasitoapasito.es\/wp-content\/uploads\/2024\/10\/1120900375_a.jpg","type":"image\/jpeg"}],"twitter_card":"summary_large_image","twitter_misc":{"Tempo di lettura stimato":"1 minuto"},"schema":{"@context":"https:\/\/schema.org","@graph":[{"@type":"WebPage","@id":"https:\/\/pasitoapasito.es\/it\/prodotto\/fasciatoio-tartan\/","url":"https:\/\/pasitoapasito.es\/it\/prodotto\/fasciatoio-tartan\/","name":"FASCIATOIO TARTAN - Pasito a Pasito","isPartOf":{"@id":"https:\/\/pasitoapasito.es\/fr\/#website"},"primaryImageOfPage":{"@id":"https:\/\/pasitoapasito.es\/it\/prodotto\/fasciatoio-tartan\/#primaryimage"},"image":{"@id":"https:\/\/pasitoapasito.es\/it\/prodotto\/fasciatoio-tartan\/#primaryimage"},"thumbnailUrl":"https:\/\/pasitoapasito.es\/wp-content\/uploads\/2024\/10\/1120900375_a.jpg","datePublished":"2024-10-11T08:36:03+00:00","dateModified":"2024-10-11T10:34:03+00:00","breadcrumb":{"@id":"https:\/\/pasitoapasito.es\/it\/prodotto\/fasciatoio-tartan\/#breadcrumb"},"inLanguage":"it-IT","potentialAction":[{"@type":"ReadAction","target":["https:\/\/pasitoapasito.es\/it\/prodotto\/fasciatoio-tartan\/"]}]},{"@type":"ImageObject","inLanguage":"it-IT","@id":"https:\/\/pasitoapasito.es\/it\/prodotto\/fasciatoio-tartan\/#primaryimage","url":"https:\/\/pasitoapasito.es\/wp-content\/uploads\/2024\/10\/1120900375_a.jpg","contentUrl":"https:\/\/pasitoapasito.es\/wp-content\/uploads\/2024\/10\/1120900375_a.jpg","width":1200,"height":1200},{"@type":"BreadcrumbList","@id":"https:\/\/pasitoapasito.es\/it\/prodotto\/fasciatoio-tartan\/#breadcrumb","itemListElement":[{"@type":"ListItem","position":1,"name":"Tienda","item":"https:\/\/pasitoapasito.es\/tienda\/"},{"@type":"ListItem","position":2,"name":"FASCIATOIO TARTAN"}]},{"@type":"WebSite","@id":"https:\/\/pasitoapasito.es\/fr\/#website","url":"https:\/\/pasitoapasito.es\/fr\/","name":"Pasito a Pasito","description":"","potentialAction":[{"@type":"SearchAction","target":{"@type":"EntryPoint","urlTemplate":"https:\/\/pasitoapasito.es\/fr\/?s={search_term_string}"},"query-input":{"@type":"PropertyValueSpecification","valueRequired":true,"valueName":"search_term_string"}}],"inLanguage":"it-IT"}]}},"_links":{"self":[{"href":"https:\/\/pasitoapasito.es\/it\/wp-json\/wp\/v2\/product\/37341","targetHints":{"allow":["GET"]}}],"collection":[{"href":"https:\/\/pasitoapasito.es\/it\/wp-json\/wp\/v2\/product"}],"about":[{"href":"https:\/\/pasitoapasito.es\/it\/wp-json\/wp\/v2\/types\/product"}],"replies":[{"embeddable":true,"href":"https:\/\/pasitoapasito.es\/it\/wp-json\/wp\/v2\/comments?post=37341"}],"wp:featuredmedia":[{"embeddable":true,"href":"https:\/\/pasitoapasito.es\/it\/wp-json\/wp\/v2\/media\/37146"}],"wp:attachment":[{"href":"https:\/\/pasitoapasito.es\/it\/wp-json\/wp\/v2\/media?parent=37341"}],"wp:term":[{"taxonomy":"colecciones","embeddable":true,"href":"https:\/\/pasitoapasito.es\/it\/wp-json\/wp\/v2\/colecciones?post=37341"},{"taxonomy":"product_brand","embeddable":true,"href":"https:\/\/pasitoapasito.es\/it\/wp-json\/wp\/v2\/product_brand?post=37341"},{"taxonomy":"product_cat","embeddable":true,"href":"https:\/\/pasitoapasito.es\/it\/wp-json\/wp\/v2\/product_cat?post=37341"},{"taxonomy":"product_tag","embeddable":true,"href":"https:\/\/pasitoapasito.es\/it\/wp-json\/wp\/v2\/product_tag?post=37341"}],"curies":[{"name":"wp","href":"https:\/\/api.w.org\/{rel}","templated":true}]}}