{"id":37340,"date":"2024-10-11T08:36:03","date_gmt":"2024-10-11T08:36:03","guid":{"rendered":"https:\/\/pasitoapasito.es\/?post_type=product&#038;p=37340"},"modified":"2024-10-11T10:34:03","modified_gmt":"2024-10-11T10:34:03","slug":"zaino-tartan","status":"publish","type":"product","link":"https:\/\/pasitoapasito.es\/it\/prodotto\/zaino-tartan\/","title":{"rendered":"ZAINO TARTAN"},"content":{"rendered":"<p>Zaino in tartan a quadretti grigi di Pasito a pasito, realizzato in cotone resistente con trattamento impermeabile. Grande capacit\u00e0 per trasportare tutto ci\u00f2 che serve a voi e al vostro bambino. Tasche interne ed esterne per avere tutto a portata di mano e in ordine. Ha una tasca interna termica per i biberon e una tasca laminata per i vestiti bagnati. Dispone inoltre di due tasche laterali per bottiglie o biberon.  Ha 2 grandi maniglie regolabili per poterlo usare sulla schiena, cinghie per le mani e due piccole maniglie per poterlo usare sul passeggino del bambino. Include un fasciatoio. \u00c8 realizzata con materiali di alta qualit\u00e0, privi di coloranti azoici, ftalati e sostanze nocive per la salute. Pu\u00f2 essere lavato a mano o in lavatrice a temperature fino a 30\u00b0. I prodotti per l&#8217;infanzia di Pasito a Pasito hanno un design molto diverso da tutti gli altri. Le loro collezioni sono caratterizzate da un lavoro dettagliato, sempre concepito da un punto di vista pratico. Utilizzano materiali di alta qualit\u00e0 per sottolineare l&#8217;eleganza e l&#8217;armonia di ogni loro pezzo. I nostri modelli sono esclusivi e dallo stile inconfondibile, pensati per le mamme moderne che amano il buon gusto e apprezzano i dettagli come noi. Specifiche: Materiali: 100% cotone con trattamento impermeabile. Misure: 32X35X13 cm.<\/p>\n","protected":false},"excerpt":{"rendered":"<p>Zaino in tartan a quadretti grigi di Pasito a pasito, realizzato in cotone resistente con trattamento impermeabile. Grande capacit\u00e0 per trasportare tutto ci\u00f2 che serve a voi e al vostro bambino. Tasche interne ed esterne per avere tutto a portata di mano e in ordine. Ha una tasca interna termica per i biberon e una [&hellip;]<\/p>\n","protected":false},"featured_media":37094,"comment_status":"closed","ping_status":"closed","template":"","meta":{"_acf_changed":false,"inline_featured_image":false},"colecciones":[],"product_brand":[],"product_cat":[131,169],"product_tag":[],"class_list":{"0":"post-37340","1":"product","2":"type-product","3":"status-publish","4":"has-post-thumbnail","6":"product_cat-zaini-fasciatoio","7":"product_cat-borse-e-accesori","9":"first","10":"instock","11":"purchasable","12":"product-type-simple"},"acf":[],"yoast_head":"<!-- This site is optimized with the Yoast SEO plugin v27.4 - https:\/\/yoast.com\/product\/yoast-seo-wordpress\/ -->\n<title>ZAINO TARTAN - Pasito a Pasito<\/title>\n<meta name=\"robots\" content=\"index, follow, max-snippet:-1, max-image-preview:large, max-video-preview:-1\" \/>\n<link rel=\"canonical\" href=\"https:\/\/pasitoapasito.es\/it\/prodotto\/zaino-tartan\/\" \/>\n<meta property=\"og:locale\" content=\"it_IT\" \/>\n<meta property=\"og:type\" content=\"article\" \/>\n<meta property=\"og:title\" content=\"ZAINO TARTAN - Pasito a Pasito\" \/>\n<meta property=\"og:description\" content=\"Zaino in tartan a quadretti grigi di Pasito a pasito, realizzato in cotone resistente con trattamento impermeabile. Grande capacit\u00e0 per trasportare tutto ci\u00f2 che serve a voi e al vostro bambino. Tasche interne ed esterne per avere tutto a portata di mano e in ordine. Ha una tasca interna termica per i biberon e una [&hellip;]\" \/>\n<meta property=\"og:url\" content=\"https:\/\/pasitoapasito.es\/it\/prodotto\/zaino-tartan\/\" \/>\n<meta property=\"og:site_name\" content=\"Pasito a Pasito\" \/>\n<meta property=\"article:modified_time\" content=\"2024-10-11T10:34:03+00:00\" \/>\n<meta property=\"og:image\" content=\"https:\/\/pasitoapasito.es\/wp-content\/uploads\/2024\/10\/1120900373_a.jpg\" \/>\n\t<meta property=\"og:image:width\" content=\"1200\" \/>\n\t<meta property=\"og:image:height\" content=\"1200\" \/>\n\t<meta property=\"og:image:type\" content=\"image\/jpeg\" \/>\n<meta name=\"twitter:card\" content=\"summary_large_image\" \/>\n<meta name=\"twitter:label1\" content=\"Tempo di lettura stimato\" \/>\n\t<meta name=\"twitter:data1\" content=\"1 minuto\" \/>\n<script type=\"application\/ld+json\" class=\"yoast-schema-graph\">{\"@context\":\"https:\\\/\\\/schema.org\",\"@graph\":[{\"@type\":\"WebPage\",\"@id\":\"https:\\\/\\\/pasitoapasito.es\\\/it\\\/prodotto\\\/zaino-tartan\\\/\",\"url\":\"https:\\\/\\\/pasitoapasito.es\\\/it\\\/prodotto\\\/zaino-tartan\\\/\",\"name\":\"ZAINO TARTAN - Pasito a Pasito\",\"isPartOf\":{\"@id\":\"https:\\\/\\\/pasitoapasito.es\\\/fr\\\/#website\"},\"primaryImageOfPage\":{\"@id\":\"https:\\\/\\\/pasitoapasito.es\\\/it\\\/prodotto\\\/zaino-tartan\\\/#primaryimage\"},\"image\":{\"@id\":\"https:\\\/\\\/pasitoapasito.es\\\/it\\\/prodotto\\\/zaino-tartan\\\/#primaryimage\"},\"thumbnailUrl\":\"https:\\\/\\\/pasitoapasito.es\\\/wp-content\\\/uploads\\\/2024\\\/10\\\/1120900373_a.jpg\",\"datePublished\":\"2024-10-11T08:36:03+00:00\",\"dateModified\":\"2024-10-11T10:34:03+00:00\",\"breadcrumb\":{\"@id\":\"https:\\\/\\\/pasitoapasito.es\\\/it\\\/prodotto\\\/zaino-tartan\\\/#breadcrumb\"},\"inLanguage\":\"it-IT\",\"potentialAction\":[{\"@type\":\"ReadAction\",\"target\":[\"https:\\\/\\\/pasitoapasito.es\\\/it\\\/prodotto\\\/zaino-tartan\\\/\"]}]},{\"@type\":\"ImageObject\",\"inLanguage\":\"it-IT\",\"@id\":\"https:\\\/\\\/pasitoapasito.es\\\/it\\\/prodotto\\\/zaino-tartan\\\/#primaryimage\",\"url\":\"https:\\\/\\\/pasitoapasito.es\\\/wp-content\\\/uploads\\\/2024\\\/10\\\/1120900373_a.jpg\",\"contentUrl\":\"https:\\\/\\\/pasitoapasito.es\\\/wp-content\\\/uploads\\\/2024\\\/10\\\/1120900373_a.jpg\",\"width\":1200,\"height\":1200},{\"@type\":\"BreadcrumbList\",\"@id\":\"https:\\\/\\\/pasitoapasito.es\\\/it\\\/prodotto\\\/zaino-tartan\\\/#breadcrumb\",\"itemListElement\":[{\"@type\":\"ListItem\",\"position\":1,\"name\":\"Tienda\",\"item\":\"https:\\\/\\\/pasitoapasito.es\\\/tienda\\\/\"},{\"@type\":\"ListItem\",\"position\":2,\"name\":\"ZAINO TARTAN\"}]},{\"@type\":\"WebSite\",\"@id\":\"https:\\\/\\\/pasitoapasito.es\\\/fr\\\/#website\",\"url\":\"https:\\\/\\\/pasitoapasito.es\\\/fr\\\/\",\"name\":\"Pasito a Pasito\",\"description\":\"\",\"potentialAction\":[{\"@type\":\"SearchAction\",\"target\":{\"@type\":\"EntryPoint\",\"urlTemplate\":\"https:\\\/\\\/pasitoapasito.es\\\/fr\\\/?s={search_term_string}\"},\"query-input\":{\"@type\":\"PropertyValueSpecification\",\"valueRequired\":true,\"valueName\":\"search_term_string\"}}],\"inLanguage\":\"it-IT\"}]}<\/script>\n<!-- \/ Yoast SEO plugin. -->","yoast_head_json":{"title":"ZAINO TARTAN - Pasito a Pasito","robots":{"index":"index","follow":"follow","max-snippet":"max-snippet:-1","max-image-preview":"max-image-preview:large","max-video-preview":"max-video-preview:-1"},"canonical":"https:\/\/pasitoapasito.es\/it\/prodotto\/zaino-tartan\/","og_locale":"it_IT","og_type":"article","og_title":"ZAINO TARTAN - Pasito a Pasito","og_description":"Zaino in tartan a quadretti grigi di Pasito a pasito, realizzato in cotone resistente con trattamento impermeabile. Grande capacit\u00e0 per trasportare tutto ci\u00f2 che serve a voi e al vostro bambino. Tasche interne ed esterne per avere tutto a portata di mano e in ordine. Ha una tasca interna termica per i biberon e una [&hellip;]","og_url":"https:\/\/pasitoapasito.es\/it\/prodotto\/zaino-tartan\/","og_site_name":"Pasito a Pasito","article_modified_time":"2024-10-11T10:34:03+00:00","og_image":[{"width":1200,"height":1200,"url":"https:\/\/pasitoapasito.es\/wp-content\/uploads\/2024\/10\/1120900373_a.jpg","type":"image\/jpeg"}],"twitter_card":"summary_large_image","twitter_misc":{"Tempo di lettura stimato":"1 minuto"},"schema":{"@context":"https:\/\/schema.org","@graph":[{"@type":"WebPage","@id":"https:\/\/pasitoapasito.es\/it\/prodotto\/zaino-tartan\/","url":"https:\/\/pasitoapasito.es\/it\/prodotto\/zaino-tartan\/","name":"ZAINO TARTAN - Pasito a Pasito","isPartOf":{"@id":"https:\/\/pasitoapasito.es\/fr\/#website"},"primaryImageOfPage":{"@id":"https:\/\/pasitoapasito.es\/it\/prodotto\/zaino-tartan\/#primaryimage"},"image":{"@id":"https:\/\/pasitoapasito.es\/it\/prodotto\/zaino-tartan\/#primaryimage"},"thumbnailUrl":"https:\/\/pasitoapasito.es\/wp-content\/uploads\/2024\/10\/1120900373_a.jpg","datePublished":"2024-10-11T08:36:03+00:00","dateModified":"2024-10-11T10:34:03+00:00","breadcrumb":{"@id":"https:\/\/pasitoapasito.es\/it\/prodotto\/zaino-tartan\/#breadcrumb"},"inLanguage":"it-IT","potentialAction":[{"@type":"ReadAction","target":["https:\/\/pasitoapasito.es\/it\/prodotto\/zaino-tartan\/"]}]},{"@type":"ImageObject","inLanguage":"it-IT","@id":"https:\/\/pasitoapasito.es\/it\/prodotto\/zaino-tartan\/#primaryimage","url":"https:\/\/pasitoapasito.es\/wp-content\/uploads\/2024\/10\/1120900373_a.jpg","contentUrl":"https:\/\/pasitoapasito.es\/wp-content\/uploads\/2024\/10\/1120900373_a.jpg","width":1200,"height":1200},{"@type":"BreadcrumbList","@id":"https:\/\/pasitoapasito.es\/it\/prodotto\/zaino-tartan\/#breadcrumb","itemListElement":[{"@type":"ListItem","position":1,"name":"Tienda","item":"https:\/\/pasitoapasito.es\/tienda\/"},{"@type":"ListItem","position":2,"name":"ZAINO TARTAN"}]},{"@type":"WebSite","@id":"https:\/\/pasitoapasito.es\/fr\/#website","url":"https:\/\/pasitoapasito.es\/fr\/","name":"Pasito a Pasito","description":"","potentialAction":[{"@type":"SearchAction","target":{"@type":"EntryPoint","urlTemplate":"https:\/\/pasitoapasito.es\/fr\/?s={search_term_string}"},"query-input":{"@type":"PropertyValueSpecification","valueRequired":true,"valueName":"search_term_string"}}],"inLanguage":"it-IT"}]}},"_links":{"self":[{"href":"https:\/\/pasitoapasito.es\/it\/wp-json\/wp\/v2\/product\/37340","targetHints":{"allow":["GET"]}}],"collection":[{"href":"https:\/\/pasitoapasito.es\/it\/wp-json\/wp\/v2\/product"}],"about":[{"href":"https:\/\/pasitoapasito.es\/it\/wp-json\/wp\/v2\/types\/product"}],"replies":[{"embeddable":true,"href":"https:\/\/pasitoapasito.es\/it\/wp-json\/wp\/v2\/comments?post=37340"}],"wp:featuredmedia":[{"embeddable":true,"href":"https:\/\/pasitoapasito.es\/it\/wp-json\/wp\/v2\/media\/37094"}],"wp:attachment":[{"href":"https:\/\/pasitoapasito.es\/it\/wp-json\/wp\/v2\/media?parent=37340"}],"wp:term":[{"taxonomy":"colecciones","embeddable":true,"href":"https:\/\/pasitoapasito.es\/it\/wp-json\/wp\/v2\/colecciones?post=37340"},{"taxonomy":"product_brand","embeddable":true,"href":"https:\/\/pasitoapasito.es\/it\/wp-json\/wp\/v2\/product_brand?post=37340"},{"taxonomy":"product_cat","embeddable":true,"href":"https:\/\/pasitoapasito.es\/it\/wp-json\/wp\/v2\/product_cat?post=37340"},{"taxonomy":"product_tag","embeddable":true,"href":"https:\/\/pasitoapasito.es\/it\/wp-json\/wp\/v2\/product_tag?post=37340"}],"curies":[{"name":"wp","href":"https:\/\/api.w.org\/{rel}","templated":true}]}}