{"id":37339,"date":"2024-10-11T08:36:02","date_gmt":"2024-10-11T08:36:02","guid":{"rendered":"https:\/\/pasitoapasito.es\/?post_type=product&#038;p=37339"},"modified":"2024-10-11T10:34:04","modified_gmt":"2024-10-11T10:34:04","slug":"borsa-crossbody-tartan","status":"publish","type":"product","link":"https:\/\/pasitoapasito.es\/it\/prodotto\/borsa-crossbody-tartan\/","title":{"rendered":"BORSA CROSSBODY TARTAN"},"content":{"rendered":"<p>La borsa crossbody Tartan a quadri grigi di Pasito a pasito, realizzata in cotone resistente con trattamento impermeabile per passeggini, \u00e8 un modello molto leggero, oltre che resistente e spazioso, per poter portare con s\u00e9 tutto ci\u00f2 di cui si pu\u00f2 avere bisogno durante la passeggiata del bambino. Oltre alla sua grande capienza, \u00e8 strutturato in modo da essere facilmente organizzabile, con diverse tasche che vi aiuteranno a tenere in ordine tutti gli accessori per poterli individuare facilmente quando ne avete bisogno. Dispone di una tasca interna termica per bottiglie o biberon. \u00c8 dotato di una doppia maniglia, una lunga da appendere alla spalla e una corta da appendere alla carrozzina. Include un fasciatoio. Il suo design lo rende perfetto per l&#8217;uso quotidiano e da abbinare al proprio look. \u00c8 realizzato con materiali di alta qualit\u00e0, privi di coloranti azoici, ftalati e sostanze nocive per la salute. I prodotti per l&#8217;infanzia di Pasito a Pasito hanno un design molto diverso da tutti gli altri. Le loro collezioni sono caratterizzate da un lavoro dettagliato, sempre concepito da un punto di vista pratico. Utilizzano materiali di alta qualit\u00e0 per sottolineare l&#8217;eleganza e l&#8217;armonia di ogni loro pezzo. I nostri modelli sono esclusivi e dallo stile inconfondibile, pensati per le mamme moderne che amano il buon gusto e apprezzano i dettagli come noi. Specifiche: Materiali: 100% cotone con trattamento impermeabile. Misure: 25X33X14 cm.<\/p>\n","protected":false},"excerpt":{"rendered":"<p>La borsa crossbody Tartan a quadri grigi di Pasito a pasito, realizzata in cotone resistente con trattamento impermeabile per passeggini, \u00e8 un modello molto leggero, oltre che resistente e spazioso, per poter portare con s\u00e9 tutto ci\u00f2 di cui si pu\u00f2 avere bisogno durante la passeggiata del bambino. Oltre alla sua grande capienza, \u00e8 strutturato [&hellip;]<\/p>\n","protected":false},"featured_media":37050,"comment_status":"closed","ping_status":"closed","template":"","meta":{"_acf_changed":false,"inline_featured_image":false},"colecciones":[],"product_brand":[],"product_cat":[128,169],"product_tag":[],"class_list":{"0":"post-37339","1":"product","2":"type-product","3":"status-publish","4":"has-post-thumbnail","6":"product_cat-borse-fasciatoio","7":"product_cat-borse-e-accesori","9":"first","10":"instock","11":"purchasable","12":"product-type-simple"},"acf":[],"yoast_head":"<!-- This site is optimized with the Yoast SEO plugin v27.4 - https:\/\/yoast.com\/product\/yoast-seo-wordpress\/ -->\n<title>BORSA CROSSBODY TARTAN - Pasito a Pasito<\/title>\n<meta name=\"robots\" content=\"index, follow, max-snippet:-1, max-image-preview:large, max-video-preview:-1\" \/>\n<link rel=\"canonical\" href=\"https:\/\/pasitoapasito.es\/it\/prodotto\/borsa-crossbody-tartan\/\" \/>\n<meta property=\"og:locale\" content=\"it_IT\" \/>\n<meta property=\"og:type\" content=\"article\" \/>\n<meta property=\"og:title\" content=\"BORSA CROSSBODY TARTAN - Pasito a Pasito\" \/>\n<meta property=\"og:description\" content=\"La borsa crossbody Tartan a quadri grigi di Pasito a pasito, realizzata in cotone resistente con trattamento impermeabile per passeggini, \u00e8 un modello molto leggero, oltre che resistente e spazioso, per poter portare con s\u00e9 tutto ci\u00f2 di cui si pu\u00f2 avere bisogno durante la passeggiata del bambino. Oltre alla sua grande capienza, \u00e8 strutturato [&hellip;]\" \/>\n<meta property=\"og:url\" content=\"https:\/\/pasitoapasito.es\/it\/prodotto\/borsa-crossbody-tartan\/\" \/>\n<meta property=\"og:site_name\" content=\"Pasito a Pasito\" \/>\n<meta property=\"article:modified_time\" content=\"2024-10-11T10:34:04+00:00\" \/>\n<meta property=\"og:image\" content=\"https:\/\/pasitoapasito.es\/wp-content\/uploads\/2024\/10\/1120900371_a.jpg\" \/>\n\t<meta property=\"og:image:width\" content=\"1200\" \/>\n\t<meta property=\"og:image:height\" content=\"1200\" \/>\n\t<meta property=\"og:image:type\" content=\"image\/jpeg\" \/>\n<meta name=\"twitter:card\" content=\"summary_large_image\" \/>\n<meta name=\"twitter:label1\" content=\"Tempo di lettura stimato\" \/>\n\t<meta name=\"twitter:data1\" content=\"1 minuto\" \/>\n<script type=\"application\/ld+json\" class=\"yoast-schema-graph\">{\"@context\":\"https:\\\/\\\/schema.org\",\"@graph\":[{\"@type\":\"WebPage\",\"@id\":\"https:\\\/\\\/pasitoapasito.es\\\/it\\\/prodotto\\\/borsa-crossbody-tartan\\\/\",\"url\":\"https:\\\/\\\/pasitoapasito.es\\\/it\\\/prodotto\\\/borsa-crossbody-tartan\\\/\",\"name\":\"BORSA CROSSBODY TARTAN - Pasito a Pasito\",\"isPartOf\":{\"@id\":\"https:\\\/\\\/pasitoapasito.es\\\/fr\\\/#website\"},\"primaryImageOfPage\":{\"@id\":\"https:\\\/\\\/pasitoapasito.es\\\/it\\\/prodotto\\\/borsa-crossbody-tartan\\\/#primaryimage\"},\"image\":{\"@id\":\"https:\\\/\\\/pasitoapasito.es\\\/it\\\/prodotto\\\/borsa-crossbody-tartan\\\/#primaryimage\"},\"thumbnailUrl\":\"https:\\\/\\\/pasitoapasito.es\\\/wp-content\\\/uploads\\\/2024\\\/10\\\/1120900371_a.jpg\",\"datePublished\":\"2024-10-11T08:36:02+00:00\",\"dateModified\":\"2024-10-11T10:34:04+00:00\",\"breadcrumb\":{\"@id\":\"https:\\\/\\\/pasitoapasito.es\\\/it\\\/prodotto\\\/borsa-crossbody-tartan\\\/#breadcrumb\"},\"inLanguage\":\"it-IT\",\"potentialAction\":[{\"@type\":\"ReadAction\",\"target\":[\"https:\\\/\\\/pasitoapasito.es\\\/it\\\/prodotto\\\/borsa-crossbody-tartan\\\/\"]}]},{\"@type\":\"ImageObject\",\"inLanguage\":\"it-IT\",\"@id\":\"https:\\\/\\\/pasitoapasito.es\\\/it\\\/prodotto\\\/borsa-crossbody-tartan\\\/#primaryimage\",\"url\":\"https:\\\/\\\/pasitoapasito.es\\\/wp-content\\\/uploads\\\/2024\\\/10\\\/1120900371_a.jpg\",\"contentUrl\":\"https:\\\/\\\/pasitoapasito.es\\\/wp-content\\\/uploads\\\/2024\\\/10\\\/1120900371_a.jpg\",\"width\":1200,\"height\":1200},{\"@type\":\"BreadcrumbList\",\"@id\":\"https:\\\/\\\/pasitoapasito.es\\\/it\\\/prodotto\\\/borsa-crossbody-tartan\\\/#breadcrumb\",\"itemListElement\":[{\"@type\":\"ListItem\",\"position\":1,\"name\":\"Tienda\",\"item\":\"https:\\\/\\\/pasitoapasito.es\\\/tienda\\\/\"},{\"@type\":\"ListItem\",\"position\":2,\"name\":\"BORSA CROSSBODY TARTAN\"}]},{\"@type\":\"WebSite\",\"@id\":\"https:\\\/\\\/pasitoapasito.es\\\/fr\\\/#website\",\"url\":\"https:\\\/\\\/pasitoapasito.es\\\/fr\\\/\",\"name\":\"Pasito a Pasito\",\"description\":\"\",\"potentialAction\":[{\"@type\":\"SearchAction\",\"target\":{\"@type\":\"EntryPoint\",\"urlTemplate\":\"https:\\\/\\\/pasitoapasito.es\\\/fr\\\/?s={search_term_string}\"},\"query-input\":{\"@type\":\"PropertyValueSpecification\",\"valueRequired\":true,\"valueName\":\"search_term_string\"}}],\"inLanguage\":\"it-IT\"}]}<\/script>\n<!-- \/ Yoast SEO plugin. -->","yoast_head_json":{"title":"BORSA CROSSBODY TARTAN - Pasito a Pasito","robots":{"index":"index","follow":"follow","max-snippet":"max-snippet:-1","max-image-preview":"max-image-preview:large","max-video-preview":"max-video-preview:-1"},"canonical":"https:\/\/pasitoapasito.es\/it\/prodotto\/borsa-crossbody-tartan\/","og_locale":"it_IT","og_type":"article","og_title":"BORSA CROSSBODY TARTAN - Pasito a Pasito","og_description":"La borsa crossbody Tartan a quadri grigi di Pasito a pasito, realizzata in cotone resistente con trattamento impermeabile per passeggini, \u00e8 un modello molto leggero, oltre che resistente e spazioso, per poter portare con s\u00e9 tutto ci\u00f2 di cui si pu\u00f2 avere bisogno durante la passeggiata del bambino. Oltre alla sua grande capienza, \u00e8 strutturato [&hellip;]","og_url":"https:\/\/pasitoapasito.es\/it\/prodotto\/borsa-crossbody-tartan\/","og_site_name":"Pasito a Pasito","article_modified_time":"2024-10-11T10:34:04+00:00","og_image":[{"width":1200,"height":1200,"url":"https:\/\/pasitoapasito.es\/wp-content\/uploads\/2024\/10\/1120900371_a.jpg","type":"image\/jpeg"}],"twitter_card":"summary_large_image","twitter_misc":{"Tempo di lettura stimato":"1 minuto"},"schema":{"@context":"https:\/\/schema.org","@graph":[{"@type":"WebPage","@id":"https:\/\/pasitoapasito.es\/it\/prodotto\/borsa-crossbody-tartan\/","url":"https:\/\/pasitoapasito.es\/it\/prodotto\/borsa-crossbody-tartan\/","name":"BORSA CROSSBODY TARTAN - Pasito a Pasito","isPartOf":{"@id":"https:\/\/pasitoapasito.es\/fr\/#website"},"primaryImageOfPage":{"@id":"https:\/\/pasitoapasito.es\/it\/prodotto\/borsa-crossbody-tartan\/#primaryimage"},"image":{"@id":"https:\/\/pasitoapasito.es\/it\/prodotto\/borsa-crossbody-tartan\/#primaryimage"},"thumbnailUrl":"https:\/\/pasitoapasito.es\/wp-content\/uploads\/2024\/10\/1120900371_a.jpg","datePublished":"2024-10-11T08:36:02+00:00","dateModified":"2024-10-11T10:34:04+00:00","breadcrumb":{"@id":"https:\/\/pasitoapasito.es\/it\/prodotto\/borsa-crossbody-tartan\/#breadcrumb"},"inLanguage":"it-IT","potentialAction":[{"@type":"ReadAction","target":["https:\/\/pasitoapasito.es\/it\/prodotto\/borsa-crossbody-tartan\/"]}]},{"@type":"ImageObject","inLanguage":"it-IT","@id":"https:\/\/pasitoapasito.es\/it\/prodotto\/borsa-crossbody-tartan\/#primaryimage","url":"https:\/\/pasitoapasito.es\/wp-content\/uploads\/2024\/10\/1120900371_a.jpg","contentUrl":"https:\/\/pasitoapasito.es\/wp-content\/uploads\/2024\/10\/1120900371_a.jpg","width":1200,"height":1200},{"@type":"BreadcrumbList","@id":"https:\/\/pasitoapasito.es\/it\/prodotto\/borsa-crossbody-tartan\/#breadcrumb","itemListElement":[{"@type":"ListItem","position":1,"name":"Tienda","item":"https:\/\/pasitoapasito.es\/tienda\/"},{"@type":"ListItem","position":2,"name":"BORSA CROSSBODY TARTAN"}]},{"@type":"WebSite","@id":"https:\/\/pasitoapasito.es\/fr\/#website","url":"https:\/\/pasitoapasito.es\/fr\/","name":"Pasito a Pasito","description":"","potentialAction":[{"@type":"SearchAction","target":{"@type":"EntryPoint","urlTemplate":"https:\/\/pasitoapasito.es\/fr\/?s={search_term_string}"},"query-input":{"@type":"PropertyValueSpecification","valueRequired":true,"valueName":"search_term_string"}}],"inLanguage":"it-IT"}]}},"_links":{"self":[{"href":"https:\/\/pasitoapasito.es\/it\/wp-json\/wp\/v2\/product\/37339","targetHints":{"allow":["GET"]}}],"collection":[{"href":"https:\/\/pasitoapasito.es\/it\/wp-json\/wp\/v2\/product"}],"about":[{"href":"https:\/\/pasitoapasito.es\/it\/wp-json\/wp\/v2\/types\/product"}],"replies":[{"embeddable":true,"href":"https:\/\/pasitoapasito.es\/it\/wp-json\/wp\/v2\/comments?post=37339"}],"wp:featuredmedia":[{"embeddable":true,"href":"https:\/\/pasitoapasito.es\/it\/wp-json\/wp\/v2\/media\/37050"}],"wp:attachment":[{"href":"https:\/\/pasitoapasito.es\/it\/wp-json\/wp\/v2\/media?parent=37339"}],"wp:term":[{"taxonomy":"colecciones","embeddable":true,"href":"https:\/\/pasitoapasito.es\/it\/wp-json\/wp\/v2\/colecciones?post=37339"},{"taxonomy":"product_brand","embeddable":true,"href":"https:\/\/pasitoapasito.es\/it\/wp-json\/wp\/v2\/product_brand?post=37339"},{"taxonomy":"product_cat","embeddable":true,"href":"https:\/\/pasitoapasito.es\/it\/wp-json\/wp\/v2\/product_cat?post=37339"},{"taxonomy":"product_tag","embeddable":true,"href":"https:\/\/pasitoapasito.es\/it\/wp-json\/wp\/v2\/product_tag?post=37339"}],"curies":[{"name":"wp","href":"https:\/\/api.w.org\/{rel}","templated":true}]}}