{"id":36492,"date":"2024-09-11T07:16:10","date_gmt":"2024-09-11T08:01:54","guid":{"rendered":"https:\/\/pasitoapasito.es\/?post_type=product&#038;p=36492"},"modified":"2024-09-11T08:01:54","modified_gmt":"2024-09-11T08:01:54","slug":"zaino-icon-caramel","status":"publish","type":"product","link":"https:\/\/pasitoapasito.es\/it\/prodotto\/zaino-icon-caramel\/","title":{"rendered":"ZAINO ICON CARAMEL"},"content":{"rendered":"<p>Il zaino Icon Caramel in similpelle \u00e8 la scelta perfetta per i genitori che desiderano combinare stile e praticit\u00e0. Realizzato con materiali di alta qualit\u00e0, questo zaino offre una soluzione durevole ed elegante per trasportare tutti gli oggetti essenziali del bambino. Realizzato in similpelle resistente e facile da pulire, ideale per l&#8217;uso quotidiano. Ampio scomparto principale, perfetto per riporre pannolini, vestiti, biberon e giocattoli. All&#8217;interno \u00e8 dotato di una tasca termica per i biberon, una tasca laminata per i vestiti bagnati e una tasca per il fasciatoio, incluso. All&#8217;esterno c&#8217;\u00e8 una tasca frontale con chiusura a zip per avere sempre a portata di mano l&#8217;essenziale, come il cellulare, le chiavi o tutto ci\u00f2 che serve per uscire con il bambino senza dover usare la borsa. Dispone inoltre di due tasche laterali per bottiglie o biberon. \u00c8 dotato di cinghie regolabili per essere trasportato come uno zaino, di cinghie per le mani e di due piccole maniglie per poterlo utilizzare appeso alla carrozzina del bambino. \u00c8 dotato di una cinghia posteriore per agganciarlo alla valigia trolley. \u00c8 realizzato con materiali privi di coloranti azoici, ftalati e sostanze nocive per la salute. Inoltre, pu\u00f2 essere lavato a mano o in lavatrice a temperature fino a 30\u00b0. I prodotti per l&#8217;infanzia di Pasito a Pasito hanno un design molto diverso da tutti gli altri. Le loro collezioni sono caratterizzate da un lavoro dettagliato, sempre concepito da un punto di vista pratico. Utilizzano materiali di alta qualit\u00e0 per sottolineare l&#8217;eleganza e l&#8217;armonia di ogni loro pezzo. I nostri modelli sono esclusivi e dallo stile inconfondibile, pensati per le mamme moderne che amano il buon gusto e apprezzano i dettagli come noi. Specifiche: Materiali: Ecopelle. Colore: Camel. Misure: 35X38X16 cm.<\/p>\n","protected":false},"excerpt":{"rendered":"<p>Il zaino Icon Caramel in similpelle \u00e8 la scelta perfetta per i genitori che desiderano combinare stile e praticit\u00e0. Realizzato con materiali di alta qualit\u00e0, questo zaino offre una soluzione durevole ed elegante per trasportare tutti gli oggetti essenziali del bambino. Realizzato in similpelle resistente e facile da pulire, ideale per l&#8217;uso quotidiano. Ampio scomparto [&hellip;]<\/p>\n","protected":false},"featured_media":33744,"comment_status":"closed","ping_status":"open","template":"","meta":{"_acf_changed":false,"inline_featured_image":false},"colecciones":[289],"product_brand":[],"product_cat":[131],"product_tag":[],"class_list":{"0":"post-36492","1":"product","2":"type-product","3":"status-publish","4":"has-post-thumbnail","6":"colecciones-collezione-icon","7":"product_cat-zaini-fasciatoio","9":"first","10":"instock","11":"purchasable","12":"product-type-simple"},"acf":[],"yoast_head":"<!-- This site is optimized with the Yoast SEO plugin v27.4 - https:\/\/yoast.com\/product\/yoast-seo-wordpress\/ -->\n<title>ZAINO ICON CARAMEL - Pasito a Pasito<\/title>\n<meta name=\"robots\" content=\"index, follow, max-snippet:-1, max-image-preview:large, max-video-preview:-1\" \/>\n<link rel=\"canonical\" href=\"https:\/\/pasitoapasito.es\/it\/prodotto\/zaino-icon-caramel\/\" \/>\n<meta property=\"og:locale\" content=\"it_IT\" \/>\n<meta property=\"og:type\" content=\"article\" \/>\n<meta property=\"og:title\" content=\"ZAINO ICON CARAMEL - Pasito a Pasito\" \/>\n<meta property=\"og:description\" content=\"Il zaino Icon Caramel in similpelle \u00e8 la scelta perfetta per i genitori che desiderano combinare stile e praticit\u00e0. Realizzato con materiali di alta qualit\u00e0, questo zaino offre una soluzione durevole ed elegante per trasportare tutti gli oggetti essenziali del bambino. Realizzato in similpelle resistente e facile da pulire, ideale per l&#8217;uso quotidiano. Ampio scomparto [&hellip;]\" \/>\n<meta property=\"og:url\" content=\"https:\/\/pasitoapasito.es\/it\/prodotto\/zaino-icon-caramel\/\" \/>\n<meta property=\"og:site_name\" content=\"Pasito a Pasito\" \/>\n<meta property=\"og:image\" content=\"https:\/\/pasitoapasito.es\/wp-content\/uploads\/2024\/09\/1120900355_a-2.jpg\" \/>\n\t<meta property=\"og:image:width\" content=\"1200\" \/>\n\t<meta property=\"og:image:height\" content=\"1200\" \/>\n\t<meta property=\"og:image:type\" content=\"image\/jpeg\" \/>\n<meta name=\"twitter:card\" content=\"summary_large_image\" \/>\n<meta name=\"twitter:label1\" content=\"Tempo di lettura stimato\" \/>\n\t<meta name=\"twitter:data1\" content=\"1 minuto\" \/>\n<script type=\"application\/ld+json\" class=\"yoast-schema-graph\">{\"@context\":\"https:\\\/\\\/schema.org\",\"@graph\":[{\"@type\":\"WebPage\",\"@id\":\"https:\\\/\\\/pasitoapasito.es\\\/it\\\/prodotto\\\/zaino-icon-caramel\\\/\",\"url\":\"https:\\\/\\\/pasitoapasito.es\\\/it\\\/prodotto\\\/zaino-icon-caramel\\\/\",\"name\":\"ZAINO ICON CARAMEL - Pasito a Pasito\",\"isPartOf\":{\"@id\":\"https:\\\/\\\/pasitoapasito.es\\\/fr\\\/#website\"},\"primaryImageOfPage\":{\"@id\":\"https:\\\/\\\/pasitoapasito.es\\\/it\\\/prodotto\\\/zaino-icon-caramel\\\/#primaryimage\"},\"image\":{\"@id\":\"https:\\\/\\\/pasitoapasito.es\\\/it\\\/prodotto\\\/zaino-icon-caramel\\\/#primaryimage\"},\"thumbnailUrl\":\"https:\\\/\\\/pasitoapasito.es\\\/wp-content\\\/uploads\\\/2024\\\/09\\\/1120900355_a-2.jpg\",\"datePublished\":\"2024-09-11T08:01:54+00:00\",\"breadcrumb\":{\"@id\":\"https:\\\/\\\/pasitoapasito.es\\\/it\\\/prodotto\\\/zaino-icon-caramel\\\/#breadcrumb\"},\"inLanguage\":\"it-IT\",\"potentialAction\":[{\"@type\":\"ReadAction\",\"target\":[\"https:\\\/\\\/pasitoapasito.es\\\/it\\\/prodotto\\\/zaino-icon-caramel\\\/\"]}]},{\"@type\":\"ImageObject\",\"inLanguage\":\"it-IT\",\"@id\":\"https:\\\/\\\/pasitoapasito.es\\\/it\\\/prodotto\\\/zaino-icon-caramel\\\/#primaryimage\",\"url\":\"https:\\\/\\\/pasitoapasito.es\\\/wp-content\\\/uploads\\\/2024\\\/09\\\/1120900355_a-2.jpg\",\"contentUrl\":\"https:\\\/\\\/pasitoapasito.es\\\/wp-content\\\/uploads\\\/2024\\\/09\\\/1120900355_a-2.jpg\",\"width\":1200,\"height\":1200},{\"@type\":\"BreadcrumbList\",\"@id\":\"https:\\\/\\\/pasitoapasito.es\\\/it\\\/prodotto\\\/zaino-icon-caramel\\\/#breadcrumb\",\"itemListElement\":[{\"@type\":\"ListItem\",\"position\":1,\"name\":\"Tienda\",\"item\":\"https:\\\/\\\/pasitoapasito.es\\\/tienda\\\/\"},{\"@type\":\"ListItem\",\"position\":2,\"name\":\"ZAINO ICON CARAMEL\"}]},{\"@type\":\"WebSite\",\"@id\":\"https:\\\/\\\/pasitoapasito.es\\\/fr\\\/#website\",\"url\":\"https:\\\/\\\/pasitoapasito.es\\\/fr\\\/\",\"name\":\"Pasito a Pasito\",\"description\":\"\",\"potentialAction\":[{\"@type\":\"SearchAction\",\"target\":{\"@type\":\"EntryPoint\",\"urlTemplate\":\"https:\\\/\\\/pasitoapasito.es\\\/fr\\\/?s={search_term_string}\"},\"query-input\":{\"@type\":\"PropertyValueSpecification\",\"valueRequired\":true,\"valueName\":\"search_term_string\"}}],\"inLanguage\":\"it-IT\"}]}<\/script>\n<!-- \/ Yoast SEO plugin. -->","yoast_head_json":{"title":"ZAINO ICON CARAMEL - Pasito a Pasito","robots":{"index":"index","follow":"follow","max-snippet":"max-snippet:-1","max-image-preview":"max-image-preview:large","max-video-preview":"max-video-preview:-1"},"canonical":"https:\/\/pasitoapasito.es\/it\/prodotto\/zaino-icon-caramel\/","og_locale":"it_IT","og_type":"article","og_title":"ZAINO ICON CARAMEL - Pasito a Pasito","og_description":"Il zaino Icon Caramel in similpelle \u00e8 la scelta perfetta per i genitori che desiderano combinare stile e praticit\u00e0. Realizzato con materiali di alta qualit\u00e0, questo zaino offre una soluzione durevole ed elegante per trasportare tutti gli oggetti essenziali del bambino. Realizzato in similpelle resistente e facile da pulire, ideale per l&#8217;uso quotidiano. Ampio scomparto [&hellip;]","og_url":"https:\/\/pasitoapasito.es\/it\/prodotto\/zaino-icon-caramel\/","og_site_name":"Pasito a Pasito","og_image":[{"width":1200,"height":1200,"url":"https:\/\/pasitoapasito.es\/wp-content\/uploads\/2024\/09\/1120900355_a-2.jpg","type":"image\/jpeg"}],"twitter_card":"summary_large_image","twitter_misc":{"Tempo di lettura stimato":"1 minuto"},"schema":{"@context":"https:\/\/schema.org","@graph":[{"@type":"WebPage","@id":"https:\/\/pasitoapasito.es\/it\/prodotto\/zaino-icon-caramel\/","url":"https:\/\/pasitoapasito.es\/it\/prodotto\/zaino-icon-caramel\/","name":"ZAINO ICON CARAMEL - Pasito a Pasito","isPartOf":{"@id":"https:\/\/pasitoapasito.es\/fr\/#website"},"primaryImageOfPage":{"@id":"https:\/\/pasitoapasito.es\/it\/prodotto\/zaino-icon-caramel\/#primaryimage"},"image":{"@id":"https:\/\/pasitoapasito.es\/it\/prodotto\/zaino-icon-caramel\/#primaryimage"},"thumbnailUrl":"https:\/\/pasitoapasito.es\/wp-content\/uploads\/2024\/09\/1120900355_a-2.jpg","datePublished":"2024-09-11T08:01:54+00:00","breadcrumb":{"@id":"https:\/\/pasitoapasito.es\/it\/prodotto\/zaino-icon-caramel\/#breadcrumb"},"inLanguage":"it-IT","potentialAction":[{"@type":"ReadAction","target":["https:\/\/pasitoapasito.es\/it\/prodotto\/zaino-icon-caramel\/"]}]},{"@type":"ImageObject","inLanguage":"it-IT","@id":"https:\/\/pasitoapasito.es\/it\/prodotto\/zaino-icon-caramel\/#primaryimage","url":"https:\/\/pasitoapasito.es\/wp-content\/uploads\/2024\/09\/1120900355_a-2.jpg","contentUrl":"https:\/\/pasitoapasito.es\/wp-content\/uploads\/2024\/09\/1120900355_a-2.jpg","width":1200,"height":1200},{"@type":"BreadcrumbList","@id":"https:\/\/pasitoapasito.es\/it\/prodotto\/zaino-icon-caramel\/#breadcrumb","itemListElement":[{"@type":"ListItem","position":1,"name":"Tienda","item":"https:\/\/pasitoapasito.es\/tienda\/"},{"@type":"ListItem","position":2,"name":"ZAINO ICON CARAMEL"}]},{"@type":"WebSite","@id":"https:\/\/pasitoapasito.es\/fr\/#website","url":"https:\/\/pasitoapasito.es\/fr\/","name":"Pasito a Pasito","description":"","potentialAction":[{"@type":"SearchAction","target":{"@type":"EntryPoint","urlTemplate":"https:\/\/pasitoapasito.es\/fr\/?s={search_term_string}"},"query-input":{"@type":"PropertyValueSpecification","valueRequired":true,"valueName":"search_term_string"}}],"inLanguage":"it-IT"}]}},"_links":{"self":[{"href":"https:\/\/pasitoapasito.es\/it\/wp-json\/wp\/v2\/product\/36492","targetHints":{"allow":["GET"]}}],"collection":[{"href":"https:\/\/pasitoapasito.es\/it\/wp-json\/wp\/v2\/product"}],"about":[{"href":"https:\/\/pasitoapasito.es\/it\/wp-json\/wp\/v2\/types\/product"}],"replies":[{"embeddable":true,"href":"https:\/\/pasitoapasito.es\/it\/wp-json\/wp\/v2\/comments?post=36492"}],"wp:featuredmedia":[{"embeddable":true,"href":"https:\/\/pasitoapasito.es\/it\/wp-json\/wp\/v2\/media\/33744"}],"wp:attachment":[{"href":"https:\/\/pasitoapasito.es\/it\/wp-json\/wp\/v2\/media?parent=36492"}],"wp:term":[{"taxonomy":"colecciones","embeddable":true,"href":"https:\/\/pasitoapasito.es\/it\/wp-json\/wp\/v2\/colecciones?post=36492"},{"taxonomy":"product_brand","embeddable":true,"href":"https:\/\/pasitoapasito.es\/it\/wp-json\/wp\/v2\/product_brand?post=36492"},{"taxonomy":"product_cat","embeddable":true,"href":"https:\/\/pasitoapasito.es\/it\/wp-json\/wp\/v2\/product_cat?post=36492"},{"taxonomy":"product_tag","embeddable":true,"href":"https:\/\/pasitoapasito.es\/it\/wp-json\/wp\/v2\/product_tag?post=36492"}],"curies":[{"name":"wp","href":"https:\/\/api.w.org\/{rel}","templated":true}]}}