{"id":36485,"date":"2024-09-11T07:16:14","date_gmt":"2024-09-11T08:51:09","guid":{"rendered":"https:\/\/pasitoapasito.es\/?post_type=product&#038;p=36485"},"modified":"2024-09-11T08:51:09","modified_gmt":"2024-09-11T08:51:09","slug":"copripasseggino-estate-somerset","status":"publish","type":"product","link":"https:\/\/pasitoapasito.es\/it\/prodotto\/copripasseggino-estate-somerset\/","title":{"rendered":"COPRIPASSEGGINO ESTATE SOMERSET"},"content":{"rendered":"<p>Copertina Somerset di Pasito a pasito in un morbidissimo tessuto a stampa floreale e bamb\u00f9, ideale per coprire il passeggino con la borsa. \u00c8 progettato sul retro con uno strato di tessuto traspirante che isola l&#8217;umidit\u00e0 e previene l&#8217;eccessiva sudorazione del bambino rendendo il viaggio pi\u00f9 confortevole. Imbottitura in fibra cava rimovibile. Poggiapiedi in poliestere per una facile pulizia. Ha diverse aperture (occhielli) e regolazioni per adattarsi alla maggior parte dei passeggini, rendendo il viaggio del bambino sicuro e confortevole. \u00c8 un design bello, semplice e confortevole che crea un nido per il vostro bambino, tenendolo al riparo nelle giornate di vento. La borsa si adatta perfettamente a qualsiasi auto per offrirvi il comfort di cui avete bisogno. Finiture di qualit\u00e0. Tutte le nostre copertine sono prodotte secondo i pi\u00f9 alti standard europei, con materiali di alta qualit\u00e0, privi di coloranti azoici, ftalati e sostanze nocive per la salute. Tessuto facile da pulire, si consiglia il lavaggio in lavatrice a 30\u00b0. I prodotti per bambini Pasito a Pasito hanno un design molto diverso da tutti gli altri. Le loro collezioni sono caratterizzate da un lavoro dettagliato, sempre concepito da un punto di vista pratico. Utilizzano materiali di alta qualit\u00e0 per evidenziare l&#8217;eleganza e l&#8217;armonia di ogni loro pezzo. I nostri modelli sono esclusivi e di stile inconfondibile, pensati per mamme moderne che hanno buon gusto e apprezzano i dettagli come noi. Materiali: 100% cotone. Misura universale.<\/p>\n","protected":false},"excerpt":{"rendered":"<p>Copertina Somerset di Pasito a pasito in un morbidissimo tessuto a stampa floreale e bamb\u00f9, ideale per coprire il passeggino con la borsa. \u00c8 progettato sul retro con uno strato di tessuto traspirante che isola l&#8217;umidit\u00e0 e previene l&#8217;eccessiva sudorazione del bambino rendendo il viaggio pi\u00f9 confortevole. Imbottitura in fibra cava rimovibile. Poggiapiedi in poliestere [&hellip;]<\/p>\n","protected":false},"featured_media":33524,"comment_status":"closed","ping_status":"open","template":"","meta":{"_acf_changed":false,"inline_featured_image":false},"colecciones":[294],"product_brand":[],"product_cat":[146],"product_tag":[],"class_list":{"0":"post-36485","1":"product","2":"type-product","3":"status-publish","4":"has-post-thumbnail","6":"colecciones-collezione-somerset","7":"product_cat-materassini-e-copripasseggino","9":"first","10":"instock","11":"purchasable","12":"product-type-simple"},"acf":[],"yoast_head":"<!-- This site is optimized with the Yoast SEO plugin v27.5 - https:\/\/yoast.com\/product\/yoast-seo-wordpress\/ -->\n<title>COPRIPASSEGGINO ESTATE SOMERSET - Pasito a Pasito<\/title>\n<meta name=\"robots\" content=\"index, follow, max-snippet:-1, max-image-preview:large, max-video-preview:-1\" \/>\n<link rel=\"canonical\" href=\"https:\/\/pasitoapasito.es\/it\/prodotto\/copripasseggino-estate-somerset\/\" \/>\n<meta property=\"og:locale\" content=\"it_IT\" \/>\n<meta property=\"og:type\" content=\"article\" \/>\n<meta property=\"og:title\" content=\"COPRIPASSEGGINO ESTATE SOMERSET - Pasito a Pasito\" \/>\n<meta property=\"og:description\" content=\"Copertina Somerset di Pasito a pasito in un morbidissimo tessuto a stampa floreale e bamb\u00f9, ideale per coprire il passeggino con la borsa. \u00c8 progettato sul retro con uno strato di tessuto traspirante che isola l&#8217;umidit\u00e0 e previene l&#8217;eccessiva sudorazione del bambino rendendo il viaggio pi\u00f9 confortevole. Imbottitura in fibra cava rimovibile. Poggiapiedi in poliestere [&hellip;]\" \/>\n<meta property=\"og:url\" content=\"https:\/\/pasitoapasito.es\/it\/prodotto\/copripasseggino-estate-somerset\/\" \/>\n<meta property=\"og:site_name\" content=\"Pasito a Pasito\" \/>\n<meta property=\"og:image\" content=\"https:\/\/pasitoapasito.es\/wp-content\/uploads\/2024\/09\/1120900391_a-2.jpg\" \/>\n\t<meta property=\"og:image:width\" content=\"1200\" \/>\n\t<meta property=\"og:image:height\" content=\"1200\" \/>\n\t<meta property=\"og:image:type\" content=\"image\/jpeg\" \/>\n<meta name=\"twitter:card\" content=\"summary_large_image\" \/>\n<meta name=\"twitter:label1\" content=\"Tempo di lettura stimato\" \/>\n\t<meta name=\"twitter:data1\" content=\"1 minuto\" \/>\n<script type=\"application\/ld+json\" class=\"yoast-schema-graph\">{\"@context\":\"https:\\\/\\\/schema.org\",\"@graph\":[{\"@type\":\"WebPage\",\"@id\":\"https:\\\/\\\/pasitoapasito.es\\\/it\\\/prodotto\\\/copripasseggino-estate-somerset\\\/\",\"url\":\"https:\\\/\\\/pasitoapasito.es\\\/it\\\/prodotto\\\/copripasseggino-estate-somerset\\\/\",\"name\":\"COPRIPASSEGGINO ESTATE SOMERSET - Pasito a Pasito\",\"isPartOf\":{\"@id\":\"https:\\\/\\\/pasitoapasito.es\\\/fr\\\/#website\"},\"primaryImageOfPage\":{\"@id\":\"https:\\\/\\\/pasitoapasito.es\\\/it\\\/prodotto\\\/copripasseggino-estate-somerset\\\/#primaryimage\"},\"image\":{\"@id\":\"https:\\\/\\\/pasitoapasito.es\\\/it\\\/prodotto\\\/copripasseggino-estate-somerset\\\/#primaryimage\"},\"thumbnailUrl\":\"https:\\\/\\\/pasitoapasito.es\\\/wp-content\\\/uploads\\\/2024\\\/09\\\/1120900391_a-2.jpg\",\"datePublished\":\"2024-09-11T08:51:09+00:00\",\"breadcrumb\":{\"@id\":\"https:\\\/\\\/pasitoapasito.es\\\/it\\\/prodotto\\\/copripasseggino-estate-somerset\\\/#breadcrumb\"},\"inLanguage\":\"it-IT\",\"potentialAction\":[{\"@type\":\"ReadAction\",\"target\":[\"https:\\\/\\\/pasitoapasito.es\\\/it\\\/prodotto\\\/copripasseggino-estate-somerset\\\/\"]}]},{\"@type\":\"ImageObject\",\"inLanguage\":\"it-IT\",\"@id\":\"https:\\\/\\\/pasitoapasito.es\\\/it\\\/prodotto\\\/copripasseggino-estate-somerset\\\/#primaryimage\",\"url\":\"https:\\\/\\\/pasitoapasito.es\\\/wp-content\\\/uploads\\\/2024\\\/09\\\/1120900391_a-2.jpg\",\"contentUrl\":\"https:\\\/\\\/pasitoapasito.es\\\/wp-content\\\/uploads\\\/2024\\\/09\\\/1120900391_a-2.jpg\",\"width\":1200,\"height\":1200},{\"@type\":\"BreadcrumbList\",\"@id\":\"https:\\\/\\\/pasitoapasito.es\\\/it\\\/prodotto\\\/copripasseggino-estate-somerset\\\/#breadcrumb\",\"itemListElement\":[{\"@type\":\"ListItem\",\"position\":1,\"name\":\"Tienda\",\"item\":\"https:\\\/\\\/pasitoapasito.es\\\/tienda\\\/\"},{\"@type\":\"ListItem\",\"position\":2,\"name\":\"COPRIPASSEGGINO ESTATE SOMERSET\"}]},{\"@type\":\"WebSite\",\"@id\":\"https:\\\/\\\/pasitoapasito.es\\\/fr\\\/#website\",\"url\":\"https:\\\/\\\/pasitoapasito.es\\\/fr\\\/\",\"name\":\"Pasito a Pasito\",\"description\":\"\",\"potentialAction\":[{\"@type\":\"SearchAction\",\"target\":{\"@type\":\"EntryPoint\",\"urlTemplate\":\"https:\\\/\\\/pasitoapasito.es\\\/fr\\\/?s={search_term_string}\"},\"query-input\":{\"@type\":\"PropertyValueSpecification\",\"valueRequired\":true,\"valueName\":\"search_term_string\"}}],\"inLanguage\":\"it-IT\"}]}<\/script>\n<!-- \/ Yoast SEO plugin. -->","yoast_head_json":{"title":"COPRIPASSEGGINO ESTATE SOMERSET - Pasito a Pasito","robots":{"index":"index","follow":"follow","max-snippet":"max-snippet:-1","max-image-preview":"max-image-preview:large","max-video-preview":"max-video-preview:-1"},"canonical":"https:\/\/pasitoapasito.es\/it\/prodotto\/copripasseggino-estate-somerset\/","og_locale":"it_IT","og_type":"article","og_title":"COPRIPASSEGGINO ESTATE SOMERSET - Pasito a Pasito","og_description":"Copertina Somerset di Pasito a pasito in un morbidissimo tessuto a stampa floreale e bamb\u00f9, ideale per coprire il passeggino con la borsa. \u00c8 progettato sul retro con uno strato di tessuto traspirante che isola l&#8217;umidit\u00e0 e previene l&#8217;eccessiva sudorazione del bambino rendendo il viaggio pi\u00f9 confortevole. Imbottitura in fibra cava rimovibile. Poggiapiedi in poliestere [&hellip;]","og_url":"https:\/\/pasitoapasito.es\/it\/prodotto\/copripasseggino-estate-somerset\/","og_site_name":"Pasito a Pasito","og_image":[{"width":1200,"height":1200,"url":"https:\/\/pasitoapasito.es\/wp-content\/uploads\/2024\/09\/1120900391_a-2.jpg","type":"image\/jpeg"}],"twitter_card":"summary_large_image","twitter_misc":{"Tempo di lettura stimato":"1 minuto"},"schema":{"@context":"https:\/\/schema.org","@graph":[{"@type":"WebPage","@id":"https:\/\/pasitoapasito.es\/it\/prodotto\/copripasseggino-estate-somerset\/","url":"https:\/\/pasitoapasito.es\/it\/prodotto\/copripasseggino-estate-somerset\/","name":"COPRIPASSEGGINO ESTATE SOMERSET - Pasito a Pasito","isPartOf":{"@id":"https:\/\/pasitoapasito.es\/fr\/#website"},"primaryImageOfPage":{"@id":"https:\/\/pasitoapasito.es\/it\/prodotto\/copripasseggino-estate-somerset\/#primaryimage"},"image":{"@id":"https:\/\/pasitoapasito.es\/it\/prodotto\/copripasseggino-estate-somerset\/#primaryimage"},"thumbnailUrl":"https:\/\/pasitoapasito.es\/wp-content\/uploads\/2024\/09\/1120900391_a-2.jpg","datePublished":"2024-09-11T08:51:09+00:00","breadcrumb":{"@id":"https:\/\/pasitoapasito.es\/it\/prodotto\/copripasseggino-estate-somerset\/#breadcrumb"},"inLanguage":"it-IT","potentialAction":[{"@type":"ReadAction","target":["https:\/\/pasitoapasito.es\/it\/prodotto\/copripasseggino-estate-somerset\/"]}]},{"@type":"ImageObject","inLanguage":"it-IT","@id":"https:\/\/pasitoapasito.es\/it\/prodotto\/copripasseggino-estate-somerset\/#primaryimage","url":"https:\/\/pasitoapasito.es\/wp-content\/uploads\/2024\/09\/1120900391_a-2.jpg","contentUrl":"https:\/\/pasitoapasito.es\/wp-content\/uploads\/2024\/09\/1120900391_a-2.jpg","width":1200,"height":1200},{"@type":"BreadcrumbList","@id":"https:\/\/pasitoapasito.es\/it\/prodotto\/copripasseggino-estate-somerset\/#breadcrumb","itemListElement":[{"@type":"ListItem","position":1,"name":"Tienda","item":"https:\/\/pasitoapasito.es\/tienda\/"},{"@type":"ListItem","position":2,"name":"COPRIPASSEGGINO ESTATE SOMERSET"}]},{"@type":"WebSite","@id":"https:\/\/pasitoapasito.es\/fr\/#website","url":"https:\/\/pasitoapasito.es\/fr\/","name":"Pasito a Pasito","description":"","potentialAction":[{"@type":"SearchAction","target":{"@type":"EntryPoint","urlTemplate":"https:\/\/pasitoapasito.es\/fr\/?s={search_term_string}"},"query-input":{"@type":"PropertyValueSpecification","valueRequired":true,"valueName":"search_term_string"}}],"inLanguage":"it-IT"}]}},"_links":{"self":[{"href":"https:\/\/pasitoapasito.es\/it\/wp-json\/wp\/v2\/product\/36485","targetHints":{"allow":["GET"]}}],"collection":[{"href":"https:\/\/pasitoapasito.es\/it\/wp-json\/wp\/v2\/product"}],"about":[{"href":"https:\/\/pasitoapasito.es\/it\/wp-json\/wp\/v2\/types\/product"}],"replies":[{"embeddable":true,"href":"https:\/\/pasitoapasito.es\/it\/wp-json\/wp\/v2\/comments?post=36485"}],"wp:featuredmedia":[{"embeddable":true,"href":"https:\/\/pasitoapasito.es\/it\/wp-json\/wp\/v2\/media\/33524"}],"wp:attachment":[{"href":"https:\/\/pasitoapasito.es\/it\/wp-json\/wp\/v2\/media?parent=36485"}],"wp:term":[{"taxonomy":"colecciones","embeddable":true,"href":"https:\/\/pasitoapasito.es\/it\/wp-json\/wp\/v2\/colecciones?post=36485"},{"taxonomy":"product_brand","embeddable":true,"href":"https:\/\/pasitoapasito.es\/it\/wp-json\/wp\/v2\/product_brand?post=36485"},{"taxonomy":"product_cat","embeddable":true,"href":"https:\/\/pasitoapasito.es\/it\/wp-json\/wp\/v2\/product_cat?post=36485"},{"taxonomy":"product_tag","embeddable":true,"href":"https:\/\/pasitoapasito.es\/it\/wp-json\/wp\/v2\/product_tag?post=36485"}],"curies":[{"name":"wp","href":"https:\/\/api.w.org\/{rel}","templated":true}]}}