{"id":31837,"date":"2024-03-22T07:04:01","date_gmt":"2024-03-22T07:04:01","guid":{"rendered":"https:\/\/pasitoapasito.es\/?post_type=product&#038;p=31837"},"modified":"2024-03-22T07:40:41","modified_gmt":"2024-03-22T07:40:41","slug":"materassino-icon-caramel","status":"publish","type":"product","link":"https:\/\/pasitoapasito.es\/it\/prodotto\/materassino-icon-caramel\/","title":{"rendered":"MATERASSINO ICON CARAMEL"},"content":{"rendered":"<p>Il rivestimento per sedile Icon Caramel di Pasito a Pasito, realizzato in tessuto leno di cotone al 100%, \u00e8 la copertura ideale che si adatta alla maggior parte dei passeggini, offrendo maggiore comfort al tuo bambino durante le giornate calde. \u00c8 progettato con uno strato di tessuto traspirante sullo schienale che isola l&#8217;umidit\u00e0 e previene il sudore eccessivo del bambino, proteggendo il passeggino per rendere la passeggiata pi\u00f9 confortevole. Questo modello \u00e8 destinato ad adattarsi alla maggior parte dei passeggini poich\u00e9 ha diverse aperture (occhielli) e regolazioni per coprire la superficie dove il bambino si sdraia. Finiture di alta qualit\u00e0. Tutte le nostre coperture sono realizzate in conformit\u00e0 con le pi\u00f9 rigide normative europee, con materiali di alta qualit\u00e0, privi di coloranti azoici, ftalati e sostanze nocive per la salute. Tessuto facile da pulire, lavabile in lavatrice a 30\u00ba. I prodotti per bambini di Pasito a Pasito hanno un design molto diverso dagli altri. Le loro collezioni sono caratterizzate da un lavoro meticoloso, sempre progettato da un punto di vista pratico. Utilizzano materiali di alta qualit\u00e0 per enfatizzare l&#8217;eleganza e l&#8217;armonia in ciascuno dei loro pezzi. I nostri modelli sono esclusivi e hanno uno stile inconfondibile, progettato per le moderne mamme che hanno buon gusto e apprezzano i dettagli tanto quanto noi. Specifiche: Materiali: 100% cotone. Colore: Camel. Taglia universale.<\/p>\n","protected":false},"excerpt":{"rendered":"<p>Il rivestimento per sedile Icon Caramel di Pasito a Pasito, realizzato in tessuto leno di cotone al 100%, \u00e8 la copertura ideale che si adatta alla maggior parte dei passeggini, offrendo maggiore comfort al tuo bambino durante le giornate calde. \u00c8 progettato con uno strato di tessuto traspirante sullo schienale che isola l&#8217;umidit\u00e0 e previene [&hellip;]<\/p>\n","protected":false},"featured_media":31380,"comment_status":"closed","ping_status":"closed","template":"","meta":{"_acf_changed":false,"inline_featured_image":false},"colecciones":[],"product_brand":[],"product_cat":[258],"product_tag":[],"class_list":{"0":"post-31837","1":"product","2":"type-product","3":"status-publish","4":"has-post-thumbnail","6":"product_cat-special-prices-it","8":"first","9":"instock","10":"purchasable","11":"product-type-simple"},"acf":[],"yoast_head":"<!-- This site is optimized with the Yoast SEO plugin v27.5 - https:\/\/yoast.com\/product\/yoast-seo-wordpress\/ -->\n<title>MATERASSINO ICON CARAMEL - Pasito a Pasito<\/title>\n<meta name=\"robots\" content=\"index, follow, max-snippet:-1, max-image-preview:large, max-video-preview:-1\" \/>\n<link rel=\"canonical\" href=\"https:\/\/pasitoapasito.es\/prodotto\/colchoneta-verano-icon-caramel\/\" \/>\n<meta property=\"og:locale\" content=\"it_IT\" \/>\n<meta property=\"og:type\" content=\"article\" \/>\n<meta property=\"og:title\" content=\"MATERASSINO ICON CARAMEL - Pasito a Pasito\" \/>\n<meta property=\"og:description\" content=\"Il rivestimento per sedile Icon Caramel di Pasito a Pasito, realizzato in tessuto leno di cotone al 100%, \u00e8 la copertura ideale che si adatta alla maggior parte dei passeggini, offrendo maggiore comfort al tuo bambino durante le giornate calde. \u00c8 progettato con uno strato di tessuto traspirante sullo schienale che isola l&#8217;umidit\u00e0 e previene [&hellip;]\" \/>\n<meta property=\"og:url\" content=\"https:\/\/pasitoapasito.es\/prodotto\/colchoneta-verano-icon-caramel\/\" \/>\n<meta property=\"og:site_name\" content=\"Pasito a Pasito\" \/>\n<meta property=\"article:modified_time\" content=\"2024-03-22T07:40:41+00:00\" \/>\n<meta property=\"og:image\" content=\"https:\/\/pasitoapasito.es\/wp-content\/uploads\/2024\/02\/1120900342_a.jpg\" \/>\n\t<meta property=\"og:image:width\" content=\"1200\" \/>\n\t<meta property=\"og:image:height\" content=\"1200\" \/>\n\t<meta property=\"og:image:type\" content=\"image\/jpeg\" \/>\n<meta name=\"twitter:card\" content=\"summary_large_image\" \/>\n<meta name=\"twitter:label1\" content=\"Tempo di lettura stimato\" \/>\n\t<meta name=\"twitter:data1\" content=\"1 minuto\" \/>\n<script type=\"application\/ld+json\" class=\"yoast-schema-graph\">{\"@context\":\"https:\\\/\\\/schema.org\",\"@graph\":[{\"@type\":\"WebPage\",\"@id\":\"https:\\\/\\\/pasitoapasito.es\\\/prodotto\\\/colchoneta-verano-icon-caramel\\\/\",\"url\":\"https:\\\/\\\/pasitoapasito.es\\\/prodotto\\\/colchoneta-verano-icon-caramel\\\/\",\"name\":\"MATERASSINO ICON CARAMEL - Pasito a Pasito\",\"isPartOf\":{\"@id\":\"https:\\\/\\\/pasitoapasito.es\\\/fr\\\/#website\"},\"primaryImageOfPage\":{\"@id\":\"https:\\\/\\\/pasitoapasito.es\\\/prodotto\\\/colchoneta-verano-icon-caramel\\\/#primaryimage\"},\"image\":{\"@id\":\"https:\\\/\\\/pasitoapasito.es\\\/prodotto\\\/colchoneta-verano-icon-caramel\\\/#primaryimage\"},\"thumbnailUrl\":\"https:\\\/\\\/pasitoapasito.es\\\/wp-content\\\/uploads\\\/2024\\\/02\\\/1120900342_a.jpg\",\"datePublished\":\"2024-03-22T07:04:01+00:00\",\"dateModified\":\"2024-03-22T07:40:41+00:00\",\"breadcrumb\":{\"@id\":\"https:\\\/\\\/pasitoapasito.es\\\/prodotto\\\/colchoneta-verano-icon-caramel\\\/#breadcrumb\"},\"inLanguage\":\"it-IT\",\"potentialAction\":[{\"@type\":\"ReadAction\",\"target\":[\"https:\\\/\\\/pasitoapasito.es\\\/prodotto\\\/colchoneta-verano-icon-caramel\\\/\"]}]},{\"@type\":\"ImageObject\",\"inLanguage\":\"it-IT\",\"@id\":\"https:\\\/\\\/pasitoapasito.es\\\/prodotto\\\/colchoneta-verano-icon-caramel\\\/#primaryimage\",\"url\":\"https:\\\/\\\/pasitoapasito.es\\\/wp-content\\\/uploads\\\/2024\\\/02\\\/1120900342_a.jpg\",\"contentUrl\":\"https:\\\/\\\/pasitoapasito.es\\\/wp-content\\\/uploads\\\/2024\\\/02\\\/1120900342_a.jpg\",\"width\":1200,\"height\":1200},{\"@type\":\"BreadcrumbList\",\"@id\":\"https:\\\/\\\/pasitoapasito.es\\\/prodotto\\\/colchoneta-verano-icon-caramel\\\/#breadcrumb\",\"itemListElement\":[{\"@type\":\"ListItem\",\"position\":1,\"name\":\"Tienda\",\"item\":\"https:\\\/\\\/pasitoapasito.es\\\/tienda\\\/\"},{\"@type\":\"ListItem\",\"position\":2,\"name\":\"MATERASSINO ICON CARAMEL\"}]},{\"@type\":\"WebSite\",\"@id\":\"https:\\\/\\\/pasitoapasito.es\\\/fr\\\/#website\",\"url\":\"https:\\\/\\\/pasitoapasito.es\\\/fr\\\/\",\"name\":\"Pasito a Pasito\",\"description\":\"\",\"potentialAction\":[{\"@type\":\"SearchAction\",\"target\":{\"@type\":\"EntryPoint\",\"urlTemplate\":\"https:\\\/\\\/pasitoapasito.es\\\/fr\\\/?s={search_term_string}\"},\"query-input\":{\"@type\":\"PropertyValueSpecification\",\"valueRequired\":true,\"valueName\":\"search_term_string\"}}],\"inLanguage\":\"it-IT\"}]}<\/script>\n<!-- \/ Yoast SEO plugin. -->","yoast_head_json":{"title":"MATERASSINO ICON CARAMEL - Pasito a Pasito","robots":{"index":"index","follow":"follow","max-snippet":"max-snippet:-1","max-image-preview":"max-image-preview:large","max-video-preview":"max-video-preview:-1"},"canonical":"https:\/\/pasitoapasito.es\/prodotto\/colchoneta-verano-icon-caramel\/","og_locale":"it_IT","og_type":"article","og_title":"MATERASSINO ICON CARAMEL - Pasito a Pasito","og_description":"Il rivestimento per sedile Icon Caramel di Pasito a Pasito, realizzato in tessuto leno di cotone al 100%, \u00e8 la copertura ideale che si adatta alla maggior parte dei passeggini, offrendo maggiore comfort al tuo bambino durante le giornate calde. \u00c8 progettato con uno strato di tessuto traspirante sullo schienale che isola l&#8217;umidit\u00e0 e previene [&hellip;]","og_url":"https:\/\/pasitoapasito.es\/prodotto\/colchoneta-verano-icon-caramel\/","og_site_name":"Pasito a Pasito","article_modified_time":"2024-03-22T07:40:41+00:00","og_image":[{"width":1200,"height":1200,"url":"https:\/\/pasitoapasito.es\/wp-content\/uploads\/2024\/02\/1120900342_a.jpg","type":"image\/jpeg"}],"twitter_card":"summary_large_image","twitter_misc":{"Tempo di lettura stimato":"1 minuto"},"schema":{"@context":"https:\/\/schema.org","@graph":[{"@type":"WebPage","@id":"https:\/\/pasitoapasito.es\/prodotto\/colchoneta-verano-icon-caramel\/","url":"https:\/\/pasitoapasito.es\/prodotto\/colchoneta-verano-icon-caramel\/","name":"MATERASSINO ICON CARAMEL - Pasito a Pasito","isPartOf":{"@id":"https:\/\/pasitoapasito.es\/fr\/#website"},"primaryImageOfPage":{"@id":"https:\/\/pasitoapasito.es\/prodotto\/colchoneta-verano-icon-caramel\/#primaryimage"},"image":{"@id":"https:\/\/pasitoapasito.es\/prodotto\/colchoneta-verano-icon-caramel\/#primaryimage"},"thumbnailUrl":"https:\/\/pasitoapasito.es\/wp-content\/uploads\/2024\/02\/1120900342_a.jpg","datePublished":"2024-03-22T07:04:01+00:00","dateModified":"2024-03-22T07:40:41+00:00","breadcrumb":{"@id":"https:\/\/pasitoapasito.es\/prodotto\/colchoneta-verano-icon-caramel\/#breadcrumb"},"inLanguage":"it-IT","potentialAction":[{"@type":"ReadAction","target":["https:\/\/pasitoapasito.es\/prodotto\/colchoneta-verano-icon-caramel\/"]}]},{"@type":"ImageObject","inLanguage":"it-IT","@id":"https:\/\/pasitoapasito.es\/prodotto\/colchoneta-verano-icon-caramel\/#primaryimage","url":"https:\/\/pasitoapasito.es\/wp-content\/uploads\/2024\/02\/1120900342_a.jpg","contentUrl":"https:\/\/pasitoapasito.es\/wp-content\/uploads\/2024\/02\/1120900342_a.jpg","width":1200,"height":1200},{"@type":"BreadcrumbList","@id":"https:\/\/pasitoapasito.es\/prodotto\/colchoneta-verano-icon-caramel\/#breadcrumb","itemListElement":[{"@type":"ListItem","position":1,"name":"Tienda","item":"https:\/\/pasitoapasito.es\/tienda\/"},{"@type":"ListItem","position":2,"name":"MATERASSINO ICON CARAMEL"}]},{"@type":"WebSite","@id":"https:\/\/pasitoapasito.es\/fr\/#website","url":"https:\/\/pasitoapasito.es\/fr\/","name":"Pasito a Pasito","description":"","potentialAction":[{"@type":"SearchAction","target":{"@type":"EntryPoint","urlTemplate":"https:\/\/pasitoapasito.es\/fr\/?s={search_term_string}"},"query-input":{"@type":"PropertyValueSpecification","valueRequired":true,"valueName":"search_term_string"}}],"inLanguage":"it-IT"}]}},"_links":{"self":[{"href":"https:\/\/pasitoapasito.es\/it\/wp-json\/wp\/v2\/product\/31837","targetHints":{"allow":["GET"]}}],"collection":[{"href":"https:\/\/pasitoapasito.es\/it\/wp-json\/wp\/v2\/product"}],"about":[{"href":"https:\/\/pasitoapasito.es\/it\/wp-json\/wp\/v2\/types\/product"}],"replies":[{"embeddable":true,"href":"https:\/\/pasitoapasito.es\/it\/wp-json\/wp\/v2\/comments?post=31837"}],"wp:featuredmedia":[{"embeddable":true,"href":"https:\/\/pasitoapasito.es\/it\/wp-json\/wp\/v2\/media\/31380"}],"wp:attachment":[{"href":"https:\/\/pasitoapasito.es\/it\/wp-json\/wp\/v2\/media?parent=31837"}],"wp:term":[{"taxonomy":"colecciones","embeddable":true,"href":"https:\/\/pasitoapasito.es\/it\/wp-json\/wp\/v2\/colecciones?post=31837"},{"taxonomy":"product_brand","embeddable":true,"href":"https:\/\/pasitoapasito.es\/it\/wp-json\/wp\/v2\/product_brand?post=31837"},{"taxonomy":"product_cat","embeddable":true,"href":"https:\/\/pasitoapasito.es\/it\/wp-json\/wp\/v2\/product_cat?post=31837"},{"taxonomy":"product_tag","embeddable":true,"href":"https:\/\/pasitoapasito.es\/it\/wp-json\/wp\/v2\/product_tag?post=31837"}],"curies":[{"name":"wp","href":"https:\/\/api.w.org\/{rel}","templated":true}]}}