{"id":31830,"date":"2024-03-22T07:03:59","date_gmt":"2024-03-22T07:03:59","guid":{"rendered":"https:\/\/pasitoapasito.es\/?post_type=product&#038;p=31830"},"modified":"2024-03-22T07:40:42","modified_gmt":"2024-03-22T07:40:42","slug":"copripasseggino-estate-icon-cream","status":"publish","type":"product","link":"https:\/\/pasitoapasito.es\/it\/prodotto\/copripasseggino-estate-icon-cream\/","title":{"rendered":"COPRIPASSEGGINO ESTATE ICON CREAM"},"content":{"rendered":"<p>La copertura Icon Cream di Pasito a Pasito, realizzata in tessuto leno e mussola molto morbida, \u00e8 ideale per coprire il passeggino con un sacco nanna. \u00c8 progettata con uno strato di tessuto traspirante sullo schienale che isola l&#8217;umidit\u00e0 e previene il sudore eccessivo del bambino, rendendo la passeggiata pi\u00f9 confortevole. Ha un riempimento rimovibile in fibra cava. Il poggiapiedi \u00e8 realizzato in poliestere per una facile pulizia. Ha diverse aperture (occhielli) e regolazioni per adattarlo alla maggior parte dei passeggini, rendendo la passeggiata del tuo bambino sicura e confortevole. \u00c8 un bellissimo, semplice e confortevole design che crea un nido per il tuo bambino, mantenendolo comodo e protetto nelle giornate ventose. La copertura si adatta facilmente a qualsiasi passeggino per fornire il comfort di cui ha bisogno il tuo bambino. Finiture di alta qualit\u00e0. Tutte le nostre coperture sono realizzate in conformit\u00e0 con le pi\u00f9 rigide normative europee, con materiali di alta qualit\u00e0, privi di coloranti azoici, ftalati e sostanze nocive per la salute. Tessuto facile da pulire, lavabile in lavatrice a 30\u00ba. I prodotti per bambini di Pasito a Pasito hanno un design molto diverso dagli altri. Le loro collezioni sono caratterizzate da un lavoro meticoloso, sempre progettato da un punto di vista pratico. Utilizzano materiali di alta qualit\u00e0 per enfatizzare l&#8217;eleganza e l&#8217;armonia in ciascuno dei loro pezzi. I nostri modelli sono esclusivi e hanno uno stile inconfondibile, progettato per le moderne mamme che hanno buon gusto e apprezzano i dettagli tanto quanto noi. Materiali: 100% cotone. Colore: Beige. Taglia universale.<\/p>\n","protected":false},"excerpt":{"rendered":"<p>La copertura Icon Cream di Pasito a Pasito, realizzata in tessuto leno e mussola molto morbida, \u00e8 ideale per coprire il passeggino con un sacco nanna. \u00c8 progettata con uno strato di tessuto traspirante sullo schienale che isola l&#8217;umidit\u00e0 e previene il sudore eccessivo del bambino, rendendo la passeggiata pi\u00f9 confortevole. Ha un riempimento rimovibile [&hellip;]<\/p>\n","protected":false},"featured_media":31245,"comment_status":"closed","ping_status":"closed","template":"","meta":{"_acf_changed":false,"inline_featured_image":false},"colecciones":[],"product_brand":[],"product_cat":[258],"product_tag":[],"class_list":{"0":"post-31830","1":"product","2":"type-product","3":"status-publish","4":"has-post-thumbnail","6":"product_cat-special-prices-it","8":"first","9":"instock","10":"purchasable","11":"product-type-simple"},"acf":[],"yoast_head":"<!-- This site is optimized with the Yoast SEO plugin v27.4 - https:\/\/yoast.com\/product\/yoast-seo-wordpress\/ -->\n<title>COPRIPASSEGGINO ESTATE ICON CREAM - Pasito a Pasito<\/title>\n<meta name=\"robots\" content=\"index, follow, max-snippet:-1, max-image-preview:large, max-video-preview:-1\" \/>\n<link rel=\"canonical\" href=\"https:\/\/pasitoapasito.es\/it\/prodotto\/copripasseggino-estate-icon-cream\/\" \/>\n<meta property=\"og:locale\" content=\"it_IT\" \/>\n<meta property=\"og:type\" content=\"article\" \/>\n<meta property=\"og:title\" content=\"COPRIPASSEGGINO ESTATE ICON CREAM - Pasito a Pasito\" \/>\n<meta property=\"og:description\" content=\"La copertura Icon Cream di Pasito a Pasito, realizzata in tessuto leno e mussola molto morbida, \u00e8 ideale per coprire il passeggino con un sacco nanna. \u00c8 progettata con uno strato di tessuto traspirante sullo schienale che isola l&#8217;umidit\u00e0 e previene il sudore eccessivo del bambino, rendendo la passeggiata pi\u00f9 confortevole. Ha un riempimento rimovibile [&hellip;]\" \/>\n<meta property=\"og:url\" content=\"https:\/\/pasitoapasito.es\/it\/prodotto\/copripasseggino-estate-icon-cream\/\" \/>\n<meta property=\"og:site_name\" content=\"Pasito a Pasito\" \/>\n<meta property=\"article:modified_time\" content=\"2024-03-22T07:40:42+00:00\" \/>\n<meta property=\"og:image\" content=\"https:\/\/pasitoapasito.es\/wp-content\/uploads\/2024\/02\/1120900335_a.jpg\" \/>\n\t<meta property=\"og:image:width\" content=\"1200\" \/>\n\t<meta property=\"og:image:height\" content=\"1200\" \/>\n\t<meta property=\"og:image:type\" content=\"image\/jpeg\" \/>\n<meta name=\"twitter:card\" content=\"summary_large_image\" \/>\n<meta name=\"twitter:label1\" content=\"Tempo di lettura stimato\" \/>\n\t<meta name=\"twitter:data1\" content=\"1 minuto\" \/>\n<script type=\"application\/ld+json\" class=\"yoast-schema-graph\">{\"@context\":\"https:\\\/\\\/schema.org\",\"@graph\":[{\"@type\":\"WebPage\",\"@id\":\"https:\\\/\\\/pasitoapasito.es\\\/it\\\/prodotto\\\/copripasseggino-estate-icon-cream\\\/\",\"url\":\"https:\\\/\\\/pasitoapasito.es\\\/it\\\/prodotto\\\/copripasseggino-estate-icon-cream\\\/\",\"name\":\"COPRIPASSEGGINO ESTATE ICON CREAM - Pasito a Pasito\",\"isPartOf\":{\"@id\":\"https:\\\/\\\/pasitoapasito.es\\\/fr\\\/#website\"},\"primaryImageOfPage\":{\"@id\":\"https:\\\/\\\/pasitoapasito.es\\\/it\\\/prodotto\\\/copripasseggino-estate-icon-cream\\\/#primaryimage\"},\"image\":{\"@id\":\"https:\\\/\\\/pasitoapasito.es\\\/it\\\/prodotto\\\/copripasseggino-estate-icon-cream\\\/#primaryimage\"},\"thumbnailUrl\":\"https:\\\/\\\/pasitoapasito.es\\\/wp-content\\\/uploads\\\/2024\\\/02\\\/1120900335_a.jpg\",\"datePublished\":\"2024-03-22T07:03:59+00:00\",\"dateModified\":\"2024-03-22T07:40:42+00:00\",\"breadcrumb\":{\"@id\":\"https:\\\/\\\/pasitoapasito.es\\\/it\\\/prodotto\\\/copripasseggino-estate-icon-cream\\\/#breadcrumb\"},\"inLanguage\":\"it-IT\",\"potentialAction\":[{\"@type\":\"ReadAction\",\"target\":[\"https:\\\/\\\/pasitoapasito.es\\\/it\\\/prodotto\\\/copripasseggino-estate-icon-cream\\\/\"]}]},{\"@type\":\"ImageObject\",\"inLanguage\":\"it-IT\",\"@id\":\"https:\\\/\\\/pasitoapasito.es\\\/it\\\/prodotto\\\/copripasseggino-estate-icon-cream\\\/#primaryimage\",\"url\":\"https:\\\/\\\/pasitoapasito.es\\\/wp-content\\\/uploads\\\/2024\\\/02\\\/1120900335_a.jpg\",\"contentUrl\":\"https:\\\/\\\/pasitoapasito.es\\\/wp-content\\\/uploads\\\/2024\\\/02\\\/1120900335_a.jpg\",\"width\":1200,\"height\":1200},{\"@type\":\"BreadcrumbList\",\"@id\":\"https:\\\/\\\/pasitoapasito.es\\\/it\\\/prodotto\\\/copripasseggino-estate-icon-cream\\\/#breadcrumb\",\"itemListElement\":[{\"@type\":\"ListItem\",\"position\":1,\"name\":\"Tienda\",\"item\":\"https:\\\/\\\/pasitoapasito.es\\\/tienda\\\/\"},{\"@type\":\"ListItem\",\"position\":2,\"name\":\"COPRIPASSEGGINO ESTATE ICON CREAM\"}]},{\"@type\":\"WebSite\",\"@id\":\"https:\\\/\\\/pasitoapasito.es\\\/fr\\\/#website\",\"url\":\"https:\\\/\\\/pasitoapasito.es\\\/fr\\\/\",\"name\":\"Pasito a Pasito\",\"description\":\"\",\"potentialAction\":[{\"@type\":\"SearchAction\",\"target\":{\"@type\":\"EntryPoint\",\"urlTemplate\":\"https:\\\/\\\/pasitoapasito.es\\\/fr\\\/?s={search_term_string}\"},\"query-input\":{\"@type\":\"PropertyValueSpecification\",\"valueRequired\":true,\"valueName\":\"search_term_string\"}}],\"inLanguage\":\"it-IT\"}]}<\/script>\n<!-- \/ Yoast SEO plugin. -->","yoast_head_json":{"title":"COPRIPASSEGGINO ESTATE ICON CREAM - Pasito a Pasito","robots":{"index":"index","follow":"follow","max-snippet":"max-snippet:-1","max-image-preview":"max-image-preview:large","max-video-preview":"max-video-preview:-1"},"canonical":"https:\/\/pasitoapasito.es\/it\/prodotto\/copripasseggino-estate-icon-cream\/","og_locale":"it_IT","og_type":"article","og_title":"COPRIPASSEGGINO ESTATE ICON CREAM - Pasito a Pasito","og_description":"La copertura Icon Cream di Pasito a Pasito, realizzata in tessuto leno e mussola molto morbida, \u00e8 ideale per coprire il passeggino con un sacco nanna. \u00c8 progettata con uno strato di tessuto traspirante sullo schienale che isola l&#8217;umidit\u00e0 e previene il sudore eccessivo del bambino, rendendo la passeggiata pi\u00f9 confortevole. Ha un riempimento rimovibile [&hellip;]","og_url":"https:\/\/pasitoapasito.es\/it\/prodotto\/copripasseggino-estate-icon-cream\/","og_site_name":"Pasito a Pasito","article_modified_time":"2024-03-22T07:40:42+00:00","og_image":[{"width":1200,"height":1200,"url":"https:\/\/pasitoapasito.es\/wp-content\/uploads\/2024\/02\/1120900335_a.jpg","type":"image\/jpeg"}],"twitter_card":"summary_large_image","twitter_misc":{"Tempo di lettura stimato":"1 minuto"},"schema":{"@context":"https:\/\/schema.org","@graph":[{"@type":"WebPage","@id":"https:\/\/pasitoapasito.es\/it\/prodotto\/copripasseggino-estate-icon-cream\/","url":"https:\/\/pasitoapasito.es\/it\/prodotto\/copripasseggino-estate-icon-cream\/","name":"COPRIPASSEGGINO ESTATE ICON CREAM - Pasito a Pasito","isPartOf":{"@id":"https:\/\/pasitoapasito.es\/fr\/#website"},"primaryImageOfPage":{"@id":"https:\/\/pasitoapasito.es\/it\/prodotto\/copripasseggino-estate-icon-cream\/#primaryimage"},"image":{"@id":"https:\/\/pasitoapasito.es\/it\/prodotto\/copripasseggino-estate-icon-cream\/#primaryimage"},"thumbnailUrl":"https:\/\/pasitoapasito.es\/wp-content\/uploads\/2024\/02\/1120900335_a.jpg","datePublished":"2024-03-22T07:03:59+00:00","dateModified":"2024-03-22T07:40:42+00:00","breadcrumb":{"@id":"https:\/\/pasitoapasito.es\/it\/prodotto\/copripasseggino-estate-icon-cream\/#breadcrumb"},"inLanguage":"it-IT","potentialAction":[{"@type":"ReadAction","target":["https:\/\/pasitoapasito.es\/it\/prodotto\/copripasseggino-estate-icon-cream\/"]}]},{"@type":"ImageObject","inLanguage":"it-IT","@id":"https:\/\/pasitoapasito.es\/it\/prodotto\/copripasseggino-estate-icon-cream\/#primaryimage","url":"https:\/\/pasitoapasito.es\/wp-content\/uploads\/2024\/02\/1120900335_a.jpg","contentUrl":"https:\/\/pasitoapasito.es\/wp-content\/uploads\/2024\/02\/1120900335_a.jpg","width":1200,"height":1200},{"@type":"BreadcrumbList","@id":"https:\/\/pasitoapasito.es\/it\/prodotto\/copripasseggino-estate-icon-cream\/#breadcrumb","itemListElement":[{"@type":"ListItem","position":1,"name":"Tienda","item":"https:\/\/pasitoapasito.es\/tienda\/"},{"@type":"ListItem","position":2,"name":"COPRIPASSEGGINO ESTATE ICON CREAM"}]},{"@type":"WebSite","@id":"https:\/\/pasitoapasito.es\/fr\/#website","url":"https:\/\/pasitoapasito.es\/fr\/","name":"Pasito a Pasito","description":"","potentialAction":[{"@type":"SearchAction","target":{"@type":"EntryPoint","urlTemplate":"https:\/\/pasitoapasito.es\/fr\/?s={search_term_string}"},"query-input":{"@type":"PropertyValueSpecification","valueRequired":true,"valueName":"search_term_string"}}],"inLanguage":"it-IT"}]}},"_links":{"self":[{"href":"https:\/\/pasitoapasito.es\/it\/wp-json\/wp\/v2\/product\/31830","targetHints":{"allow":["GET"]}}],"collection":[{"href":"https:\/\/pasitoapasito.es\/it\/wp-json\/wp\/v2\/product"}],"about":[{"href":"https:\/\/pasitoapasito.es\/it\/wp-json\/wp\/v2\/types\/product"}],"replies":[{"embeddable":true,"href":"https:\/\/pasitoapasito.es\/it\/wp-json\/wp\/v2\/comments?post=31830"}],"wp:featuredmedia":[{"embeddable":true,"href":"https:\/\/pasitoapasito.es\/it\/wp-json\/wp\/v2\/media\/31245"}],"wp:attachment":[{"href":"https:\/\/pasitoapasito.es\/it\/wp-json\/wp\/v2\/media?parent=31830"}],"wp:term":[{"taxonomy":"colecciones","embeddable":true,"href":"https:\/\/pasitoapasito.es\/it\/wp-json\/wp\/v2\/colecciones?post=31830"},{"taxonomy":"product_brand","embeddable":true,"href":"https:\/\/pasitoapasito.es\/it\/wp-json\/wp\/v2\/product_brand?post=31830"},{"taxonomy":"product_cat","embeddable":true,"href":"https:\/\/pasitoapasito.es\/it\/wp-json\/wp\/v2\/product_cat?post=31830"},{"taxonomy":"product_tag","embeddable":true,"href":"https:\/\/pasitoapasito.es\/it\/wp-json\/wp\/v2\/product_tag?post=31830"}],"curies":[{"name":"wp","href":"https:\/\/api.w.org\/{rel}","templated":true}]}}