{"id":31824,"date":"2024-03-22T07:03:57","date_gmt":"2024-03-22T07:03:57","guid":{"rendered":"https:\/\/pasitoapasito.es\/?post_type=product&#038;p=31824"},"modified":"2024-03-22T07:40:44","modified_gmt":"2024-03-22T07:40:44","slug":"sacco-nanna-3-in-1-estate-icon-rose","status":"publish","type":"product","link":"https:\/\/pasitoapasito.es\/it\/prodotto\/sacco-nanna-3-in-1-estate-icon-rose\/","title":{"rendered":"SACCO NANNA 3 IN 1 ESTATE ICON ROSE"},"content":{"rendered":"<p>Il sacco nanna Icon Rose realizzato in tessuto leno e mussola molto morbida. \u00c8 un accessorio versatile 3-in-1 che pu\u00f2 essere utilizzato a casa per coprire il seggiolino auto del Gruppo 0 e funziona anche bene come copertura per la culla. Il retro presenta materiale antisudore che impedisce il sudore eccessivo del bambino e protegge il seggiolino, rendendo il viaggio pi\u00f9 confortevole. Ha un riempimento rimovibile in fibra cava. \u00c8 completamente universale perch\u00e9 ha diverse aperture (occhielli) e regolazioni necessarie per adattarsi alla maggior parte delle culle, dei seggiolini auto e dei passeggini. Un accessorio molto utile e versatile per il tuo bambino. Una volta rimossa la base, diventa un tappetino leggero per il passeggino. Prepara con molto amore il nido rosa per la tua bambina\/bambino e decora i loro sogni con un tocco diverso ovunque lo posizioni. Una coperta imbottita e soffice che consente un riposo pi\u00f9 piacevole con la sua forma accogliente simile a un nido. \u00c8 un bellissimo, semplice e confortevole design che crea un nido per il tuo bambino, mantenendolo comodo e protetto nelle giornate ventose. Il sacco nanna si adatta facilmente a qualsiasi auto per fornire il comfort di cui ha bisogno il tuo bambino. Finiture di alta qualit\u00e0. Tutte le nostre coperture sono realizzate in conformit\u00e0 con le pi\u00f9 rigide normative europee, con materiali di alta qualit\u00e0, privi di coloranti azoici, ftalati e sostanze nocive per la salute. Tessuto facile da pulire, lavabile in lavatrice a 30\u00ba. I prodotti per bambini di Pasito a Pasito hanno un design molto diverso dagli altri. Le loro collezioni sono caratterizzate da un lavoro meticoloso, sempre progettato da un punto di vista pratico. Utilizzano materiali di alta qualit\u00e0 per enfatizzare l&#8217;eleganza e l&#8217;armonia in ciascuno dei loro pezzi. I nostri modelli sono esclusivi e hanno uno stile inconfondibile, progettato per le moderne mamme che hanno buon gusto e apprezzano i dettagli tanto quanto noi. Specifiche: Materiali: 100% cotone. Colore: Rosa. Taglia universale.<\/p>\n","protected":false},"excerpt":{"rendered":"<p>Il sacco nanna Icon Rose realizzato in tessuto leno e mussola molto morbida. \u00c8 un accessorio versatile 3-in-1 che pu\u00f2 essere utilizzato a casa per coprire il seggiolino auto del Gruppo 0 e funziona anche bene come copertura per la culla. Il retro presenta materiale antisudore che impedisce il sudore eccessivo del bambino e protegge [&hellip;]<\/p>\n","protected":false},"featured_media":31039,"comment_status":"closed","ping_status":"closed","template":"","meta":{"_acf_changed":false,"inline_featured_image":false},"colecciones":[],"product_brand":[],"product_cat":[258],"product_tag":[],"class_list":{"0":"post-31824","1":"product","2":"type-product","3":"status-publish","4":"has-post-thumbnail","6":"product_cat-special-prices-it","8":"first","9":"instock","10":"purchasable","11":"product-type-simple"},"acf":[],"yoast_head":"<!-- This site is optimized with the Yoast SEO plugin v27.5 - https:\/\/yoast.com\/product\/yoast-seo-wordpress\/ -->\n<title>SACCO NANNA 3 IN 1 ESTATE ICON ROSE - Pasito a Pasito<\/title>\n<meta name=\"robots\" content=\"index, follow, max-snippet:-1, max-image-preview:large, max-video-preview:-1\" \/>\n<link rel=\"canonical\" href=\"https:\/\/pasitoapasito.es\/it\/prodotto\/sacco-nanna-3-in-1-estate-icon-rose\/\" \/>\n<meta property=\"og:locale\" content=\"it_IT\" \/>\n<meta property=\"og:type\" content=\"article\" \/>\n<meta property=\"og:title\" content=\"SACCO NANNA 3 IN 1 ESTATE ICON ROSE - Pasito a Pasito\" \/>\n<meta property=\"og:description\" content=\"Il sacco nanna Icon Rose realizzato in tessuto leno e mussola molto morbida. \u00c8 un accessorio versatile 3-in-1 che pu\u00f2 essere utilizzato a casa per coprire il seggiolino auto del Gruppo 0 e funziona anche bene come copertura per la culla. Il retro presenta materiale antisudore che impedisce il sudore eccessivo del bambino e protegge [&hellip;]\" \/>\n<meta property=\"og:url\" content=\"https:\/\/pasitoapasito.es\/it\/prodotto\/sacco-nanna-3-in-1-estate-icon-rose\/\" \/>\n<meta property=\"og:site_name\" content=\"Pasito a Pasito\" \/>\n<meta property=\"article:modified_time\" content=\"2024-03-22T07:40:44+00:00\" \/>\n<meta property=\"og:image\" content=\"https:\/\/pasitoapasito.es\/wp-content\/uploads\/2024\/02\/1120900329_a.jpg\" \/>\n\t<meta property=\"og:image:width\" content=\"1200\" \/>\n\t<meta property=\"og:image:height\" content=\"1200\" \/>\n\t<meta property=\"og:image:type\" content=\"image\/jpeg\" \/>\n<meta name=\"twitter:card\" content=\"summary_large_image\" \/>\n<meta name=\"twitter:label1\" content=\"Tempo di lettura stimato\" \/>\n\t<meta name=\"twitter:data1\" content=\"2 minuti\" \/>\n<script type=\"application\/ld+json\" class=\"yoast-schema-graph\">{\"@context\":\"https:\\\/\\\/schema.org\",\"@graph\":[{\"@type\":\"WebPage\",\"@id\":\"https:\\\/\\\/pasitoapasito.es\\\/it\\\/prodotto\\\/sacco-nanna-3-in-1-estate-icon-rose\\\/\",\"url\":\"https:\\\/\\\/pasitoapasito.es\\\/it\\\/prodotto\\\/sacco-nanna-3-in-1-estate-icon-rose\\\/\",\"name\":\"SACCO NANNA 3 IN 1 ESTATE ICON ROSE - Pasito a Pasito\",\"isPartOf\":{\"@id\":\"https:\\\/\\\/pasitoapasito.es\\\/fr\\\/#website\"},\"primaryImageOfPage\":{\"@id\":\"https:\\\/\\\/pasitoapasito.es\\\/it\\\/prodotto\\\/sacco-nanna-3-in-1-estate-icon-rose\\\/#primaryimage\"},\"image\":{\"@id\":\"https:\\\/\\\/pasitoapasito.es\\\/it\\\/prodotto\\\/sacco-nanna-3-in-1-estate-icon-rose\\\/#primaryimage\"},\"thumbnailUrl\":\"https:\\\/\\\/pasitoapasito.es\\\/wp-content\\\/uploads\\\/2024\\\/02\\\/1120900329_a.jpg\",\"datePublished\":\"2024-03-22T07:03:57+00:00\",\"dateModified\":\"2024-03-22T07:40:44+00:00\",\"breadcrumb\":{\"@id\":\"https:\\\/\\\/pasitoapasito.es\\\/it\\\/prodotto\\\/sacco-nanna-3-in-1-estate-icon-rose\\\/#breadcrumb\"},\"inLanguage\":\"it-IT\",\"potentialAction\":[{\"@type\":\"ReadAction\",\"target\":[\"https:\\\/\\\/pasitoapasito.es\\\/it\\\/prodotto\\\/sacco-nanna-3-in-1-estate-icon-rose\\\/\"]}]},{\"@type\":\"ImageObject\",\"inLanguage\":\"it-IT\",\"@id\":\"https:\\\/\\\/pasitoapasito.es\\\/it\\\/prodotto\\\/sacco-nanna-3-in-1-estate-icon-rose\\\/#primaryimage\",\"url\":\"https:\\\/\\\/pasitoapasito.es\\\/wp-content\\\/uploads\\\/2024\\\/02\\\/1120900329_a.jpg\",\"contentUrl\":\"https:\\\/\\\/pasitoapasito.es\\\/wp-content\\\/uploads\\\/2024\\\/02\\\/1120900329_a.jpg\",\"width\":1200,\"height\":1200},{\"@type\":\"BreadcrumbList\",\"@id\":\"https:\\\/\\\/pasitoapasito.es\\\/it\\\/prodotto\\\/sacco-nanna-3-in-1-estate-icon-rose\\\/#breadcrumb\",\"itemListElement\":[{\"@type\":\"ListItem\",\"position\":1,\"name\":\"Tienda\",\"item\":\"https:\\\/\\\/pasitoapasito.es\\\/tienda\\\/\"},{\"@type\":\"ListItem\",\"position\":2,\"name\":\"SACCO NANNA 3 IN 1 ESTATE ICON ROSE\"}]},{\"@type\":\"WebSite\",\"@id\":\"https:\\\/\\\/pasitoapasito.es\\\/fr\\\/#website\",\"url\":\"https:\\\/\\\/pasitoapasito.es\\\/fr\\\/\",\"name\":\"Pasito a Pasito\",\"description\":\"\",\"potentialAction\":[{\"@type\":\"SearchAction\",\"target\":{\"@type\":\"EntryPoint\",\"urlTemplate\":\"https:\\\/\\\/pasitoapasito.es\\\/fr\\\/?s={search_term_string}\"},\"query-input\":{\"@type\":\"PropertyValueSpecification\",\"valueRequired\":true,\"valueName\":\"search_term_string\"}}],\"inLanguage\":\"it-IT\"}]}<\/script>\n<!-- \/ Yoast SEO plugin. -->","yoast_head_json":{"title":"SACCO NANNA 3 IN 1 ESTATE ICON ROSE - Pasito a Pasito","robots":{"index":"index","follow":"follow","max-snippet":"max-snippet:-1","max-image-preview":"max-image-preview:large","max-video-preview":"max-video-preview:-1"},"canonical":"https:\/\/pasitoapasito.es\/it\/prodotto\/sacco-nanna-3-in-1-estate-icon-rose\/","og_locale":"it_IT","og_type":"article","og_title":"SACCO NANNA 3 IN 1 ESTATE ICON ROSE - Pasito a Pasito","og_description":"Il sacco nanna Icon Rose realizzato in tessuto leno e mussola molto morbida. \u00c8 un accessorio versatile 3-in-1 che pu\u00f2 essere utilizzato a casa per coprire il seggiolino auto del Gruppo 0 e funziona anche bene come copertura per la culla. Il retro presenta materiale antisudore che impedisce il sudore eccessivo del bambino e protegge [&hellip;]","og_url":"https:\/\/pasitoapasito.es\/it\/prodotto\/sacco-nanna-3-in-1-estate-icon-rose\/","og_site_name":"Pasito a Pasito","article_modified_time":"2024-03-22T07:40:44+00:00","og_image":[{"width":1200,"height":1200,"url":"https:\/\/pasitoapasito.es\/wp-content\/uploads\/2024\/02\/1120900329_a.jpg","type":"image\/jpeg"}],"twitter_card":"summary_large_image","twitter_misc":{"Tempo di lettura stimato":"2 minuti"},"schema":{"@context":"https:\/\/schema.org","@graph":[{"@type":"WebPage","@id":"https:\/\/pasitoapasito.es\/it\/prodotto\/sacco-nanna-3-in-1-estate-icon-rose\/","url":"https:\/\/pasitoapasito.es\/it\/prodotto\/sacco-nanna-3-in-1-estate-icon-rose\/","name":"SACCO NANNA 3 IN 1 ESTATE ICON ROSE - Pasito a Pasito","isPartOf":{"@id":"https:\/\/pasitoapasito.es\/fr\/#website"},"primaryImageOfPage":{"@id":"https:\/\/pasitoapasito.es\/it\/prodotto\/sacco-nanna-3-in-1-estate-icon-rose\/#primaryimage"},"image":{"@id":"https:\/\/pasitoapasito.es\/it\/prodotto\/sacco-nanna-3-in-1-estate-icon-rose\/#primaryimage"},"thumbnailUrl":"https:\/\/pasitoapasito.es\/wp-content\/uploads\/2024\/02\/1120900329_a.jpg","datePublished":"2024-03-22T07:03:57+00:00","dateModified":"2024-03-22T07:40:44+00:00","breadcrumb":{"@id":"https:\/\/pasitoapasito.es\/it\/prodotto\/sacco-nanna-3-in-1-estate-icon-rose\/#breadcrumb"},"inLanguage":"it-IT","potentialAction":[{"@type":"ReadAction","target":["https:\/\/pasitoapasito.es\/it\/prodotto\/sacco-nanna-3-in-1-estate-icon-rose\/"]}]},{"@type":"ImageObject","inLanguage":"it-IT","@id":"https:\/\/pasitoapasito.es\/it\/prodotto\/sacco-nanna-3-in-1-estate-icon-rose\/#primaryimage","url":"https:\/\/pasitoapasito.es\/wp-content\/uploads\/2024\/02\/1120900329_a.jpg","contentUrl":"https:\/\/pasitoapasito.es\/wp-content\/uploads\/2024\/02\/1120900329_a.jpg","width":1200,"height":1200},{"@type":"BreadcrumbList","@id":"https:\/\/pasitoapasito.es\/it\/prodotto\/sacco-nanna-3-in-1-estate-icon-rose\/#breadcrumb","itemListElement":[{"@type":"ListItem","position":1,"name":"Tienda","item":"https:\/\/pasitoapasito.es\/tienda\/"},{"@type":"ListItem","position":2,"name":"SACCO NANNA 3 IN 1 ESTATE ICON ROSE"}]},{"@type":"WebSite","@id":"https:\/\/pasitoapasito.es\/fr\/#website","url":"https:\/\/pasitoapasito.es\/fr\/","name":"Pasito a Pasito","description":"","potentialAction":[{"@type":"SearchAction","target":{"@type":"EntryPoint","urlTemplate":"https:\/\/pasitoapasito.es\/fr\/?s={search_term_string}"},"query-input":{"@type":"PropertyValueSpecification","valueRequired":true,"valueName":"search_term_string"}}],"inLanguage":"it-IT"}]}},"_links":{"self":[{"href":"https:\/\/pasitoapasito.es\/it\/wp-json\/wp\/v2\/product\/31824","targetHints":{"allow":["GET"]}}],"collection":[{"href":"https:\/\/pasitoapasito.es\/it\/wp-json\/wp\/v2\/product"}],"about":[{"href":"https:\/\/pasitoapasito.es\/it\/wp-json\/wp\/v2\/types\/product"}],"replies":[{"embeddable":true,"href":"https:\/\/pasitoapasito.es\/it\/wp-json\/wp\/v2\/comments?post=31824"}],"wp:featuredmedia":[{"embeddable":true,"href":"https:\/\/pasitoapasito.es\/it\/wp-json\/wp\/v2\/media\/31039"}],"wp:attachment":[{"href":"https:\/\/pasitoapasito.es\/it\/wp-json\/wp\/v2\/media?parent=31824"}],"wp:term":[{"taxonomy":"colecciones","embeddable":true,"href":"https:\/\/pasitoapasito.es\/it\/wp-json\/wp\/v2\/colecciones?post=31824"},{"taxonomy":"product_brand","embeddable":true,"href":"https:\/\/pasitoapasito.es\/it\/wp-json\/wp\/v2\/product_brand?post=31824"},{"taxonomy":"product_cat","embeddable":true,"href":"https:\/\/pasitoapasito.es\/it\/wp-json\/wp\/v2\/product_cat?post=31824"},{"taxonomy":"product_tag","embeddable":true,"href":"https:\/\/pasitoapasito.es\/it\/wp-json\/wp\/v2\/product_tag?post=31824"}],"curies":[{"name":"wp","href":"https:\/\/api.w.org\/{rel}","templated":true}]}}