{"id":31800,"date":"2024-02-23T08:41:20","date_gmt":"2024-02-23T08:41:20","guid":{"rendered":"https:\/\/pasitoapasito.es\/?post_type=product&#038;p=31800"},"modified":"2024-02-23T11:46:29","modified_gmt":"2024-02-23T11:46:29","slug":"copripasseggino-estate-toile-de-jouy-cream","status":"publish","type":"product","link":"https:\/\/pasitoapasito.es\/it\/prodotto\/copripasseggino-estate-toile-de-jouy-cream\/","title":{"rendered":"COPRIPASSEGGINO ESTATE TOILE DE JOUY CREAM"},"content":{"rendered":"<p>La copertura Toile de Jouy Cream di Pasito a Pasito, realizzata in tessuto stampato e mussola molto morbida, \u00e8 ideale per coprire il passeggino con un sacco. \u00c8 progettata sullo schienale con uno strato di tessuto traspirante che isola l&#8217;umidit\u00e0 e previene la sudorazione eccessiva del bambino, rendendo la passeggiata pi\u00f9 confortevole. \u00c8 dotato di imbottitura in fibra cava rimovibile. Appoggia piedi plastificato per una facile pulizia. Ha diverse aperture (occhielli) e regolazioni per adattarsi alla maggior parte dei passeggini, rendendo la passeggiata del tuo bambino sicura e confortevole. \u00c8 un design bello, semplice e confortevole che crea un nido per il tuo bambino, mantenendolo avvolto e protetto nelle giornate ventose. Il sacco si adatta facilmente a qualsiasi auto per garantire il comfort di cui ha bisogno. Finiture di alta qualit\u00e0. Tutte le nostre coperture sono realizzate secondo le normative europee pi\u00f9 rigide, utilizzando materiali di alta qualit\u00e0 privi di coloranti azoici, ftalati e sostanze nocive per la salute. Il tessuto \u00e8 facile da pulire, e si consiglia il lavaggio in lavatrice a 30\u00ba. I prodotti per bambini di Pasito a Pasito hanno un design molto diverso dagli altri. Le loro collezioni si distinguono per il lavoro meticoloso, sempre progettato da un punto di vista pratico. Utilizzano materiali di alta qualit\u00e0 per enfatizzare eleganza e armonia in ciascuno dei loro pezzi. I nostri modelli sono esclusivi e hanno uno stile inequivocabile, progettato per le mamme moderne che hanno buon gusto e apprezzano i dettagli tanto quanto noi. Materiali: 100% cotone. Colore: Crema. Taglia universale.<\/p>\n","protected":false},"excerpt":{"rendered":"<p>La copertura Toile de Jouy Cream di Pasito a Pasito, realizzata in tessuto stampato e mussola molto morbida, \u00e8 ideale per coprire il passeggino con un sacco. \u00c8 progettata sullo schienale con uno strato di tessuto traspirante che isola l&#8217;umidit\u00e0 e previene la sudorazione eccessiva del bambino, rendendo la passeggiata pi\u00f9 confortevole. \u00c8 dotato di [&hellip;]<\/p>\n","protected":false},"featured_media":30415,"comment_status":"closed","ping_status":"open","template":"","meta":{"_acf_changed":false,"inline_featured_image":false},"colecciones":[],"product_brand":[],"product_cat":[146],"product_tag":[],"class_list":{"0":"post-31800","1":"product","2":"type-product","3":"status-publish","4":"has-post-thumbnail","6":"product_cat-materassini-e-copripasseggino","8":"first","9":"instock","10":"purchasable","11":"product-type-simple"},"acf":[],"yoast_head":"<!-- This site is optimized with the Yoast SEO plugin v27.3 - https:\/\/yoast.com\/product\/yoast-seo-wordpress\/ -->\n<title>COPRIPASSEGGINO ESTATE TOILE DE JOUY CREAM - Pasito a Pasito<\/title>\n<meta name=\"robots\" content=\"index, follow, max-snippet:-1, max-image-preview:large, max-video-preview:-1\" \/>\n<link rel=\"canonical\" href=\"https:\/\/pasitoapasito.es\/it\/prodotto\/copripasseggino-estate-toile-de-jouy-cream\/\" \/>\n<meta property=\"og:locale\" content=\"it_IT\" \/>\n<meta property=\"og:type\" content=\"article\" \/>\n<meta property=\"og:title\" content=\"COPRIPASSEGGINO ESTATE TOILE DE JOUY CREAM - Pasito a Pasito\" \/>\n<meta property=\"og:description\" content=\"La copertura Toile de Jouy Cream di Pasito a Pasito, realizzata in tessuto stampato e mussola molto morbida, \u00e8 ideale per coprire il passeggino con un sacco. \u00c8 progettata sullo schienale con uno strato di tessuto traspirante che isola l&#8217;umidit\u00e0 e previene la sudorazione eccessiva del bambino, rendendo la passeggiata pi\u00f9 confortevole. \u00c8 dotato di [&hellip;]\" \/>\n<meta property=\"og:url\" content=\"https:\/\/pasitoapasito.es\/it\/prodotto\/copripasseggino-estate-toile-de-jouy-cream\/\" \/>\n<meta property=\"og:site_name\" content=\"Pasito a Pasito\" \/>\n<meta property=\"article:modified_time\" content=\"2024-02-23T11:46:29+00:00\" \/>\n<meta property=\"og:image\" content=\"https:\/\/pasitoapasito.es\/wp-content\/uploads\/2024\/02\/1120900302_a.jpg\" \/>\n\t<meta property=\"og:image:width\" content=\"1200\" \/>\n\t<meta property=\"og:image:height\" content=\"1200\" \/>\n\t<meta property=\"og:image:type\" content=\"image\/jpeg\" \/>\n<meta name=\"twitter:card\" content=\"summary_large_image\" \/>\n<meta name=\"twitter:label1\" content=\"Tempo di lettura stimato\" \/>\n\t<meta name=\"twitter:data1\" content=\"1 minuto\" \/>\n<script type=\"application\/ld+json\" class=\"yoast-schema-graph\">{\"@context\":\"https:\\\/\\\/schema.org\",\"@graph\":[{\"@type\":\"WebPage\",\"@id\":\"https:\\\/\\\/pasitoapasito.es\\\/it\\\/prodotto\\\/copripasseggino-estate-toile-de-jouy-cream\\\/\",\"url\":\"https:\\\/\\\/pasitoapasito.es\\\/it\\\/prodotto\\\/copripasseggino-estate-toile-de-jouy-cream\\\/\",\"name\":\"COPRIPASSEGGINO ESTATE TOILE DE JOUY CREAM - Pasito a Pasito\",\"isPartOf\":{\"@id\":\"https:\\\/\\\/pasitoapasito.es\\\/fr\\\/#website\"},\"primaryImageOfPage\":{\"@id\":\"https:\\\/\\\/pasitoapasito.es\\\/it\\\/prodotto\\\/copripasseggino-estate-toile-de-jouy-cream\\\/#primaryimage\"},\"image\":{\"@id\":\"https:\\\/\\\/pasitoapasito.es\\\/it\\\/prodotto\\\/copripasseggino-estate-toile-de-jouy-cream\\\/#primaryimage\"},\"thumbnailUrl\":\"https:\\\/\\\/pasitoapasito.es\\\/wp-content\\\/uploads\\\/2024\\\/02\\\/1120900302_a.jpg\",\"datePublished\":\"2024-02-23T08:41:20+00:00\",\"dateModified\":\"2024-02-23T11:46:29+00:00\",\"breadcrumb\":{\"@id\":\"https:\\\/\\\/pasitoapasito.es\\\/it\\\/prodotto\\\/copripasseggino-estate-toile-de-jouy-cream\\\/#breadcrumb\"},\"inLanguage\":\"it-IT\",\"potentialAction\":[{\"@type\":\"ReadAction\",\"target\":[\"https:\\\/\\\/pasitoapasito.es\\\/it\\\/prodotto\\\/copripasseggino-estate-toile-de-jouy-cream\\\/\"]}]},{\"@type\":\"ImageObject\",\"inLanguage\":\"it-IT\",\"@id\":\"https:\\\/\\\/pasitoapasito.es\\\/it\\\/prodotto\\\/copripasseggino-estate-toile-de-jouy-cream\\\/#primaryimage\",\"url\":\"https:\\\/\\\/pasitoapasito.es\\\/wp-content\\\/uploads\\\/2024\\\/02\\\/1120900302_a.jpg\",\"contentUrl\":\"https:\\\/\\\/pasitoapasito.es\\\/wp-content\\\/uploads\\\/2024\\\/02\\\/1120900302_a.jpg\",\"width\":1200,\"height\":1200},{\"@type\":\"BreadcrumbList\",\"@id\":\"https:\\\/\\\/pasitoapasito.es\\\/it\\\/prodotto\\\/copripasseggino-estate-toile-de-jouy-cream\\\/#breadcrumb\",\"itemListElement\":[{\"@type\":\"ListItem\",\"position\":1,\"name\":\"Tienda\",\"item\":\"https:\\\/\\\/pasitoapasito.es\\\/tienda\\\/\"},{\"@type\":\"ListItem\",\"position\":2,\"name\":\"COPRIPASSEGGINO ESTATE TOILE DE JOUY CREAM\"}]},{\"@type\":\"WebSite\",\"@id\":\"https:\\\/\\\/pasitoapasito.es\\\/fr\\\/#website\",\"url\":\"https:\\\/\\\/pasitoapasito.es\\\/fr\\\/\",\"name\":\"Pasito a Pasito\",\"description\":\"\",\"potentialAction\":[{\"@type\":\"SearchAction\",\"target\":{\"@type\":\"EntryPoint\",\"urlTemplate\":\"https:\\\/\\\/pasitoapasito.es\\\/fr\\\/?s={search_term_string}\"},\"query-input\":{\"@type\":\"PropertyValueSpecification\",\"valueRequired\":true,\"valueName\":\"search_term_string\"}}],\"inLanguage\":\"it-IT\"}]}<\/script>\n<!-- \/ Yoast SEO plugin. -->","yoast_head_json":{"title":"COPRIPASSEGGINO ESTATE TOILE DE JOUY CREAM - Pasito a Pasito","robots":{"index":"index","follow":"follow","max-snippet":"max-snippet:-1","max-image-preview":"max-image-preview:large","max-video-preview":"max-video-preview:-1"},"canonical":"https:\/\/pasitoapasito.es\/it\/prodotto\/copripasseggino-estate-toile-de-jouy-cream\/","og_locale":"it_IT","og_type":"article","og_title":"COPRIPASSEGGINO ESTATE TOILE DE JOUY CREAM - Pasito a Pasito","og_description":"La copertura Toile de Jouy Cream di Pasito a Pasito, realizzata in tessuto stampato e mussola molto morbida, \u00e8 ideale per coprire il passeggino con un sacco. \u00c8 progettata sullo schienale con uno strato di tessuto traspirante che isola l&#8217;umidit\u00e0 e previene la sudorazione eccessiva del bambino, rendendo la passeggiata pi\u00f9 confortevole. \u00c8 dotato di [&hellip;]","og_url":"https:\/\/pasitoapasito.es\/it\/prodotto\/copripasseggino-estate-toile-de-jouy-cream\/","og_site_name":"Pasito a Pasito","article_modified_time":"2024-02-23T11:46:29+00:00","og_image":[{"width":1200,"height":1200,"url":"https:\/\/pasitoapasito.es\/wp-content\/uploads\/2024\/02\/1120900302_a.jpg","type":"image\/jpeg"}],"twitter_card":"summary_large_image","twitter_misc":{"Tempo di lettura stimato":"1 minuto"},"schema":{"@context":"https:\/\/schema.org","@graph":[{"@type":"WebPage","@id":"https:\/\/pasitoapasito.es\/it\/prodotto\/copripasseggino-estate-toile-de-jouy-cream\/","url":"https:\/\/pasitoapasito.es\/it\/prodotto\/copripasseggino-estate-toile-de-jouy-cream\/","name":"COPRIPASSEGGINO ESTATE TOILE DE JOUY CREAM - Pasito a Pasito","isPartOf":{"@id":"https:\/\/pasitoapasito.es\/fr\/#website"},"primaryImageOfPage":{"@id":"https:\/\/pasitoapasito.es\/it\/prodotto\/copripasseggino-estate-toile-de-jouy-cream\/#primaryimage"},"image":{"@id":"https:\/\/pasitoapasito.es\/it\/prodotto\/copripasseggino-estate-toile-de-jouy-cream\/#primaryimage"},"thumbnailUrl":"https:\/\/pasitoapasito.es\/wp-content\/uploads\/2024\/02\/1120900302_a.jpg","datePublished":"2024-02-23T08:41:20+00:00","dateModified":"2024-02-23T11:46:29+00:00","breadcrumb":{"@id":"https:\/\/pasitoapasito.es\/it\/prodotto\/copripasseggino-estate-toile-de-jouy-cream\/#breadcrumb"},"inLanguage":"it-IT","potentialAction":[{"@type":"ReadAction","target":["https:\/\/pasitoapasito.es\/it\/prodotto\/copripasseggino-estate-toile-de-jouy-cream\/"]}]},{"@type":"ImageObject","inLanguage":"it-IT","@id":"https:\/\/pasitoapasito.es\/it\/prodotto\/copripasseggino-estate-toile-de-jouy-cream\/#primaryimage","url":"https:\/\/pasitoapasito.es\/wp-content\/uploads\/2024\/02\/1120900302_a.jpg","contentUrl":"https:\/\/pasitoapasito.es\/wp-content\/uploads\/2024\/02\/1120900302_a.jpg","width":1200,"height":1200},{"@type":"BreadcrumbList","@id":"https:\/\/pasitoapasito.es\/it\/prodotto\/copripasseggino-estate-toile-de-jouy-cream\/#breadcrumb","itemListElement":[{"@type":"ListItem","position":1,"name":"Tienda","item":"https:\/\/pasitoapasito.es\/tienda\/"},{"@type":"ListItem","position":2,"name":"COPRIPASSEGGINO ESTATE TOILE DE JOUY CREAM"}]},{"@type":"WebSite","@id":"https:\/\/pasitoapasito.es\/fr\/#website","url":"https:\/\/pasitoapasito.es\/fr\/","name":"Pasito a Pasito","description":"","potentialAction":[{"@type":"SearchAction","target":{"@type":"EntryPoint","urlTemplate":"https:\/\/pasitoapasito.es\/fr\/?s={search_term_string}"},"query-input":{"@type":"PropertyValueSpecification","valueRequired":true,"valueName":"search_term_string"}}],"inLanguage":"it-IT"}]}},"_links":{"self":[{"href":"https:\/\/pasitoapasito.es\/it\/wp-json\/wp\/v2\/product\/31800","targetHints":{"allow":["GET"]}}],"collection":[{"href":"https:\/\/pasitoapasito.es\/it\/wp-json\/wp\/v2\/product"}],"about":[{"href":"https:\/\/pasitoapasito.es\/it\/wp-json\/wp\/v2\/types\/product"}],"replies":[{"embeddable":true,"href":"https:\/\/pasitoapasito.es\/it\/wp-json\/wp\/v2\/comments?post=31800"}],"wp:featuredmedia":[{"embeddable":true,"href":"https:\/\/pasitoapasito.es\/it\/wp-json\/wp\/v2\/media\/30415"}],"wp:attachment":[{"href":"https:\/\/pasitoapasito.es\/it\/wp-json\/wp\/v2\/media?parent=31800"}],"wp:term":[{"taxonomy":"colecciones","embeddable":true,"href":"https:\/\/pasitoapasito.es\/it\/wp-json\/wp\/v2\/colecciones?post=31800"},{"taxonomy":"product_brand","embeddable":true,"href":"https:\/\/pasitoapasito.es\/it\/wp-json\/wp\/v2\/product_brand?post=31800"},{"taxonomy":"product_cat","embeddable":true,"href":"https:\/\/pasitoapasito.es\/it\/wp-json\/wp\/v2\/product_cat?post=31800"},{"taxonomy":"product_tag","embeddable":true,"href":"https:\/\/pasitoapasito.es\/it\/wp-json\/wp\/v2\/product_tag?post=31800"}],"curies":[{"name":"wp","href":"https:\/\/api.w.org\/{rel}","templated":true}]}}