{"id":31792,"date":"2024-02-23T08:41:19","date_gmt":"2024-02-23T08:41:19","guid":{"rendered":"https:\/\/pasitoapasito.es\/?post_type=product&#038;p=31792"},"modified":"2024-02-23T11:46:33","modified_gmt":"2024-02-23T11:46:33","slug":"beauty-toile-de-jouy-cream-2","status":"publish","type":"product","link":"https:\/\/pasitoapasito.es\/it\/prodotto\/beauty-toile-de-jouy-cream-2\/","title":{"rendered":"BEAUTY TOILE DE JOUY CREAM"},"content":{"rendered":"<p>La borsa da viaggio per bambini Toile de Jouy Cream di Pasito a Pasito \u00e8 una piccola borsa appositamente progettata per trasportare tutti i prodotti per l&#8217;igiene del tuo bambino quando esci di casa. \u00c8 un modello unico e alla moda per soddisfare le tue esigenze. \u00c8 realizzato in ecopelle stampata resistente e morbida e ha una forma che consente di inserirlo facilmente nella borsa sul lato del cestino. \u00c8 un design bello, semplice e confortevole che offre uno spazio piccolo ma preciso per portare solo ci\u00f2 di cui hai bisogno per l&#8217;igiene del tuo bambino, pettine, creme e altri piccoli oggetti che a volte si perdono all&#8217;interno della borsa del cestino. Ha una chiusura con cerniera facile da aprire. Finiture di qualit\u00e0. \u00c8 realizzato con materiali di alta qualit\u00e0, privi di coloranti azoici, ftalati e sostanze nocive. Pu\u00f2 anche essere lavato a mano o in lavatrice a una temperatura fino a 30\u00ba. I prodotti per bambini di Pasito a Pasito hanno un design molto diverso dagli altri. Le loro collezioni si distinguono per l&#8217;attenzione ai dettagli, sempre pensata da un punto di vista pratico. Utilizzano materiali di alta qualit\u00e0 per mettere in evidenza l&#8217;eleganza e l&#8217;armonia in ciascuno dei loro pezzi. I nostri modelli sono esclusivi e hanno uno stile inequivocabile, progettato per le moderne mamme che hanno buon gusto e apprezzano i dettagli tanto quanto noi. Specifiche: Materiali: Ecopelle. Colore: Crema. Dimensioni: 21X18X8 cm.<\/p>\n","protected":false},"excerpt":{"rendered":"<p>La borsa da viaggio per bambini Toile de Jouy Cream di Pasito a Pasito \u00e8 una piccola borsa appositamente progettata per trasportare tutti i prodotti per l&#8217;igiene del tuo bambino quando esci di casa. \u00c8 un modello unico e alla moda per soddisfare le tue esigenze. \u00c8 realizzato in ecopelle stampata resistente e morbida e [&hellip;]<\/p>\n","protected":false},"featured_media":30227,"comment_status":"closed","ping_status":"closed","template":"","meta":{"_acf_changed":false,"inline_featured_image":false},"colecciones":[],"product_brand":[],"product_cat":[258],"product_tag":[],"class_list":{"0":"post-31792","1":"product","2":"type-product","3":"status-publish","4":"has-post-thumbnail","6":"product_cat-special-prices-it","8":"first","9":"instock","10":"purchasable","11":"product-type-simple"},"acf":[],"yoast_head":"<!-- This site is optimized with the Yoast SEO plugin v27.5 - https:\/\/yoast.com\/product\/yoast-seo-wordpress\/ -->\n<title>BEAUTY TOILE DE JOUY CREAM - Pasito a Pasito<\/title>\n<meta name=\"robots\" content=\"index, follow, max-snippet:-1, max-image-preview:large, max-video-preview:-1\" \/>\n<link rel=\"canonical\" href=\"https:\/\/pasitoapasito.es\/it\/prodotto\/beauty-toile-de-jouy-cream-2\/\" \/>\n<meta property=\"og:locale\" content=\"it_IT\" \/>\n<meta property=\"og:type\" content=\"article\" \/>\n<meta property=\"og:title\" content=\"BEAUTY TOILE DE JOUY CREAM - Pasito a Pasito\" \/>\n<meta property=\"og:description\" content=\"La borsa da viaggio per bambini Toile de Jouy Cream di Pasito a Pasito \u00e8 una piccola borsa appositamente progettata per trasportare tutti i prodotti per l&#8217;igiene del tuo bambino quando esci di casa. \u00c8 un modello unico e alla moda per soddisfare le tue esigenze. \u00c8 realizzato in ecopelle stampata resistente e morbida e [&hellip;]\" \/>\n<meta property=\"og:url\" content=\"https:\/\/pasitoapasito.es\/it\/prodotto\/beauty-toile-de-jouy-cream-2\/\" \/>\n<meta property=\"og:site_name\" content=\"Pasito a Pasito\" \/>\n<meta property=\"article:modified_time\" content=\"2024-02-23T11:46:33+00:00\" \/>\n<meta property=\"og:image\" content=\"https:\/\/pasitoapasito.es\/wp-content\/uploads\/2024\/02\/1120900292_a.jpg\" \/>\n\t<meta property=\"og:image:width\" content=\"1200\" \/>\n\t<meta property=\"og:image:height\" content=\"1200\" \/>\n\t<meta property=\"og:image:type\" content=\"image\/jpeg\" \/>\n<meta name=\"twitter:card\" content=\"summary_large_image\" \/>\n<meta name=\"twitter:label1\" content=\"Tempo di lettura stimato\" \/>\n\t<meta name=\"twitter:data1\" content=\"1 minuto\" \/>\n<script type=\"application\/ld+json\" class=\"yoast-schema-graph\">{\"@context\":\"https:\\\/\\\/schema.org\",\"@graph\":[{\"@type\":\"WebPage\",\"@id\":\"https:\\\/\\\/pasitoapasito.es\\\/it\\\/prodotto\\\/beauty-toile-de-jouy-cream-2\\\/\",\"url\":\"https:\\\/\\\/pasitoapasito.es\\\/it\\\/prodotto\\\/beauty-toile-de-jouy-cream-2\\\/\",\"name\":\"BEAUTY TOILE DE JOUY CREAM - Pasito a Pasito\",\"isPartOf\":{\"@id\":\"https:\\\/\\\/pasitoapasito.es\\\/fr\\\/#website\"},\"primaryImageOfPage\":{\"@id\":\"https:\\\/\\\/pasitoapasito.es\\\/it\\\/prodotto\\\/beauty-toile-de-jouy-cream-2\\\/#primaryimage\"},\"image\":{\"@id\":\"https:\\\/\\\/pasitoapasito.es\\\/it\\\/prodotto\\\/beauty-toile-de-jouy-cream-2\\\/#primaryimage\"},\"thumbnailUrl\":\"https:\\\/\\\/pasitoapasito.es\\\/wp-content\\\/uploads\\\/2024\\\/02\\\/1120900292_a.jpg\",\"datePublished\":\"2024-02-23T08:41:19+00:00\",\"dateModified\":\"2024-02-23T11:46:33+00:00\",\"breadcrumb\":{\"@id\":\"https:\\\/\\\/pasitoapasito.es\\\/it\\\/prodotto\\\/beauty-toile-de-jouy-cream-2\\\/#breadcrumb\"},\"inLanguage\":\"it-IT\",\"potentialAction\":[{\"@type\":\"ReadAction\",\"target\":[\"https:\\\/\\\/pasitoapasito.es\\\/it\\\/prodotto\\\/beauty-toile-de-jouy-cream-2\\\/\"]}]},{\"@type\":\"ImageObject\",\"inLanguage\":\"it-IT\",\"@id\":\"https:\\\/\\\/pasitoapasito.es\\\/it\\\/prodotto\\\/beauty-toile-de-jouy-cream-2\\\/#primaryimage\",\"url\":\"https:\\\/\\\/pasitoapasito.es\\\/wp-content\\\/uploads\\\/2024\\\/02\\\/1120900292_a.jpg\",\"contentUrl\":\"https:\\\/\\\/pasitoapasito.es\\\/wp-content\\\/uploads\\\/2024\\\/02\\\/1120900292_a.jpg\",\"width\":1200,\"height\":1200},{\"@type\":\"BreadcrumbList\",\"@id\":\"https:\\\/\\\/pasitoapasito.es\\\/it\\\/prodotto\\\/beauty-toile-de-jouy-cream-2\\\/#breadcrumb\",\"itemListElement\":[{\"@type\":\"ListItem\",\"position\":1,\"name\":\"Tienda\",\"item\":\"https:\\\/\\\/pasitoapasito.es\\\/tienda\\\/\"},{\"@type\":\"ListItem\",\"position\":2,\"name\":\"BEAUTY TOILE DE JOUY CREAM\"}]},{\"@type\":\"WebSite\",\"@id\":\"https:\\\/\\\/pasitoapasito.es\\\/fr\\\/#website\",\"url\":\"https:\\\/\\\/pasitoapasito.es\\\/fr\\\/\",\"name\":\"Pasito a Pasito\",\"description\":\"\",\"potentialAction\":[{\"@type\":\"SearchAction\",\"target\":{\"@type\":\"EntryPoint\",\"urlTemplate\":\"https:\\\/\\\/pasitoapasito.es\\\/fr\\\/?s={search_term_string}\"},\"query-input\":{\"@type\":\"PropertyValueSpecification\",\"valueRequired\":true,\"valueName\":\"search_term_string\"}}],\"inLanguage\":\"it-IT\"}]}<\/script>\n<!-- \/ Yoast SEO plugin. -->","yoast_head_json":{"title":"BEAUTY TOILE DE JOUY CREAM - Pasito a Pasito","robots":{"index":"index","follow":"follow","max-snippet":"max-snippet:-1","max-image-preview":"max-image-preview:large","max-video-preview":"max-video-preview:-1"},"canonical":"https:\/\/pasitoapasito.es\/it\/prodotto\/beauty-toile-de-jouy-cream-2\/","og_locale":"it_IT","og_type":"article","og_title":"BEAUTY TOILE DE JOUY CREAM - Pasito a Pasito","og_description":"La borsa da viaggio per bambini Toile de Jouy Cream di Pasito a Pasito \u00e8 una piccola borsa appositamente progettata per trasportare tutti i prodotti per l&#8217;igiene del tuo bambino quando esci di casa. \u00c8 un modello unico e alla moda per soddisfare le tue esigenze. \u00c8 realizzato in ecopelle stampata resistente e morbida e [&hellip;]","og_url":"https:\/\/pasitoapasito.es\/it\/prodotto\/beauty-toile-de-jouy-cream-2\/","og_site_name":"Pasito a Pasito","article_modified_time":"2024-02-23T11:46:33+00:00","og_image":[{"width":1200,"height":1200,"url":"https:\/\/pasitoapasito.es\/wp-content\/uploads\/2024\/02\/1120900292_a.jpg","type":"image\/jpeg"}],"twitter_card":"summary_large_image","twitter_misc":{"Tempo di lettura stimato":"1 minuto"},"schema":{"@context":"https:\/\/schema.org","@graph":[{"@type":"WebPage","@id":"https:\/\/pasitoapasito.es\/it\/prodotto\/beauty-toile-de-jouy-cream-2\/","url":"https:\/\/pasitoapasito.es\/it\/prodotto\/beauty-toile-de-jouy-cream-2\/","name":"BEAUTY TOILE DE JOUY CREAM - Pasito a Pasito","isPartOf":{"@id":"https:\/\/pasitoapasito.es\/fr\/#website"},"primaryImageOfPage":{"@id":"https:\/\/pasitoapasito.es\/it\/prodotto\/beauty-toile-de-jouy-cream-2\/#primaryimage"},"image":{"@id":"https:\/\/pasitoapasito.es\/it\/prodotto\/beauty-toile-de-jouy-cream-2\/#primaryimage"},"thumbnailUrl":"https:\/\/pasitoapasito.es\/wp-content\/uploads\/2024\/02\/1120900292_a.jpg","datePublished":"2024-02-23T08:41:19+00:00","dateModified":"2024-02-23T11:46:33+00:00","breadcrumb":{"@id":"https:\/\/pasitoapasito.es\/it\/prodotto\/beauty-toile-de-jouy-cream-2\/#breadcrumb"},"inLanguage":"it-IT","potentialAction":[{"@type":"ReadAction","target":["https:\/\/pasitoapasito.es\/it\/prodotto\/beauty-toile-de-jouy-cream-2\/"]}]},{"@type":"ImageObject","inLanguage":"it-IT","@id":"https:\/\/pasitoapasito.es\/it\/prodotto\/beauty-toile-de-jouy-cream-2\/#primaryimage","url":"https:\/\/pasitoapasito.es\/wp-content\/uploads\/2024\/02\/1120900292_a.jpg","contentUrl":"https:\/\/pasitoapasito.es\/wp-content\/uploads\/2024\/02\/1120900292_a.jpg","width":1200,"height":1200},{"@type":"BreadcrumbList","@id":"https:\/\/pasitoapasito.es\/it\/prodotto\/beauty-toile-de-jouy-cream-2\/#breadcrumb","itemListElement":[{"@type":"ListItem","position":1,"name":"Tienda","item":"https:\/\/pasitoapasito.es\/tienda\/"},{"@type":"ListItem","position":2,"name":"BEAUTY TOILE DE JOUY CREAM"}]},{"@type":"WebSite","@id":"https:\/\/pasitoapasito.es\/fr\/#website","url":"https:\/\/pasitoapasito.es\/fr\/","name":"Pasito a Pasito","description":"","potentialAction":[{"@type":"SearchAction","target":{"@type":"EntryPoint","urlTemplate":"https:\/\/pasitoapasito.es\/fr\/?s={search_term_string}"},"query-input":{"@type":"PropertyValueSpecification","valueRequired":true,"valueName":"search_term_string"}}],"inLanguage":"it-IT"}]}},"_links":{"self":[{"href":"https:\/\/pasitoapasito.es\/it\/wp-json\/wp\/v2\/product\/31792","targetHints":{"allow":["GET"]}}],"collection":[{"href":"https:\/\/pasitoapasito.es\/it\/wp-json\/wp\/v2\/product"}],"about":[{"href":"https:\/\/pasitoapasito.es\/it\/wp-json\/wp\/v2\/types\/product"}],"replies":[{"embeddable":true,"href":"https:\/\/pasitoapasito.es\/it\/wp-json\/wp\/v2\/comments?post=31792"}],"wp:featuredmedia":[{"embeddable":true,"href":"https:\/\/pasitoapasito.es\/it\/wp-json\/wp\/v2\/media\/30227"}],"wp:attachment":[{"href":"https:\/\/pasitoapasito.es\/it\/wp-json\/wp\/v2\/media?parent=31792"}],"wp:term":[{"taxonomy":"colecciones","embeddable":true,"href":"https:\/\/pasitoapasito.es\/it\/wp-json\/wp\/v2\/colecciones?post=31792"},{"taxonomy":"product_brand","embeddable":true,"href":"https:\/\/pasitoapasito.es\/it\/wp-json\/wp\/v2\/product_brand?post=31792"},{"taxonomy":"product_cat","embeddable":true,"href":"https:\/\/pasitoapasito.es\/it\/wp-json\/wp\/v2\/product_cat?post=31792"},{"taxonomy":"product_tag","embeddable":true,"href":"https:\/\/pasitoapasito.es\/it\/wp-json\/wp\/v2\/product_tag?post=31792"}],"curies":[{"name":"wp","href":"https:\/\/api.w.org\/{rel}","templated":true}]}}