{"id":31790,"date":"2024-02-23T08:41:18","date_gmt":"2024-02-23T08:41:18","guid":{"rendered":"https:\/\/pasitoapasito.es\/?post_type=product&#038;p=31790"},"modified":"2024-02-23T11:46:34","modified_gmt":"2024-02-23T11:46:34","slug":"valigia-toile-de-jouy-cream","status":"publish","type":"product","link":"https:\/\/pasitoapasito.es\/it\/prodotto\/valigia-toile-de-jouy-cream\/","title":{"rendered":"VALIGIA TOILE DE JOUY CREAM"},"content":{"rendered":"<p>La valigia Toile de Jouy Cream di Pasito a Pasito \u00e8 la borsa perfetta per l&#8217;ospedale\/clinica. \u00c8 un modello unico e alla moda appositamente progettato per portare tutto ci\u00f2 di cui hai bisogno per te, il pap\u00e0, e il bambino. \u00c8 realizzato in ecopelle stampata resistente e morbida. La sua forma rettangolare offre comfort e ti permette di avere tutto ci\u00f2 di cui hai bisogno (vestiti o accessori) coperto durante il giorno della nascita del bambino. \u00c8 un design semplice, moderno e pratico che offre grande capacit\u00e0 per portare molte cose e ha un&#8217;apertura pratica per facilitare la ricerca di ci\u00f2 che hai memorizzato. Viene fornito con un manico lungo per appenderlo sulla spalla e due manici corti per portarlo a mano se preferisci. Finiture di alta qualit\u00e0. La borsa dell&#8217;ospedale ha una fodera interna con elastici per tenere i vestiti e si chiude in modo sicuro con una cerniera a due lati che consente di aprire completamente il coperchio. Realizzato con materiali di alta qualit\u00e0, privi di coloranti azoici, ftalati e sostanze nocive. Pu\u00f2 anche essere lavato a mano o in lavatrice a una temperatura fino a 30\u00ba. I prodotti per bambini di Pasito a Pasito hanno un design molto diverso dagli altri. Le loro collezioni si distinguono per l&#8217;attenzione ai dettagli, sempre pensata da un punto di vista pratico. Utilizzano materiali di alta qualit\u00e0 per mettere in evidenza l&#8217;eleganza e l&#8217;armonia in ciascuno dei loro pezzi. I nostri modelli sono esclusivi e hanno uno stile inequivocabile, progettato per le moderne mamme che hanno buon gusto e apprezzano i dettagli tanto quanto noi. Specifiche: Materiali: Ecopelle. Colore: Crema. Dimensioni: 44X36X16 cm.<\/p>\n","protected":false},"excerpt":{"rendered":"<p>La valigia Toile de Jouy Cream di Pasito a Pasito \u00e8 la borsa perfetta per l&#8217;ospedale\/clinica. \u00c8 un modello unico e alla moda appositamente progettato per portare tutto ci\u00f2 di cui hai bisogno per te, il pap\u00e0, e il bambino. \u00c8 realizzato in ecopelle stampata resistente e morbida. La sua forma rettangolare offre comfort e [&hellip;]<\/p>\n","protected":false},"featured_media":30145,"comment_status":"closed","ping_status":"closed","template":"","meta":{"_acf_changed":false,"inline_featured_image":false},"colecciones":[],"product_brand":[],"product_cat":[258],"product_tag":[],"class_list":{"0":"post-31790","1":"product","2":"type-product","3":"status-publish","4":"has-post-thumbnail","6":"product_cat-special-prices-it","8":"first","9":"instock","10":"purchasable","11":"product-type-simple"},"acf":[],"yoast_head":"<!-- This site is optimized with the Yoast SEO plugin v27.3 - https:\/\/yoast.com\/product\/yoast-seo-wordpress\/ -->\n<title>VALIGIA TOILE DE JOUY CREAM - Pasito a Pasito<\/title>\n<meta name=\"robots\" content=\"index, follow, max-snippet:-1, max-image-preview:large, max-video-preview:-1\" \/>\n<link rel=\"canonical\" href=\"https:\/\/pasitoapasito.es\/it\/prodotto\/valigia-toile-de-jouy-cream\/\" \/>\n<meta property=\"og:locale\" content=\"it_IT\" \/>\n<meta property=\"og:type\" content=\"article\" \/>\n<meta property=\"og:title\" content=\"VALIGIA TOILE DE JOUY CREAM - Pasito a Pasito\" \/>\n<meta property=\"og:description\" content=\"La valigia Toile de Jouy Cream di Pasito a Pasito \u00e8 la borsa perfetta per l&#8217;ospedale\/clinica. \u00c8 un modello unico e alla moda appositamente progettato per portare tutto ci\u00f2 di cui hai bisogno per te, il pap\u00e0, e il bambino. \u00c8 realizzato in ecopelle stampata resistente e morbida. La sua forma rettangolare offre comfort e [&hellip;]\" \/>\n<meta property=\"og:url\" content=\"https:\/\/pasitoapasito.es\/it\/prodotto\/valigia-toile-de-jouy-cream\/\" \/>\n<meta property=\"og:site_name\" content=\"Pasito a Pasito\" \/>\n<meta property=\"article:modified_time\" content=\"2024-02-23T11:46:34+00:00\" \/>\n<meta property=\"og:image\" content=\"https:\/\/pasitoapasito.es\/wp-content\/uploads\/2024\/02\/1120900290_a.jpg\" \/>\n\t<meta property=\"og:image:width\" content=\"1200\" \/>\n\t<meta property=\"og:image:height\" content=\"1200\" \/>\n\t<meta property=\"og:image:type\" content=\"image\/jpeg\" \/>\n<meta name=\"twitter:card\" content=\"summary_large_image\" \/>\n<meta name=\"twitter:label1\" content=\"Tempo di lettura stimato\" \/>\n\t<meta name=\"twitter:data1\" content=\"1 minuto\" \/>\n<script type=\"application\/ld+json\" class=\"yoast-schema-graph\">{\"@context\":\"https:\\\/\\\/schema.org\",\"@graph\":[{\"@type\":\"WebPage\",\"@id\":\"https:\\\/\\\/pasitoapasito.es\\\/it\\\/prodotto\\\/valigia-toile-de-jouy-cream\\\/\",\"url\":\"https:\\\/\\\/pasitoapasito.es\\\/it\\\/prodotto\\\/valigia-toile-de-jouy-cream\\\/\",\"name\":\"VALIGIA TOILE DE JOUY CREAM - Pasito a Pasito\",\"isPartOf\":{\"@id\":\"https:\\\/\\\/pasitoapasito.es\\\/fr\\\/#website\"},\"primaryImageOfPage\":{\"@id\":\"https:\\\/\\\/pasitoapasito.es\\\/it\\\/prodotto\\\/valigia-toile-de-jouy-cream\\\/#primaryimage\"},\"image\":{\"@id\":\"https:\\\/\\\/pasitoapasito.es\\\/it\\\/prodotto\\\/valigia-toile-de-jouy-cream\\\/#primaryimage\"},\"thumbnailUrl\":\"https:\\\/\\\/pasitoapasito.es\\\/wp-content\\\/uploads\\\/2024\\\/02\\\/1120900290_a.jpg\",\"datePublished\":\"2024-02-23T08:41:18+00:00\",\"dateModified\":\"2024-02-23T11:46:34+00:00\",\"breadcrumb\":{\"@id\":\"https:\\\/\\\/pasitoapasito.es\\\/it\\\/prodotto\\\/valigia-toile-de-jouy-cream\\\/#breadcrumb\"},\"inLanguage\":\"it-IT\",\"potentialAction\":[{\"@type\":\"ReadAction\",\"target\":[\"https:\\\/\\\/pasitoapasito.es\\\/it\\\/prodotto\\\/valigia-toile-de-jouy-cream\\\/\"]}]},{\"@type\":\"ImageObject\",\"inLanguage\":\"it-IT\",\"@id\":\"https:\\\/\\\/pasitoapasito.es\\\/it\\\/prodotto\\\/valigia-toile-de-jouy-cream\\\/#primaryimage\",\"url\":\"https:\\\/\\\/pasitoapasito.es\\\/wp-content\\\/uploads\\\/2024\\\/02\\\/1120900290_a.jpg\",\"contentUrl\":\"https:\\\/\\\/pasitoapasito.es\\\/wp-content\\\/uploads\\\/2024\\\/02\\\/1120900290_a.jpg\",\"width\":1200,\"height\":1200},{\"@type\":\"BreadcrumbList\",\"@id\":\"https:\\\/\\\/pasitoapasito.es\\\/it\\\/prodotto\\\/valigia-toile-de-jouy-cream\\\/#breadcrumb\",\"itemListElement\":[{\"@type\":\"ListItem\",\"position\":1,\"name\":\"Tienda\",\"item\":\"https:\\\/\\\/pasitoapasito.es\\\/tienda\\\/\"},{\"@type\":\"ListItem\",\"position\":2,\"name\":\"VALIGIA TOILE DE JOUY CREAM\"}]},{\"@type\":\"WebSite\",\"@id\":\"https:\\\/\\\/pasitoapasito.es\\\/fr\\\/#website\",\"url\":\"https:\\\/\\\/pasitoapasito.es\\\/fr\\\/\",\"name\":\"Pasito a Pasito\",\"description\":\"\",\"potentialAction\":[{\"@type\":\"SearchAction\",\"target\":{\"@type\":\"EntryPoint\",\"urlTemplate\":\"https:\\\/\\\/pasitoapasito.es\\\/fr\\\/?s={search_term_string}\"},\"query-input\":{\"@type\":\"PropertyValueSpecification\",\"valueRequired\":true,\"valueName\":\"search_term_string\"}}],\"inLanguage\":\"it-IT\"}]}<\/script>\n<!-- \/ Yoast SEO plugin. -->","yoast_head_json":{"title":"VALIGIA TOILE DE JOUY CREAM - Pasito a Pasito","robots":{"index":"index","follow":"follow","max-snippet":"max-snippet:-1","max-image-preview":"max-image-preview:large","max-video-preview":"max-video-preview:-1"},"canonical":"https:\/\/pasitoapasito.es\/it\/prodotto\/valigia-toile-de-jouy-cream\/","og_locale":"it_IT","og_type":"article","og_title":"VALIGIA TOILE DE JOUY CREAM - Pasito a Pasito","og_description":"La valigia Toile de Jouy Cream di Pasito a Pasito \u00e8 la borsa perfetta per l&#8217;ospedale\/clinica. \u00c8 un modello unico e alla moda appositamente progettato per portare tutto ci\u00f2 di cui hai bisogno per te, il pap\u00e0, e il bambino. \u00c8 realizzato in ecopelle stampata resistente e morbida. La sua forma rettangolare offre comfort e [&hellip;]","og_url":"https:\/\/pasitoapasito.es\/it\/prodotto\/valigia-toile-de-jouy-cream\/","og_site_name":"Pasito a Pasito","article_modified_time":"2024-02-23T11:46:34+00:00","og_image":[{"width":1200,"height":1200,"url":"https:\/\/pasitoapasito.es\/wp-content\/uploads\/2024\/02\/1120900290_a.jpg","type":"image\/jpeg"}],"twitter_card":"summary_large_image","twitter_misc":{"Tempo di lettura stimato":"1 minuto"},"schema":{"@context":"https:\/\/schema.org","@graph":[{"@type":"WebPage","@id":"https:\/\/pasitoapasito.es\/it\/prodotto\/valigia-toile-de-jouy-cream\/","url":"https:\/\/pasitoapasito.es\/it\/prodotto\/valigia-toile-de-jouy-cream\/","name":"VALIGIA TOILE DE JOUY CREAM - Pasito a Pasito","isPartOf":{"@id":"https:\/\/pasitoapasito.es\/fr\/#website"},"primaryImageOfPage":{"@id":"https:\/\/pasitoapasito.es\/it\/prodotto\/valigia-toile-de-jouy-cream\/#primaryimage"},"image":{"@id":"https:\/\/pasitoapasito.es\/it\/prodotto\/valigia-toile-de-jouy-cream\/#primaryimage"},"thumbnailUrl":"https:\/\/pasitoapasito.es\/wp-content\/uploads\/2024\/02\/1120900290_a.jpg","datePublished":"2024-02-23T08:41:18+00:00","dateModified":"2024-02-23T11:46:34+00:00","breadcrumb":{"@id":"https:\/\/pasitoapasito.es\/it\/prodotto\/valigia-toile-de-jouy-cream\/#breadcrumb"},"inLanguage":"it-IT","potentialAction":[{"@type":"ReadAction","target":["https:\/\/pasitoapasito.es\/it\/prodotto\/valigia-toile-de-jouy-cream\/"]}]},{"@type":"ImageObject","inLanguage":"it-IT","@id":"https:\/\/pasitoapasito.es\/it\/prodotto\/valigia-toile-de-jouy-cream\/#primaryimage","url":"https:\/\/pasitoapasito.es\/wp-content\/uploads\/2024\/02\/1120900290_a.jpg","contentUrl":"https:\/\/pasitoapasito.es\/wp-content\/uploads\/2024\/02\/1120900290_a.jpg","width":1200,"height":1200},{"@type":"BreadcrumbList","@id":"https:\/\/pasitoapasito.es\/it\/prodotto\/valigia-toile-de-jouy-cream\/#breadcrumb","itemListElement":[{"@type":"ListItem","position":1,"name":"Tienda","item":"https:\/\/pasitoapasito.es\/tienda\/"},{"@type":"ListItem","position":2,"name":"VALIGIA TOILE DE JOUY CREAM"}]},{"@type":"WebSite","@id":"https:\/\/pasitoapasito.es\/fr\/#website","url":"https:\/\/pasitoapasito.es\/fr\/","name":"Pasito a Pasito","description":"","potentialAction":[{"@type":"SearchAction","target":{"@type":"EntryPoint","urlTemplate":"https:\/\/pasitoapasito.es\/fr\/?s={search_term_string}"},"query-input":{"@type":"PropertyValueSpecification","valueRequired":true,"valueName":"search_term_string"}}],"inLanguage":"it-IT"}]}},"_links":{"self":[{"href":"https:\/\/pasitoapasito.es\/it\/wp-json\/wp\/v2\/product\/31790","targetHints":{"allow":["GET"]}}],"collection":[{"href":"https:\/\/pasitoapasito.es\/it\/wp-json\/wp\/v2\/product"}],"about":[{"href":"https:\/\/pasitoapasito.es\/it\/wp-json\/wp\/v2\/types\/product"}],"replies":[{"embeddable":true,"href":"https:\/\/pasitoapasito.es\/it\/wp-json\/wp\/v2\/comments?post=31790"}],"wp:featuredmedia":[{"embeddable":true,"href":"https:\/\/pasitoapasito.es\/it\/wp-json\/wp\/v2\/media\/30145"}],"wp:attachment":[{"href":"https:\/\/pasitoapasito.es\/it\/wp-json\/wp\/v2\/media?parent=31790"}],"wp:term":[{"taxonomy":"colecciones","embeddable":true,"href":"https:\/\/pasitoapasito.es\/it\/wp-json\/wp\/v2\/colecciones?post=31790"},{"taxonomy":"product_brand","embeddable":true,"href":"https:\/\/pasitoapasito.es\/it\/wp-json\/wp\/v2\/product_brand?post=31790"},{"taxonomy":"product_cat","embeddable":true,"href":"https:\/\/pasitoapasito.es\/it\/wp-json\/wp\/v2\/product_cat?post=31790"},{"taxonomy":"product_tag","embeddable":true,"href":"https:\/\/pasitoapasito.es\/it\/wp-json\/wp\/v2\/product_tag?post=31790"}],"curies":[{"name":"wp","href":"https:\/\/api.w.org\/{rel}","templated":true}]}}