{"id":31787,"date":"2024-02-23T08:41:18","date_gmt":"2024-02-23T08:41:18","guid":{"rendered":"https:\/\/pasitoapasito.es\/?post_type=product&#038;p=31787"},"modified":"2024-02-23T11:46:33","modified_gmt":"2024-02-23T11:46:33","slug":"zaino-toile-de-jouy-forest","status":"publish","type":"product","link":"https:\/\/pasitoapasito.es\/it\/prodotto\/zaino-toile-de-jouy-forest\/","title":{"rendered":"ZAINO TOILE DE JOUY FOREST"},"content":{"rendered":"<p>Zaino in ecopelle stampata Toile de Jouy Forest. Ampia capacit\u00e0 per portare tutto ci\u00f2 di cui hai bisogno tu e il tuo bambino. Tasche interne ed esterne per mantenere tutto organizzato e a portata di mano. Ha una tasca interna termica per le bottiglie del bambino e una tasca plastificata per i vestiti bagnati. Tasca esterna anteriore con chiusura a zip e due tasche laterali per bottiglie o biberon. Compartimento per laptop o tablet. Ha 2 grandi manici regolabili in modo da poterlo indossare sulla schiena e altri due piccoli manici per appenderlo al passeggino del bambino. Incorpora una cinghia posteriore per fissarlo alla valigia del carrello. \u00c8 realizzato con materiali di alta qualit\u00e0, privi di coloranti azoici, ftalati e sostanze nocive per la salute. Pu\u00f2 essere lavato a mano o in lavatrice a temperature fino a 30\u00ba. I prodotti per bambini Pasito a Pasito hanno un design molto diverso dagli altri. Le loro collezioni si contraddistinguono per l&#8217;attenzione ai dettagli, sempre pensata da un punto di vista pratico. Utilizzano materiali di alta qualit\u00e0 per mettere in evidenza l&#8217;eleganza e l&#8217;armonia in ciascuno dei loro pezzi. I nostri modelli sono esclusivi e hanno uno stile inconfondibile, progettato per le moderne mamme che hanno buon gusto e che apprezzano i dettagli tanto quanto noi. Specifiche: Materiali: Ecopelle. Colore: Forest. Dimensioni: 40X18X42 cm.<\/p>\n","protected":false},"excerpt":{"rendered":"<p>Zaino in ecopelle stampata Toile de Jouy Forest. Ampia capacit\u00e0 per portare tutto ci\u00f2 di cui hai bisogno tu e il tuo bambino. Tasche interne ed esterne per mantenere tutto organizzato e a portata di mano. Ha una tasca interna termica per le bottiglie del bambino e una tasca plastificata per i vestiti bagnati. Tasca [&hellip;]<\/p>\n","protected":false},"featured_media":30038,"comment_status":"closed","ping_status":"closed","template":"","meta":{"_acf_changed":false,"inline_featured_image":false},"colecciones":[],"product_brand":[],"product_cat":[258],"product_tag":[],"class_list":{"0":"post-31787","1":"product","2":"type-product","3":"status-publish","4":"has-post-thumbnail","6":"product_cat-special-prices-it","8":"first","9":"instock","10":"purchasable","11":"product-type-simple"},"acf":[],"yoast_head":"<!-- This site is optimized with the Yoast SEO plugin v27.5 - https:\/\/yoast.com\/product\/yoast-seo-wordpress\/ -->\n<title>ZAINO TOILE DE JOUY FOREST - Pasito a Pasito<\/title>\n<meta name=\"robots\" content=\"index, follow, max-snippet:-1, max-image-preview:large, max-video-preview:-1\" \/>\n<link rel=\"canonical\" href=\"https:\/\/pasitoapasito.es\/it\/prodotto\/zaino-toile-de-jouy-forest\/\" \/>\n<meta property=\"og:locale\" content=\"it_IT\" \/>\n<meta property=\"og:type\" content=\"article\" \/>\n<meta property=\"og:title\" content=\"ZAINO TOILE DE JOUY FOREST - Pasito a Pasito\" \/>\n<meta property=\"og:description\" content=\"Zaino in ecopelle stampata Toile de Jouy Forest. Ampia capacit\u00e0 per portare tutto ci\u00f2 di cui hai bisogno tu e il tuo bambino. Tasche interne ed esterne per mantenere tutto organizzato e a portata di mano. Ha una tasca interna termica per le bottiglie del bambino e una tasca plastificata per i vestiti bagnati. Tasca [&hellip;]\" \/>\n<meta property=\"og:url\" content=\"https:\/\/pasitoapasito.es\/it\/prodotto\/zaino-toile-de-jouy-forest\/\" \/>\n<meta property=\"og:site_name\" content=\"Pasito a Pasito\" \/>\n<meta property=\"article:modified_time\" content=\"2024-02-23T11:46:33+00:00\" \/>\n<meta property=\"og:image\" content=\"https:\/\/pasitoapasito.es\/wp-content\/uploads\/2024\/02\/1120900287_a.jpg\" \/>\n\t<meta property=\"og:image:width\" content=\"1200\" \/>\n\t<meta property=\"og:image:height\" content=\"1200\" \/>\n\t<meta property=\"og:image:type\" content=\"image\/jpeg\" \/>\n<meta name=\"twitter:card\" content=\"summary_large_image\" \/>\n<meta name=\"twitter:label1\" content=\"Tempo di lettura stimato\" \/>\n\t<meta name=\"twitter:data1\" content=\"1 minuto\" \/>\n<script type=\"application\/ld+json\" class=\"yoast-schema-graph\">{\"@context\":\"https:\\\/\\\/schema.org\",\"@graph\":[{\"@type\":\"WebPage\",\"@id\":\"https:\\\/\\\/pasitoapasito.es\\\/it\\\/prodotto\\\/zaino-toile-de-jouy-forest\\\/\",\"url\":\"https:\\\/\\\/pasitoapasito.es\\\/it\\\/prodotto\\\/zaino-toile-de-jouy-forest\\\/\",\"name\":\"ZAINO TOILE DE JOUY FOREST - Pasito a Pasito\",\"isPartOf\":{\"@id\":\"https:\\\/\\\/pasitoapasito.es\\\/fr\\\/#website\"},\"primaryImageOfPage\":{\"@id\":\"https:\\\/\\\/pasitoapasito.es\\\/it\\\/prodotto\\\/zaino-toile-de-jouy-forest\\\/#primaryimage\"},\"image\":{\"@id\":\"https:\\\/\\\/pasitoapasito.es\\\/it\\\/prodotto\\\/zaino-toile-de-jouy-forest\\\/#primaryimage\"},\"thumbnailUrl\":\"https:\\\/\\\/pasitoapasito.es\\\/wp-content\\\/uploads\\\/2024\\\/02\\\/1120900287_a.jpg\",\"datePublished\":\"2024-02-23T08:41:18+00:00\",\"dateModified\":\"2024-02-23T11:46:33+00:00\",\"breadcrumb\":{\"@id\":\"https:\\\/\\\/pasitoapasito.es\\\/it\\\/prodotto\\\/zaino-toile-de-jouy-forest\\\/#breadcrumb\"},\"inLanguage\":\"it-IT\",\"potentialAction\":[{\"@type\":\"ReadAction\",\"target\":[\"https:\\\/\\\/pasitoapasito.es\\\/it\\\/prodotto\\\/zaino-toile-de-jouy-forest\\\/\"]}]},{\"@type\":\"ImageObject\",\"inLanguage\":\"it-IT\",\"@id\":\"https:\\\/\\\/pasitoapasito.es\\\/it\\\/prodotto\\\/zaino-toile-de-jouy-forest\\\/#primaryimage\",\"url\":\"https:\\\/\\\/pasitoapasito.es\\\/wp-content\\\/uploads\\\/2024\\\/02\\\/1120900287_a.jpg\",\"contentUrl\":\"https:\\\/\\\/pasitoapasito.es\\\/wp-content\\\/uploads\\\/2024\\\/02\\\/1120900287_a.jpg\",\"width\":1200,\"height\":1200},{\"@type\":\"BreadcrumbList\",\"@id\":\"https:\\\/\\\/pasitoapasito.es\\\/it\\\/prodotto\\\/zaino-toile-de-jouy-forest\\\/#breadcrumb\",\"itemListElement\":[{\"@type\":\"ListItem\",\"position\":1,\"name\":\"Tienda\",\"item\":\"https:\\\/\\\/pasitoapasito.es\\\/tienda\\\/\"},{\"@type\":\"ListItem\",\"position\":2,\"name\":\"ZAINO TOILE DE JOUY FOREST\"}]},{\"@type\":\"WebSite\",\"@id\":\"https:\\\/\\\/pasitoapasito.es\\\/fr\\\/#website\",\"url\":\"https:\\\/\\\/pasitoapasito.es\\\/fr\\\/\",\"name\":\"Pasito a Pasito\",\"description\":\"\",\"potentialAction\":[{\"@type\":\"SearchAction\",\"target\":{\"@type\":\"EntryPoint\",\"urlTemplate\":\"https:\\\/\\\/pasitoapasito.es\\\/fr\\\/?s={search_term_string}\"},\"query-input\":{\"@type\":\"PropertyValueSpecification\",\"valueRequired\":true,\"valueName\":\"search_term_string\"}}],\"inLanguage\":\"it-IT\"}]}<\/script>\n<!-- \/ Yoast SEO plugin. -->","yoast_head_json":{"title":"ZAINO TOILE DE JOUY FOREST - Pasito a Pasito","robots":{"index":"index","follow":"follow","max-snippet":"max-snippet:-1","max-image-preview":"max-image-preview:large","max-video-preview":"max-video-preview:-1"},"canonical":"https:\/\/pasitoapasito.es\/it\/prodotto\/zaino-toile-de-jouy-forest\/","og_locale":"it_IT","og_type":"article","og_title":"ZAINO TOILE DE JOUY FOREST - Pasito a Pasito","og_description":"Zaino in ecopelle stampata Toile de Jouy Forest. Ampia capacit\u00e0 per portare tutto ci\u00f2 di cui hai bisogno tu e il tuo bambino. Tasche interne ed esterne per mantenere tutto organizzato e a portata di mano. Ha una tasca interna termica per le bottiglie del bambino e una tasca plastificata per i vestiti bagnati. Tasca [&hellip;]","og_url":"https:\/\/pasitoapasito.es\/it\/prodotto\/zaino-toile-de-jouy-forest\/","og_site_name":"Pasito a Pasito","article_modified_time":"2024-02-23T11:46:33+00:00","og_image":[{"width":1200,"height":1200,"url":"https:\/\/pasitoapasito.es\/wp-content\/uploads\/2024\/02\/1120900287_a.jpg","type":"image\/jpeg"}],"twitter_card":"summary_large_image","twitter_misc":{"Tempo di lettura stimato":"1 minuto"},"schema":{"@context":"https:\/\/schema.org","@graph":[{"@type":"WebPage","@id":"https:\/\/pasitoapasito.es\/it\/prodotto\/zaino-toile-de-jouy-forest\/","url":"https:\/\/pasitoapasito.es\/it\/prodotto\/zaino-toile-de-jouy-forest\/","name":"ZAINO TOILE DE JOUY FOREST - Pasito a Pasito","isPartOf":{"@id":"https:\/\/pasitoapasito.es\/fr\/#website"},"primaryImageOfPage":{"@id":"https:\/\/pasitoapasito.es\/it\/prodotto\/zaino-toile-de-jouy-forest\/#primaryimage"},"image":{"@id":"https:\/\/pasitoapasito.es\/it\/prodotto\/zaino-toile-de-jouy-forest\/#primaryimage"},"thumbnailUrl":"https:\/\/pasitoapasito.es\/wp-content\/uploads\/2024\/02\/1120900287_a.jpg","datePublished":"2024-02-23T08:41:18+00:00","dateModified":"2024-02-23T11:46:33+00:00","breadcrumb":{"@id":"https:\/\/pasitoapasito.es\/it\/prodotto\/zaino-toile-de-jouy-forest\/#breadcrumb"},"inLanguage":"it-IT","potentialAction":[{"@type":"ReadAction","target":["https:\/\/pasitoapasito.es\/it\/prodotto\/zaino-toile-de-jouy-forest\/"]}]},{"@type":"ImageObject","inLanguage":"it-IT","@id":"https:\/\/pasitoapasito.es\/it\/prodotto\/zaino-toile-de-jouy-forest\/#primaryimage","url":"https:\/\/pasitoapasito.es\/wp-content\/uploads\/2024\/02\/1120900287_a.jpg","contentUrl":"https:\/\/pasitoapasito.es\/wp-content\/uploads\/2024\/02\/1120900287_a.jpg","width":1200,"height":1200},{"@type":"BreadcrumbList","@id":"https:\/\/pasitoapasito.es\/it\/prodotto\/zaino-toile-de-jouy-forest\/#breadcrumb","itemListElement":[{"@type":"ListItem","position":1,"name":"Tienda","item":"https:\/\/pasitoapasito.es\/tienda\/"},{"@type":"ListItem","position":2,"name":"ZAINO TOILE DE JOUY FOREST"}]},{"@type":"WebSite","@id":"https:\/\/pasitoapasito.es\/fr\/#website","url":"https:\/\/pasitoapasito.es\/fr\/","name":"Pasito a Pasito","description":"","potentialAction":[{"@type":"SearchAction","target":{"@type":"EntryPoint","urlTemplate":"https:\/\/pasitoapasito.es\/fr\/?s={search_term_string}"},"query-input":{"@type":"PropertyValueSpecification","valueRequired":true,"valueName":"search_term_string"}}],"inLanguage":"it-IT"}]}},"_links":{"self":[{"href":"https:\/\/pasitoapasito.es\/it\/wp-json\/wp\/v2\/product\/31787","targetHints":{"allow":["GET"]}}],"collection":[{"href":"https:\/\/pasitoapasito.es\/it\/wp-json\/wp\/v2\/product"}],"about":[{"href":"https:\/\/pasitoapasito.es\/it\/wp-json\/wp\/v2\/types\/product"}],"replies":[{"embeddable":true,"href":"https:\/\/pasitoapasito.es\/it\/wp-json\/wp\/v2\/comments?post=31787"}],"wp:featuredmedia":[{"embeddable":true,"href":"https:\/\/pasitoapasito.es\/it\/wp-json\/wp\/v2\/media\/30038"}],"wp:attachment":[{"href":"https:\/\/pasitoapasito.es\/it\/wp-json\/wp\/v2\/media?parent=31787"}],"wp:term":[{"taxonomy":"colecciones","embeddable":true,"href":"https:\/\/pasitoapasito.es\/it\/wp-json\/wp\/v2\/colecciones?post=31787"},{"taxonomy":"product_brand","embeddable":true,"href":"https:\/\/pasitoapasito.es\/it\/wp-json\/wp\/v2\/product_brand?post=31787"},{"taxonomy":"product_cat","embeddable":true,"href":"https:\/\/pasitoapasito.es\/it\/wp-json\/wp\/v2\/product_cat?post=31787"},{"taxonomy":"product_tag","embeddable":true,"href":"https:\/\/pasitoapasito.es\/it\/wp-json\/wp\/v2\/product_tag?post=31787"}],"curies":[{"name":"wp","href":"https:\/\/api.w.org\/{rel}","templated":true}]}}