{"id":31784,"date":"2024-02-23T08:41:17","date_gmt":"2024-02-23T08:41:17","guid":{"rendered":"https:\/\/pasitoapasito.es\/?post_type=product&#038;p=31784"},"modified":"2024-02-23T11:46:35","modified_gmt":"2024-02-23T11:46:35","slug":"borsa-crossbody-toile-de-jouy-cream","status":"publish","type":"product","link":"https:\/\/pasitoapasito.es\/it\/prodotto\/borsa-crossbody-toile-de-jouy-cream\/","title":{"rendered":"BORSA CROSSBODY TOILE DE JOUY CREAM"},"content":{"rendered":"<p>La borsa organizer o a tracolla Toile de Jouy Cream di Pasito a Pasito \u00e8 un modello molto leggero, oltre ad essere resistente e spazioso in modo da poter portare tutto ci\u00f2 di cui potresti aver bisogno durante la passeggiata del tuo bambino. \u00c8 realizzata in resistente e delicata ecopelle stampata per un passeggino. Oltre alla sua grande capacit\u00e0, \u00e8 distribuita per facilitare l&#8217;organizzazione, con diversi tasconi che ti aiuteranno a posizionare tutti i tuoi accessori in modo ordinato e a trovarli pi\u00f9 facilmente quando ne avrai bisogno. Il suo design la rende perfetta per un uso quotidiano e da abbinare ai tuoi look. \u00c8 realizzata con materiali di alta qualit\u00e0, privi di coloranti azoici, ftalati e sostanze nocive per la salute. I prodotti per bambini Pasito a Pasito hanno un design molto diverso dagli altri. Le loro collezioni si contraddistinguono per l&#8217;attenzione ai dettagli, sempre pensata da un punto di vista pratico. Utilizzano materiali di alta qualit\u00e0 per mettere in evidenza l&#8217;eleganza e l&#8217;armonia in ciascuno dei loro pezzi. I nostri modelli sono esclusivi e hanno uno stile inconfondibile, progettato per le moderne mamme che hanno buon gusto e che apprezzano i dettagli tanto quanto noi. Specifiche: Materiali: Ecopelle. Colore: Crema. Misure: 30X34X10 cm.<\/p>\n","protected":false},"excerpt":{"rendered":"<p>La borsa organizer o a tracolla Toile de Jouy Cream di Pasito a Pasito \u00e8 un modello molto leggero, oltre ad essere resistente e spazioso in modo da poter portare tutto ci\u00f2 di cui potresti aver bisogno durante la passeggiata del tuo bambino. \u00c8 realizzata in resistente e delicata ecopelle stampata per un passeggino. Oltre [&hellip;]<\/p>\n","protected":false},"featured_media":29911,"comment_status":"closed","ping_status":"open","template":"","meta":{"_acf_changed":false,"inline_featured_image":false},"colecciones":[],"product_brand":[],"product_cat":[128],"product_tag":[],"class_list":{"0":"post-31784","1":"product","2":"type-product","3":"status-publish","4":"has-post-thumbnail","6":"product_cat-borse-fasciatoio","8":"first","9":"instock","10":"purchasable","11":"product-type-simple"},"acf":[],"yoast_head":"<!-- This site is optimized with the Yoast SEO plugin v27.4 - https:\/\/yoast.com\/product\/yoast-seo-wordpress\/ -->\n<title>BORSA CROSSBODY TOILE DE JOUY CREAM - Pasito a Pasito<\/title>\n<meta name=\"robots\" content=\"index, follow, max-snippet:-1, max-image-preview:large, max-video-preview:-1\" \/>\n<link rel=\"canonical\" href=\"https:\/\/pasitoapasito.es\/it\/prodotto\/borsa-crossbody-toile-de-jouy-cream\/\" \/>\n<meta property=\"og:locale\" content=\"it_IT\" \/>\n<meta property=\"og:type\" content=\"article\" \/>\n<meta property=\"og:title\" content=\"BORSA CROSSBODY TOILE DE JOUY CREAM - Pasito a Pasito\" \/>\n<meta property=\"og:description\" content=\"La borsa organizer o a tracolla Toile de Jouy Cream di Pasito a Pasito \u00e8 un modello molto leggero, oltre ad essere resistente e spazioso in modo da poter portare tutto ci\u00f2 di cui potresti aver bisogno durante la passeggiata del tuo bambino. \u00c8 realizzata in resistente e delicata ecopelle stampata per un passeggino. Oltre [&hellip;]\" \/>\n<meta property=\"og:url\" content=\"https:\/\/pasitoapasito.es\/it\/prodotto\/borsa-crossbody-toile-de-jouy-cream\/\" \/>\n<meta property=\"og:site_name\" content=\"Pasito a Pasito\" \/>\n<meta property=\"article:modified_time\" content=\"2024-02-23T11:46:35+00:00\" \/>\n<meta property=\"og:image\" content=\"https:\/\/pasitoapasito.es\/wp-content\/uploads\/2024\/02\/1120900284_a.jpg\" \/>\n\t<meta property=\"og:image:width\" content=\"1200\" \/>\n\t<meta property=\"og:image:height\" content=\"1200\" \/>\n\t<meta property=\"og:image:type\" content=\"image\/jpeg\" \/>\n<meta name=\"twitter:card\" content=\"summary_large_image\" \/>\n<meta name=\"twitter:label1\" content=\"Tempo di lettura stimato\" \/>\n\t<meta name=\"twitter:data1\" content=\"1 minuto\" \/>\n<script type=\"application\/ld+json\" class=\"yoast-schema-graph\">{\"@context\":\"https:\\\/\\\/schema.org\",\"@graph\":[{\"@type\":\"WebPage\",\"@id\":\"https:\\\/\\\/pasitoapasito.es\\\/it\\\/prodotto\\\/borsa-crossbody-toile-de-jouy-cream\\\/\",\"url\":\"https:\\\/\\\/pasitoapasito.es\\\/it\\\/prodotto\\\/borsa-crossbody-toile-de-jouy-cream\\\/\",\"name\":\"BORSA CROSSBODY TOILE DE JOUY CREAM - Pasito a Pasito\",\"isPartOf\":{\"@id\":\"https:\\\/\\\/pasitoapasito.es\\\/fr\\\/#website\"},\"primaryImageOfPage\":{\"@id\":\"https:\\\/\\\/pasitoapasito.es\\\/it\\\/prodotto\\\/borsa-crossbody-toile-de-jouy-cream\\\/#primaryimage\"},\"image\":{\"@id\":\"https:\\\/\\\/pasitoapasito.es\\\/it\\\/prodotto\\\/borsa-crossbody-toile-de-jouy-cream\\\/#primaryimage\"},\"thumbnailUrl\":\"https:\\\/\\\/pasitoapasito.es\\\/wp-content\\\/uploads\\\/2024\\\/02\\\/1120900284_a.jpg\",\"datePublished\":\"2024-02-23T08:41:17+00:00\",\"dateModified\":\"2024-02-23T11:46:35+00:00\",\"breadcrumb\":{\"@id\":\"https:\\\/\\\/pasitoapasito.es\\\/it\\\/prodotto\\\/borsa-crossbody-toile-de-jouy-cream\\\/#breadcrumb\"},\"inLanguage\":\"it-IT\",\"potentialAction\":[{\"@type\":\"ReadAction\",\"target\":[\"https:\\\/\\\/pasitoapasito.es\\\/it\\\/prodotto\\\/borsa-crossbody-toile-de-jouy-cream\\\/\"]}]},{\"@type\":\"ImageObject\",\"inLanguage\":\"it-IT\",\"@id\":\"https:\\\/\\\/pasitoapasito.es\\\/it\\\/prodotto\\\/borsa-crossbody-toile-de-jouy-cream\\\/#primaryimage\",\"url\":\"https:\\\/\\\/pasitoapasito.es\\\/wp-content\\\/uploads\\\/2024\\\/02\\\/1120900284_a.jpg\",\"contentUrl\":\"https:\\\/\\\/pasitoapasito.es\\\/wp-content\\\/uploads\\\/2024\\\/02\\\/1120900284_a.jpg\",\"width\":1200,\"height\":1200},{\"@type\":\"BreadcrumbList\",\"@id\":\"https:\\\/\\\/pasitoapasito.es\\\/it\\\/prodotto\\\/borsa-crossbody-toile-de-jouy-cream\\\/#breadcrumb\",\"itemListElement\":[{\"@type\":\"ListItem\",\"position\":1,\"name\":\"Tienda\",\"item\":\"https:\\\/\\\/pasitoapasito.es\\\/tienda\\\/\"},{\"@type\":\"ListItem\",\"position\":2,\"name\":\"BORSA CROSSBODY TOILE DE JOUY CREAM\"}]},{\"@type\":\"WebSite\",\"@id\":\"https:\\\/\\\/pasitoapasito.es\\\/fr\\\/#website\",\"url\":\"https:\\\/\\\/pasitoapasito.es\\\/fr\\\/\",\"name\":\"Pasito a Pasito\",\"description\":\"\",\"potentialAction\":[{\"@type\":\"SearchAction\",\"target\":{\"@type\":\"EntryPoint\",\"urlTemplate\":\"https:\\\/\\\/pasitoapasito.es\\\/fr\\\/?s={search_term_string}\"},\"query-input\":{\"@type\":\"PropertyValueSpecification\",\"valueRequired\":true,\"valueName\":\"search_term_string\"}}],\"inLanguage\":\"it-IT\"}]}<\/script>\n<!-- \/ Yoast SEO plugin. -->","yoast_head_json":{"title":"BORSA CROSSBODY TOILE DE JOUY CREAM - Pasito a Pasito","robots":{"index":"index","follow":"follow","max-snippet":"max-snippet:-1","max-image-preview":"max-image-preview:large","max-video-preview":"max-video-preview:-1"},"canonical":"https:\/\/pasitoapasito.es\/it\/prodotto\/borsa-crossbody-toile-de-jouy-cream\/","og_locale":"it_IT","og_type":"article","og_title":"BORSA CROSSBODY TOILE DE JOUY CREAM - Pasito a Pasito","og_description":"La borsa organizer o a tracolla Toile de Jouy Cream di Pasito a Pasito \u00e8 un modello molto leggero, oltre ad essere resistente e spazioso in modo da poter portare tutto ci\u00f2 di cui potresti aver bisogno durante la passeggiata del tuo bambino. \u00c8 realizzata in resistente e delicata ecopelle stampata per un passeggino. Oltre [&hellip;]","og_url":"https:\/\/pasitoapasito.es\/it\/prodotto\/borsa-crossbody-toile-de-jouy-cream\/","og_site_name":"Pasito a Pasito","article_modified_time":"2024-02-23T11:46:35+00:00","og_image":[{"width":1200,"height":1200,"url":"https:\/\/pasitoapasito.es\/wp-content\/uploads\/2024\/02\/1120900284_a.jpg","type":"image\/jpeg"}],"twitter_card":"summary_large_image","twitter_misc":{"Tempo di lettura stimato":"1 minuto"},"schema":{"@context":"https:\/\/schema.org","@graph":[{"@type":"WebPage","@id":"https:\/\/pasitoapasito.es\/it\/prodotto\/borsa-crossbody-toile-de-jouy-cream\/","url":"https:\/\/pasitoapasito.es\/it\/prodotto\/borsa-crossbody-toile-de-jouy-cream\/","name":"BORSA CROSSBODY TOILE DE JOUY CREAM - Pasito a Pasito","isPartOf":{"@id":"https:\/\/pasitoapasito.es\/fr\/#website"},"primaryImageOfPage":{"@id":"https:\/\/pasitoapasito.es\/it\/prodotto\/borsa-crossbody-toile-de-jouy-cream\/#primaryimage"},"image":{"@id":"https:\/\/pasitoapasito.es\/it\/prodotto\/borsa-crossbody-toile-de-jouy-cream\/#primaryimage"},"thumbnailUrl":"https:\/\/pasitoapasito.es\/wp-content\/uploads\/2024\/02\/1120900284_a.jpg","datePublished":"2024-02-23T08:41:17+00:00","dateModified":"2024-02-23T11:46:35+00:00","breadcrumb":{"@id":"https:\/\/pasitoapasito.es\/it\/prodotto\/borsa-crossbody-toile-de-jouy-cream\/#breadcrumb"},"inLanguage":"it-IT","potentialAction":[{"@type":"ReadAction","target":["https:\/\/pasitoapasito.es\/it\/prodotto\/borsa-crossbody-toile-de-jouy-cream\/"]}]},{"@type":"ImageObject","inLanguage":"it-IT","@id":"https:\/\/pasitoapasito.es\/it\/prodotto\/borsa-crossbody-toile-de-jouy-cream\/#primaryimage","url":"https:\/\/pasitoapasito.es\/wp-content\/uploads\/2024\/02\/1120900284_a.jpg","contentUrl":"https:\/\/pasitoapasito.es\/wp-content\/uploads\/2024\/02\/1120900284_a.jpg","width":1200,"height":1200},{"@type":"BreadcrumbList","@id":"https:\/\/pasitoapasito.es\/it\/prodotto\/borsa-crossbody-toile-de-jouy-cream\/#breadcrumb","itemListElement":[{"@type":"ListItem","position":1,"name":"Tienda","item":"https:\/\/pasitoapasito.es\/tienda\/"},{"@type":"ListItem","position":2,"name":"BORSA CROSSBODY TOILE DE JOUY CREAM"}]},{"@type":"WebSite","@id":"https:\/\/pasitoapasito.es\/fr\/#website","url":"https:\/\/pasitoapasito.es\/fr\/","name":"Pasito a Pasito","description":"","potentialAction":[{"@type":"SearchAction","target":{"@type":"EntryPoint","urlTemplate":"https:\/\/pasitoapasito.es\/fr\/?s={search_term_string}"},"query-input":{"@type":"PropertyValueSpecification","valueRequired":true,"valueName":"search_term_string"}}],"inLanguage":"it-IT"}]}},"_links":{"self":[{"href":"https:\/\/pasitoapasito.es\/it\/wp-json\/wp\/v2\/product\/31784","targetHints":{"allow":["GET"]}}],"collection":[{"href":"https:\/\/pasitoapasito.es\/it\/wp-json\/wp\/v2\/product"}],"about":[{"href":"https:\/\/pasitoapasito.es\/it\/wp-json\/wp\/v2\/types\/product"}],"replies":[{"embeddable":true,"href":"https:\/\/pasitoapasito.es\/it\/wp-json\/wp\/v2\/comments?post=31784"}],"wp:featuredmedia":[{"embeddable":true,"href":"https:\/\/pasitoapasito.es\/it\/wp-json\/wp\/v2\/media\/29911"}],"wp:attachment":[{"href":"https:\/\/pasitoapasito.es\/it\/wp-json\/wp\/v2\/media?parent=31784"}],"wp:term":[{"taxonomy":"colecciones","embeddable":true,"href":"https:\/\/pasitoapasito.es\/it\/wp-json\/wp\/v2\/colecciones?post=31784"},{"taxonomy":"product_brand","embeddable":true,"href":"https:\/\/pasitoapasito.es\/it\/wp-json\/wp\/v2\/product_brand?post=31784"},{"taxonomy":"product_cat","embeddable":true,"href":"https:\/\/pasitoapasito.es\/it\/wp-json\/wp\/v2\/product_cat?post=31784"},{"taxonomy":"product_tag","embeddable":true,"href":"https:\/\/pasitoapasito.es\/it\/wp-json\/wp\/v2\/product_tag?post=31784"}],"curies":[{"name":"wp","href":"https:\/\/api.w.org\/{rel}","templated":true}]}}