{"id":27350,"date":"2022-10-18T07:50:17","date_gmt":"2022-10-18T07:50:17","guid":{"rendered":"https:\/\/pasitoapasito.es\/producto\/borsa-termica-biberon-london-animal-print\/"},"modified":"2022-10-18T08:11:53","modified_gmt":"2022-10-18T08:11:53","slug":"borsa-termica-biberon-london-animal-print","status":"publish","type":"product","link":"https:\/\/pasitoapasito.es\/it\/prodotto\/borsa-termica-biberon-london-animal-print\/","title":{"rendered":"BORSA TERMICA BIBERON LONDON ANIMAL PRINT"},"content":{"rendered":"<p>Borsa termica London Animal Print per biberon e snack in similpelle stampata beige. Mantiene la temperatura per 4 ore. Incorpora un manico lungo per poterlo appendere alla spalla e un manico corto. Interno con materiale termico e separazioni per un migliore trasporto. Finiture di qualit\u00e0. \u00c8 realizzato con materiali di alta qualit\u00e0, privi di coloranti azoici, ftalati e sostanze nocive per la salute. Pu\u00f2 anche essere lavato a mano o in lavatrice a temperature fino a 30\u00ba. I prodotti Pasito a Pasito baby hanno un design molto diverso da tutti gli altri. Le sue collezioni sono caratterizzate da un lavoro minuzioso, pensato sempre da un punto di vista pratico. Usano materiali di prima qualit\u00e0 per evidenziare l&#8217;eleganza e l&#8217;armonia in ciascuno dei loro pezzi. I nostri modelli sono esclusivi e hanno uno stile inconfondibile, pensati per le mamme di oggi che amano il buon gusto e che apprezzano i dettagli tanto quanto noi. Specifiche: Materiali: Ecopelle. Beige. Misure: 25X20X10 cm.<\/p>\n","protected":false},"excerpt":{"rendered":"<p>Borsa termica London Animal Print per biberon e snack in similpelle stampata beige. Mantiene la temperatura per 4 ore. Incorpora un manico lungo per poterlo appendere alla spalla e un manico corto. Interno con materiale termico e separazioni per un migliore trasporto. Finiture di qualit\u00e0. \u00c8 realizzato con materiali di alta qualit\u00e0, privi di coloranti [&hellip;]<\/p>\n","protected":false},"featured_media":24688,"comment_status":"closed","ping_status":"closed","template":"","meta":{"_acf_changed":false,"inline_featured_image":false},"colecciones":[],"product_brand":[],"product_cat":[258],"product_tag":[],"class_list":{"0":"post-27350","1":"product","2":"type-product","3":"status-publish","4":"has-post-thumbnail","6":"product_cat-special-prices-it","8":"first","9":"instock","10":"purchasable","11":"product-type-simple"},"acf":[],"yoast_head":"<!-- This site is optimized with the Yoast SEO plugin v27.4 - https:\/\/yoast.com\/product\/yoast-seo-wordpress\/ -->\n<title>BORSA TERMICA BIBERON LONDON ANIMAL PRINT - Pasito a Pasito<\/title>\n<meta name=\"robots\" content=\"index, follow, max-snippet:-1, max-image-preview:large, max-video-preview:-1\" \/>\n<link rel=\"canonical\" href=\"https:\/\/pasitoapasito.es\/it\/prodotto\/borsa-termica-biberon-london-animal-print\/\" \/>\n<meta property=\"og:locale\" content=\"it_IT\" \/>\n<meta property=\"og:type\" content=\"article\" \/>\n<meta property=\"og:title\" content=\"BORSA TERMICA BIBERON LONDON ANIMAL PRINT - Pasito a Pasito\" \/>\n<meta property=\"og:description\" content=\"Borsa termica London Animal Print per biberon e snack in similpelle stampata beige. Mantiene la temperatura per 4 ore. Incorpora un manico lungo per poterlo appendere alla spalla e un manico corto. Interno con materiale termico e separazioni per un migliore trasporto. Finiture di qualit\u00e0. \u00c8 realizzato con materiali di alta qualit\u00e0, privi di coloranti [&hellip;]\" \/>\n<meta property=\"og:url\" content=\"https:\/\/pasitoapasito.es\/it\/prodotto\/borsa-termica-biberon-london-animal-print\/\" \/>\n<meta property=\"og:site_name\" content=\"Pasito a Pasito\" \/>\n<meta property=\"article:modified_time\" content=\"2022-10-18T08:11:53+00:00\" \/>\n<meta property=\"og:image\" content=\"https:\/\/pasitoapasito.es\/wp-content\/uploads\/2022\/10\/1120900012.jpg\" \/>\n\t<meta property=\"og:image:width\" content=\"1800\" \/>\n\t<meta property=\"og:image:height\" content=\"1800\" \/>\n\t<meta property=\"og:image:type\" content=\"image\/jpeg\" \/>\n<meta name=\"twitter:card\" content=\"summary_large_image\" \/>\n<meta name=\"twitter:label1\" content=\"Tempo di lettura stimato\" \/>\n\t<meta name=\"twitter:data1\" content=\"1 minuto\" \/>\n<script type=\"application\/ld+json\" class=\"yoast-schema-graph\">{\"@context\":\"https:\\\/\\\/schema.org\",\"@graph\":[{\"@type\":\"WebPage\",\"@id\":\"https:\\\/\\\/pasitoapasito.es\\\/it\\\/prodotto\\\/borsa-termica-biberon-london-animal-print\\\/\",\"url\":\"https:\\\/\\\/pasitoapasito.es\\\/it\\\/prodotto\\\/borsa-termica-biberon-london-animal-print\\\/\",\"name\":\"BORSA TERMICA BIBERON LONDON ANIMAL PRINT - Pasito a Pasito\",\"isPartOf\":{\"@id\":\"https:\\\/\\\/pasitoapasito.es\\\/fr\\\/#website\"},\"primaryImageOfPage\":{\"@id\":\"https:\\\/\\\/pasitoapasito.es\\\/it\\\/prodotto\\\/borsa-termica-biberon-london-animal-print\\\/#primaryimage\"},\"image\":{\"@id\":\"https:\\\/\\\/pasitoapasito.es\\\/it\\\/prodotto\\\/borsa-termica-biberon-london-animal-print\\\/#primaryimage\"},\"thumbnailUrl\":\"https:\\\/\\\/pasitoapasito.es\\\/wp-content\\\/uploads\\\/2022\\\/10\\\/1120900012.jpg\",\"datePublished\":\"2022-10-18T07:50:17+00:00\",\"dateModified\":\"2022-10-18T08:11:53+00:00\",\"breadcrumb\":{\"@id\":\"https:\\\/\\\/pasitoapasito.es\\\/it\\\/prodotto\\\/borsa-termica-biberon-london-animal-print\\\/#breadcrumb\"},\"inLanguage\":\"it-IT\",\"potentialAction\":[{\"@type\":\"ReadAction\",\"target\":[\"https:\\\/\\\/pasitoapasito.es\\\/it\\\/prodotto\\\/borsa-termica-biberon-london-animal-print\\\/\"]}]},{\"@type\":\"ImageObject\",\"inLanguage\":\"it-IT\",\"@id\":\"https:\\\/\\\/pasitoapasito.es\\\/it\\\/prodotto\\\/borsa-termica-biberon-london-animal-print\\\/#primaryimage\",\"url\":\"https:\\\/\\\/pasitoapasito.es\\\/wp-content\\\/uploads\\\/2022\\\/10\\\/1120900012.jpg\",\"contentUrl\":\"https:\\\/\\\/pasitoapasito.es\\\/wp-content\\\/uploads\\\/2022\\\/10\\\/1120900012.jpg\",\"width\":1800,\"height\":1800},{\"@type\":\"BreadcrumbList\",\"@id\":\"https:\\\/\\\/pasitoapasito.es\\\/it\\\/prodotto\\\/borsa-termica-biberon-london-animal-print\\\/#breadcrumb\",\"itemListElement\":[{\"@type\":\"ListItem\",\"position\":1,\"name\":\"Tienda\",\"item\":\"https:\\\/\\\/pasitoapasito.es\\\/tienda\\\/\"},{\"@type\":\"ListItem\",\"position\":2,\"name\":\"BORSA TERMICA BIBERON LONDON ANIMAL PRINT\"}]},{\"@type\":\"WebSite\",\"@id\":\"https:\\\/\\\/pasitoapasito.es\\\/fr\\\/#website\",\"url\":\"https:\\\/\\\/pasitoapasito.es\\\/fr\\\/\",\"name\":\"Pasito a Pasito\",\"description\":\"\",\"potentialAction\":[{\"@type\":\"SearchAction\",\"target\":{\"@type\":\"EntryPoint\",\"urlTemplate\":\"https:\\\/\\\/pasitoapasito.es\\\/fr\\\/?s={search_term_string}\"},\"query-input\":{\"@type\":\"PropertyValueSpecification\",\"valueRequired\":true,\"valueName\":\"search_term_string\"}}],\"inLanguage\":\"it-IT\"}]}<\/script>\n<!-- \/ Yoast SEO plugin. -->","yoast_head_json":{"title":"BORSA TERMICA BIBERON LONDON ANIMAL PRINT - Pasito a Pasito","robots":{"index":"index","follow":"follow","max-snippet":"max-snippet:-1","max-image-preview":"max-image-preview:large","max-video-preview":"max-video-preview:-1"},"canonical":"https:\/\/pasitoapasito.es\/it\/prodotto\/borsa-termica-biberon-london-animal-print\/","og_locale":"it_IT","og_type":"article","og_title":"BORSA TERMICA BIBERON LONDON ANIMAL PRINT - Pasito a Pasito","og_description":"Borsa termica London Animal Print per biberon e snack in similpelle stampata beige. Mantiene la temperatura per 4 ore. Incorpora un manico lungo per poterlo appendere alla spalla e un manico corto. Interno con materiale termico e separazioni per un migliore trasporto. Finiture di qualit\u00e0. \u00c8 realizzato con materiali di alta qualit\u00e0, privi di coloranti [&hellip;]","og_url":"https:\/\/pasitoapasito.es\/it\/prodotto\/borsa-termica-biberon-london-animal-print\/","og_site_name":"Pasito a Pasito","article_modified_time":"2022-10-18T08:11:53+00:00","og_image":[{"width":1800,"height":1800,"url":"https:\/\/pasitoapasito.es\/wp-content\/uploads\/2022\/10\/1120900012.jpg","type":"image\/jpeg"}],"twitter_card":"summary_large_image","twitter_misc":{"Tempo di lettura stimato":"1 minuto"},"schema":{"@context":"https:\/\/schema.org","@graph":[{"@type":"WebPage","@id":"https:\/\/pasitoapasito.es\/it\/prodotto\/borsa-termica-biberon-london-animal-print\/","url":"https:\/\/pasitoapasito.es\/it\/prodotto\/borsa-termica-biberon-london-animal-print\/","name":"BORSA TERMICA BIBERON LONDON ANIMAL PRINT - Pasito a Pasito","isPartOf":{"@id":"https:\/\/pasitoapasito.es\/fr\/#website"},"primaryImageOfPage":{"@id":"https:\/\/pasitoapasito.es\/it\/prodotto\/borsa-termica-biberon-london-animal-print\/#primaryimage"},"image":{"@id":"https:\/\/pasitoapasito.es\/it\/prodotto\/borsa-termica-biberon-london-animal-print\/#primaryimage"},"thumbnailUrl":"https:\/\/pasitoapasito.es\/wp-content\/uploads\/2022\/10\/1120900012.jpg","datePublished":"2022-10-18T07:50:17+00:00","dateModified":"2022-10-18T08:11:53+00:00","breadcrumb":{"@id":"https:\/\/pasitoapasito.es\/it\/prodotto\/borsa-termica-biberon-london-animal-print\/#breadcrumb"},"inLanguage":"it-IT","potentialAction":[{"@type":"ReadAction","target":["https:\/\/pasitoapasito.es\/it\/prodotto\/borsa-termica-biberon-london-animal-print\/"]}]},{"@type":"ImageObject","inLanguage":"it-IT","@id":"https:\/\/pasitoapasito.es\/it\/prodotto\/borsa-termica-biberon-london-animal-print\/#primaryimage","url":"https:\/\/pasitoapasito.es\/wp-content\/uploads\/2022\/10\/1120900012.jpg","contentUrl":"https:\/\/pasitoapasito.es\/wp-content\/uploads\/2022\/10\/1120900012.jpg","width":1800,"height":1800},{"@type":"BreadcrumbList","@id":"https:\/\/pasitoapasito.es\/it\/prodotto\/borsa-termica-biberon-london-animal-print\/#breadcrumb","itemListElement":[{"@type":"ListItem","position":1,"name":"Tienda","item":"https:\/\/pasitoapasito.es\/tienda\/"},{"@type":"ListItem","position":2,"name":"BORSA TERMICA BIBERON LONDON ANIMAL PRINT"}]},{"@type":"WebSite","@id":"https:\/\/pasitoapasito.es\/fr\/#website","url":"https:\/\/pasitoapasito.es\/fr\/","name":"Pasito a Pasito","description":"","potentialAction":[{"@type":"SearchAction","target":{"@type":"EntryPoint","urlTemplate":"https:\/\/pasitoapasito.es\/fr\/?s={search_term_string}"},"query-input":{"@type":"PropertyValueSpecification","valueRequired":true,"valueName":"search_term_string"}}],"inLanguage":"it-IT"}]}},"_links":{"self":[{"href":"https:\/\/pasitoapasito.es\/it\/wp-json\/wp\/v2\/product\/27350","targetHints":{"allow":["GET"]}}],"collection":[{"href":"https:\/\/pasitoapasito.es\/it\/wp-json\/wp\/v2\/product"}],"about":[{"href":"https:\/\/pasitoapasito.es\/it\/wp-json\/wp\/v2\/types\/product"}],"replies":[{"embeddable":true,"href":"https:\/\/pasitoapasito.es\/it\/wp-json\/wp\/v2\/comments?post=27350"}],"wp:featuredmedia":[{"embeddable":true,"href":"https:\/\/pasitoapasito.es\/it\/wp-json\/wp\/v2\/media\/24688"}],"wp:attachment":[{"href":"https:\/\/pasitoapasito.es\/it\/wp-json\/wp\/v2\/media?parent=27350"}],"wp:term":[{"taxonomy":"colecciones","embeddable":true,"href":"https:\/\/pasitoapasito.es\/it\/wp-json\/wp\/v2\/colecciones?post=27350"},{"taxonomy":"product_brand","embeddable":true,"href":"https:\/\/pasitoapasito.es\/it\/wp-json\/wp\/v2\/product_brand?post=27350"},{"taxonomy":"product_cat","embeddable":true,"href":"https:\/\/pasitoapasito.es\/it\/wp-json\/wp\/v2\/product_cat?post=27350"},{"taxonomy":"product_tag","embeddable":true,"href":"https:\/\/pasitoapasito.es\/it\/wp-json\/wp\/v2\/product_tag?post=27350"}],"curies":[{"name":"wp","href":"https:\/\/api.w.org\/{rel}","templated":true}]}}