{"id":27265,"date":"2022-10-18T07:50:17","date_gmt":"2022-10-18T07:50:17","guid":{"rendered":"https:\/\/pasitoapasito.es\/producto\/portadocumenti-london-animal-print\/"},"modified":"2022-10-18T08:12:31","modified_gmt":"2022-10-18T08:12:31","slug":"portadocumenti-london-animal-print","status":"publish","type":"product","link":"https:\/\/pasitoapasito.es\/it\/prodotto\/portadocumenti-london-animal-print\/","title":{"rendered":"PORTADOCUMENTI LONDON ANIMAL PRINT"},"content":{"rendered":"<p>Questo libro di nascita del bambino London Animal Print \u00e8 un funzionale porta documenti. Un accessorio indispensabile da portare sempre con te che ti aiuter\u00e0 a tenere in ordine tutta la documentazione e le cartelle cliniche del tuo bambino. \u00c8 anche una buona idea come libro in cui puoi conservare documenti con progressi, dati importanti e tutto ci\u00f2 che vuoi tenere in relazione al tuo bambino. Questo libro porta documenti \u00e8 realizzato in resistente e morbida similpelle stampata in beige, ha tasche su ogni lato ed \u00e8 foderato all&#8217;interno. Ha una pratica chiusura con cerniera per riporre in sicurezza il libro nascita e tutti i documenti del tuo bambino. Finiture di qualit\u00e0. \u00c8 realizzato con materiali di alta qualit\u00e0, privi di coloranti azoici, ftalati e sostanze nocive per la salute. Pu\u00f2 anche essere lavato a mano o in lavatrice a temperature fino a 30\u00ba. I prodotti Pasito a Pasito baby hanno un design molto diverso da tutti gli altri. Le sue collezioni sono caratterizzate da un lavoro minuzioso, pensato sempre da un punto di vista pratico. Usano materiali di prima qualit\u00e0 per evidenziare l&#8217;eleganza e l&#8217;armonia in ciascuno dei loro pezzi. I nostri modelli sono esclusivi e hanno uno stile inconfondibile, pensati per le mamme di oggi che amano il buon gusto e che apprezzano i dettagli tanto quanto noi. Specifiche: Materiali: Ecopelle. Beige. Misure: 19X27X2 cm.<\/p>\n","protected":false},"excerpt":{"rendered":"<p>Questo libro di nascita del bambino London Animal Print \u00e8 un funzionale porta documenti. Un accessorio indispensabile da portare sempre con te che ti aiuter\u00e0 a tenere in ordine tutta la documentazione e le cartelle cliniche del tuo bambino. \u00c8 anche una buona idea come libro in cui puoi conservare documenti con progressi, dati importanti [&hellip;]<\/p>\n","protected":false},"featured_media":24671,"comment_status":"closed","ping_status":"closed","template":"","meta":{"_acf_changed":false,"inline_featured_image":false},"colecciones":[],"product_brand":[],"product_cat":[258],"product_tag":[],"class_list":{"0":"post-27265","1":"product","2":"type-product","3":"status-publish","4":"has-post-thumbnail","6":"product_cat-special-prices-it","8":"first","9":"instock","10":"purchasable","11":"product-type-simple"},"acf":[],"yoast_head":"<!-- This site is optimized with the Yoast SEO plugin v27.5 - https:\/\/yoast.com\/product\/yoast-seo-wordpress\/ -->\n<title>PORTADOCUMENTI LONDON ANIMAL PRINT - Pasito a Pasito<\/title>\n<meta name=\"robots\" content=\"index, follow, max-snippet:-1, max-image-preview:large, max-video-preview:-1\" \/>\n<link rel=\"canonical\" href=\"https:\/\/pasitoapasito.es\/it\/prodotto\/portadocumenti-london-animal-print\/\" \/>\n<meta property=\"og:locale\" content=\"it_IT\" \/>\n<meta property=\"og:type\" content=\"article\" \/>\n<meta property=\"og:title\" content=\"PORTADOCUMENTI LONDON ANIMAL PRINT - Pasito a Pasito\" \/>\n<meta property=\"og:description\" content=\"Questo libro di nascita del bambino London Animal Print \u00e8 un funzionale porta documenti. Un accessorio indispensabile da portare sempre con te che ti aiuter\u00e0 a tenere in ordine tutta la documentazione e le cartelle cliniche del tuo bambino. \u00c8 anche una buona idea come libro in cui puoi conservare documenti con progressi, dati importanti [&hellip;]\" \/>\n<meta property=\"og:url\" content=\"https:\/\/pasitoapasito.es\/it\/prodotto\/portadocumenti-london-animal-print\/\" \/>\n<meta property=\"og:site_name\" content=\"Pasito a Pasito\" \/>\n<meta property=\"article:modified_time\" content=\"2022-10-18T08:12:31+00:00\" \/>\n<meta property=\"og:image\" content=\"https:\/\/pasitoapasito.es\/wp-content\/uploads\/2022\/10\/1120900011.jpg\" \/>\n\t<meta property=\"og:image:width\" content=\"1200\" \/>\n\t<meta property=\"og:image:height\" content=\"1200\" \/>\n\t<meta property=\"og:image:type\" content=\"image\/jpeg\" \/>\n<meta name=\"twitter:card\" content=\"summary_large_image\" \/>\n<meta name=\"twitter:label1\" content=\"Tempo di lettura stimato\" \/>\n\t<meta name=\"twitter:data1\" content=\"2 minuti\" \/>\n<script type=\"application\/ld+json\" class=\"yoast-schema-graph\">{\"@context\":\"https:\\\/\\\/schema.org\",\"@graph\":[{\"@type\":\"WebPage\",\"@id\":\"https:\\\/\\\/pasitoapasito.es\\\/it\\\/prodotto\\\/portadocumenti-london-animal-print\\\/\",\"url\":\"https:\\\/\\\/pasitoapasito.es\\\/it\\\/prodotto\\\/portadocumenti-london-animal-print\\\/\",\"name\":\"PORTADOCUMENTI LONDON ANIMAL PRINT - Pasito a Pasito\",\"isPartOf\":{\"@id\":\"https:\\\/\\\/pasitoapasito.es\\\/fr\\\/#website\"},\"primaryImageOfPage\":{\"@id\":\"https:\\\/\\\/pasitoapasito.es\\\/it\\\/prodotto\\\/portadocumenti-london-animal-print\\\/#primaryimage\"},\"image\":{\"@id\":\"https:\\\/\\\/pasitoapasito.es\\\/it\\\/prodotto\\\/portadocumenti-london-animal-print\\\/#primaryimage\"},\"thumbnailUrl\":\"https:\\\/\\\/pasitoapasito.es\\\/wp-content\\\/uploads\\\/2022\\\/10\\\/1120900011.jpg\",\"datePublished\":\"2022-10-18T07:50:17+00:00\",\"dateModified\":\"2022-10-18T08:12:31+00:00\",\"breadcrumb\":{\"@id\":\"https:\\\/\\\/pasitoapasito.es\\\/it\\\/prodotto\\\/portadocumenti-london-animal-print\\\/#breadcrumb\"},\"inLanguage\":\"it-IT\",\"potentialAction\":[{\"@type\":\"ReadAction\",\"target\":[\"https:\\\/\\\/pasitoapasito.es\\\/it\\\/prodotto\\\/portadocumenti-london-animal-print\\\/\"]}]},{\"@type\":\"ImageObject\",\"inLanguage\":\"it-IT\",\"@id\":\"https:\\\/\\\/pasitoapasito.es\\\/it\\\/prodotto\\\/portadocumenti-london-animal-print\\\/#primaryimage\",\"url\":\"https:\\\/\\\/pasitoapasito.es\\\/wp-content\\\/uploads\\\/2022\\\/10\\\/1120900011.jpg\",\"contentUrl\":\"https:\\\/\\\/pasitoapasito.es\\\/wp-content\\\/uploads\\\/2022\\\/10\\\/1120900011.jpg\",\"width\":1200,\"height\":1200},{\"@type\":\"BreadcrumbList\",\"@id\":\"https:\\\/\\\/pasitoapasito.es\\\/it\\\/prodotto\\\/portadocumenti-london-animal-print\\\/#breadcrumb\",\"itemListElement\":[{\"@type\":\"ListItem\",\"position\":1,\"name\":\"Tienda\",\"item\":\"https:\\\/\\\/pasitoapasito.es\\\/tienda\\\/\"},{\"@type\":\"ListItem\",\"position\":2,\"name\":\"PORTADOCUMENTI LONDON ANIMAL PRINT\"}]},{\"@type\":\"WebSite\",\"@id\":\"https:\\\/\\\/pasitoapasito.es\\\/fr\\\/#website\",\"url\":\"https:\\\/\\\/pasitoapasito.es\\\/fr\\\/\",\"name\":\"Pasito a Pasito\",\"description\":\"\",\"potentialAction\":[{\"@type\":\"SearchAction\",\"target\":{\"@type\":\"EntryPoint\",\"urlTemplate\":\"https:\\\/\\\/pasitoapasito.es\\\/fr\\\/?s={search_term_string}\"},\"query-input\":{\"@type\":\"PropertyValueSpecification\",\"valueRequired\":true,\"valueName\":\"search_term_string\"}}],\"inLanguage\":\"it-IT\"}]}<\/script>\n<!-- \/ Yoast SEO plugin. -->","yoast_head_json":{"title":"PORTADOCUMENTI LONDON ANIMAL PRINT - Pasito a Pasito","robots":{"index":"index","follow":"follow","max-snippet":"max-snippet:-1","max-image-preview":"max-image-preview:large","max-video-preview":"max-video-preview:-1"},"canonical":"https:\/\/pasitoapasito.es\/it\/prodotto\/portadocumenti-london-animal-print\/","og_locale":"it_IT","og_type":"article","og_title":"PORTADOCUMENTI LONDON ANIMAL PRINT - Pasito a Pasito","og_description":"Questo libro di nascita del bambino London Animal Print \u00e8 un funzionale porta documenti. Un accessorio indispensabile da portare sempre con te che ti aiuter\u00e0 a tenere in ordine tutta la documentazione e le cartelle cliniche del tuo bambino. \u00c8 anche una buona idea come libro in cui puoi conservare documenti con progressi, dati importanti [&hellip;]","og_url":"https:\/\/pasitoapasito.es\/it\/prodotto\/portadocumenti-london-animal-print\/","og_site_name":"Pasito a Pasito","article_modified_time":"2022-10-18T08:12:31+00:00","og_image":[{"width":1200,"height":1200,"url":"https:\/\/pasitoapasito.es\/wp-content\/uploads\/2022\/10\/1120900011.jpg","type":"image\/jpeg"}],"twitter_card":"summary_large_image","twitter_misc":{"Tempo di lettura stimato":"2 minuti"},"schema":{"@context":"https:\/\/schema.org","@graph":[{"@type":"WebPage","@id":"https:\/\/pasitoapasito.es\/it\/prodotto\/portadocumenti-london-animal-print\/","url":"https:\/\/pasitoapasito.es\/it\/prodotto\/portadocumenti-london-animal-print\/","name":"PORTADOCUMENTI LONDON ANIMAL PRINT - Pasito a Pasito","isPartOf":{"@id":"https:\/\/pasitoapasito.es\/fr\/#website"},"primaryImageOfPage":{"@id":"https:\/\/pasitoapasito.es\/it\/prodotto\/portadocumenti-london-animal-print\/#primaryimage"},"image":{"@id":"https:\/\/pasitoapasito.es\/it\/prodotto\/portadocumenti-london-animal-print\/#primaryimage"},"thumbnailUrl":"https:\/\/pasitoapasito.es\/wp-content\/uploads\/2022\/10\/1120900011.jpg","datePublished":"2022-10-18T07:50:17+00:00","dateModified":"2022-10-18T08:12:31+00:00","breadcrumb":{"@id":"https:\/\/pasitoapasito.es\/it\/prodotto\/portadocumenti-london-animal-print\/#breadcrumb"},"inLanguage":"it-IT","potentialAction":[{"@type":"ReadAction","target":["https:\/\/pasitoapasito.es\/it\/prodotto\/portadocumenti-london-animal-print\/"]}]},{"@type":"ImageObject","inLanguage":"it-IT","@id":"https:\/\/pasitoapasito.es\/it\/prodotto\/portadocumenti-london-animal-print\/#primaryimage","url":"https:\/\/pasitoapasito.es\/wp-content\/uploads\/2022\/10\/1120900011.jpg","contentUrl":"https:\/\/pasitoapasito.es\/wp-content\/uploads\/2022\/10\/1120900011.jpg","width":1200,"height":1200},{"@type":"BreadcrumbList","@id":"https:\/\/pasitoapasito.es\/it\/prodotto\/portadocumenti-london-animal-print\/#breadcrumb","itemListElement":[{"@type":"ListItem","position":1,"name":"Tienda","item":"https:\/\/pasitoapasito.es\/tienda\/"},{"@type":"ListItem","position":2,"name":"PORTADOCUMENTI LONDON ANIMAL PRINT"}]},{"@type":"WebSite","@id":"https:\/\/pasitoapasito.es\/fr\/#website","url":"https:\/\/pasitoapasito.es\/fr\/","name":"Pasito a Pasito","description":"","potentialAction":[{"@type":"SearchAction","target":{"@type":"EntryPoint","urlTemplate":"https:\/\/pasitoapasito.es\/fr\/?s={search_term_string}"},"query-input":{"@type":"PropertyValueSpecification","valueRequired":true,"valueName":"search_term_string"}}],"inLanguage":"it-IT"}]}},"_links":{"self":[{"href":"https:\/\/pasitoapasito.es\/it\/wp-json\/wp\/v2\/product\/27265","targetHints":{"allow":["GET"]}}],"collection":[{"href":"https:\/\/pasitoapasito.es\/it\/wp-json\/wp\/v2\/product"}],"about":[{"href":"https:\/\/pasitoapasito.es\/it\/wp-json\/wp\/v2\/types\/product"}],"replies":[{"embeddable":true,"href":"https:\/\/pasitoapasito.es\/it\/wp-json\/wp\/v2\/comments?post=27265"}],"wp:featuredmedia":[{"embeddable":true,"href":"https:\/\/pasitoapasito.es\/it\/wp-json\/wp\/v2\/media\/24671"}],"wp:attachment":[{"href":"https:\/\/pasitoapasito.es\/it\/wp-json\/wp\/v2\/media?parent=27265"}],"wp:term":[{"taxonomy":"colecciones","embeddable":true,"href":"https:\/\/pasitoapasito.es\/it\/wp-json\/wp\/v2\/colecciones?post=27265"},{"taxonomy":"product_brand","embeddable":true,"href":"https:\/\/pasitoapasito.es\/it\/wp-json\/wp\/v2\/product_brand?post=27265"},{"taxonomy":"product_cat","embeddable":true,"href":"https:\/\/pasitoapasito.es\/it\/wp-json\/wp\/v2\/product_cat?post=27265"},{"taxonomy":"product_tag","embeddable":true,"href":"https:\/\/pasitoapasito.es\/it\/wp-json\/wp\/v2\/product_tag?post=27265"}],"curies":[{"name":"wp","href":"https:\/\/api.w.org\/{rel}","templated":true}]}}