{"id":45467,"date":"2026-03-16T12:31:46","date_gmt":"2026-03-16T12:31:46","guid":{"rendered":"https:\/\/pasitoapasito.es\/?post_type=product&#038;p=45467"},"modified":"2026-03-16T12:31:46","modified_gmt":"2026-03-16T12:31:46","slug":"jouet-musical-vache-little-bloom-gris","status":"publish","type":"product","link":"https:\/\/pasitoapasito.es\/fr\/produit\/jouet-musical-vache-little-bloom-gris\/","title":{"rendered":"JOUET MUSICAL VACHE LITTLE BLOOM GRIS"},"content":{"rendered":"<p>Le musical Little Bloom de Pasito a Pasito est l&rsquo;accessoire id\u00e9al pour d\u00e9tendre et apaiser votre b\u00e9b\u00e9. Con\u00e7u avec une adorable petite vache de 18 cm, sa douce m\u00e9lodie cr\u00e9e une atmosph\u00e8re de tranquillit\u00e9 et de confort. Parfait pour aider b\u00e9b\u00e9 \u00e0 s&rsquo;endormir. Il comprend un n\u0153ud pratique pour l&rsquo;attacher au berceau, \u00e0 la poussette ou au landau. Fabriqu\u00e9 en velours, id\u00e9al pour la peau d\u00e9licate de b\u00e9b\u00e9. Sans petites pi\u00e8ces ni \u00e9l\u00e9ments dangereux, convient aux b\u00e9b\u00e9s d\u00e8s la naissance. Pasito a pasito prot\u00e8ge votre b\u00e9b\u00e9 en utilisant les meilleurs tissus, sans colorants azo\u00efques ni substances nocives pour la sant\u00e9. Conforme \u00e0 la norme europ\u00e9enne EN-71 S\u00e9curit\u00e9 des jouets +0 ans.<\/p>\n","protected":false},"excerpt":{"rendered":"<p>Le musical Little Bloom de Pasito a Pasito est l&rsquo;accessoire id\u00e9al pour d\u00e9tendre et apaiser votre b\u00e9b\u00e9. Con\u00e7u avec une adorable petite vache de 18 cm, sa douce m\u00e9lodie cr\u00e9e une atmosph\u00e8re de tranquillit\u00e9 et de confort. Parfait pour aider b\u00e9b\u00e9 \u00e0 s&rsquo;endormir. Il comprend un n\u0153ud pratique pour l&rsquo;attacher au berceau, \u00e0 la poussette [&hellip;]<\/p>\n","protected":false},"featured_media":45324,"comment_status":"closed","ping_status":"closed","template":"","meta":{"_acf_changed":false,"inline_featured_image":false},"colecciones":[363],"product_brand":[],"product_cat":[193],"product_tag":[],"class_list":{"0":"post-45467","1":"product","2":"type-product","3":"status-publish","4":"has-post-thumbnail","6":"colecciones-collection-little-bloom","7":"product_cat-peluches-et-accessories","9":"first","10":"instock","11":"purchasable","12":"product-type-simple"},"acf":[],"yoast_head":"<!-- This site is optimized with the Yoast SEO plugin v27.5 - https:\/\/yoast.com\/product\/yoast-seo-wordpress\/ -->\n<title>JOUET MUSICAL VACHE LITTLE BLOOM GRIS - Pasito a Pasito<\/title>\n<meta name=\"robots\" content=\"index, follow, max-snippet:-1, max-image-preview:large, max-video-preview:-1\" \/>\n<link rel=\"canonical\" href=\"https:\/\/pasitoapasito.es\/fr\/produit\/jouet-musical-vache-little-bloom-gris\/\" \/>\n<meta property=\"og:locale\" content=\"fr_FR\" \/>\n<meta property=\"og:type\" content=\"article\" \/>\n<meta property=\"og:title\" content=\"JOUET MUSICAL VACHE LITTLE BLOOM GRIS - Pasito a Pasito\" \/>\n<meta property=\"og:description\" content=\"Le musical Little Bloom de Pasito a Pasito est l&rsquo;accessoire id\u00e9al pour d\u00e9tendre et apaiser votre b\u00e9b\u00e9. Con\u00e7u avec une adorable petite vache de 18 cm, sa douce m\u00e9lodie cr\u00e9e une atmosph\u00e8re de tranquillit\u00e9 et de confort. Parfait pour aider b\u00e9b\u00e9 \u00e0 s&rsquo;endormir. Il comprend un n\u0153ud pratique pour l&rsquo;attacher au berceau, \u00e0 la poussette [&hellip;]\" \/>\n<meta property=\"og:url\" content=\"https:\/\/pasitoapasito.es\/fr\/produit\/jouet-musical-vache-little-bloom-gris\/\" \/>\n<meta property=\"og:site_name\" content=\"Pasito a Pasito\" \/>\n<meta property=\"og:image\" content=\"https:\/\/pasitoapasito.es\/wp-content\/uploads\/2026\/03\/1120900657_a.jpg\" \/>\n\t<meta property=\"og:image:width\" content=\"600\" \/>\n\t<meta property=\"og:image:height\" content=\"600\" \/>\n\t<meta property=\"og:image:type\" content=\"image\/jpeg\" \/>\n<meta name=\"twitter:card\" content=\"summary_large_image\" \/>\n<meta name=\"twitter:label1\" content=\"Dur\u00e9e de lecture estim\u00e9e\" \/>\n\t<meta name=\"twitter:data1\" content=\"1 minute\" \/>\n<script type=\"application\/ld+json\" class=\"yoast-schema-graph\">{\"@context\":\"https:\\\/\\\/schema.org\",\"@graph\":[{\"@type\":\"WebPage\",\"@id\":\"https:\\\/\\\/pasitoapasito.es\\\/fr\\\/produit\\\/jouet-musical-vache-little-bloom-gris\\\/\",\"url\":\"https:\\\/\\\/pasitoapasito.es\\\/fr\\\/produit\\\/jouet-musical-vache-little-bloom-gris\\\/\",\"name\":\"JOUET MUSICAL VACHE LITTLE BLOOM GRIS - Pasito a Pasito\",\"isPartOf\":{\"@id\":\"https:\\\/\\\/pasitoapasito.es\\\/fr\\\/#website\"},\"primaryImageOfPage\":{\"@id\":\"https:\\\/\\\/pasitoapasito.es\\\/fr\\\/produit\\\/jouet-musical-vache-little-bloom-gris\\\/#primaryimage\"},\"image\":{\"@id\":\"https:\\\/\\\/pasitoapasito.es\\\/fr\\\/produit\\\/jouet-musical-vache-little-bloom-gris\\\/#primaryimage\"},\"thumbnailUrl\":\"https:\\\/\\\/pasitoapasito.es\\\/wp-content\\\/uploads\\\/2026\\\/03\\\/1120900657_a.jpg\",\"datePublished\":\"2026-03-16T12:31:46+00:00\",\"breadcrumb\":{\"@id\":\"https:\\\/\\\/pasitoapasito.es\\\/fr\\\/produit\\\/jouet-musical-vache-little-bloom-gris\\\/#breadcrumb\"},\"inLanguage\":\"fr-FR\",\"potentialAction\":[{\"@type\":\"ReadAction\",\"target\":[\"https:\\\/\\\/pasitoapasito.es\\\/fr\\\/produit\\\/jouet-musical-vache-little-bloom-gris\\\/\"]}]},{\"@type\":\"ImageObject\",\"inLanguage\":\"fr-FR\",\"@id\":\"https:\\\/\\\/pasitoapasito.es\\\/fr\\\/produit\\\/jouet-musical-vache-little-bloom-gris\\\/#primaryimage\",\"url\":\"https:\\\/\\\/pasitoapasito.es\\\/wp-content\\\/uploads\\\/2026\\\/03\\\/1120900657_a.jpg\",\"contentUrl\":\"https:\\\/\\\/pasitoapasito.es\\\/wp-content\\\/uploads\\\/2026\\\/03\\\/1120900657_a.jpg\",\"width\":600,\"height\":600},{\"@type\":\"BreadcrumbList\",\"@id\":\"https:\\\/\\\/pasitoapasito.es\\\/fr\\\/produit\\\/jouet-musical-vache-little-bloom-gris\\\/#breadcrumb\",\"itemListElement\":[{\"@type\":\"ListItem\",\"position\":1,\"name\":\"Tienda\",\"item\":\"https:\\\/\\\/pasitoapasito.es\\\/tienda\\\/\"},{\"@type\":\"ListItem\",\"position\":2,\"name\":\"JOUET MUSICAL VACHE LITTLE BLOOM GRIS\"}]},{\"@type\":\"WebSite\",\"@id\":\"https:\\\/\\\/pasitoapasito.es\\\/fr\\\/#website\",\"url\":\"https:\\\/\\\/pasitoapasito.es\\\/fr\\\/\",\"name\":\"Pasito a Pasito\",\"description\":\"\",\"potentialAction\":[{\"@type\":\"SearchAction\",\"target\":{\"@type\":\"EntryPoint\",\"urlTemplate\":\"https:\\\/\\\/pasitoapasito.es\\\/fr\\\/?s={search_term_string}\"},\"query-input\":{\"@type\":\"PropertyValueSpecification\",\"valueRequired\":true,\"valueName\":\"search_term_string\"}}],\"inLanguage\":\"fr-FR\"}]}<\/script>\n<!-- \/ Yoast SEO plugin. -->","yoast_head_json":{"title":"JOUET MUSICAL VACHE LITTLE BLOOM GRIS - Pasito a Pasito","robots":{"index":"index","follow":"follow","max-snippet":"max-snippet:-1","max-image-preview":"max-image-preview:large","max-video-preview":"max-video-preview:-1"},"canonical":"https:\/\/pasitoapasito.es\/fr\/produit\/jouet-musical-vache-little-bloom-gris\/","og_locale":"fr_FR","og_type":"article","og_title":"JOUET MUSICAL VACHE LITTLE BLOOM GRIS - Pasito a Pasito","og_description":"Le musical Little Bloom de Pasito a Pasito est l&rsquo;accessoire id\u00e9al pour d\u00e9tendre et apaiser votre b\u00e9b\u00e9. Con\u00e7u avec une adorable petite vache de 18 cm, sa douce m\u00e9lodie cr\u00e9e une atmosph\u00e8re de tranquillit\u00e9 et de confort. Parfait pour aider b\u00e9b\u00e9 \u00e0 s&rsquo;endormir. Il comprend un n\u0153ud pratique pour l&rsquo;attacher au berceau, \u00e0 la poussette [&hellip;]","og_url":"https:\/\/pasitoapasito.es\/fr\/produit\/jouet-musical-vache-little-bloom-gris\/","og_site_name":"Pasito a Pasito","og_image":[{"width":600,"height":600,"url":"https:\/\/pasitoapasito.es\/wp-content\/uploads\/2026\/03\/1120900657_a.jpg","type":"image\/jpeg"}],"twitter_card":"summary_large_image","twitter_misc":{"Dur\u00e9e de lecture estim\u00e9e":"1 minute"},"schema":{"@context":"https:\/\/schema.org","@graph":[{"@type":"WebPage","@id":"https:\/\/pasitoapasito.es\/fr\/produit\/jouet-musical-vache-little-bloom-gris\/","url":"https:\/\/pasitoapasito.es\/fr\/produit\/jouet-musical-vache-little-bloom-gris\/","name":"JOUET MUSICAL VACHE LITTLE BLOOM GRIS - Pasito a Pasito","isPartOf":{"@id":"https:\/\/pasitoapasito.es\/fr\/#website"},"primaryImageOfPage":{"@id":"https:\/\/pasitoapasito.es\/fr\/produit\/jouet-musical-vache-little-bloom-gris\/#primaryimage"},"image":{"@id":"https:\/\/pasitoapasito.es\/fr\/produit\/jouet-musical-vache-little-bloom-gris\/#primaryimage"},"thumbnailUrl":"https:\/\/pasitoapasito.es\/wp-content\/uploads\/2026\/03\/1120900657_a.jpg","datePublished":"2026-03-16T12:31:46+00:00","breadcrumb":{"@id":"https:\/\/pasitoapasito.es\/fr\/produit\/jouet-musical-vache-little-bloom-gris\/#breadcrumb"},"inLanguage":"fr-FR","potentialAction":[{"@type":"ReadAction","target":["https:\/\/pasitoapasito.es\/fr\/produit\/jouet-musical-vache-little-bloom-gris\/"]}]},{"@type":"ImageObject","inLanguage":"fr-FR","@id":"https:\/\/pasitoapasito.es\/fr\/produit\/jouet-musical-vache-little-bloom-gris\/#primaryimage","url":"https:\/\/pasitoapasito.es\/wp-content\/uploads\/2026\/03\/1120900657_a.jpg","contentUrl":"https:\/\/pasitoapasito.es\/wp-content\/uploads\/2026\/03\/1120900657_a.jpg","width":600,"height":600},{"@type":"BreadcrumbList","@id":"https:\/\/pasitoapasito.es\/fr\/produit\/jouet-musical-vache-little-bloom-gris\/#breadcrumb","itemListElement":[{"@type":"ListItem","position":1,"name":"Tienda","item":"https:\/\/pasitoapasito.es\/tienda\/"},{"@type":"ListItem","position":2,"name":"JOUET MUSICAL VACHE LITTLE BLOOM GRIS"}]},{"@type":"WebSite","@id":"https:\/\/pasitoapasito.es\/fr\/#website","url":"https:\/\/pasitoapasito.es\/fr\/","name":"Pasito a Pasito","description":"","potentialAction":[{"@type":"SearchAction","target":{"@type":"EntryPoint","urlTemplate":"https:\/\/pasitoapasito.es\/fr\/?s={search_term_string}"},"query-input":{"@type":"PropertyValueSpecification","valueRequired":true,"valueName":"search_term_string"}}],"inLanguage":"fr-FR"}]}},"_links":{"self":[{"href":"https:\/\/pasitoapasito.es\/fr\/wp-json\/wp\/v2\/product\/45467","targetHints":{"allow":["GET"]}}],"collection":[{"href":"https:\/\/pasitoapasito.es\/fr\/wp-json\/wp\/v2\/product"}],"about":[{"href":"https:\/\/pasitoapasito.es\/fr\/wp-json\/wp\/v2\/types\/product"}],"replies":[{"embeddable":true,"href":"https:\/\/pasitoapasito.es\/fr\/wp-json\/wp\/v2\/comments?post=45467"}],"wp:featuredmedia":[{"embeddable":true,"href":"https:\/\/pasitoapasito.es\/fr\/wp-json\/wp\/v2\/media\/45324"}],"wp:attachment":[{"href":"https:\/\/pasitoapasito.es\/fr\/wp-json\/wp\/v2\/media?parent=45467"}],"wp:term":[{"taxonomy":"colecciones","embeddable":true,"href":"https:\/\/pasitoapasito.es\/fr\/wp-json\/wp\/v2\/colecciones?post=45467"},{"taxonomy":"product_brand","embeddable":true,"href":"https:\/\/pasitoapasito.es\/fr\/wp-json\/wp\/v2\/product_brand?post=45467"},{"taxonomy":"product_cat","embeddable":true,"href":"https:\/\/pasitoapasito.es\/fr\/wp-json\/wp\/v2\/product_cat?post=45467"},{"taxonomy":"product_tag","embeddable":true,"href":"https:\/\/pasitoapasito.es\/fr\/wp-json\/wp\/v2\/product_tag?post=45467"}],"curies":[{"name":"wp","href":"https:\/\/api.w.org\/{rel}","templated":true}]}}