{"id":45463,"date":"2026-03-16T12:31:49","date_gmt":"2026-03-16T12:31:49","guid":{"rendered":"https:\/\/pasitoapasito.es\/?post_type=product&#038;p=45463"},"modified":"2026-03-16T12:31:49","modified_gmt":"2026-03-16T12:31:49","slug":"panier-de-rangement-home-little-bloom-vichy-gris","status":"publish","type":"product","link":"https:\/\/pasitoapasito.es\/fr\/produit\/panier-de-rangement-home-little-bloom-vichy-gris\/","title":{"rendered":"PANIER DE RANGEMENT HOME LITTLE BLOOM VICHY GRIS"},"content":{"rendered":"<p>Le panier de rangement Little Bloom Vichy gris est l&rsquo;accessoire parfait pour maintenir l&rsquo;ordre avec style dans la chambre de b\u00e9b\u00e9. Son d\u00e9licat motif \u00e0 carreaux apporte cette touche fra\u00eeche, naturelle et intemporelle qui caract\u00e9rise toute la collection. Id\u00e9al pour garder \u00e0 port\u00e9e de main les couches, les cr\u00e8mes, les langes ou les petits accessoires, il transforme l&rsquo;utile en un objet esth\u00e9tique et facile \u00e0 utiliser. Design l\u00e9ger et structur\u00e9. Parfait pour la table \u00e0 langer, la commode ou l&rsquo;\u00e9tag\u00e8re. Il s&rsquo;harmonise parfaitement avec le reste de la collection Little Bloom. Fabriqu\u00e9 dans un mat\u00e9riau r\u00e9sistant et facile \u00e0 laver pour un usage quotidien. Un organiseur basique \u00e0 l&rsquo;\u00e2me d\u00e9licate, con\u00e7u pour cr\u00e9er des espaces ordonn\u00e9s, chaleureux et harmonieux. Tous nos produits sont fabriqu\u00e9s conform\u00e9ment aux normes europ\u00e9ennes les plus strictes, avec des mat\u00e9riaux de grande qualit\u00e9, sans colorants azo\u00efques, phtalates ni substances nocives pour la sant\u00e9. Tissu facile \u00e0 nettoyer, lavable en machine \u00e0 30 \u00b0C. Les produits pour b\u00e9b\u00e9s de Pasito a Pasito ont un design tr\u00e8s diff\u00e9rent de tous les autres. Leurs collections se caract\u00e9risent par un travail minutieux, toujours pens\u00e9 d&rsquo;un point de vue pratique. Ils utilisent des mat\u00e9riaux de premi\u00e8re qualit\u00e9 pour souligner l&rsquo;\u00e9l\u00e9gance et l&rsquo;harmonie de chacune de leurs pi\u00e8ces. Nos mod\u00e8les sont exclusifs et ont un style incomparable, pens\u00e9s pour les m\u00e8res d&rsquo;aujourd&rsquo;hui qui ont bon go\u00fbt et qui appr\u00e9cient les d\u00e9tails autant que nous. Sp\u00e9cifications : Mat\u00e9riaux : 100 % coton. Dimensions : 22 x 20 x 22 cm<\/p>\n","protected":false},"excerpt":{"rendered":"<p>Le panier de rangement Little Bloom Vichy gris est l&rsquo;accessoire parfait pour maintenir l&rsquo;ordre avec style dans la chambre de b\u00e9b\u00e9. Son d\u00e9licat motif \u00e0 carreaux apporte cette touche fra\u00eeche, naturelle et intemporelle qui caract\u00e9rise toute la collection. Id\u00e9al pour garder \u00e0 port\u00e9e de main les couches, les cr\u00e8mes, les langes ou les petits accessoires, [&hellip;]<\/p>\n","protected":false},"featured_media":45260,"comment_status":"closed","ping_status":"closed","template":"","meta":{"_acf_changed":false,"inline_featured_image":false},"colecciones":[363],"product_brand":[],"product_cat":[191],"product_tag":[],"class_list":{"0":"post-45463","1":"product","2":"type-product","3":"status-publish","4":"has-post-thumbnail","6":"colecciones-collection-little-bloom","7":"product_cat-home-fr","9":"first","10":"instock","11":"purchasable","12":"product-type-simple"},"acf":[],"yoast_head":"<!-- This site is optimized with the Yoast SEO plugin v27.5 - https:\/\/yoast.com\/product\/yoast-seo-wordpress\/ -->\n<title>PANIER DE RANGEMENT HOME LITTLE BLOOM VICHY GRIS - Pasito a Pasito<\/title>\n<meta name=\"robots\" content=\"index, follow, max-snippet:-1, max-image-preview:large, max-video-preview:-1\" \/>\n<link rel=\"canonical\" href=\"https:\/\/pasitoapasito.es\/fr\/produit\/panier-de-rangement-home-little-bloom-vichy-gris\/\" \/>\n<meta property=\"og:locale\" content=\"fr_FR\" \/>\n<meta property=\"og:type\" content=\"article\" \/>\n<meta property=\"og:title\" content=\"PANIER DE RANGEMENT HOME LITTLE BLOOM VICHY GRIS - Pasito a Pasito\" \/>\n<meta property=\"og:description\" content=\"Le panier de rangement Little Bloom Vichy gris est l&rsquo;accessoire parfait pour maintenir l&rsquo;ordre avec style dans la chambre de b\u00e9b\u00e9. Son d\u00e9licat motif \u00e0 carreaux apporte cette touche fra\u00eeche, naturelle et intemporelle qui caract\u00e9rise toute la collection. Id\u00e9al pour garder \u00e0 port\u00e9e de main les couches, les cr\u00e8mes, les langes ou les petits accessoires, [&hellip;]\" \/>\n<meta property=\"og:url\" content=\"https:\/\/pasitoapasito.es\/fr\/produit\/panier-de-rangement-home-little-bloom-vichy-gris\/\" \/>\n<meta property=\"og:site_name\" content=\"Pasito a Pasito\" \/>\n<meta property=\"og:image\" content=\"https:\/\/pasitoapasito.es\/wp-content\/uploads\/2026\/03\/1120900653_a.jpg\" \/>\n\t<meta property=\"og:image:width\" content=\"600\" \/>\n\t<meta property=\"og:image:height\" content=\"600\" \/>\n\t<meta property=\"og:image:type\" content=\"image\/jpeg\" \/>\n<meta name=\"twitter:card\" content=\"summary_large_image\" \/>\n<meta name=\"twitter:label1\" content=\"Dur\u00e9e de lecture estim\u00e9e\" \/>\n\t<meta name=\"twitter:data1\" content=\"1 minute\" \/>\n<script type=\"application\/ld+json\" class=\"yoast-schema-graph\">{\"@context\":\"https:\\\/\\\/schema.org\",\"@graph\":[{\"@type\":\"WebPage\",\"@id\":\"https:\\\/\\\/pasitoapasito.es\\\/fr\\\/produit\\\/panier-de-rangement-home-little-bloom-vichy-gris\\\/\",\"url\":\"https:\\\/\\\/pasitoapasito.es\\\/fr\\\/produit\\\/panier-de-rangement-home-little-bloom-vichy-gris\\\/\",\"name\":\"PANIER DE RANGEMENT HOME LITTLE BLOOM VICHY GRIS - Pasito a Pasito\",\"isPartOf\":{\"@id\":\"https:\\\/\\\/pasitoapasito.es\\\/fr\\\/#website\"},\"primaryImageOfPage\":{\"@id\":\"https:\\\/\\\/pasitoapasito.es\\\/fr\\\/produit\\\/panier-de-rangement-home-little-bloom-vichy-gris\\\/#primaryimage\"},\"image\":{\"@id\":\"https:\\\/\\\/pasitoapasito.es\\\/fr\\\/produit\\\/panier-de-rangement-home-little-bloom-vichy-gris\\\/#primaryimage\"},\"thumbnailUrl\":\"https:\\\/\\\/pasitoapasito.es\\\/wp-content\\\/uploads\\\/2026\\\/03\\\/1120900653_a.jpg\",\"datePublished\":\"2026-03-16T12:31:49+00:00\",\"breadcrumb\":{\"@id\":\"https:\\\/\\\/pasitoapasito.es\\\/fr\\\/produit\\\/panier-de-rangement-home-little-bloom-vichy-gris\\\/#breadcrumb\"},\"inLanguage\":\"fr-FR\",\"potentialAction\":[{\"@type\":\"ReadAction\",\"target\":[\"https:\\\/\\\/pasitoapasito.es\\\/fr\\\/produit\\\/panier-de-rangement-home-little-bloom-vichy-gris\\\/\"]}]},{\"@type\":\"ImageObject\",\"inLanguage\":\"fr-FR\",\"@id\":\"https:\\\/\\\/pasitoapasito.es\\\/fr\\\/produit\\\/panier-de-rangement-home-little-bloom-vichy-gris\\\/#primaryimage\",\"url\":\"https:\\\/\\\/pasitoapasito.es\\\/wp-content\\\/uploads\\\/2026\\\/03\\\/1120900653_a.jpg\",\"contentUrl\":\"https:\\\/\\\/pasitoapasito.es\\\/wp-content\\\/uploads\\\/2026\\\/03\\\/1120900653_a.jpg\",\"width\":600,\"height\":600},{\"@type\":\"BreadcrumbList\",\"@id\":\"https:\\\/\\\/pasitoapasito.es\\\/fr\\\/produit\\\/panier-de-rangement-home-little-bloom-vichy-gris\\\/#breadcrumb\",\"itemListElement\":[{\"@type\":\"ListItem\",\"position\":1,\"name\":\"Tienda\",\"item\":\"https:\\\/\\\/pasitoapasito.es\\\/tienda\\\/\"},{\"@type\":\"ListItem\",\"position\":2,\"name\":\"PANIER DE RANGEMENT HOME LITTLE BLOOM VICHY GRIS\"}]},{\"@type\":\"WebSite\",\"@id\":\"https:\\\/\\\/pasitoapasito.es\\\/fr\\\/#website\",\"url\":\"https:\\\/\\\/pasitoapasito.es\\\/fr\\\/\",\"name\":\"Pasito a Pasito\",\"description\":\"\",\"potentialAction\":[{\"@type\":\"SearchAction\",\"target\":{\"@type\":\"EntryPoint\",\"urlTemplate\":\"https:\\\/\\\/pasitoapasito.es\\\/fr\\\/?s={search_term_string}\"},\"query-input\":{\"@type\":\"PropertyValueSpecification\",\"valueRequired\":true,\"valueName\":\"search_term_string\"}}],\"inLanguage\":\"fr-FR\"}]}<\/script>\n<!-- \/ Yoast SEO plugin. -->","yoast_head_json":{"title":"PANIER DE RANGEMENT HOME LITTLE BLOOM VICHY GRIS - Pasito a Pasito","robots":{"index":"index","follow":"follow","max-snippet":"max-snippet:-1","max-image-preview":"max-image-preview:large","max-video-preview":"max-video-preview:-1"},"canonical":"https:\/\/pasitoapasito.es\/fr\/produit\/panier-de-rangement-home-little-bloom-vichy-gris\/","og_locale":"fr_FR","og_type":"article","og_title":"PANIER DE RANGEMENT HOME LITTLE BLOOM VICHY GRIS - Pasito a Pasito","og_description":"Le panier de rangement Little Bloom Vichy gris est l&rsquo;accessoire parfait pour maintenir l&rsquo;ordre avec style dans la chambre de b\u00e9b\u00e9. Son d\u00e9licat motif \u00e0 carreaux apporte cette touche fra\u00eeche, naturelle et intemporelle qui caract\u00e9rise toute la collection. Id\u00e9al pour garder \u00e0 port\u00e9e de main les couches, les cr\u00e8mes, les langes ou les petits accessoires, [&hellip;]","og_url":"https:\/\/pasitoapasito.es\/fr\/produit\/panier-de-rangement-home-little-bloom-vichy-gris\/","og_site_name":"Pasito a Pasito","og_image":[{"width":600,"height":600,"url":"https:\/\/pasitoapasito.es\/wp-content\/uploads\/2026\/03\/1120900653_a.jpg","type":"image\/jpeg"}],"twitter_card":"summary_large_image","twitter_misc":{"Dur\u00e9e de lecture estim\u00e9e":"1 minute"},"schema":{"@context":"https:\/\/schema.org","@graph":[{"@type":"WebPage","@id":"https:\/\/pasitoapasito.es\/fr\/produit\/panier-de-rangement-home-little-bloom-vichy-gris\/","url":"https:\/\/pasitoapasito.es\/fr\/produit\/panier-de-rangement-home-little-bloom-vichy-gris\/","name":"PANIER DE RANGEMENT HOME LITTLE BLOOM VICHY GRIS - Pasito a Pasito","isPartOf":{"@id":"https:\/\/pasitoapasito.es\/fr\/#website"},"primaryImageOfPage":{"@id":"https:\/\/pasitoapasito.es\/fr\/produit\/panier-de-rangement-home-little-bloom-vichy-gris\/#primaryimage"},"image":{"@id":"https:\/\/pasitoapasito.es\/fr\/produit\/panier-de-rangement-home-little-bloom-vichy-gris\/#primaryimage"},"thumbnailUrl":"https:\/\/pasitoapasito.es\/wp-content\/uploads\/2026\/03\/1120900653_a.jpg","datePublished":"2026-03-16T12:31:49+00:00","breadcrumb":{"@id":"https:\/\/pasitoapasito.es\/fr\/produit\/panier-de-rangement-home-little-bloom-vichy-gris\/#breadcrumb"},"inLanguage":"fr-FR","potentialAction":[{"@type":"ReadAction","target":["https:\/\/pasitoapasito.es\/fr\/produit\/panier-de-rangement-home-little-bloom-vichy-gris\/"]}]},{"@type":"ImageObject","inLanguage":"fr-FR","@id":"https:\/\/pasitoapasito.es\/fr\/produit\/panier-de-rangement-home-little-bloom-vichy-gris\/#primaryimage","url":"https:\/\/pasitoapasito.es\/wp-content\/uploads\/2026\/03\/1120900653_a.jpg","contentUrl":"https:\/\/pasitoapasito.es\/wp-content\/uploads\/2026\/03\/1120900653_a.jpg","width":600,"height":600},{"@type":"BreadcrumbList","@id":"https:\/\/pasitoapasito.es\/fr\/produit\/panier-de-rangement-home-little-bloom-vichy-gris\/#breadcrumb","itemListElement":[{"@type":"ListItem","position":1,"name":"Tienda","item":"https:\/\/pasitoapasito.es\/tienda\/"},{"@type":"ListItem","position":2,"name":"PANIER DE RANGEMENT HOME LITTLE BLOOM VICHY GRIS"}]},{"@type":"WebSite","@id":"https:\/\/pasitoapasito.es\/fr\/#website","url":"https:\/\/pasitoapasito.es\/fr\/","name":"Pasito a Pasito","description":"","potentialAction":[{"@type":"SearchAction","target":{"@type":"EntryPoint","urlTemplate":"https:\/\/pasitoapasito.es\/fr\/?s={search_term_string}"},"query-input":{"@type":"PropertyValueSpecification","valueRequired":true,"valueName":"search_term_string"}}],"inLanguage":"fr-FR"}]}},"_links":{"self":[{"href":"https:\/\/pasitoapasito.es\/fr\/wp-json\/wp\/v2\/product\/45463","targetHints":{"allow":["GET"]}}],"collection":[{"href":"https:\/\/pasitoapasito.es\/fr\/wp-json\/wp\/v2\/product"}],"about":[{"href":"https:\/\/pasitoapasito.es\/fr\/wp-json\/wp\/v2\/types\/product"}],"replies":[{"embeddable":true,"href":"https:\/\/pasitoapasito.es\/fr\/wp-json\/wp\/v2\/comments?post=45463"}],"wp:featuredmedia":[{"embeddable":true,"href":"https:\/\/pasitoapasito.es\/fr\/wp-json\/wp\/v2\/media\/45260"}],"wp:attachment":[{"href":"https:\/\/pasitoapasito.es\/fr\/wp-json\/wp\/v2\/media?parent=45463"}],"wp:term":[{"taxonomy":"colecciones","embeddable":true,"href":"https:\/\/pasitoapasito.es\/fr\/wp-json\/wp\/v2\/colecciones?post=45463"},{"taxonomy":"product_brand","embeddable":true,"href":"https:\/\/pasitoapasito.es\/fr\/wp-json\/wp\/v2\/product_brand?post=45463"},{"taxonomy":"product_cat","embeddable":true,"href":"https:\/\/pasitoapasito.es\/fr\/wp-json\/wp\/v2\/product_cat?post=45463"},{"taxonomy":"product_tag","embeddable":true,"href":"https:\/\/pasitoapasito.es\/fr\/wp-json\/wp\/v2\/product_tag?post=45463"}],"curies":[{"name":"wp","href":"https:\/\/api.w.org\/{rel}","templated":true}]}}