{"id":45452,"date":"2026-03-16T12:31:48","date_gmt":"2026-03-16T12:31:48","guid":{"rendered":"https:\/\/pasitoapasito.es\/?post_type=product&#038;p=45452"},"modified":"2026-03-16T12:31:48","modified_gmt":"2026-03-16T12:31:48","slug":"drap-housse-pour-berceau-120x60-cm-little-bloom-fleurs-gris","status":"publish","type":"product","link":"https:\/\/pasitoapasito.es\/fr\/produit\/drap-housse-pour-berceau-120x60-cm-little-bloom-fleurs-gris\/","title":{"rendered":"DRAP-HOUSSE POUR BERCEAU 120X60 CM LITTLE BLOOM FLEURS GRIS"},"content":{"rendered":"<p>Assurez \u00e0 votre b\u00e9b\u00e9 un sommeil doux et s\u00fbr gr\u00e2ce au drap-housse ajustable pour lit b\u00e9b\u00e9 120&#215;60 cm de la collection exclusive Little Bloom Flor gris de Pasito a Pasito. Con\u00e7u pour la peau d\u00e9licate de votre tout-petit, ce drap est fabriqu\u00e9 en mousseline 100 % coton, garantissant une douceur exceptionnelle et une respirabilit\u00e9 optimale pour \u00e9viter les irritations et r\u00e9guler la temp\u00e9rature corporelle du b\u00e9b\u00e9 tout au long de la nuit. La collection Little Bloom de Pasito a Pasito se distingue par son ravissant et d\u00e9licat imprim\u00e9 floral dans les tons gris. Ce motif intemporel apporte non seulement une touche d&rsquo;\u00e9l\u00e9gance et de chaleur au lit de votre b\u00e9b\u00e9, mais s&rsquo;int\u00e8gre \u00e9galement harmonieusement \u00e0 tous les styles de d\u00e9coration de chambre d&rsquo;enfant. Il est parfait pour cr\u00e9er une atmosph\u00e8re sereine et accueillante o\u00f9 votre tout-petit se sentira prot\u00e9g\u00e9 et \u00e0 l&rsquo;aise. Ce drap-housse pour lit b\u00e9b\u00e9 de 120 x 60 cm est dot\u00e9 d&rsquo;un syst\u00e8me d&rsquo;ajustement \u00e9lastique qui assure un ajustement parfait et sans plis sur le matelas, offrant une surface de repos lisse et s\u00fbre pour votre b\u00e9b\u00e9. Sa confection en coton le rend non seulement incroyablement doux au toucher, mais aussi tr\u00e8s r\u00e9sistant et facile d&rsquo;entretien. Il est lavable en machine et conserve ses propri\u00e9t\u00e9s et son motif d&rsquo;origine lavage apr\u00e8s lavage, garantissant une hygi\u00e8ne impeccable et durable. Investissez dans le bien-\u00eatre de votre b\u00e9b\u00e9 avec ce drap-housse Little Bloom de Pasito a Pasito. Un indispensable dans la layette de tout nouveau-n\u00e9 qui recherche la qualit\u00e9, le confort et un design incomparable. Id\u00e9al pour les lits b\u00e9b\u00e9 standard de 120 x 60 cm, il est le compl\u00e9ment parfait pour la literie de votre b\u00e9b\u00e9, offrant le soutien et la douceur dont il a besoin pour un sommeil r\u00e9parateur. Associez-le aux autres articles de la collection Little Bloom pour un ensemble complet et harmonieux. Drap-housse 100 % coton pour lit b\u00e9b\u00e9 120 x 60 cm de la collection Little Bloom de Pasito a Pasito. Douceur et confort pour votre b\u00e9b\u00e9. Tous nos produits sont fabriqu\u00e9s conform\u00e9ment aux normes europ\u00e9ennes les plus strictes, avec des mat\u00e9riaux de grande qualit\u00e9, sans colorants azo\u00efques, phtalates ni substances nocives pour la sant\u00e9. Tissu facile \u00e0 nettoyer, lavable en machine \u00e0 30 \u00b0C. Les produits pour b\u00e9b\u00e9s de Pasito a Pasito ont un design tr\u00e8s diff\u00e9rent de tous les autres. Leurs collections se caract\u00e9risent par un travail minutieux, toujours pens\u00e9 d&rsquo;un point de vue pratique. Ils utilisent des mat\u00e9riaux de premi\u00e8re qualit\u00e9 pour souligner l&rsquo;\u00e9l\u00e9gance et l&rsquo;harmonie de chacune de leurs pi\u00e8ces. Nos mod\u00e8les sont exclusifs et ont un style incomparable, pens\u00e9s pour les m\u00e8res d&rsquo;aujourd&rsquo;hui qui ont bon go\u00fbt et qui appr\u00e9cient les d\u00e9tails autant que nous.<\/p>\n","protected":false},"excerpt":{"rendered":"<p>Assurez \u00e0 votre b\u00e9b\u00e9 un sommeil doux et s\u00fbr gr\u00e2ce au drap-housse ajustable pour lit b\u00e9b\u00e9 120&#215;60 cm de la collection exclusive Little Bloom Flor gris de Pasito a Pasito. Con\u00e7u pour la peau d\u00e9licate de votre tout-petit, ce drap est fabriqu\u00e9 en mousseline 100 % coton, garantissant une douceur exceptionnelle et une respirabilit\u00e9 optimale [&hellip;]<\/p>\n","protected":false},"featured_media":44945,"comment_status":"closed","ping_status":"closed","template":"","meta":{"_acf_changed":false,"inline_featured_image":false},"colecciones":[363],"product_brand":[],"product_cat":[191],"product_tag":[],"class_list":{"0":"post-45452","1":"product","2":"type-product","3":"status-publish","4":"has-post-thumbnail","6":"colecciones-collection-little-bloom","7":"product_cat-home-fr","9":"first","10":"instock","11":"purchasable","12":"product-type-simple"},"acf":[],"yoast_head":"<!-- This site is optimized with the Yoast SEO plugin v27.3 - https:\/\/yoast.com\/product\/yoast-seo-wordpress\/ -->\n<title>DRAP-HOUSSE POUR BERCEAU 120X60 CM LITTLE BLOOM FLEURS GRIS - Pasito a Pasito<\/title>\n<meta name=\"robots\" content=\"index, follow, max-snippet:-1, max-image-preview:large, max-video-preview:-1\" \/>\n<link rel=\"canonical\" href=\"https:\/\/pasitoapasito.es\/fr\/produit\/drap-housse-pour-berceau-120x60-cm-little-bloom-fleurs-gris\/\" \/>\n<meta property=\"og:locale\" content=\"fr_FR\" \/>\n<meta property=\"og:type\" content=\"article\" \/>\n<meta property=\"og:title\" content=\"DRAP-HOUSSE POUR BERCEAU 120X60 CM LITTLE BLOOM FLEURS GRIS - Pasito a Pasito\" \/>\n<meta property=\"og:description\" content=\"Assurez \u00e0 votre b\u00e9b\u00e9 un sommeil doux et s\u00fbr gr\u00e2ce au drap-housse ajustable pour lit b\u00e9b\u00e9 120&#215;60 cm de la collection exclusive Little Bloom Flor gris de Pasito a Pasito. Con\u00e7u pour la peau d\u00e9licate de votre tout-petit, ce drap est fabriqu\u00e9 en mousseline 100 % coton, garantissant une douceur exceptionnelle et une respirabilit\u00e9 optimale [&hellip;]\" \/>\n<meta property=\"og:url\" content=\"https:\/\/pasitoapasito.es\/fr\/produit\/drap-housse-pour-berceau-120x60-cm-little-bloom-fleurs-gris\/\" \/>\n<meta property=\"og:site_name\" content=\"Pasito a Pasito\" \/>\n<meta property=\"og:image\" content=\"https:\/\/pasitoapasito.es\/wp-content\/uploads\/2026\/03\/1120900642_a.jpg\" \/>\n\t<meta property=\"og:image:width\" content=\"600\" \/>\n\t<meta property=\"og:image:height\" content=\"600\" \/>\n\t<meta property=\"og:image:type\" content=\"image\/jpeg\" \/>\n<meta name=\"twitter:card\" content=\"summary_large_image\" \/>\n<meta name=\"twitter:label1\" content=\"Dur\u00e9e de lecture estim\u00e9e\" \/>\n\t<meta name=\"twitter:data1\" content=\"2 minutes\" \/>\n<script type=\"application\/ld+json\" class=\"yoast-schema-graph\">{\"@context\":\"https:\\\/\\\/schema.org\",\"@graph\":[{\"@type\":\"WebPage\",\"@id\":\"https:\\\/\\\/pasitoapasito.es\\\/fr\\\/produit\\\/drap-housse-pour-berceau-120x60-cm-little-bloom-fleurs-gris\\\/\",\"url\":\"https:\\\/\\\/pasitoapasito.es\\\/fr\\\/produit\\\/drap-housse-pour-berceau-120x60-cm-little-bloom-fleurs-gris\\\/\",\"name\":\"DRAP-HOUSSE POUR BERCEAU 120X60 CM LITTLE BLOOM FLEURS GRIS - Pasito a Pasito\",\"isPartOf\":{\"@id\":\"https:\\\/\\\/pasitoapasito.es\\\/fr\\\/#website\"},\"primaryImageOfPage\":{\"@id\":\"https:\\\/\\\/pasitoapasito.es\\\/fr\\\/produit\\\/drap-housse-pour-berceau-120x60-cm-little-bloom-fleurs-gris\\\/#primaryimage\"},\"image\":{\"@id\":\"https:\\\/\\\/pasitoapasito.es\\\/fr\\\/produit\\\/drap-housse-pour-berceau-120x60-cm-little-bloom-fleurs-gris\\\/#primaryimage\"},\"thumbnailUrl\":\"https:\\\/\\\/pasitoapasito.es\\\/wp-content\\\/uploads\\\/2026\\\/03\\\/1120900642_a.jpg\",\"datePublished\":\"2026-03-16T12:31:48+00:00\",\"breadcrumb\":{\"@id\":\"https:\\\/\\\/pasitoapasito.es\\\/fr\\\/produit\\\/drap-housse-pour-berceau-120x60-cm-little-bloom-fleurs-gris\\\/#breadcrumb\"},\"inLanguage\":\"fr-FR\",\"potentialAction\":[{\"@type\":\"ReadAction\",\"target\":[\"https:\\\/\\\/pasitoapasito.es\\\/fr\\\/produit\\\/drap-housse-pour-berceau-120x60-cm-little-bloom-fleurs-gris\\\/\"]}]},{\"@type\":\"ImageObject\",\"inLanguage\":\"fr-FR\",\"@id\":\"https:\\\/\\\/pasitoapasito.es\\\/fr\\\/produit\\\/drap-housse-pour-berceau-120x60-cm-little-bloom-fleurs-gris\\\/#primaryimage\",\"url\":\"https:\\\/\\\/pasitoapasito.es\\\/wp-content\\\/uploads\\\/2026\\\/03\\\/1120900642_a.jpg\",\"contentUrl\":\"https:\\\/\\\/pasitoapasito.es\\\/wp-content\\\/uploads\\\/2026\\\/03\\\/1120900642_a.jpg\",\"width\":600,\"height\":600},{\"@type\":\"BreadcrumbList\",\"@id\":\"https:\\\/\\\/pasitoapasito.es\\\/fr\\\/produit\\\/drap-housse-pour-berceau-120x60-cm-little-bloom-fleurs-gris\\\/#breadcrumb\",\"itemListElement\":[{\"@type\":\"ListItem\",\"position\":1,\"name\":\"Tienda\",\"item\":\"https:\\\/\\\/pasitoapasito.es\\\/tienda\\\/\"},{\"@type\":\"ListItem\",\"position\":2,\"name\":\"DRAP-HOUSSE POUR BERCEAU 120X60 CM LITTLE BLOOM FLEURS GRIS\"}]},{\"@type\":\"WebSite\",\"@id\":\"https:\\\/\\\/pasitoapasito.es\\\/fr\\\/#website\",\"url\":\"https:\\\/\\\/pasitoapasito.es\\\/fr\\\/\",\"name\":\"Pasito a Pasito\",\"description\":\"\",\"potentialAction\":[{\"@type\":\"SearchAction\",\"target\":{\"@type\":\"EntryPoint\",\"urlTemplate\":\"https:\\\/\\\/pasitoapasito.es\\\/fr\\\/?s={search_term_string}\"},\"query-input\":{\"@type\":\"PropertyValueSpecification\",\"valueRequired\":true,\"valueName\":\"search_term_string\"}}],\"inLanguage\":\"fr-FR\"}]}<\/script>\n<!-- \/ Yoast SEO plugin. -->","yoast_head_json":{"title":"DRAP-HOUSSE POUR BERCEAU 120X60 CM LITTLE BLOOM FLEURS GRIS - Pasito a Pasito","robots":{"index":"index","follow":"follow","max-snippet":"max-snippet:-1","max-image-preview":"max-image-preview:large","max-video-preview":"max-video-preview:-1"},"canonical":"https:\/\/pasitoapasito.es\/fr\/produit\/drap-housse-pour-berceau-120x60-cm-little-bloom-fleurs-gris\/","og_locale":"fr_FR","og_type":"article","og_title":"DRAP-HOUSSE POUR BERCEAU 120X60 CM LITTLE BLOOM FLEURS GRIS - Pasito a Pasito","og_description":"Assurez \u00e0 votre b\u00e9b\u00e9 un sommeil doux et s\u00fbr gr\u00e2ce au drap-housse ajustable pour lit b\u00e9b\u00e9 120&#215;60 cm de la collection exclusive Little Bloom Flor gris de Pasito a Pasito. Con\u00e7u pour la peau d\u00e9licate de votre tout-petit, ce drap est fabriqu\u00e9 en mousseline 100 % coton, garantissant une douceur exceptionnelle et une respirabilit\u00e9 optimale [&hellip;]","og_url":"https:\/\/pasitoapasito.es\/fr\/produit\/drap-housse-pour-berceau-120x60-cm-little-bloom-fleurs-gris\/","og_site_name":"Pasito a Pasito","og_image":[{"width":600,"height":600,"url":"https:\/\/pasitoapasito.es\/wp-content\/uploads\/2026\/03\/1120900642_a.jpg","type":"image\/jpeg"}],"twitter_card":"summary_large_image","twitter_misc":{"Dur\u00e9e de lecture estim\u00e9e":"2 minutes"},"schema":{"@context":"https:\/\/schema.org","@graph":[{"@type":"WebPage","@id":"https:\/\/pasitoapasito.es\/fr\/produit\/drap-housse-pour-berceau-120x60-cm-little-bloom-fleurs-gris\/","url":"https:\/\/pasitoapasito.es\/fr\/produit\/drap-housse-pour-berceau-120x60-cm-little-bloom-fleurs-gris\/","name":"DRAP-HOUSSE POUR BERCEAU 120X60 CM LITTLE BLOOM FLEURS GRIS - Pasito a Pasito","isPartOf":{"@id":"https:\/\/pasitoapasito.es\/fr\/#website"},"primaryImageOfPage":{"@id":"https:\/\/pasitoapasito.es\/fr\/produit\/drap-housse-pour-berceau-120x60-cm-little-bloom-fleurs-gris\/#primaryimage"},"image":{"@id":"https:\/\/pasitoapasito.es\/fr\/produit\/drap-housse-pour-berceau-120x60-cm-little-bloom-fleurs-gris\/#primaryimage"},"thumbnailUrl":"https:\/\/pasitoapasito.es\/wp-content\/uploads\/2026\/03\/1120900642_a.jpg","datePublished":"2026-03-16T12:31:48+00:00","breadcrumb":{"@id":"https:\/\/pasitoapasito.es\/fr\/produit\/drap-housse-pour-berceau-120x60-cm-little-bloom-fleurs-gris\/#breadcrumb"},"inLanguage":"fr-FR","potentialAction":[{"@type":"ReadAction","target":["https:\/\/pasitoapasito.es\/fr\/produit\/drap-housse-pour-berceau-120x60-cm-little-bloom-fleurs-gris\/"]}]},{"@type":"ImageObject","inLanguage":"fr-FR","@id":"https:\/\/pasitoapasito.es\/fr\/produit\/drap-housse-pour-berceau-120x60-cm-little-bloom-fleurs-gris\/#primaryimage","url":"https:\/\/pasitoapasito.es\/wp-content\/uploads\/2026\/03\/1120900642_a.jpg","contentUrl":"https:\/\/pasitoapasito.es\/wp-content\/uploads\/2026\/03\/1120900642_a.jpg","width":600,"height":600},{"@type":"BreadcrumbList","@id":"https:\/\/pasitoapasito.es\/fr\/produit\/drap-housse-pour-berceau-120x60-cm-little-bloom-fleurs-gris\/#breadcrumb","itemListElement":[{"@type":"ListItem","position":1,"name":"Tienda","item":"https:\/\/pasitoapasito.es\/tienda\/"},{"@type":"ListItem","position":2,"name":"DRAP-HOUSSE POUR BERCEAU 120X60 CM LITTLE BLOOM FLEURS GRIS"}]},{"@type":"WebSite","@id":"https:\/\/pasitoapasito.es\/fr\/#website","url":"https:\/\/pasitoapasito.es\/fr\/","name":"Pasito a Pasito","description":"","potentialAction":[{"@type":"SearchAction","target":{"@type":"EntryPoint","urlTemplate":"https:\/\/pasitoapasito.es\/fr\/?s={search_term_string}"},"query-input":{"@type":"PropertyValueSpecification","valueRequired":true,"valueName":"search_term_string"}}],"inLanguage":"fr-FR"}]}},"_links":{"self":[{"href":"https:\/\/pasitoapasito.es\/fr\/wp-json\/wp\/v2\/product\/45452","targetHints":{"allow":["GET"]}}],"collection":[{"href":"https:\/\/pasitoapasito.es\/fr\/wp-json\/wp\/v2\/product"}],"about":[{"href":"https:\/\/pasitoapasito.es\/fr\/wp-json\/wp\/v2\/types\/product"}],"replies":[{"embeddable":true,"href":"https:\/\/pasitoapasito.es\/fr\/wp-json\/wp\/v2\/comments?post=45452"}],"wp:featuredmedia":[{"embeddable":true,"href":"https:\/\/pasitoapasito.es\/fr\/wp-json\/wp\/v2\/media\/44945"}],"wp:attachment":[{"href":"https:\/\/pasitoapasito.es\/fr\/wp-json\/wp\/v2\/media?parent=45452"}],"wp:term":[{"taxonomy":"colecciones","embeddable":true,"href":"https:\/\/pasitoapasito.es\/fr\/wp-json\/wp\/v2\/colecciones?post=45452"},{"taxonomy":"product_brand","embeddable":true,"href":"https:\/\/pasitoapasito.es\/fr\/wp-json\/wp\/v2\/product_brand?post=45452"},{"taxonomy":"product_cat","embeddable":true,"href":"https:\/\/pasitoapasito.es\/fr\/wp-json\/wp\/v2\/product_cat?post=45452"},{"taxonomy":"product_tag","embeddable":true,"href":"https:\/\/pasitoapasito.es\/fr\/wp-json\/wp\/v2\/product_tag?post=45452"}],"curies":[{"name":"wp","href":"https:\/\/api.w.org\/{rel}","templated":true}]}}